{"id":2022,"date":"2016-08-29T23:01:53","date_gmt":"2016-08-30T03:01:53","guid":{"rendered":"https:\/\/cpa.ca\/etudiants\/resources\/graduateguide\/"},"modified":"2020-11-30T19:07:39","modified_gmt":"2020-12-01T00:07:39","slug":"rpertoiredesprogrammesdtudessuprieures","status":"publish","type":"page","link":"https:\/\/cpa.ca\/fr\/etudiants\/resources\/rpertoiredesprogrammesdtudessuprieures\/","title":{"rendered":"R\u00e9pertoire des programmes d&#8217;\u00e9tudes sup\u00e9rieures"},"content":{"rendered":"<p>L&rsquo;objectif de la SCP est de pr&eacute;senter dans ce r&eacute;pertoire une liste compl&egrave;te des programmes d&rsquo;&eacute;tudes sup&eacute;rieures en psychologie offerts au Canada. Cependant, la participation &agrave; ce r&eacute;pertoire se fait sur une base volontaire et certains programmes peuvent ne pas &ecirc;tre inclus. De plus, le r&eacute;pertoire peut ne pas contenir les modifications les plus r&eacute;centes effectu&eacute;es &agrave; certains programmes. Les coordonn&eacute;es des universit&eacute;s sont comprises dans le r&eacute;pertoire afin de permettre aux utilisateurs de confirmer les informations avec les d&eacute;partements qui offrent les programmes.<\/p>\n<p>Plusieurs autres sites web pr&eacute;sentent des listes des universit&eacute;s canadiennes et l&rsquo;adresse de leurs sites web. Vous pouvez effectuer des recherches sur le sur le web sous universit&eacute;s canadiennes. Les universit&eacute;s qui ont un programme d&rsquo;&eacute;tudes sup&eacute;rieures en psychologie et qui d&eacute;sirent l&rsquo;afficher dans ce r&eacute;pertoire, sont invit&eacute;es &agrave; communiquer avec la SCP.<br \/>\n&nbsp;<\/p>\n<h4>Most Recent Guide<\/h4>\n<ul>\n<li><a target=\"_blank\" href=\"\/docs\/File\/Publications\/GRADUATE GUIDE_2015_2016_Final-c.pdf\" rel=\"noopener noreferrer\">R&eacute;pertoire des programmes d&#8217;&eacute;tudes sup&eacute;rieures des d&eacute;partements de psychologie du Canada 2015-2016<\/a> <span class=\"new\">NOUVEAU<\/span><span style=\"font-style: italic\"> &#8211; University of Regina added June 2016, University of Ottawa added August 2016<\/span><br \/>\n    &nbsp;<\/li>\n<\/ul>\n<p><!--\n\n\n<h4>Les ann&eacute;es pr&eacute;c&eacute;dentes:<\/h4>\n\n\n\n\n<ul>\n    \n\n<li><a target=\"_blank\" href=\"\/docs\/File\/Publications\/GG 2011-2012_FINAL.pdf\" rel=\"noopener noreferrer\">R&eacute;pertoire des programmes d'&eacute;tudes sup&eacute;rieures des d&eacute;partements de psychologie du Canada 2011-2012<\/a><\/li>\n\n\n    \n\n<li><a target=\"_blank\" href=\"\/docs\/File\/Publications\/Graduate%20Guide%202010-2011%20Final%20Copy(1).pdf\" rel=\"noopener noreferrer\">R&eacute;pertoire des programmes d'&eacute;tudes sup&eacute;rieures des d&eacute;partements de psychologie du Canada 2010-2011<\/a><\/li>\n\n\n    \n\n<li><a target=\"_blank\" href=\"\/docs\/File\/Publications\/Graduate%20Guide%202009-2010%20Final%20Copy.pdf\" rel=\"noopener noreferrer\">R&eacute;pertoire des programmes d'&eacute;tudes sup&eacute;rieures des d&eacute;partements de psychologie du Canada 2009-2010<\/a><\/li>\n\n\n    \n\n<li><a target=\"_blank\" href=\"\/cpasite\/UserFiles\/Documents\/Graduate Guide 2008-2009 FINAL COPY.pdf\" rel=\"noopener noreferrer\">R&eacute;pertoire des programmes d'&eacute;tudes sup&eacute;rieures des d&eacute;partements de psychologie du Canada 2008-2009<\/a><\/li>\n\n\n<\/ul>\n\n--><\/p>\n<p>&nbsp;<\/p>\n<p>&nbsp;<\/p>\n","protected":false},"excerpt":{"rendered":"<p><!--more--><\/p>\n","protected":false},"author":2,"featured_media":0,"parent":2005,"menu_order":0,"comment_status":"closed","ping_status":"closed","template":"","meta":{"_acf_changed":false,"_monsterinsights_skip_tracking":false,"_monsterinsights_sitenote_active":false,"_monsterinsights_sitenote_note":"","_monsterinsights_sitenote_category":0,"footnotes":""},"class_list":["post-2022","page","type-page","status-publish","hentry"],"acf":[],"aioseo_notices":[],"publishpress_future_workflow_manual_trigger":{"enabledWorkflows":[]},"_links":{"self":[{"href":"https:\/\/cpa.ca\/fr\/wp-json\/wp\/v2\/pages\/2022","targetHints":{"allow":["GET"]}}],"collection":[{"href":"https:\/\/cpa.ca\/fr\/wp-json\/wp\/v2\/pages"}],"about":[{"href":"https:\/\/cpa.ca\/fr\/wp-json\/wp\/v2\/types\/page"}],"author":[{"embeddable":true,"href":"https:\/\/cpa.ca\/fr\/wp-json\/wp\/v2\/users\/2"}],"replies":[{"embeddable":true,"href":"https:\/\/cpa.ca\/fr\/wp-json\/wp\/v2\/comments?post=2022"}],"version-history":[{"count":2,"href":"https:\/\/cpa.ca\/fr\/wp-json\/wp\/v2\/pages\/2022\/revisions"}],"predecessor-version":[{"id":17740,"href":"https:\/\/cpa.ca\/fr\/wp-json\/wp\/v2\/pages\/2022\/revisions\/17740"}],"up":[{"embeddable":true,"href":"https:\/\/cpa.ca\/fr\/wp-json\/wp\/v2\/pages\/2005"}],"wp:attachment":[{"href":"https:\/\/cpa.ca\/fr\/wp-json\/wp\/v2\/media?parent=2022"}],"curies":[{"name":"wp","href":"https:\/\/api.w.org\/{rel}","templated":true}]}}