{"id":2049,"date":"2017-12-11T11:49:17","date_gmt":"2017-12-11T16:49:17","guid":{"rendered":"https:\/\/cpa.ca\/etudiants\/studentrepresentatives\/howto\/"},"modified":"2024-12-02T16:09:07","modified_gmt":"2024-12-02T21:09:07","slug":"devenirunrepresentantdecampus","status":"publish","type":"page","link":"https:\/\/cpa.ca\/fr\/etudiants\/studentrepresentatives\/devenirunrepresentantdecampus\/","title":{"rendered":"Le poste de repr\u00e9sentant de la SCP sur le campus est ouvert aux \u00e9tudiants qui sont :"},"content":{"rendered":"<h4>Le poste de repr\u00e9sentant de la SCP sur le campus est ouvert aux \u00e9tudiants qui sont\u00a0:<\/h4>\n<ol>\n<li>Inscrits \u00e0 un programme d\u2019\u00e9tudes sup\u00e9rieures ou de premier cycle en psychologie ou dans un domaine connexe (p. ex., psychop\u00e9dagogie) dans un coll\u00e8ge ou une universit\u00e9.<\/li>\n<li>En mesure de s\u2019acquitter de cette fonction pendant un an, de travailler en collaboration et de diriger les repr\u00e9sentants des \u00e9tudiants (programme de premier cycle et programme d\u2019\u00e9tudes sup\u00e9rieures) afin de promouvoir les services et les avantages qu\u2019offre la SCP \u00e0 ses membres.<\/li>\n<\/ol>\n<table style=\"width: 100%;\" border=\"1\" cellspacing=\"0\" cellpadding=\"8\">\n<tbody>\n<tr>\n<td>\n<h4>Comment devenir un repr\u00e9sentant de la SCP sur le campus\u00a0:<\/h4>\n<p>V\u00e9rifiez la <a href=\"\/etudiants\/studentrepresentatives\/representationsurlescampus\/\">liste des repr\u00e9sentants de la SCP sur le campus et des repr\u00e9sentants des membres \u00e9tudiants de la SCP<\/a> pour savoir si le poste est vacant dans votre coll\u00e8ge ou votre universit\u00e9.<\/p>\n<ol type=\"a\">\n<li>Si le poste de repr\u00e9sentant sur le campus est vacant, communiquez avec les services aux membres par courriel (<a href=\"mailto:membership@cpa.ca\">membership@cpa.ca<\/a>) afin d\u2019expliquer, en un paragraphe de 250\u00a0mots, pourquoi vous pensez \u00eatre un repr\u00e9sentant sur le campus comp\u00e9tent. Veuillez joindre \u00e0 votre courriel une copie de votre curriculum vit\u00e6.<\/li>\n<li>Si le poste n\u2019est pas vacant, nous vous encourageons \u00e0 pr\u00e9senter votre candidature au poste de repr\u00e9sentant des \u00e9tudiants (premier cycle ou cycles sup\u00e9rieurs). Faites parvenir votre curriculum vit\u00e6 \u00e0 <a href=\"mailto:membership@cpa.ca\">membership@cpa.ca<\/a>, ainsi que le nom de votre \u00e9tablissement d\u2019enseignement.<\/li>\n<\/ol>\n<\/td>\n<\/tr>\n<\/tbody>\n<\/table>\n<p>&nbsp;<\/p>\n<h4>Les postes de repr\u00e9sentant des membres \u00e9tudiants de la SCP au premier cycle ou aux cycles sup\u00e9rieurs sont ouverts aux \u00e9tudiants qui sont\u00a0:<\/h4>\n<ol>\n<li>Inscrits \u00e0 un programme d\u2019\u00e9tudes sup\u00e9rieures ou de premier cycle en psychologie ou dans un domaine connexe (p. ex., psychop\u00e9dagogie) dans un coll\u00e8ge ou une universit\u00e9.<\/li>\n<li>En mesure de s\u2019acquitter de cette fonction et de travailler en collaboration avec l\u2019autre repr\u00e9sentant des membres \u00e9tudiants pendant un an, et d\u2019appuyer le repr\u00e9sentant sur le campus.<\/li>\n<\/ol>\n<table style=\"width: 100%;\" border=\"1\" cellspacing=\"0\" cellpadding=\"8\">\n<tbody>\n<tr>\n<td>\n<h4>Comment devenir un repr\u00e9sentant des \u00e9tudiants (premier cycle ou cycles sup\u00e9rieurs)\u00a0:<\/h4>\n<p>V\u00e9rifiez la liste des repr\u00e9sentants sur le campus et des repr\u00e9sentants des \u00e9tudiants pour savoir si le poste est vacant dans votre coll\u00e8ge ou votre universit\u00e9.<\/p>\n<ol>\n<li>Si un poste de repr\u00e9sentant des membres \u00e9tudiants est vacant (au premier cycle ou aux cycles sup\u00e9rieurs), veuillez envoyer votre curriculum vit\u00e6 aux services aux membres par courriel \u00e0 <a href=\"mailto:membership@cpa.ca\">membership@cpa.ca<\/a>, ainsi que le nom de votre \u00e9tablissement d\u2019enseignement.<\/li>\n<li>S\u2019il n\u2019y a pas de poste vacant et que vous voulez \u00eatre un repr\u00e9sentant des \u00e9tudiants, nous vous demandons d\u2019envoyer quand m\u00eame, par courriel, votre curriculum vit\u00e6 aux services aux membres.<\/li>\n<\/ol>\n<\/td>\n<\/tr>\n<\/tbody>\n<\/table>\n<p>&nbsp;<\/p>\n<p>Les coll\u00e8ges et les universit\u00e9s canadiens ne sont pas tous r\u00e9pertori\u00e9s sur notre site Web. Veuillez nous \u00e9crire par courriel \u00e0 <a href=\"mailto:membership@cpa.ca\">membership@cpa.ca<\/a> si votre coll\u00e8ge ou votre universit\u00e9 ne figure pas dans la <a href=\"\/etudiants\/studentrepresentatives\/representationsurlescampus\/\">liste<\/a>.<\/p>\n<p><a href=\"\/etudiants\/studentrepresentatives\/lignesdirectrices\/\">Cliquez ici<\/a> pour prendre connaissance des Lignes directrices \u00e0 l\u2019intention des repr\u00e9sentants de la SCP sur le campus et des repr\u00e9sentants des membres \u00e9tudiants de la SCP. Vous y trouverez un calendrier typique des \u00e9v\u00e9nements et des t\u00e2ches \u00e0 effectuer tout au long de l\u2019ann\u00e9e.<\/p>\n<h4>NOUVEAU Programme d\u2019encouragement pour les repr\u00e9sentants de la SCP sur le campus et les repr\u00e9sentants des \u00e9tudiants membres de la SCP<\/h4>\n<p>En \u00e9change de leurs efforts et de leur soutien, la SCP paiera les frais d\u2019adh\u00e9sion \u00e0 la SCP, pour un an, aux repr\u00e9sentants de la SCP sur le campus et aux repr\u00e9sentants des membres \u00e9tudiants de la SCP (ce qui leur donnera acc\u00e8s aux avantages offerts aux membres). Votre adh\u00e9sion gratuite sera valable pour l\u2019ann\u00e9e <strong>QUI SUIT<\/strong> la fin de votre mandat et de vos fonctions de repr\u00e9sentant, \u00e0 condition que vous soyez rest\u00e9 un membre en r\u00e8gle pendant votre mandat. <strong>Valeur de 75\u00a0$<\/strong><\/p>\n<p>Pour proposer votre candidature ou pour en savoir plus sur la fonction de repr\u00e9sentant de la SCP sur le campus ou de repr\u00e9sentant des \u00e9tudiants de la SCP, veuillez communiquer avec les agents des affaires de premier cycle et de deuxi\u00e8me et troisi\u00e8me cycle, et copiez <a href=\"mailto:membership@cpa.ca\">membership@cpa.ca<\/a>.<\/p>\n<p>Si vous avez des questions, veuillez communiquer avec les services aux membres par t\u00e9l\u00e9phone, au 1-888-472-0657 poste 1325, ou par courriel, \u00e0 <a href=\"mailto:membership@cpa.ca\">membership@cpa.ca<\/a>.<\/p>\n<p>&nbsp;<\/p>\n<p><!--\n\n\n<div align=\"left\">\n\n<strong><strong>Attention: Le site Web de la SCP a &eacute;t&eacute; r&eacute;cemment enti&egrave;rement redessin&eacute;. Compte tenu du volume d'information qui y est affich&eacute;, certaines pages n'ont pas encore &eacute;t&eacute; traduites.&nbsp; Nous nous excusons de cet inconv&eacute;nient. Il est possible que l'information retrouv&eacute;e sur cette page soit d&eacute;su&egrave;te. Veuillez vous r&eacute;f&eacute;rer &agrave; la page site anglophone de la SCP afin d'obtenir une mise &agrave; jour de ces informations.\n<\/strong><\/strong>\n\n1. Un &eacute;tudiant doit &ecirc;tre inscrit &agrave; un programme de premier ou deuxi&egrave;me cycle dans une universit&eacute; ou un coll&egrave;ge canadien.&nbsp;\n\n2. L&rsquo;&eacute;tudiant doit &ecirc;tre membre affili&eacute; de la Soci&eacute;t&eacute; canadienne de psychologie.&nbsp;\n\n3. L&rsquo;&eacute;tudiant doit adresser une demande pour le poste de repr&eacute;sentant des &eacute;tudiants sur le campus en faisant valoir par &eacute;crit son int&eacute;r&ecirc;t pour cette fonction. Communiquez avec l'agente des affairs de deuxieme et troisieme cycle ou l'agente des affairs de premier cycle pour obtenir des renseignements suppl&eacute;mentaires et pour adresser une demande.&nbsp;\n\n4. L&rsquo;&eacute;tudiant doit accepter de s&rsquo;acquitter d&rsquo;un mandat d&rsquo;une dur&eacute;e d&rsquo;un an. Dans le cas o&ugrave; il ne peut pas remplir cette obligation, il est tenu d&rsquo;en informer le comit&eacute; ex&eacute;cutif de la Section des &eacute;tudiants et de trouver un rempla&ccedil;ant pour la dur&eacute;e du mandat.&nbsp;\n\n5. &Agrave; la fin de son mandat d&rsquo;un an, le repr&eacute;sentant peut d&eacute;cider de :\na) rester en fonction pour un autre mandat, suivant l&rsquo;approbation du comit&eacute; ex&eacute;cutif ou\nb) mettre fin &agrave; ses fonctions, en comprenant qu&rsquo;il lui incombe tout de m&ecirc;me de recruter un rempla&ccedil;ant.\n\n&nbsp;<\/div>\n\n\n--><\/p>\n","protected":false},"excerpt":{"rendered":"<p><!--more--><\/p>\n","protected":false},"author":2,"featured_media":0,"parent":1398,"menu_order":0,"comment_status":"closed","ping_status":"closed","template":"","meta":{"_acf_changed":false,"_monsterinsights_skip_tracking":false,"_monsterinsights_sitenote_active":false,"_monsterinsights_sitenote_note":"","_monsterinsights_sitenote_category":0,"footnotes":""},"class_list":["post-2049","page","type-page","status-publish","hentry"],"acf":[],"aioseo_notices":[],"publishpress_future_workflow_manual_trigger":{"enabledWorkflows":[]},"_links":{"self":[{"href":"https:\/\/cpa.ca\/fr\/wp-json\/wp\/v2\/pages\/2049","targetHints":{"allow":["GET"]}}],"collection":[{"href":"https:\/\/cpa.ca\/fr\/wp-json\/wp\/v2\/pages"}],"about":[{"href":"https:\/\/cpa.ca\/fr\/wp-json\/wp\/v2\/types\/page"}],"author":[{"embeddable":true,"href":"https:\/\/cpa.ca\/fr\/wp-json\/wp\/v2\/users\/2"}],"replies":[{"embeddable":true,"href":"https:\/\/cpa.ca\/fr\/wp-json\/wp\/v2\/comments?post=2049"}],"version-history":[{"count":6,"href":"https:\/\/cpa.ca\/fr\/wp-json\/wp\/v2\/pages\/2049\/revisions"}],"predecessor-version":[{"id":40946,"href":"https:\/\/cpa.ca\/fr\/wp-json\/wp\/v2\/pages\/2049\/revisions\/40946"}],"up":[{"embeddable":true,"href":"https:\/\/cpa.ca\/fr\/wp-json\/wp\/v2\/pages\/1398"}],"wp:attachment":[{"href":"https:\/\/cpa.ca\/fr\/wp-json\/wp\/v2\/media?parent=2049"}],"curies":[{"name":"wp","href":"https:\/\/api.w.org\/{rel}","templated":true}]}}