{"id":2119,"date":"2018-08-20T16:03:07","date_gmt":"2018-08-20T20:03:07","guid":{"rendered":"https:\/\/cpa.ca\/researchers\/promotingthescienceofpsychology\/"},"modified":"2018-08-20T16:10:06","modified_gmt":"2018-08-20T20:10:06","slug":"promotiondelasciencedelapsychologie","status":"publish","type":"page","link":"https:\/\/cpa.ca\/fr\/science\/promotiondelasciencedelapsychologie\/","title":{"rendered":"Promotion de la science de la psychologie"},"content":{"rendered":"<p>En plus de mettre sur pied la Direction g\u00e9n\u00e9rale de la science, la SCP a entrepris un certain nombre d\u2019activit\u00e9s et cr\u00e9\u00e9 un certain nombre d\u2019outils dans le cadre de ses efforts pour accro\u00eetre la sensibilisation et faire la promotion de la science de la psychologie. Au cours de la derni\u00e8re ann\u00e9e, la SCP a introduit deux nouveaux outils aux membres : le PRPR et le Carrefour de la recherche. Reportez\u2011vous aux liens ci\u2011dessous pour acc\u00e9der \u00e0 ces outils particuliers et en apprendre davantage \u00e0 leur sujet.<\/p>\n<p>En juin 2009, la SCP a aussi administr\u00e9 un questionnaire aux membres dans le but de d\u00e9terminer ce que la SCP pourrait faire davantage ou diff\u00e9remment afin de promouvoir la science de la psychologie. Les principaux r\u00e9sultats faisaient \u00e9tat d\u2019une repr\u00e9sentation aupr\u00e8s du gouvernement et des conseils subventionnaires, tout en assurant une repr\u00e9sentation suffisante de la science au congr\u00e8s annuel de la SCP. Si vous avez des id\u00e9es au sujet de la mani\u00e8re que la SCP peut continuer \u00e0 promouvoir la science de la psychologie, veuillez communiquer avec Dre Lisa Votta\u2011Bleeker, directrice g\u00e9n\u00e9rale associ\u00e9e \u00e0 executiveoffice@cpa.ca.<\/p>\n<p>Portail de recrutement de participants en recherche (PRPR)<br \/>\nBienvenue au Portail de recrutement de participants en recherche de la SCP!<\/p>\n<p>Ce portail, qui est r\u00e9serv\u00e9 aux membres de la SCP, a \u00e9t\u00e9 cr\u00e9\u00e9 afin de permettre aux membres de la SCP de publier des demandes aupr\u00e8s des autres membres les invitant \u00e0 devenir des participants \u00e0 leur recherche. Vous devez pr\u00e9parer une br\u00e8ve description de votre projet, des personnes que vous voulez recruter, des obligations du participant et de la dur\u00e9e de la collecte des donn\u00e9es. Avant de publier l\u2019annonce, vous devez aussi pr\u00e9senter \u00e0 la SCP une preuve de l\u2019approbation du comit\u00e9 d\u2019\u00e9thique de la recherche (CER), montrer qu\u2019au moins un membre de l\u2019\u00e9quipe de recherche est un(e) \u00e9tudiant(e) ou membre en r\u00e8gle de la SCP et qu\u2019au moins un psychologue fait partie de l\u2019\u00e9quipe de recherche. Les nouvelles annonces para\u00eetront aussi dans le bulletin \u00e9lectronique de la SCP, Nouvelles de la SCP.<\/p>\n<p>Cliquez ici pour plus information sur le PRPR; cliquez ici pour acc\u00e9der le Portail directement. <\/p>\n<p>Carrefour de la recherche en psychologie<br \/>\nLa SCP a lanc\u00e9 son nouveau Carrefour de la recherche en psychologie! Le carrefour est un outil en ligne pour les membres seulement qui veut leur permettre de communiquer entre eux selon leurs domaines de comp\u00e9tence en recherche. Les membres int\u00e9ress\u00e9s \u00e0 utiliser cet outil doivent cr\u00e9er un profil qui met en lumi\u00e8re leurs domaines de sp\u00e9cialit\u00e9 de recherche. Les profils alimenteront la base de donn\u00e9es, dans laquelle les membres peuvent alors chercher.<\/p>\n<p>Comment peut-il \u00eatre utilis\u00e9?<\/p>\n<p>Les \u00e9tudiants peuvent l\u2019utiliser pour trouver des mentors de recherche ou des superviseurs d\u2019\u00e9tudiants dipl\u00f4m\u00e9s.<br \/>\nD\u2019autres peuvent l\u2019utiliser pour trouver des collaborateurs dans un projet de recherche.<br \/>\nLa SCP peut l\u2019utiliser pour identifier et consulter des experts en recherche dans un domaine donn\u00e9.<br \/>\nCliquez ici pour acc\u00e9der au carrefour directement. Cr\u00e9ez votre profil et commencez \u00e0 entrer en communication avec d\u2019autres membres de la SCP partout au pays.<\/p>\n","protected":false},"excerpt":{"rendered":"<p>En plus de mettre sur pied la Direction g\u00e9n\u00e9rale de la science, la SCP a entrepris un certain nombre d\u2019activit\u00e9s et cr\u00e9\u00e9 un certain nombre d\u2019outils dans le cadre de ses efforts pour accro\u00eetre la sensibilisation et faire la promotion de la science de la psychologie. Au cours de la derni\u00e8re ann\u00e9e, la SCP a [&hellip;]<\/p>\n","protected":false},"author":2,"featured_media":0,"parent":4335,"menu_order":0,"comment_status":"closed","ping_status":"closed","template":"","meta":{"_acf_changed":false,"_monsterinsights_skip_tracking":false,"_monsterinsights_sitenote_active":false,"_monsterinsights_sitenote_note":"","_monsterinsights_sitenote_category":0,"footnotes":""},"class_list":["post-2119","page","type-page","status-publish","hentry"],"acf":[],"aioseo_notices":[],"publishpress_future_workflow_manual_trigger":{"enabledWorkflows":[]},"_links":{"self":[{"href":"https:\/\/cpa.ca\/fr\/wp-json\/wp\/v2\/pages\/2119","targetHints":{"allow":["GET"]}}],"collection":[{"href":"https:\/\/cpa.ca\/fr\/wp-json\/wp\/v2\/pages"}],"about":[{"href":"https:\/\/cpa.ca\/fr\/wp-json\/wp\/v2\/types\/page"}],"author":[{"embeddable":true,"href":"https:\/\/cpa.ca\/fr\/wp-json\/wp\/v2\/users\/2"}],"replies":[{"embeddable":true,"href":"https:\/\/cpa.ca\/fr\/wp-json\/wp\/v2\/comments?post=2119"}],"version-history":[{"count":2,"href":"https:\/\/cpa.ca\/fr\/wp-json\/wp\/v2\/pages\/2119\/revisions"}],"predecessor-version":[{"id":2121,"href":"https:\/\/cpa.ca\/fr\/wp-json\/wp\/v2\/pages\/2119\/revisions\/2121"}],"up":[{"embeddable":true,"href":"https:\/\/cpa.ca\/fr\/wp-json\/wp\/v2\/pages\/4335"}],"wp:attachment":[{"href":"https:\/\/cpa.ca\/fr\/wp-json\/wp\/v2\/media?parent=2119"}],"curies":[{"name":"wp","href":"https:\/\/api.w.org\/{rel}","templated":true}]}}