{"id":2145,"date":"2018-08-20T16:31:25","date_gmt":"2018-08-20T20:31:25","guid":{"rendered":"https:\/\/cpa.ca\/researchers\/r2p2\/"},"modified":"2022-04-12T13:59:06","modified_gmt":"2022-04-12T17:59:06","slug":"prpr","status":"publish","type":"page","link":"https:\/\/cpa.ca\/fr\/science\/prpr\/","title":{"rendered":"Portail de recrutement de participants en recherche (PRPR)"},"content":{"rendered":"<div style=\"float: right; max-width: 350px; padding: 10px; border: thin gray solid;\">\n<img decoding=\"async\" src=\"https:\/\/cpa.ca\/wp-content\/uploads\/2018\/12\/Featured-Banner-EN-A_3_1.jpg\" style=\"max-width:330px;\" alt=\"Portail de recrutement de participants en recherche (PRPR)\" \/><\/p>\n<li><a href=\"\/fr\/science\/r2p2\/submissionprocess\/\" target=\"_blank\" rel=\"noopener noreferrer\">Submission Process to the R2P2<\/a><\/li>\n<li><a href=\"\/fr\/science\/r2p2\/faq\/\">FAQ about the R2P2<\/a><\/li>\n<\/div>\n<p>Bienvenue sur le&nbsp;Portail de recrutement de participants en recherche de la SCP!<\/p>\n<p>Ce portail, r\u00e9serv\u00e9 aux membres de la SCP seulement, a \u00e9t\u00e9 cr\u00e9\u00e9 afin de permettre aux membres de la SCP d\u2019afficher des demandes pour que d\u2019autres membres de la SCP servent de participants dans leurs \u00e9tudes de recherche.<\/p>\n<p>Pour afficher votre projet vous devez nous en fournir une br\u00e8ve description, indiquant qui vous cherchez \u00e0 recruter, l\u2019obligation des participants et la dur\u00e9e de la collecte de donn\u00e9es.<\/p>\n<p>Pour plus d\u2019informations, reportez-vous au Portail de recrutement de participants \u00e0 la recherche, qui d\u00e9crit le processus de proposition.<\/p>\n<p>Pr\u00e9sentez votre \u00e9tude en t\u00e9l\u00e9chargeant le <a href=\"https:\/\/cpa.ca\/machform\/view.php?id=23863\" target=\"_blank\" rel=\"noopener noreferrer\">formulaire \u00e0 remplir<\/a>.<!--et envoyez celui-ci par courriel \u00e0 <a href=\"mailto:science@cpa.ca\" target=\"_blank\" rel=\"noopener noreferrer\">Lisa Votta-Bleeker<\/a>.--><\/p>\n<hr>\n<h2>Etudes de recherche en cours<\/h2>\n<hr>\n<style type=\"text\/css\" scoped=\"\">\t\n.title {\n    background-image: linear-gradient(to right, #eaeaea , #fdfdfd);\n    padding: 5px 5px 5px 5px;\n}\n<\/style>\n","protected":false},"excerpt":{"rendered":"<p><!--more--><\/p>\n","protected":false},"author":2,"featured_media":0,"parent":4335,"menu_order":0,"comment_status":"closed","ping_status":"closed","template":"templates\/abstracts-landing.php","meta":{"_acf_changed":false,"_monsterinsights_skip_tracking":false,"_monsterinsights_sitenote_active":false,"_monsterinsights_sitenote_note":"","_monsterinsights_sitenote_category":0,"footnotes":""},"class_list":["post-2145","page","type-page","status-publish","hentry"],"acf":[],"aioseo_notices":[],"publishpress_future_workflow_manual_trigger":{"enabledWorkflows":[]},"_links":{"self":[{"href":"https:\/\/cpa.ca\/fr\/wp-json\/wp\/v2\/pages\/2145","targetHints":{"allow":["GET"]}}],"collection":[{"href":"https:\/\/cpa.ca\/fr\/wp-json\/wp\/v2\/pages"}],"about":[{"href":"https:\/\/cpa.ca\/fr\/wp-json\/wp\/v2\/types\/page"}],"author":[{"embeddable":true,"href":"https:\/\/cpa.ca\/fr\/wp-json\/wp\/v2\/users\/2"}],"replies":[{"embeddable":true,"href":"https:\/\/cpa.ca\/fr\/wp-json\/wp\/v2\/comments?post=2145"}],"version-history":[{"count":6,"href":"https:\/\/cpa.ca\/fr\/wp-json\/wp\/v2\/pages\/2145\/revisions"}],"predecessor-version":[{"id":29109,"href":"https:\/\/cpa.ca\/fr\/wp-json\/wp\/v2\/pages\/2145\/revisions\/29109"}],"up":[{"embeddable":true,"href":"https:\/\/cpa.ca\/fr\/wp-json\/wp\/v2\/pages\/4335"}],"wp:attachment":[{"href":"https:\/\/cpa.ca\/fr\/wp-json\/wp\/v2\/media?parent=2145"}],"curies":[{"name":"wp","href":"https:\/\/api.w.org\/{rel}","templated":true}]}}