{"id":2168,"date":"2010-11-11T12:26:28","date_gmt":"2010-11-11T17:26:28","guid":{"rendered":"https:\/\/cpa.ca\/researchers\/sciencedirectorate\/priorities\/"},"modified":"2024-12-02T16:36:40","modified_gmt":"2024-12-02T21:36:40","slug":"priorities","status":"publish","type":"page","link":"https:\/\/cpa.ca\/fr\/priorities\/","title":{"rendered":"Priorit\u00e9s pour la direction g\u00e9n\u00e9rale de la science"},"content":{"rendered":"<p>En consultation avec le Comit\u00e9 des affaires scientifiques, la SCP a d\u00e9cid\u00e9 d\u2019un certain nombre de priorit\u00e9s qui sous-tendront les activit\u00e9s de la Direction g\u00e9n\u00e9rale de la science.<\/p>\n<ul>\n<li>Produire des articles de repr\u00e9sentation sur le r\u00f4le des psychologues en recherche et des psychologues en tant que scientifiques\/chercheurs.<\/li>\n<li>Forger des partenariats avec des associations ax\u00e9es sur la recherche comme le Consortium canadien pour la recherche.<\/li>\n<li>Veiller \u00e0 la participation \u00e0 des activit\u00e9s de repr\u00e9sentation, tout en \u00e9clairant les membres sur ce que signifie la repr\u00e9sentation.<\/li>\n<li>Offrir des s\u00e9ances sur la navigation dans le processus de pr\u00e9sentation d\u2019une demande de subvention \u00e0 l\u2019occasion du congr\u00e8s annuel de la SCP.<\/li>\n<li>Assurer des liaisons avec les conseils subventionnaires concernant le financement de la recherche en psychologie.<\/li>\n<li>\u00c9laborer et mettre \u00e0 jour le mat\u00e9riel imprim\u00e9 sur la pertinence et l\u2019\u00e0-propos de la recherche en psychologie par les IRSC.<\/li>\n<li>Assurer la repr\u00e9sentation de la science de la psychologie au congr\u00e8s de la SCP.<\/li>\n<li>Sonder les membres concernant les activit\u00e9s li\u00e9es \u00e0 la science de la SCP.<\/li>\n<li>Participer aux tables de consultations et d\u2019experts sur les questions li\u00e9es \u00e0 la recherche.<\/li>\n<li>Faire des consultations avec le Comit\u00e9 des affaires scientifiques.<\/li>\n<li>Se pencher sur la couverture de la science de la psychologie dans les revues et les publications de la SCP.<\/li>\n<li>Agir \u00e0 titre de ressource concernant les questions de mesures l\u00e9gislatives et de r\u00e9glementation des pratiques de recherche.<\/li>\n<li>Fournir des mises \u00e0 jour sur les activit\u00e9s scientifiques aux membres par la voie du Bulletin de la SCP, Psynopsis, etc.<\/li>\n<li>Organiser des r\u00e9actions ou r\u00e9pondre aux discours du budget f\u00e9d\u00e9ral.<\/li>\n<li>Explorer les liens potentiels entre le Comit\u00e9 des affaires scientifiques et l\u2019Association canadienne des professeures et professeurs d\u2019universit\u00e9 (ACPPU).<\/li>\n<li>Assurer la liaison avec les doyens d\u2019universit\u00e9s concernant les questions li\u00e9es \u00e0 la recherche en psychologie.<\/li>\n<li>Communiquer avec les repr\u00e9sentants universitaires des trois conseils.<\/li>\n<li>\u0152uvrer en tant que ressource pour les \u00e9tudiants au sujet des activit\u00e9s scientifiques de la SCP.<\/li>\n<li>Explorer les possibilit\u00e9s de contribution \u00e0 l\u2019\u00e9laboration de politiques en psychologie.<\/li>\n<li>Assurer la liaison avec les d\u00e9partements de psychologie qui mettent en \u0153uvre des programmes de psychologie exp\u00e9rimentale.<\/li>\n<\/ul>\n","protected":false},"excerpt":{"rendered":"<p><!--more--><\/p>\n","protected":false},"author":2,"featured_media":0,"parent":0,"menu_order":0,"comment_status":"closed","ping_status":"closed","template":"","meta":{"_acf_changed":false,"_monsterinsights_skip_tracking":false,"_monsterinsights_sitenote_active":false,"_monsterinsights_sitenote_note":"","_monsterinsights_sitenote_category":0,"footnotes":""},"class_list":["post-2168","page","type-page","status-publish","hentry"],"acf":[],"aioseo_notices":[],"publishpress_future_workflow_manual_trigger":{"enabledWorkflows":[]},"_links":{"self":[{"href":"https:\/\/cpa.ca\/fr\/wp-json\/wp\/v2\/pages\/2168","targetHints":{"allow":["GET"]}}],"collection":[{"href":"https:\/\/cpa.ca\/fr\/wp-json\/wp\/v2\/pages"}],"about":[{"href":"https:\/\/cpa.ca\/fr\/wp-json\/wp\/v2\/types\/page"}],"author":[{"embeddable":true,"href":"https:\/\/cpa.ca\/fr\/wp-json\/wp\/v2\/users\/2"}],"replies":[{"embeddable":true,"href":"https:\/\/cpa.ca\/fr\/wp-json\/wp\/v2\/comments?post=2168"}],"version-history":[{"count":4,"href":"https:\/\/cpa.ca\/fr\/wp-json\/wp\/v2\/pages\/2168\/revisions"}],"predecessor-version":[{"id":40982,"href":"https:\/\/cpa.ca\/fr\/wp-json\/wp\/v2\/pages\/2168\/revisions\/40982"}],"wp:attachment":[{"href":"https:\/\/cpa.ca\/fr\/wp-json\/wp\/v2\/media?parent=2168"}],"curies":[{"name":"wp","href":"https:\/\/api.w.org\/{rel}","templated":true}]}}