{"id":2182,"date":"2017-03-09T15:32:36","date_gmt":"2017-03-09T20:32:36","guid":{"rendered":"https:\/\/cpa.ca\/aproposdelascp\/comites\/ethics\/"},"modified":"2025-12-22T14:53:42","modified_gmt":"2025-12-22T19:53:42","slug":"ethics","status":"publish","type":"page","link":"https:\/\/cpa.ca\/fr\/aproposdelascp\/comites\/ethics\/","title":{"rendered":"Comit\u00e9 de d\u00e9ontologie"},"content":{"rendered":"<p><!--\n\n\n<h2><span data-mce-type=\"bookmark\" style=\"display: inline-block; width: 0px; overflow: hidden; line-height: 0;\" class=\"mce_SELRES_start\"><\/span>2023 - 2024 Committee \/ Comit\u00e9<\/h2>\n\n\n---><\/p>\n<table border=\"1\" cellspacing=\"0\" cellpadding=\"4\">\n<tbody>\n<tr>\n<td valign=\"top\" width=\"250px\">\n<h4>Pr\u00e9sident :<\/h4>\n<\/td>\n<td valign=\"top\">Donald Stewart<\/td>\n<\/tr>\n<tr>\n<td valign=\"top\">\n<h4>Membres :<\/h4>\n<\/td>\n<td valign=\"top\">\n<article style=\"-webkit-column-width: 250px; -moz-column-width: 250px; column-width: 250px;\">Claire Sira (Board Liaison \/ Relation avec le conseil d\u2019administration)<br \/>\nAnn Marie Dewhurst<br \/>\nAlexis Fabricius<br \/>\nJanel Gauthier<br \/>\nHarpreet Gill<br \/>\nOlga Heath<br \/>\nSarah Lade<br \/>\nCannie Stark<br \/>\nKeira C. Stockdale<\/article>\n<article style=\"-webkit-column-width: 250px; -moz-column-width: 250px; column-width: 250px;\">Samantha Horswill<\/article>\n<article style=\"-webkit-column-width: 250px; -moz-column-width: 250px; column-width: 250px;\">Simon Lisaingo<br \/>\nStewart Madon (Ethics Officer \u2013 Ex Officio)<\/article>\n<\/td>\n<\/tr>\n<tr>\n<td valign=\"top\">\n<h4>Mandat\u00a0:<\/h4>\n<\/td>\n<td valign=\"top\">Le Comit\u00e9 de d\u00e9ontologie a pour mandat de superviser l\u2019\u00e9laboration et la mise \u00e0 jour des ressources et documents li\u00e9s \u00e0 la d\u00e9ontologie de la SCP et de servir d\u2019organe consultatif pour les questions et processus associ\u00e9s \u00e0 la d\u00e9ontologie aupr\u00e8s du conseil d\u2019administration, des comit\u00e9s, du personnel du si\u00e8ge social, des sections, des membres et des et affili\u00e9s de la SCP.<\/td>\n<\/tr>\n<tr>\n<td valign=\"top\">\n<h4>Objectifs\u00a0:<\/h4>\n<\/td>\n<td valign=\"top\">\u00c9laborer et mettre \u00e0 jour les ressources et documents li\u00e9s \u00e0 la d\u00e9ontologie pour approbation par le conseil d\u2019administration de la SCP.<\/p>\n<p>Tenir des r\u00e9unions r\u00e9guli\u00e8res au cours desquelles les activit\u00e9s du Comit\u00e9 sont discut\u00e9es.<\/p>\n<p>Servir d\u2019organe consultatif pour les questions associ\u00e9es \u00e0 la d\u00e9ontologie qui lui sont soumises par le conseil d\u2019administration, le si\u00e8ge social, les comit\u00e9s, les sections, les membres et les affili\u00e9s de la SCP<\/td>\n<\/tr>\n<tr>\n<td valign=\"top\">\n<h4>Page Web\u00a0:<\/h4>\n<\/td>\n<td valign=\"top\"><a href=\"https:\/\/cpa.ca\/fr\/aproposdelascp\/comites\/ethics\/\">https:\/\/cpa.ca\/fr\/aproposdelascp\/comites\/ethics\/<\/a><\/td>\n<\/tr>\n<tr>\n<td valign=\"top\">\n<h4>Pour nous joindre\u00a0:<\/h4>\n<\/td>\n<td valign=\"top\"><a href=\"mailto:ethics@cpa.ca\">ethics@cpa.ca<\/a><\/td>\n<\/tr>\n<\/tbody>\n<\/table>\n<p><!-----\n\n\n<h4>Accountability and Objectives<\/h4>\n\n\nThe Committee on Ethics is an arm\u2019s-length standing committee of the Canadian Psychological Association Board of Directors. The Committee reports to the Board of Directors through the Committee Chair and a member of the Board of Directors appointed by the Board to be Board Liaison to the Committee.\n\nThe Committee on Ethics is available to the CPA Board of Directors and Head Office staff to: (i) respond to questions and requests for consultation from CPA members, psychology or other organizations, and members of the public; (ii) generate formal opinions on specific ethical questions\/issues; (iii) consider the need for and develop new ethical guidelines for approval by the Board; (iv) guide the development of and revisions to the <em>Canadian Code of Ethics for Psychologists<\/em>; (v) develop and\/or provide educational resources for members; (vi) review and provide recommendations for self-disclosures or external reports (e.g., regulatory bodies, media) of serious unethical or illegal conduct; and, (vii) when there is no alternative forum, review and seek informal resolution, or provide recommendations, regarding complaints of unethical conduct against members.\n------><\/p>\n<div id=\"cptui\" class=\"cptui-shortcode default-shortcode cptui-shortcode-378\">\n\t\n\t\t<div id=\"cptui-31444\" class=\"cptui-entry post-31444 post type-post status-publish format-standard hentry category-ethicsfr\">\n\n\t\t\t\n\t\t\t<div class=\"cptui-entry-header\">\n\n\t\t\t\t\n\t\t\t\t<h4 class=\"cptui-entry-title\"><a class=\"cptui-link\" href=\"https:\/\/cpa.ca\/fr\/invitation-to-collaborate-in-the-development-of-ethical-guidelines-for-inclusivity-and-non-discrimination-in-psychology\/\">Invitation \u00e0 collaborer \u00e0 l\u2019\u00e9laboration des Lignes directrices en mati\u00e8re d\u2019\u00e9thique pour l\u2019inclusion et la non-discrimination en psychologie<\/a><\/h4>\n\n\t\t\t\t\n\t\t\t<\/div><!-- .cptui-entry-header -->\n\n\t\t\t<div class=\"cptui-entry-summary\">\n\n\t\t\t\t\n\t\t\t\t<p>Le Comit\u00e9 d\u2019\u00e9thique (CE) de la SCP a identifi\u00e9 le besoin de mettre \u00e0 jour, de clarifier et d&#8217;\u00e9largir les <a href=\"https:\/\/cpa.ca\/docs\/File\/Ethics\/CoEGuidelines_NonDiscPract2017_Final.pdf\" target=\"_blank\" rel=\"noopener\"><em>Lignes directrices en mati\u00e8re d\u2019\u00e9thique pour l\u2019inclusion et la non-discrimination en psychologie<\/em><\/a> (1990, mise \u00e0 jour 2001, 2017) et a approuv\u00e9 l&#8217;\u00e9laboration de ces lignes directrices.\u00a0 Nos objectifs avec ce projet sont de fournir une clarification de leur mati\u00e8re et de guider les psychologues vers des meilleures pratiques. Conform\u00e9ment \u00e0 notre Code, ces lignes directrices r\u00e9vis\u00e9es seront de nature aspirationnelle plut\u00f4t que prescriptive.<\/p>\n<p>En tant que coordonnatrice de cette initiative, Dre Cannie Stark invite tous les membres de la SCP \u00e0 collaborer avec le CE dans le cadre de cette initiative visant \u00e0 \u00e9laborer une nouvelle version des  <en>Lignes directrices en mati\u00e8re d\u2019\u00e9thique pour l\u2019inclusion et la non-discrimination en psychologie.<\/en>\u00a0 <a href=\"https:\/\/cpa.ca\/fr\/aproposdelascp\/comites\/ethics\/invitation-to-collaborate\/\">Cliquez ici pour plus d&#8217;information<\/a><\/p>\n\n\t\t\t\t\n\t\t\t<\/div><!-- .cptui-entry-summary -->\n\n\t\t<\/div><!-- #cptui-xxxxx .cptui-entry -->\n\n\t\t<\/div>\n","protected":false},"excerpt":{"rendered":"<p><!--more--><\/p>\n","protected":false},"author":1,"featured_media":0,"parent":1281,"menu_order":2,"comment_status":"closed","ping_status":"closed","template":"","meta":{"_acf_changed":false,"_monsterinsights_skip_tracking":false,"_monsterinsights_sitenote_active":false,"_monsterinsights_sitenote_note":"","_monsterinsights_sitenote_category":0,"footnotes":""},"class_list":["post-2182","page","type-page","status-publish","hentry"],"acf":[],"aioseo_notices":[],"publishpress_future_workflow_manual_trigger":{"enabledWorkflows":[]},"_links":{"self":[{"href":"https:\/\/cpa.ca\/fr\/wp-json\/wp\/v2\/pages\/2182","targetHints":{"allow":["GET"]}}],"collection":[{"href":"https:\/\/cpa.ca\/fr\/wp-json\/wp\/v2\/pages"}],"about":[{"href":"https:\/\/cpa.ca\/fr\/wp-json\/wp\/v2\/types\/page"}],"author":[{"embeddable":true,"href":"https:\/\/cpa.ca\/fr\/wp-json\/wp\/v2\/users\/1"}],"replies":[{"embeddable":true,"href":"https:\/\/cpa.ca\/fr\/wp-json\/wp\/v2\/comments?post=2182"}],"version-history":[{"count":6,"href":"https:\/\/cpa.ca\/fr\/wp-json\/wp\/v2\/pages\/2182\/revisions"}],"predecessor-version":[{"id":45695,"href":"https:\/\/cpa.ca\/fr\/wp-json\/wp\/v2\/pages\/2182\/revisions\/45695"}],"up":[{"embeddable":true,"href":"https:\/\/cpa.ca\/fr\/wp-json\/wp\/v2\/pages\/1281"}],"wp:attachment":[{"href":"https:\/\/cpa.ca\/fr\/wp-json\/wp\/v2\/media?parent=2182"}],"curies":[{"name":"wp","href":"https:\/\/api.w.org\/{rel}","templated":true}]}}