{"id":2183,"date":"2011-11-24T16:46:19","date_gmt":"2011-11-24T21:46:19","guid":{"rendered":"https:\/\/cpa.ca\/public\/decidingtoseeapsychologist\/"},"modified":"2023-03-29T14:04:06","modified_gmt":"2023-03-29T18:04:06","slug":"decidingtoseeapsychologist","status":"publish","type":"page","link":"https:\/\/cpa.ca\/fr\/public\/decidingtoseeapsychologist\/","title":{"rendered":"D\u00e9cider de consulter un psychologue"},"content":{"rendered":"<h4>Ai-je un probl\u00e8me?<\/h4>\n<p>Prendre la d\u00e9cision de consulter un psychologue ou un autre professionnel de la sant\u00e9 mentale peut \u00eatre difficile. Reconna\u00eetre que vous avez un probl\u00e8me et arriver au point o\u00f9 vous \u00eates pr\u00eat \u00e0 en parler peut \u00eatre difficile.<\/p>\n<p>Beaucoup de gens se sentent mal \u00e0 l\u2019aise \u00e0 l\u2019id\u00e9e de parler de choses qui sont p\u00e9nibles ou m\u00eame embarrassantes pour un parfait inconnu. D\u2019un autre c\u00f4t\u00e9, les gens trouvent souvent beaucoup plus facile de confier leurs probl\u00e8mes \u00e0 quelqu\u2019un qu\u2019ils ne connaissent pas et qui n\u2019attend rien d\u2019eux.<\/p>\n<p>Parler \u00e0 des amis et \u00e0 des \u00eatres chers peut \u00eatre tr\u00e8s encourageant, mais il est parfois difficile pour les personnes que nous connaissons bien d\u2019\u00eatre objectives et honn\u00eates en raison de leurs sentiments pour nous et de leur r\u00f4le dans nos vies. De plus, notre famille et nos amis ne peuvent pas reconna\u00eetre le type ou la gravit\u00e9 d\u2019un probl\u00e8me psychologique ni la meilleure fa\u00e7on de nous aider \u00e0 y faire face.<\/p>\n<h4>Qui est-ce que je vois?<\/h4>\n<p>Une fois que vous avez pris la d\u00e9cision de consulter un praticien en sant\u00e9 mentale, vous devez d\u00e9cider qui choisir. Il peut y avoir de nombreuses personnes diff\u00e9rentes qui pr\u00e9tendent traiter des probl\u00e8mes de sant\u00e9 mentale. Tous ne sont pas des professionnels bien form\u00e9s dans le domaine de la sant\u00e9 mentale. Quelle que soit la personne que vous consultez, il est important de lui demander s\u2019il est r\u00e9glement\u00e9 \u2013 en d\u2019autres termes, a-t-il un permis d\u2019exercice?<\/p>\n<h4>Pourquoi consulter un professionnel r\u00e9glement\u00e9?<\/h4>\n<p>Les gouvernements provinciaux et territoriaux donnent \u00e0 quelques professions de la sant\u00e9 la responsabilit\u00e9 d\u2019autoriser ou de r\u00e9glementer leur profession. La r\u00e9glementation ou l\u2019autorisation d\u2019exercer est importante car elle garantit que le praticien a satisfait \u00e0 un niveau \u00e9lev\u00e9 de formation et fournit un niveau \u00e9lev\u00e9 de soins.<\/p>\n<p>Si vous avez des inqui\u00e9tudes concernant le comportement d\u2019un praticien r\u00e9glement\u00e9, vous pouvez contacter\u00a0l\u2019organisme de r\u00e9glementation provincial ou territorial qui autorise sa pratique. Le r\u00f4le de l\u2019organisme de r\u00e9glementation est de prot\u00e9ger le public en s\u2019assurant que ses praticiens sont correctement form\u00e9s et comp\u00e9tents. Vous n\u2019avez aucune assurance qu\u2019une personne non r\u00e9glement\u00e9e est comp\u00e9tente pour fournir le service offert et aucun organisme de r\u00e9glementation \u00e0 contacter si vous avez des inqui\u00e9tudes concernant le service fourni.<\/p>\n<h4>Comment puis-je savoir si quelqu\u2019un est r\u00e9glement\u00e9?<\/h4>\n<p>Vous pouvez v\u00e9rifier vous-m\u00eame les titres de comp\u00e9tences d\u2019un praticien r\u00e9glement\u00e9 en appelant l\u2019organisme de r\u00e9glementation et en demandant si le praticien est en r\u00e8gle. Le site Web de la Soci\u00e9t\u00e9 canadienne de psychologie r\u00e9pertorie les noms et les coordonn\u00e9es de tous les organismes de r\u00e9glementation provinciaux et territoriaux de la psychologie :\u00a0<a href=\"https:\/\/cpa.ca\/fr\/public\/unpsychologue\/organismesreglementation\/\" target\"_blank\">organismes de r\u00e9glementation provinciaux et territoriaux<\/a>. \u00c9tant donn\u00e9 que les psychologues sont r\u00e9glement\u00e9s \u00e0 l\u2019\u00e9chelle provinciale et territoriale, contactez celui de la province ou du territoire dans lequel vous recevez des services, car c\u2019est l\u00e0 que le psychologue devrait \u00eatre inscrit.<\/p>\n<h4><\/h4>\n","protected":false},"excerpt":{"rendered":"<p><!--more--><\/p>\n","protected":false},"author":2,"featured_media":0,"parent":1698,"menu_order":0,"comment_status":"closed","ping_status":"closed","template":"","meta":{"_acf_changed":false,"_monsterinsights_skip_tracking":false,"_monsterinsights_sitenote_active":false,"_monsterinsights_sitenote_note":"","_monsterinsights_sitenote_category":0,"footnotes":""},"class_list":["post-2183","page","type-page","status-publish","hentry"],"acf":[],"aioseo_notices":[],"publishpress_future_workflow_manual_trigger":{"enabledWorkflows":[]},"_links":{"self":[{"href":"https:\/\/cpa.ca\/fr\/wp-json\/wp\/v2\/pages\/2183","targetHints":{"allow":["GET"]}}],"collection":[{"href":"https:\/\/cpa.ca\/fr\/wp-json\/wp\/v2\/pages"}],"about":[{"href":"https:\/\/cpa.ca\/fr\/wp-json\/wp\/v2\/types\/page"}],"author":[{"embeddable":true,"href":"https:\/\/cpa.ca\/fr\/wp-json\/wp\/v2\/users\/2"}],"replies":[{"embeddable":true,"href":"https:\/\/cpa.ca\/fr\/wp-json\/wp\/v2\/comments?post=2183"}],"version-history":[{"count":6,"href":"https:\/\/cpa.ca\/fr\/wp-json\/wp\/v2\/pages\/2183\/revisions"}],"predecessor-version":[{"id":33175,"href":"https:\/\/cpa.ca\/fr\/wp-json\/wp\/v2\/pages\/2183\/revisions\/33175"}],"up":[{"embeddable":true,"href":"https:\/\/cpa.ca\/fr\/wp-json\/wp\/v2\/pages\/1698"}],"wp:attachment":[{"href":"https:\/\/cpa.ca\/fr\/wp-json\/wp\/v2\/media?parent=2183"}],"curies":[{"name":"wp","href":"https:\/\/api.w.org\/{rel}","templated":true}]}}