{"id":21950,"date":"2021-05-17T08:59:15","date_gmt":"2021-05-17T12:59:15","guid":{"rendered":"https:\/\/cpa.ca\/elections\/board-nominations\/"},"modified":"2025-07-02T11:34:14","modified_gmt":"2025-07-02T15:34:14","slug":"board-nominations","status":"publish","type":"page","link":"https:\/\/cpa.ca\/fr\/board-nominations\/","title":{"rendered":"Candidature en vue de l\u2019\u00e9lection du conseil d\u2019administration"},"content":{"rendered":"<p><!---------------\n\n\n<h3><span data-mce-type=\"bookmark\" style=\"display: inline-block; width: 0px; overflow: hidden; line-height: 0;\" class=\"mce_SELRES_start\"><\/span>Appel de mises en candidature de 2025 en vue de l\u2019\u00e9lection du conseil d\u2019administration de la SCP<\/h3>\n\n\nLes membres de la Soci\u00e9t\u00e9 canadienne de psychologie (SCP) sont invit\u00e9s \u00e0 pr\u00e9senter des candidatures pour les postes suivants\u00a0:\n\n\n<ul>\n \t\n\n<li>Administrateur repr\u00e9sentant la pratique (<a href=\"https:\/\/cpa.ca\/fr\/aproposdelascp\/conseildadministration\/roles\/\">cliquez ici pour consulter la description du r\u00f4le d\u2019administrateur repr\u00e9sentant la pratique<\/a>)<\/li>\n\n\n \t\n\n<li>Deux (2) administrateurs non d\u00e9sign\u00e9s (<a href=\"https:\/\/cpa.ca\/fr\/aproposdelascp\/conseildadministration\/roles\/\">cliquez ici pour consulter la description du r\u00f4le d\u2019administrateur non d\u00e9sign\u00e9<\/a>)<\/li>\n\n\n<\/ul>\n\n\n<strong>Remarque\u00a0:<\/strong> la dur\u00e9e du mandat de tous les membres du conseil d\u2019administration est de trois ans (\u00e0 compter de juin 2025). Le conseil d\u2019administration se r\u00e9unit cinq fois par ann\u00e9e \u2013 deux fois en personne (sur le lieu du congr\u00e8s national annuel de la SCP et \u00e0 Ottawa, \u00e0 l\u2019automne) et trois fois de mani\u00e8re virtuelle (d\u00e9cembre, f\u00e9vrier, avril). Des r\u00e9unions virtuelles suppl\u00e9mentaires peuvent \u00eatre organis\u00e9es si n\u00e9cessaire. Les administrateurs qui en sont \u00e0 la premi\u00e8re ou \u00e0 la deuxi\u00e8me ann\u00e9e de leur mandat peuvent se porter candidats aux postes de pr\u00e9sident et de pr\u00e9sident du conseil d\u2019administration.\n\nEn vertu au paragraphe\u00a05.04 des r\u00e8glements administratifs, les administrateurs doivent \u00eatre \u00e9lus par les membres par r\u00e9solution ordinaire \u00e0 une assembl\u00e9e annuelle des membres au cours de laquelle l\u2019\u00e9lection des administrateurs est requise.\n\n<strong>Instructions relatives aux mises en candidature<\/strong>\n\nConform\u00e9ment au paragraphe\u00a05.06 des r\u00e8glements administratifs, les membres peuvent pr\u00e9senter une candidature aux postes ouverts au conseil d\u2019administration, <strong>au moins 30\u00a0jours et pas plus de 65\u00a0jours avant la date de l\u2019assembl\u00e9e g\u00e9n\u00e9rale annuelle des membres (AGA).<\/strong> <strong>Le vote \u00e9lectronique par anticipation sera lanc\u00e9 avant l\u2019AGA.<\/strong> Le vote par anticipation se fera par voie \u00e9lectronique.\n\nLes candidats dont l\u2019adh\u00e9sion \u00e0 la SCP est en r\u00e8gle doivent pr\u00e9senter leur dossier de candidature au si\u00e8ge social par voie \u00e9lectronique d\u2019ici le 14\u00a0mai\u00a02025 <a href=\"https:\/\/cpa.ca\/machform\/view.php?id=61519\" target=\"_blank\" rel=\"noopener\">https:\/\/cpa.ca\/machform\/view.php?id=61519<\/a>. Les dossiers de candidature doivent comprendre les \u00e9l\u00e9ments suivants\u00a0:\n\n\n<ul>\n \t\n\n<li>un curriculum vitae<\/li>\n\n\n \t\n\n<li>formation<\/li>\n\n\n \t\n\n<li>activit\u00e9s de recherche et\/ou professionnelles<\/li>\n\n\n \t\n\n<li>d\u00e9claration de conflit d\u2019int\u00e9r\u00eats de la personne candidate<\/li>\n\n\n \t\n\n<li>une lettre du proposant et deux lettres de soutien qui pr\u00e9cisent le poste pour lequel la personne candidate est propos\u00e9e, o\u00f9 on y exprime le soutien \u00e0 la personne candidate et qui contiennent une d\u00e9claration selon laquelle le proposant s\u2019est assur\u00e9e que la personne candidate est dispos\u00e9e \u00e0 se porter candidate. La lettre de mise en candidature et les lettres de soutien doivent provenir de membres de la SCP dont l\u2019adh\u00e9sion est en r\u00e8gle.<\/li>\n\n\n \t\n\n<li>une d\u00e9claration de la personne candidate, ne d\u00e9passant pas 250 mots, o\u00f9 sont indiqu\u00e9s le dipl\u00f4me le plus \u00e9lev\u00e9 obtenu par celle-ci et le(s) postes qu\u2019elle occupe, ainsi que les titres de comp\u00e9tence, les prix importants et les autorisations d\u00e9tenues. La d\u00e9claration doit \u00e9galement d\u00e9tailler les qualit\u00e9s et les comp\u00e9tences que la personne candidate apporte \u00e0 sa candidature<\/li>\n\n\n \t\n\n<li>une photo qui sera utilis\u00e9e sur le bulletin de vote \u00e9lectronique et sur le site Web de la SCP.<\/li>\n\n\n<\/ul>\n\n\n<strong>Remarque\u00a0:<\/strong> les affili\u00e9s et les associ\u00e9s de la SCP ne peuvent pas se pr\u00e9senter \u00e0 un si\u00e8ge au conseil d\u2019administration de la SCP.\n\n<strong>Toutes les questions doivent \u00eatre envoy\u00e9es par courriel \u00e0<\/strong> <a href=\"mailto:governance@cpa.ca\">governance@cpa.ca<\/a><strong>.<\/strong>\n\n<strong>Pour prendre connaissance de la composition actuelle du conseil d\u2019administration, veuillez <\/strong><a href=\"https:\/\/cpa.ca\/fr\/aproposdelascp\/conseildadministration\/\"><strong>cliquer ici<\/strong><\/a>.\n\nNous vous invitons \u00e0 encourager vos coll\u00e8gues et vos amis \u00e0 envisager de si\u00e9ger au conseil d\u2019administration de la SCP. Votre association a besoin de vous. Le dynamisme et la r\u00e9ussite de l\u2019organisation d\u00e9pendent de l\u2019engagement de ses membres!\n---------------------><\/p>\n<h2>Les nominations au conseil d\u2019administration de 2026 seront publi\u00e9es fin avril 2026.<\/h2>\n<p>&nbsp;<\/p>\n<hr \/>\n<p><!---------------------\n\n\n<h2>Candidature en vue de l\u2019\u00e9lection du conseil d\u2019administration de 2025<\/h2>\n\n\nTous les membres actuels du SCP devraient avoir re\u00e7u un e-mail avec leur code de vote personnel et des instructions sur la fa\u00e7on de voter avant la fin de la journ\u00e9e, le 21 mai. Si vous ne recevez pas ce courriel d'ici le 22 mai, veuillez contacter <a href=\"mailto:membership@cpa.ca\">membership@cpa.ca<\/a>. Notez que seuls les membres peuvent voter.\n\n\n\n<hr \/>\n\n\n\n\n\n<h2>Candidatures au poste d'administrateur repr\u00e9sentant la pratique<\/h2>\n\n\n\n\n<div style=\"padding: 10px; text-align: left;\">\n\n<a id=\"JanineHubbard\" class=\"anchor\" name=\"JanineHubbard\"><\/a>\n\n\n<div style=\"min-height: 190px;\"><img decoding=\"async\" class=\"textwrapleft\" style=\"max-width: 150px; max-height: 180px;\" src=\"https:\/\/cpa.ca\/docs\/File\/Elections\/2025\/JanineHubbard.jpg\" alt=\"Janine Hubbard\" \/><strong style=\"font-size: larger;\">Dre Janine Hubbard<\/strong>\nPrivate Practice in St. John's, NL, Clinical Pediatric Psychologist at the Janeway Children's Health &amp; Rehabilitation Centre, and adjunct professor at MUN.\n[accordions_pplugins id='43109']<\/div>\n\n\n<a id=\"MonnicaTWilliams \" class=\"anchor\" name=\"MonnicaTWilliams \"><\/a>\n\n\n<div style=\"min-height: 190px;\"><img decoding=\"async\" class=\"textwrapleft\" style=\"max-width: 150px; max-height: 180px;\" src=\"https:\/\/cpa.ca\/docs\/File\/Elections\/2025\/MonnicaTWilliams.jpg\" alt=\"Monnica T. Williams\" \/><strong style=\"font-size: larger;\">Dre Monnica T. Williams<\/strong>\nClinical Psychologist in Ontario and Canada Research Chair in Mental Health Disparities at the University of Ottawa.\n[accordions_pplugins id='43112']<\/div>\n\n\n<\/div>\n\n\n\n\n\n<hr \/>\n\n\n\n\n\n<h2>Candidatures au poste d\u2019administrateur non d\u00e9sign\u00e9<\/h2>\n\n\n\n\n<div style=\"padding: 10px; text-align: left;\">\n\n<a id=\"SaeidChavoshi\" class=\"anchor\" name=\"SaeidChavoshi\"><\/a>\n\n\n<div style=\"min-height: 190px;\"><img decoding=\"async\" class=\"textwrapleft\" style=\"max-width: 150px; max-height: 180px;\" src=\"https:\/\/cpa.ca\/docs\/File\/Elections\/2025\/SaeidChavoshi.jpg\" alt=\"Saeid Chavoshi\" \/><strong style=\"font-size: larger;\">Dr Saeid Chavoshi<\/strong>\nDirector of The PsychoEd Clinic, Adjunct Professor at the University of Western Ontario, and Clinical Supervisor at York University\n[accordions_pplugins id='43093']<\/div>\n\n\n\n\n<div style=\"padding: 10px; text-align: left;\">Clinical Psychologist with Mental Health Services at Canadian Forces Health Services in Halifax\n<a id=\"ChimeneJewer\" class=\"anchor\" name=\"ChimeneJewer\"><\/a>\n\n\n<div style=\"min-height: 190px;\"><img decoding=\"async\" class=\"textwrapleft\" style=\"max-width: 150px; max-height: 180px;\" src=\"https:\/\/cpa.ca\/docs\/File\/Elections\/2025\/ChimeneJewer.jpg\" alt=\"Chimene Jewer\" \/><strong style=\"font-size: larger;\">Mmme Chimene Jewer<\/strong>\n[accordions_pplugins id='43097']<\/div>\n\n\n<a id=\"MelanieJoanisse\" class=\"anchor\" name=\"MelanieJoanisse\"><\/a>\n\n\n<div style=\"min-height: 190px;\"><img decoding=\"async\" class=\"textwrapleft\" style=\"max-width: 150px; max-height: 180px;\" src=\"https:\/\/cpa.ca\/docs\/File\/Elections\/2025\/MelanieJoanisse.jpg\" alt=\"Melanie Joanisse\" \/><strong style=\"font-size: larger;\">Dre Melanie Joanisse<\/strong>\nPsychologist, \u00c9quipe de sant\u00e9 familiale communautaire de l\u2019Est d\u2019Ottawa\n[accordions_pplugins id='43102']<\/div>\n\n\n<a id=\"HelenOfosu\" class=\"anchor\" name=\"HelenOfosu\"><\/a>\n\n\n<div style=\"min-height: 190px;\"><img decoding=\"async\" class=\"textwrapleft\" style=\"max-width: 150px; max-height: 180px;\" src=\"https:\/\/cpa.ca\/docs\/File\/Elections\/2025\/HelenOfosu.jpg\" alt=\"Helen Ofosu\" \/><strong style=\"font-size: larger;\">Dre Helen Ofosu<\/strong>\nPresident &amp; Principal Consultant at I\/O Advisory Services Inc. and Adjunct Professor at Carleton University\n[accordions_pplugins id='43106']<\/div>\n\n\n<\/div>\n\n\n<\/div>\n\n\n------><br \/>\n<!-------\n\n\n\n<hr \/>\n\n\n\n\n\n<h2>ACCLAM\u00c9<\/h2>\n\n\n\n\n<h2>Candidatures au poste d'administrateur repr\u00e9sentant la science<\/h2>\n\n\n\n\n<div style=\"padding: 10px; text-align: left;\">\n\n<a id=\"AdamSandford\" class=\"anchor\" name=\"AdamSandford\"><\/a>\n\n\n<div style=\"min-height: 190px;\">\n\n<img decoding=\"async\" class=\"textwrapleft\" style=\"max-width: 150px; max-height: 180px;\" src=\"https:\/\/cpa.ca\/docs\/File\/Elections\/2023\/Adam Sandford.jpg\" alt=\"Adam Sandford\" \/><strong style=\"font-size: larger;\">Dr Adam Sandford, PhD<\/strong>\n\n[accordions_pplugins id='34069']<\/div>\n\n\n<\/div>\n\n\n\n\n<div style=\"padding: 10px; text-align: left;\">\n\n\n\n<hr \/>\n\n\n\n\n\n<h2>Candidatures au poste d'administrateur repr\u00e9sentant l'\u00e9ducation<\/h2>\n\n\n\n\n<div style=\"padding: 10px; text-align: left;\">\n\n<a id=\"MeghanNorris\" class=\"anchor\" name=\"MeghanNorris\"><\/a>\n\n\n<div style=\"min-height: 190px;\">\n\n<img decoding=\"async\" class=\"textwrapleft\" style=\"max-width: 150px; max-height: 180px;\" src=\"https:\/\/cpa.ca\/docs\/File\/Elections\/2023\/Meghan Norris.jpg\" alt=\"Meghan Norris\" \/><strong style=\"font-size: larger;\">Dre Meghan Norris, PhD en psychologie sociale\/personnalit\u00e9<\/strong>\n\n[accordions_pplugins id='34078']<\/div>\n\n\n<\/div>\n\n\n\n\n<div style=\"padding: 10px; text-align: left;\">\n------------- ------><br \/>\n<!-------\n\n\n\n<hr \/>\n\n\n\n<em>Monsieur, Madame,<\/em>\n\n<em>\u00a0<\/em><em>La p\u00e9riode du vote \u00e9lectronique par anticipation en vue des \u00e9lections des membres du conseil d\u2019administration de la SCP de 2024 est officiellement ouverte, et prendra fin \u00e0 l\u2019assembl\u00e9e g\u00e9n\u00e9rale annuelle, le samedi 22\u00a0juin\u00a02024 \u00e0 13h00\u00a0(HAE). <\/em><em>\u00c0 l\u2019heure actuelle, vous auriez d\u00fb recevoir un courriel qui contient les instructions sur le vote et le num\u00e9ro de bulletin de vote que vous devez utiliser.<\/em>\n------><br \/>\n<!--------------------------------\nMonsieur, Madame, La p\u00e9riode du vote \u00e9lectronique par anticipation en vue des \u00e9lections des membres du conseil d\u2019administration de la SCP de 2024 est officiellement ouverte, et prendra fin \u00e0 l\u2019assembl\u00e9e g\u00e9n\u00e9rale annuelle, le samedi 24 juin 2023 \u00e0 8h00 HAE. \u00c0 l\u2019heure actuelle, vous auriez d\u00fb recevoir un courriel qui contient les instructions sur le vote et le num\u00e9ro de bulletin de vote que vous devez utiliser. ---------\nSi vous avez de la difficult\u00e9 \u00e0 exercer votre droit de vote, veuillez communiquer avec <a href=\"mailto:membership@cpa.ca\"><span data-mce-type=\"bookmark\" style=\"display: inline-block; width: 0px; overflow: hidden; line-height: 0;\" class=\"mce_SELRES_start\"><\/span>membership@cpa.ca<\/a>.\n\nSi vous avez des questions sur les \u00e9lections de la SCP de 2024, veuillez \u00e9crire \u00e0 <a href=\"mailto:governance@cpa.ca\">governance@cpa.ca<\/a>.---------------><\/p>\n","protected":false},"excerpt":{"rendered":"<p><!--more--><\/p>\n","protected":false},"author":2,"featured_media":0,"parent":0,"menu_order":0,"comment_status":"closed","ping_status":"closed","template":"templates\/no-sidebar.php","meta":{"_acf_changed":false,"_monsterinsights_skip_tracking":false,"_monsterinsights_sitenote_active":false,"_monsterinsights_sitenote_note":"","_monsterinsights_sitenote_category":0,"footnotes":""},"class_list":["post-21950","page","type-page","status-publish","hentry"],"acf":[],"aioseo_notices":[],"publishpress_future_workflow_manual_trigger":{"enabledWorkflows":[]},"_links":{"self":[{"href":"https:\/\/cpa.ca\/fr\/wp-json\/wp\/v2\/pages\/21950","targetHints":{"allow":["GET"]}}],"collection":[{"href":"https:\/\/cpa.ca\/fr\/wp-json\/wp\/v2\/pages"}],"about":[{"href":"https:\/\/cpa.ca\/fr\/wp-json\/wp\/v2\/types\/page"}],"author":[{"embeddable":true,"href":"https:\/\/cpa.ca\/fr\/wp-json\/wp\/v2\/users\/2"}],"replies":[{"embeddable":true,"href":"https:\/\/cpa.ca\/fr\/wp-json\/wp\/v2\/comments?post=21950"}],"version-history":[{"count":6,"href":"https:\/\/cpa.ca\/fr\/wp-json\/wp\/v2\/pages\/21950\/revisions"}],"predecessor-version":[{"id":43529,"href":"https:\/\/cpa.ca\/fr\/wp-json\/wp\/v2\/pages\/21950\/revisions\/43529"}],"wp:attachment":[{"href":"https:\/\/cpa.ca\/fr\/wp-json\/wp\/v2\/media?parent=21950"}],"curies":[{"name":"wp","href":"https:\/\/api.w.org\/{rel}","templated":true}]}}