{"id":2218,"date":"2012-05-15T17:33:32","date_gmt":"2012-05-15T21:33:32","guid":{"rendered":"https:\/\/cpa.ca\/public\/healthyliving\/"},"modified":"2023-05-26T11:48:37","modified_gmt":"2023-05-26T15:48:37","slug":"healthyliving","status":"publish","type":"page","link":"https:\/\/cpa.ca\/fr\/public\/healthyliving\/","title":{"rendered":"Psychologie et la strat\u00e9gie pancanadienne int\u00e9gr\u00e9e en mati\u00e8re de modes de vie sains"},"content":{"rendered":"<h4>Strat&eacute;gie pancanadienne int&eacute;gr&eacute;e en mati&egrave;re de modes de vie sains<\/h4>\n<p>La <a target=\"_blank\" href=\"http:\/\/www.phac-aspc.gc.ca\/hl-vs-strat\/pdf\/hls_f.pdf\" rel=\"noopener\">Strat&eacute;gie en mati&egrave;re de modes de vie sains<\/a> <span class=\"nav-right\"><img decoding=\"async\" alt=\"PDF\" style=\"height: 11px; width: 25px\" src=\"http:\/\/www.phac-aspc.gc.ca\/gfx_common\/pdf1.gif\" \/><\/span> offre un &quot;cadre conceptuel d&#8217;action soutenue fond&eacute; sur les modes de vie sains. Elle donne une vision d&#8217;une nation saine, o&ugrave; tous les Canadiens et les Canadiennes vivent dans des conditions leur permettant d&#8217;&ecirc;tre en bonne sant&eacute;. La Strat&eacute;gie vise &agrave; am&eacute;liorer l&#8217;ensemble des r&eacute;sultats de sant&eacute; et &agrave; r&eacute;duire les disparit&eacute;s. Fond&eacute;e sur une approche ax&eacute;e sur la sant&eacute; de la population, elle mettra tout d&#8217;abord l&#8217;accent sur l&#8217;alimentation saine, l&#8217;activit&eacute; physique et leur lien avec le poids sant&eacute;&quot;.<\/p>\n<p>Pour information: <a target=\"_blank\" href=\"http:\/\/www.phac-aspc.gc.ca\/hl-vs-strat\/index-fra.php\" rel=\"noopener\">http:\/\/www.phac-aspc.gc.ca\/hl-vs-strat\/index-fra.php<\/a><\/p>\n<h4>Psychologie et la strat&eacute;gie pancanadienne int&eacute;gr&eacute;e en mati&egrave;re de vie sains<\/h4>\n<ul>\n<li><a target=\"_blank\" href=\"\/\/www.cpa.ca\/cpasite\/UserFiles\/Documents\/Practice_Page\/Letter_to_PHAC_MH.pdf\" rel=\"noopener\">Letter&nbsp;from the Mental Health Table to the Public Health Agency of Canada<\/a>&nbsp;(October 2009)&nbsp;&nbsp;<\/li>\n<li><a target=\"_blank\" href=\"\/\/www.cpa.ca\/docs\/File\/Practice\/MH_Consultation_Sept09.pdf\" rel=\"noopener\">CPA Invited Presentation on Healthy Living Strategy Consultation<\/a> (September 2009)<br \/>\n    &nbsp;<\/li>\n<\/ul>\n<p>&nbsp;<\/p>\n","protected":false},"excerpt":{"rendered":"<p> <!--more->\n<\/p>\n","protected":false},"author":2,"featured_media":0,"parent":1698,"menu_order":0,"comment_status":"closed","ping_status":"closed","template":"","meta":{"_acf_changed":false,"_monsterinsights_skip_tracking":false,"_monsterinsights_sitenote_active":false,"_monsterinsights_sitenote_note":"","_monsterinsights_sitenote_category":0,"footnotes":""},"class_list":["post-2218","page","type-page","status-publish","hentry"],"acf":[],"aioseo_notices":[],"publishpress_future_workflow_manual_trigger":{"enabledWorkflows":[]},"_links":{"self":[{"href":"https:\/\/cpa.ca\/fr\/wp-json\/wp\/v2\/pages\/2218","targetHints":{"allow":["GET"]}}],"collection":[{"href":"https:\/\/cpa.ca\/fr\/wp-json\/wp\/v2\/pages"}],"about":[{"href":"https:\/\/cpa.ca\/fr\/wp-json\/wp\/v2\/types\/page"}],"author":[{"embeddable":true,"href":"https:\/\/cpa.ca\/fr\/wp-json\/wp\/v2\/users\/2"}],"replies":[{"embeddable":true,"href":"https:\/\/cpa.ca\/fr\/wp-json\/wp\/v2\/comments?post=2218"}],"version-history":[{"count":3,"href":"https:\/\/cpa.ca\/fr\/wp-json\/wp\/v2\/pages\/2218\/revisions"}],"predecessor-version":[{"id":33962,"href":"https:\/\/cpa.ca\/fr\/wp-json\/wp\/v2\/pages\/2218\/revisions\/33962"}],"up":[{"embeddable":true,"href":"https:\/\/cpa.ca\/fr\/wp-json\/wp\/v2\/pages\/1698"}],"wp:attachment":[{"href":"https:\/\/cpa.ca\/fr\/wp-json\/wp\/v2\/media?parent=2218"}],"curies":[{"name":"wp","href":"https:\/\/api.w.org\/{rel}","templated":true}]}}