{"id":2237,"date":"2013-03-20T22:09:40","date_gmt":"2013-03-21T02:09:40","guid":{"rendered":"https:\/\/cpa.ca\/professionaldevelopment\/applicationforms\/"},"modified":"2026-01-09T12:11:49","modified_gmt":"2026-01-09T17:11:49","slug":"applicationforms","status":"publish","type":"page","link":"https:\/\/cpa.ca\/fr\/professionaldevelopment\/applicationforms\/","title":{"rendered":"Formulaires de demande et description du rapport annuel"},"content":{"rendered":"<h3><strong>Programme de formation continue de la SCP\u00a0:<\/strong><\/h3>\n<h4>Mises \u00e0 jour sur le processus de renouvellement annuel du statut d\u2019organisme de formation continue<\/h4>\n<p>\u00c0 compter du 1<sup>er<\/sup>\u00a0janvier\u00a02026, les organismes n\u2019auront plus \u00e0 pr\u00e9senter la partie\u00a02 du formulaire de rapport annuel pour chacune des activit\u00e9s qu\u2019ils ont offertes au cours de l\u2019ann\u00e9e \u00e9coul\u00e9e. Au lieu de cela, les organismes indiqueront dans leur rapport annuel si leur programmation est diff\u00e9rente de celle qui avait \u00e9t\u00e9 approuv\u00e9e l\u2019ann\u00e9e pr\u00e9c\u00e9dente. S\u2019il n\u2019y a pas de changement, les organismes n\u2019ont pas besoin de fournir des documents suppl\u00e9mentaires pour les activit\u00e9s offertes au cours de l\u2019ann\u00e9e pr\u00e9c\u00e9dente.<\/p>\n<p>De plus, les organismes devront d\u00e9sormais d\u00e9clarer toutes les activit\u00e9s de formation continue pr\u00e9vues pour l\u2019ann\u00e9e \u00e0 venir \u00e0 l\u2019aide d\u2019un <a href=\"https:\/\/cpa.ca\/docs\/File\/Education\/CPA%20CE%20Sponsor%20Annual%20Renewal%20Fillable%20Form.xlsx\">formulaire standard \u00e0 remplir<\/a> et t\u00e9l\u00e9chargeable depuis le formulaire de rapport annuel. Les organismes doivent lire attentivement le <a href=\"https:\/\/cpa.ca\/docs\/File\/Education\/Directives pour le renouvellement annuel du statut des organismes.pdf\" target=\"_blank\" rel=\"noopener noreferrer\">guide ci-joint<\/a> et continuer \u00e0 t\u00e9l\u00e9verser tous les CV des membres du corps enseignant, ainsi que ceux des personnes impliqu\u00e9es dans la planification, ainsi que les documents d\u2019\u00e9valuation, dans le rapport annuel.<\/p>\n<h4>Politique en mati\u00e8re d\u2019IA pour les organismes et les fournisseurs de formation continue<\/h4>\n<p><em>Date de version\u00a0: janvier 2026<\/em><\/p>\n<p>\u00c0 compter du 1<sup>er<\/sup> janvier 2026, les organismes devront lire et accepter la <a href=\"https:\/\/cpa.ca\/docs\/File\/Education\/Code of Conduct on the Use of Generative Artificial Intelligence in Continuing Education.pdf\" target=\"_blank\" rel=\"noopener noreferrer\">politique en mati\u00e8re d\u2019utilisation de l\u2019IA pour les organismes et les fournisseurs de formation continue<\/a>\u00a0avant de pr\u00e9senter leur demande ou leur rapport annuel. Le non-respect de cette politique entra\u00eenera le refus de votre demande.<\/p>\n<p>&nbsp;<\/p>\n<p>Veuillez noter que seule l\u2019annexe correspondant \u00e0 votre cat\u00e9gorie, accompagn\u00e9e du paiement des frais applicables, doit \u00eatre remplie et pr\u00e9sent\u00e9e\u00a0:<\/p>\n<table style=\"border: thin silver solid;\" cellspacing=\"0\" cellpadding=\"5\">\n<tbody>\n<tr valign=\"top\">\n<td width=\"120\"><strong>PROMOTEUR<\/strong><\/td>\n<td width=\"165\"><em>Annexe A<\/em> &#8211; Promoteur &#8211; Demande d\u2019approbation d\u2019un programme de formation continue r\u00e9gulier<\/td>\n<td width=\"350\"><strong>Frais associ\u00e9s<\/strong><br \/>\n1 \u00e0 5 activit\u00e9s annuelles\u00a0: 350\u00a0$ plus taxes applicables<br \/>\n6 \u00e0 10 activit\u00e9s annuelles\u00a0: 450\u00a0$ plus taxes applicable<br \/>\n11 \u00e0 20 activit\u00e9s annuelles\u00a0: 550\u00a0$ plus taxes applicables<br \/>\n21 activit\u00e9s annuelles ou plus\u00a0: 650\u00a0$ plus taxes applicables<\/td>\n<td width=\"345\">\n<div><strong>Nouveau formulaire de demande<\/strong><br \/>\n<a href=\"https:\/\/cpa.ca\/machform\/view.php?id=36101\" target=\"_blank\" rel=\"noopener noreferrer\">https:\/\/cpa.ca\/machform\/view.php?id=36101<\/a>\n<\/div>\n<div><strong>Partie 2 du formulaire de demande \u2013 Activit\u00e9s de formation continue<\/strong><br \/>\n<a href=\"https:\/\/cpa.ca\/machform\/view.php?id=38233\" target=\"_blank\" rel=\"noopener noreferrer\">https:\/\/cpa.ca\/machform\/view.php?id=38233<\/a><\/div>\n<\/td>\n<\/tr>\n<tr valign=\"top\">\n<td><strong>FOURNISSEUR<\/strong><\/td>\n<td><em>Annexe B<\/em> &#8211; Fournisseur &#8211; Demande d\u2019approbation d\u2019un programme de formation continue ponctuel<\/td>\n<td><strong>Frais associ\u00e9s<\/strong><br \/>\n250\u00a0$ plus taxes applicables<\/td>\n<td>\n<div><strong>Nouveau formulaire de demande<\/strong><br \/>\n<a href=\"https:\/\/cpa.ca\/machform\/view.php?id=36295\" target=\"_blank\" rel=\"noopener noreferrer\">https:\/\/cpa.ca\/machform\/view.php?id=36295<\/a><\/div>\n<\/td>\n<\/tr>\n<tr valign=\"top\">\n<td><strong>PROMOTEURS<\/strong><\/td>\n<td><em>Annexe C<\/em> &#8211; Rapport Annuel \u00e0 Pr\u00e9senter par les Promoteurs de Formation Continue Approuv\u00e9s<\/td>\n<td><strong>Frais associ\u00e9s<\/strong><br \/>\n1 \u00e0 5 activit\u00e9s annuelles\u00a0: 250\u00a0$ plus taxes applicables<br \/>\n6 \u00e0 10 activit\u00e9s annuelles\u00a0: 300\u00a0$ plus taxes applicables<br \/>\n11 \u00e0 20 activit\u00e9s annuelles\u00a0: 350\u00a0$ plus taxes applicables<br \/>\n21 activit\u00e9s annuelles ou plus\u00a0: 400\u00a0$ plus taxes applicables<\/td>\n<td>\n<div><strong>Formulaire de rapport annuel<\/strong><br \/>\n<a href=\"https:\/\/cpa.ca\/machform\/view.php?id=161242\" target=\"_blank\" rel=\"noopener\">https:\/\/cpa.ca\/machform\/view.php?id=161242<\/a>\n<\/div>\n<div><a href=\"https:\/\/cpa.ca\/docs\/File\/Education\/Directives pour le renouvellement annuel du statut des organismes.pdf\" target=\"_blank\" rel=\"noopener\">Directives pour le renouvellement annuel du statut des organismes <\/a><\/div>\n<p><!----------\n<strong>Partie 2 du formulaire de rapport annuel \u2013 Activit\u00e9s de formation continue pendant l\u2019ann\u00e9e en cours<\/strong>\n<a href=\"https:\/\/cpa.ca\/machform\/view.php?id=36865\" target=\"_blank\" rel=\"noopener noreferrer\">https:\/\/cpa.ca\/machform\/view.php?id=36865<\/a><strong>Partie 3 du formulaire de rapport annuel \u2013 Activit\u00e9s de formation continue pr\u00e9vues l\u2019ann\u00e9e prochaine<\/strong>\n<a href=\"https:\/\/cpa.ca\/machform\/view.php?id=45397\" target=\"_blank\" rel=\"noopener noreferrer\">https:\/\/cpa.ca\/machform\/view.php?id=45397<\/a>----><\/td>\n<\/tr>\n<tr valign=\"top\">\n<td><strong>PROMOTEURS<\/strong><\/td>\n<td><em>Annexe D<\/em> &#8211; Changement apport\u00e9 au programme existant<\/td>\n<td><strong>Frais associ\u00e9s<\/strong><br \/>\nL\u2019ajout d\u2019activit\u00e9s de formation continue par un promoteur de formation continue approuv\u00e9 entra\u00eenera des frais suppl\u00e9mentaires si le nouveau nombre total d\u2019activit\u00e9s de formation continue d\u00e9passe le nombre d\u2019activit\u00e9s pour lesquelles le promoteur a \u00e9t\u00e9 approuv\u00e9.<\/td>\n<td>\n<div><strong>Formulaire de demande<\/strong><br \/>\n<a href=\"https:\/\/cpa.ca\/machform\/view.php?id=35536\" target=\"_blank\" rel=\"noopener noreferrer\">https:\/\/cpa.ca\/machform\/view.php?id=35536<\/a><\/div>\n<div>Remarque : veuillez pr\u00e9senter un formulaire distinct pour chaque changement ou ajout.<\/div>\n<\/td>\n<\/tr>\n<\/tbody>\n<\/table>\n<p>Nous vous demandons d\u2019utiliser les liens ci-dessus pour pr\u00e9senter votre demande.<\/p>\n<p>Des renseignements sur la proc\u00e9dure \u00e0 suivre pour payer les frais de demande vous seront envoy\u00e9s avec votre facture apr\u00e8s r\u00e9ception de la demande\/rapport annuel.<\/p>\n<p>Les d\u00e9cisions relatives \u00e0 l\u2019approbation ou au refus se prennent normalement dans les quatre semaines suivant la r\u00e9ception de la demande d\u00fbment remplie.<\/p>\n<p>Veuillez faire parvenir vos questions \u00e0 Devin Fowlie, Directeur, formation et en perfectionnement professionnel, par courriel \u00e0 <a href=\"mailto:education@cpa.ca\" target=\"_blank\" rel=\"noopener noreferrer\">education@cpa.ca<\/a>.<\/p>\n","protected":false},"excerpt":{"rendered":"<p><!--more--><\/p>\n","protected":false},"author":2,"featured_media":0,"parent":2230,"menu_order":0,"comment_status":"closed","ping_status":"closed","template":"templates\/no-sidebar.php","meta":{"_acf_changed":false,"_monsterinsights_skip_tracking":false,"_monsterinsights_sitenote_active":false,"_monsterinsights_sitenote_note":"","_monsterinsights_sitenote_category":0,"footnotes":""},"class_list":["post-2237","page","type-page","status-publish","hentry"],"acf":[],"aioseo_notices":[],"publishpress_future_workflow_manual_trigger":{"enabledWorkflows":[]},"_links":{"self":[{"href":"https:\/\/cpa.ca\/fr\/wp-json\/wp\/v2\/pages\/2237","targetHints":{"allow":["GET"]}}],"collection":[{"href":"https:\/\/cpa.ca\/fr\/wp-json\/wp\/v2\/pages"}],"about":[{"href":"https:\/\/cpa.ca\/fr\/wp-json\/wp\/v2\/types\/page"}],"author":[{"embeddable":true,"href":"https:\/\/cpa.ca\/fr\/wp-json\/wp\/v2\/users\/2"}],"replies":[{"embeddable":true,"href":"https:\/\/cpa.ca\/fr\/wp-json\/wp\/v2\/comments?post=2237"}],"version-history":[{"count":6,"href":"https:\/\/cpa.ca\/fr\/wp-json\/wp\/v2\/pages\/2237\/revisions"}],"predecessor-version":[{"id":45773,"href":"https:\/\/cpa.ca\/fr\/wp-json\/wp\/v2\/pages\/2237\/revisions\/45773"}],"up":[{"embeddable":true,"href":"https:\/\/cpa.ca\/fr\/wp-json\/wp\/v2\/pages\/2230"}],"wp:attachment":[{"href":"https:\/\/cpa.ca\/fr\/wp-json\/wp\/v2\/media?parent=2237"}],"curies":[{"name":"wp","href":"https:\/\/api.w.org\/{rel}","templated":true}]}}