{"id":2242,"date":"2016-03-26T22:16:32","date_gmt":"2016-03-27T02:16:32","guid":{"rendered":"https:\/\/cpa.ca\/professionaldevelopment\/approval\/"},"modified":"2021-07-29T13:09:08","modified_gmt":"2021-07-29T17:09:08","slug":"approval","status":"publish","type":"page","link":"https:\/\/cpa.ca\/fr\/professionaldevelopment\/approval\/","title":{"rendered":"Programme d\u2019approbation des activit\u00e9s de formation continue"},"content":{"rendered":"<p>Pour faciliter le d\u00e9veloppement et la reconnaissance des activit\u00e9s de formation continue, la Soci\u00e9t\u00e9 canadienne de psychologie (SCP) offre, depuis 1983, un syst\u00e8me permettant d\u2019examiner et de reconna\u00eetre les organisations et les personnes qui proposent des programmes et des activit\u00e9s structur\u00e9s de formation continue, y compris les universit\u00e9s, les cliniques, les associations professionnelles, les soci\u00e9t\u00e9s de sp\u00e9cialistes, les cabinets de consultation et les psychologues ind\u00e9pendants.<\/p>\n<p>La formation continue vise \u00e0 fournir aux psychologues de nouvelles informations, de nouvelles recherches et de nouvelles comp\u00e9tences dans leur domaine d\u2019int\u00e9r\u00eat, mais n\u2019a pas pour but de remplacer la formation universitaire officielle ou les internats. La formation continue en psychologie est un processus permanent constitu\u00e9 d\u2019activit\u00e9s d\u2019apprentissage qui :<\/p>\n<ol>\n<li>\tSont pertinentes pour la pratique de la psychologie, l\u2019enseignement de la psychologie et la recherche en psychologie<\/li>\n<li>\tPermettent aux psychologues de suivre le rythme des questions \u00e9mergentes et des technologies nouvelles<\/li>\n<li>\tPermettent aux psychologues de tenir \u00e0 jour, d\u00e9velopper et accro\u00eetre leurs comp\u00e9tences afin d\u2019am\u00e9liorer les services qu\u2019ils fournissent au public et de contribuer \u00e0 la profession.<\/li>\n<\/ol>\n<p>Le programme d\u2019approbation des activit\u00e9s de formation continue de la SCP et les normes connexes ne s\u2019appliquent qu\u2019aux activit\u00e9s de formation continue qui sont structur\u00e9es et organis\u00e9es par un organisme ou un fournisseur de formation continue. La formation continue ou le perfectionnement professionnel peuvent \u00e9galement se faire par la participation \u00e0 d\u2019autres activit\u00e9s d\u2019apprentissage et \u00e0 des autoformations. De nombreuses professions reconnaissent d\u00e9sormais la valeur des projets personnels structur\u00e9s, des inspections des activit\u00e9s professionnelles, des audits, des rapports d\u2019incident, des \u00e9tudes de l\u2019utilisation des services, des activit\u00e9s de recherche et d\u2019enseignement et de l\u2019\u00e9laboration de guides de pratique clinique ainsi que leur contribution \u00e0 la formation professionnelle continue.<\/p>\n<p>La SCP s\u2019assure que les programmes et les activit\u00e9s de formation continue offerts par des organismes et des fournisseurs sont planifi\u00e9s et administr\u00e9s de mani\u00e8re ad\u00e9quate pour r\u00e9pondre aux <a href=\"https:\/\/cpa.ca\/fr\/professionaldevelopment\/criteres\/\">normes, crit\u00e8res et proc\u00e9dures \u00e9tablis<\/a>. La SCP, par l\u2019entremise de sa Direction g\u00e9n\u00e9rale de l\u2019\u00e9ducation, examinera les nouvelles activit\u00e9s propos\u00e9es, ainsi que les activit\u00e9s qu\u2019offrent d\u00e9j\u00e0 les organismes de formation continue via la pr\u00e9sentation de rapports annuels. L\u2019approbation concerne uniquement la capacit\u00e9 de l\u2019organisme ou du fournisseur \u00e0 pr\u00e9senter des activit\u00e9s de formation continue. Il ne s\u2019agit pas de l\u2019agr\u00e9ment de l\u2019organisme ou du fournisseur. L\u2019agr\u00e9ment est r\u00e9serv\u00e9 aux programmes de formation scolaire officiels (formation des dipl\u00f4m\u00e9s et internat) et est administr\u00e9 par le registraire du Bureau d\u2019agr\u00e9ment. Le mat\u00e9riel publicitaire et promotionnel peut faire mention de l\u2019approbation mais ne doit pas utiliser le terme \u00ab agr\u00e9ment \u00bb. Le fait d\u2019approuver les activit\u00e9s de formation continue offerte par un organisme ou un fournisseur ne signifie pas que la SCP reconna\u00eet les autres activit\u00e9s de l\u2019organisme ou du fournisseur en question. La SCP n\u2019a aucune obligation juridique ou financi\u00e8re \u00e0 l\u2019\u00e9gard des organismes approuv\u00e9s ou des personnes inscrites aux activit\u00e9s de formation continue propos\u00e9es par ces organismes.<\/p>\n<p>Veuillez consulter les liens figurant sur cette page pour vous aider \u00e0 pr\u00e9parer votre demande en tant qu\u2019organisme ou fournisseur d\u2019activit\u00e9s de formation continue.<\/p>\n","protected":false},"excerpt":{"rendered":"<p><!--more--><\/p>\n","protected":false},"author":2,"featured_media":0,"parent":2230,"menu_order":0,"comment_status":"closed","ping_status":"closed","template":"","meta":{"_acf_changed":false,"_monsterinsights_skip_tracking":false,"_monsterinsights_sitenote_active":false,"_monsterinsights_sitenote_note":"","_monsterinsights_sitenote_category":0,"footnotes":""},"class_list":["post-2242","page","type-page","status-publish","hentry"],"acf":[],"aioseo_notices":[],"publishpress_future_workflow_manual_trigger":{"enabledWorkflows":[]},"_links":{"self":[{"href":"https:\/\/cpa.ca\/fr\/wp-json\/wp\/v2\/pages\/2242","targetHints":{"allow":["GET"]}}],"collection":[{"href":"https:\/\/cpa.ca\/fr\/wp-json\/wp\/v2\/pages"}],"about":[{"href":"https:\/\/cpa.ca\/fr\/wp-json\/wp\/v2\/types\/page"}],"author":[{"embeddable":true,"href":"https:\/\/cpa.ca\/fr\/wp-json\/wp\/v2\/users\/2"}],"replies":[{"embeddable":true,"href":"https:\/\/cpa.ca\/fr\/wp-json\/wp\/v2\/comments?post=2242"}],"version-history":[{"count":9,"href":"https:\/\/cpa.ca\/fr\/wp-json\/wp\/v2\/pages\/2242\/revisions"}],"predecessor-version":[{"id":23393,"href":"https:\/\/cpa.ca\/fr\/wp-json\/wp\/v2\/pages\/2242\/revisions\/23393"}],"up":[{"embeddable":true,"href":"https:\/\/cpa.ca\/fr\/wp-json\/wp\/v2\/pages\/2230"}],"wp:attachment":[{"href":"https:\/\/cpa.ca\/fr\/wp-json\/wp\/v2\/media?parent=2242"}],"curies":[{"name":"wp","href":"https:\/\/api.w.org\/{rel}","templated":true}]}}