{"id":2251,"date":"2018-08-10T22:35:48","date_gmt":"2018-08-11T02:35:48","guid":{"rendered":"https:\/\/cpa.ca\/professionaldevelopment\/sponsors\/"},"modified":"2026-03-26T15:53:20","modified_gmt":"2026-03-26T19:53:20","slug":"sponsors","status":"publish","type":"page","link":"https:\/\/cpa.ca\/fr\/professionaldevelopment\/sponsors\/","title":{"rendered":"Commanditaires d&#8217;\u00e9ducation permanente"},"content":{"rendered":"<p>Les cliniques, instituts, soci\u00e9t\u00e9s, associations et individus suivants sont des fournisseurs d\u2019activit\u00e9s de formation continue approuv\u00e9s par la SCP :<\/p>\n<table border=\"1\" cellspacing=\"0\" cellpadding=\"8\">\n<thead>\n<tr>\n<th>\n<h4>Commanditaires approuv\u00e9s 2025<\/h4>\n<\/th>\n<th>\n<h4>Location<\/h4>\n<\/th>\n<\/tr>\n<\/thead>\n<tbody>\n<tr>\n<td><a href=\"https:\/\/amourimagolove.ca\/en\/\" target=\"_blank\" rel=\"noopener\">Amour Imago Love<\/a><\/td>\n<td>Moncton, NB<\/td>\n<\/tr>\n<tr>\n<td><a href=\"https:\/\/www.amphealthcare.ca\/\" target=\"_blank\" rel=\"noopener\">AMP Healthcare Education<\/a><\/td>\n<td>Victoria, BC<\/td>\n<\/tr>\n<tr>\n<td><a href=\"https:\/\/asadis.net\/en\/\" target=\"_blank\" rel=\"noopener\">ASADIS<\/a><\/td>\n<td>Westmount, QC<\/td>\n<\/tr>\n<tr>\n<td><a href=\"https:\/\/atlasveterans.ca\/\" target=\"_blank\" rel=\"noopener\">Atlas Institute for Veterans and Families<\/a><\/td>\n<td>Ottawa, ON<\/td>\n<\/tr>\n<tr>\n<td><a href=\"https:\/\/www.atmajourney.com\/\" target=\"_blank\" rel=\"noopener\">ATMA Journey Centres<\/a><\/td>\n<td>Calgary, AB<\/td>\n<\/tr>\n<tr>\n<td><a href=\"https:\/\/www.beaconcentre.ca\/professionaltraining\" target=\"_blank\" rel=\"noopener\">Beacon Centre Education, Inc.<\/a><\/td>\n<td>Paradise, NL<\/td>\n<\/tr>\n<tr>\n<td><a href=\"https:\/\/www.bespokementalhealth.ca\/\" target=\"_blank\" rel=\"noopener\">Bespoke Mental Health Canada<\/a><\/td>\n<td>Vancouver, BC<\/td>\n<\/tr>\n<tr>\n<td><a href=\"https:\/\/www.bestpsychology.ca\/services\" target=\"_blank\" rel=\"noopener\">Best Psychological Services<\/a><\/td>\n<td width=\"260\">Toronto, ON<\/td>\n<\/tr>\n<p><!-------\n\n\n<tr>\n\n\n<td><a href=\"https:\/\/www.brainwavecentre.ca\/\" target=\"_blank\" rel=\"noopener\">Brainwave Centre for Education &amp; Therapy<\/a><\/td>\n\n\n\n\n<td>Kamloops, BC<\/td>\n\n\n<\/tr>\n\n\n---------><\/p>\n<tr>\n<td><a href=\"http:\/\/www.breakthrought1d.ca\" target=\"_blank\" rel=\"noopener\">Breakthrough T1D Canada<\/a><\/td>\n<td>Toronto, ON<\/td>\n<\/tr>\n<tr>\n<td><a href=\"https:\/\/www.psychologists.bc.ca\/\" target=\"_blank\" rel=\"noopener\">British Columbia Psychological Association<\/a><\/td>\n<td>Vancouver, BC<\/td>\n<\/tr>\n<tr>\n<td><a href=\"https:\/\/www.silverliningsfoundation.ca\/\" target=\"_blank\" rel=\"noopener\">Calgary Silver Linings Foundation<\/a><\/td>\n<td>Calgary, AB<\/td>\n<\/tr>\n<tr>\n<td><a href=\"https:\/\/www.caddra.ca\/\" target=\"_blank\" rel=\"noopener\">Canadian ADHD Resource Alliance (CADDRA)<\/a><\/td>\n<td>Toronto, ON<\/td>\n<\/tr>\n<p><!-------\n\n\n<tr>\n\n\n<td><a href=\"https:\/\/grievingchildrencanada.org\/\" target=\"_blank\" rel=\"noopener\">Canadian Alliance for Grieving Children<\/a><\/td>\n\n\n\n\n<td>Oakville, ON<\/td>\n\n\n<\/tr>\n\n\n---------><\/p>\n<tr>\n<td><a href=\"https:\/\/cacbt.ca\/\" target=\"_blank\" rel=\"noopener\">Canadian Association of Cognitive and Behavioural Therapies<\/a><\/td>\n<td>Burlington, ON<\/td>\n<\/tr>\n<tr>\n<td><a href=\"https:\/\/www.traumaconsortium.com\/en\/\" target=\"_blank\" rel=\"noopener\">Canadian Consortium on Child and Youth Trauma<\/a><\/td>\n<td>Montreal, QC<\/td>\n<\/tr>\n<tr>\n<td><a href=\"https:\/\/www.ebt3.com\/\" target=\"_blank\" rel=\"noopener\">Candice Monson, PhD<\/a><\/td>\n<td>Toronto, ON<\/td>\n<\/tr>\n<tr>\n<td>Centre for CBT Research Training &amp; Intervention<\/td>\n<td>Montreal, QC<\/td>\n<\/tr>\n<tr>\n<td><a href=\"https:\/\/www.cpeh.ca\/\" target=\"_blank\" rel=\"noopener\">Centre for Psychology and Emotional Health<\/a><\/td>\n<td>Toronto, ON<\/td>\n<\/tr>\n<tr>\n<td><a href=\"https:\/\/www.drkasimalmashat.com\/\" target=\"_blank\" rel=\"noopener\">Centre for Mindfulness Canada<\/a><\/td>\n<td>North Vancouver, BC<\/td>\n<\/tr>\n<tr>\n<td><a href=\"https:\/\/www.cpsat.ca\/\" target=\"_blank\" rel=\"noopener\">Centre for Posttraumatic Stress &amp; Anxiety Treatment<\/a><\/td>\n<td>Edmonton, AB<\/td>\n<\/tr>\n<tr>\n<td><a href=\"https:\/\/www.changeways.com\/\" target=\"_blank\" rel=\"noopener\">Changeways Clinic<\/a><\/td>\n<td>Vancouver, BC<\/td>\n<\/tr>\n<tr>\n<td><a href=\"https:\/\/www.cirruspsychology.com\/\" target=\"_blank\" rel=\"noopener\">Cirrus Psychology Services<\/a><\/td>\n<td>Red Deer, AB<\/td>\n<\/tr>\n<tr>\n<td><a href=\"http:\/\/www.paulpeel.ca\/\" target=\"_blank\" rel=\"noopener\">Coastal Psychological &amp;\u00a0Consulting Services<\/a><\/td>\n<td>Surrey, BC<\/td>\n<\/tr>\n<tr>\n<td><a href=\"https:\/\/www.communitylivingbc.ca\/\" target=\"_blank\" rel=\"noopener\">Community Living BC<\/a><\/td>\n<td>Vancouver, BC<\/td>\n<\/tr>\n<tr>\n<td><a href=\"https:\/\/compassionateinquiry.com\/\" target=\"_blank\" rel=\"noopener\">Compassionate Inquiry<\/a><\/td>\n<td>Owen Sound, ON<\/td>\n<\/tr>\n<tr>\n<td><a href=\"https:\/\/cpa.ca\/fr\/sections\/familypsychology\/\" target=\"_blank\" rel=\"noopener\">CPA Family Psychology Section<\/a><\/td>\n<td>N\/A<\/td>\n<\/tr>\n<p><!-------\n\n\n<tr>\n\n\n<td><a href=\"https:\/\/elite.dbn.life\/\" target=\"_blank\" rel=\"noopener\">DBN Elite<\/a><\/td>\n\n\n\n\n<td>Montreal, QC<\/td>\n\n\n<\/tr>\n\n\n-----------><\/p>\n<tr>\n<td><a href=\"https:\/\/dbtvancouver.com\/\" target=\"_blank\" rel=\"noopener\">DBT Centre of Vancouver<\/a><\/td>\n<td>Vancouver, BC<\/td>\n<\/tr>\n<tr>\n<td><a href=\"https:\/\/www.schulich.uwo.ca\/ddp\/\" target=\"_blank\" rel=\"noopener\">Developmental Disabilities Program, University of Western Ontario<\/a><\/td>\n<td>London, ON<\/td>\n<\/tr>\n<tr>\n<td><a href=\"https:\/\/www.dochaspsych.com\/\" target=\"_blank\" rel=\"noopener\">Dochas Psychological Services, Inc.<\/a><\/td>\n<td>Spruce Grove, AB<\/td>\n<\/tr>\n<tr>\n<td><a href=\"https:\/\/drallysonsmith.ca\/\" target=\"_blank\" rel=\"noopener\">Dr. Allyson Smith<\/a><\/td>\n<td>Ottawa, ON<\/td>\n<\/tr>\n<tr>\n<td>Dr. Paul Hewitt &amp; Dr. Samuel F. Mikhail<\/td>\n<td>WexxC<\/td>\n<\/tr>\n<tr>\n<td><a href=\"https:\/\/www.elevateemdr.ca\/\" target=\"_blank\" rel=\"noopener\">Elevate EMDR Academy<\/a><\/td>\n<td>online<\/td>\n<\/tr>\n<tr>\n<td><a href=\"https:\/\/www.envisionpsychologist.com\/\" target=\"_blank\" rel=\"noopener\">Envision Counselling &amp; Consulting Inc.<\/a><\/td>\n<td>Calgary, AB<\/td>\n<\/tr>\n<tr>\n<td><a href=\"https:\/\/missionhillpsych.com\/\" target=\"_blank\" rel=\"noopener\">Dr. M.C.P. Farrell<\/a><\/td>\n<td>Kelowna, BC<\/td>\n<\/tr>\n<tr>\n<td><a href=\"https:\/\/www.hexagonpsychology.ca\/\" target=\"_blank\" rel=\"noopener\">Hexagon Psychology<\/a><\/td>\n<td>Airdrie, AB<\/td>\n<\/tr>\n<tr>\n<td><a href=\"https:\/\/www.hexagonpsychology.ca\/\" target=\"_blank\" rel=\"noopener\">Hexagon Training<\/a><\/td>\n<td>Airdrie, AB<\/td>\n<\/tr>\n<tr>\n<td><a href=\"https:\/\/inspirechildpsychology.ca\/\" target=\"_blank\" rel=\"noopener\">INSPIRE Child Psychology<\/a><\/td>\n<td>Calgary, AB<\/td>\n<\/tr>\n<tr>\n<td><a href=\"https:\/\/www.intentionaltherapist.ca\/\" target=\"_blank\" rel=\"noopener\">Intentional Therapist<\/a><\/td>\n<td>Oakbank, MB<\/td>\n<\/tr>\n<p><!-------\n\n\n<tr>\n\n\n<td><a href=\"https:\/\/www.meaning.ca\/\" target=\"_blank\" rel=\"noopener\">International Network on Personal Meaning<\/a><\/td>\n\n\n\n\n<td>Toronto, ON<\/td>\n\n\n<\/tr>\n\n\n---><\/p>\n<tr>\n<td><a href=\"http:\/\/www.jackhirose.com\/\" target=\"_blank\" rel=\"noopener\">Jack Hirose &amp; Associates<\/a><\/td>\n<td>North Vancouver, BC<\/td>\n<\/tr>\n<tr>\n<td><a href=\"https:\/\/www.stableroots.ca\/\" target=\"_blank\" rel=\"noopener\">Kim Calder Stegemann (Stable Roots Therapy)<\/a><\/td>\n<td>Kamloops, BC<\/td>\n<\/tr>\n<tr>\n<td><a href=\"https:\/\/korupsychology.ca\/\" target=\"_blank\" rel=\"noopener\">Koru Psychology Institute<\/a><\/td>\n<td>Calgary, AB<\/td>\n<\/tr>\n<tr>\n<td>Lisa Bendzsa Psychological Services Inc<\/td>\n<td>St. John\u2019s, NL<\/td>\n<\/tr>\n<tr>\n<td><a href=\"https:\/\/drlisasmithson.com\/\" target=\"_blank\" rel=\"noopener\">Lisa Smithson Psychology Service Ltd.<\/a><\/td>\n<td>Edmonton, AB<\/td>\n<\/tr>\n<tr>\n<td><a href=\"https:\/\/lovingchoicespsychology.ca\/\" target=\"_blank\" rel=\"noopener\">Loving Choices Ltd.<\/a><\/td>\n<td>Edmonton, AB<\/td>\n<\/tr>\n<tr>\n<td><a href=\"https:\/\/www.cape.org\/ce-credit\" target=\"_blank\" rel=\"noopener\">MAK Continuing Education, LLC, Cape Cod Institute<\/a><\/td>\n<td>Norwalk, Massachusetts<\/td>\n<\/tr>\n<tr>\n<td><a href=\"https:\/\/mps.ca\/\" target=\"_blank\" rel=\"noopener\">Manitoba Psychological Society<\/a><\/td>\n<td>Winnipeg, MB<\/td>\n<\/tr>\n<tr>\n<td><a href=\"https:\/\/mbt-tbm.org\/\" target=\"_blank\" rel=\"noopener\">MBT-TBM Canada<\/a><\/td>\n<td>Qu\u00e9bec City, QC<\/td>\n<\/tr>\n<p><!-------\n\n\n<tr>\n\n\n<td><a href=\"https:\/\/muhc.ca\/mental-health\/page\/cognitive-behavioural-therapy-unit\" target=\"_blank\" rel=\"noopener\">McGill University Health Centre Cognitive Behavioural Therapy Unit<\/a><\/td>\n\n\n\n\n<td>Montr\u00e9al, QC<\/td>\n\n\n<\/tr>\n\n\n----><\/p>\n<tr>\n<td><a href=\"https:\/\/www.mentalhealthfoundations.ca\/\" target=\"_blank\" rel=\"noopener\">Mental Health Foundations<\/a><\/td>\n<td>Langley, BC<\/td>\n<\/tr>\n<tr>\n<td><a href=\"https:\/\/www.mhnti.com\/\" target=\"_blank\" rel=\"noopener\">Mental Health Network and Training Institute<\/a><\/td>\n<td>Virtual<\/td>\n<\/tr>\n<tr>\n<td><a href=\"https:\/\/www.mindfulswitch.com\/\" target=\"_blank\" rel=\"noopener\">Mindful Switch<\/a><\/td>\n<td>Toronto, ON<\/td>\n<\/tr>\n<tr>\n<td><a href=\"https:\/\/mhs.com\/\" target=\"_blank\" rel=\"noopener\">Multi-Health Systems Inc.<\/a><\/td>\n<td>Toronto, ON<\/td>\n<\/tr>\n<tr>\n<td><a href=\"https:\/\/www.newcomernavigation.ca\/en\/index.aspx?gclid=CjwKCAiAt5euBhB9EiwAdkXWO6ReTOls676pCULo9Lyt4Gh1_s3YmvS_PzGvx1d30qTOCJxmohJr5BoCpQMQAvD_BwE\" target=\"_blank\" rel=\"noopener\">National Newcomer Navigation Network (N4)<\/a><\/td>\n<td>Ottawa, ON<\/td>\n<\/tr>\n<tr>\n<td><a href=\"https:\/\/www.nelliehealth.com\/\" target=\"_blank\" rel=\"noopener\">Nellie Health, Inc.<\/a><\/td>\n<td>Toronto, ON<\/td>\n<\/tr>\n<tr>\n<td><a href=\"https:\/\/www.mindfulness.net.au\/about\/the-micbt-institute\/na-chapter\/\" target=\"_blank\" rel=\"noopener\">North American Chapter MiCBT<\/a><\/td>\n<td>Perth, ON<\/td>\n<\/tr>\n<tr>\n<td><a href=\"https:\/\/www.mindfulness.net.au\/about\/the-micbt-institute\/na-chapter\/\" target=\"_blank\" rel=\"noopener\">MiCBT Institute, North American Chapter<\/a><\/td>\n<td>Perth, ON<\/td>\n<\/tr>\n<tr>\n<td><a href=\"https:\/\/mccancemethod.com\/clinic-growth-map\/\" target=\"_blank\" rel=\"noopener\">Nicole McCance (The Clinic Growth Map)<\/a><\/td>\n<td>Virtual (Etobicoke, ON)<\/td>\n<\/tr>\n<tr>\n<td><a href=\"https:\/\/numinusnetwork.com\/training?\" target=\"_blank\" rel=\"noopener\">Numinus Wellness<\/a><\/td>\n<td>Vancouver, BC<\/td>\n<\/tr>\n<tr>\n<td><a href=\"https:\/\/concept.paloaltou.edu\/\" target=\"_blank\" rel=\"noopener\">Palo Alto University Continuing and Professional Studies<\/a><\/td>\n<td>Palo Alto, California<\/td>\n<\/tr>\n<tr>\n<td><a href=\"https:\/\/www.pasg.info\/\" target=\"_blank\" rel=\"noopener\">Parental Alienation Study Group<\/a><\/td>\n<td>Brentwood, TN<\/td>\n<\/tr>\n<tr>\n<td><a href=\"https:\/\/www.pesi.com\/\" target=\"_blank\" rel=\"noopener\">PESI, Inc.<\/a><\/td>\n<td>Eau Claire, Wisconsin<\/td>\n<\/tr>\n<tr>\n<td><a href=\"https:\/\/www.emdrpower.com\/\" target=\"_blank\" rel=\"noopener\">Power Psychology<\/a><\/td>\n<td>Sherwood Park, AB<\/td>\n<\/tr>\n<tr>\n<td><a href=\"https:\/\/www.propsychnet.com\/en_ca\/\" target=\"_blank\" rel=\"noopener\">ProPsychNet<\/a><\/td>\n<td>Clarence-Rockland, ON<\/td>\n<\/tr>\n<tr>\n<td><a href=\"https:\/\/psychologistsassociation.ab.ca\/\" target=\"_blank\" rel=\"noopener\">Psychologists\u2019 Association of Alberta<\/a><\/td>\n<td>Edmonton, AB<\/td>\n<\/tr>\n<tr>\n<td><a href=\"https:\/\/www.raeinstitute.ca\/\" target=\"_blank\" rel=\"noopener\">RAE Institute<\/a><\/td>\n<td>Edmonton, AB<\/td>\n<\/tr>\n<p><!-------\n\n\n<tr>\n\n\n<td><a href=\"https:\/\/en.reconsolidationtherapy.com\/\" target=\"_blank\" rel=\"noopener\">Reconsolidation Therapy International Association <\/a><\/td>\n\n\n\n\n<td>Montr\u00e9al, QC<\/td>\n\n\n<\/tr>\n\n\n----><\/p>\n<tr>\n<td><a href=\"https:\/\/cpa.ca\/fr\/sections\/ruralandnorthernpsychology\/\" target=\"_blank\" rel=\"noopener\">Rural and Northern Section<\/a><\/td>\n<td><\/td>\n<\/tr>\n<tr>\n<td><a href=\"https:\/\/sickkidscmh.ca\/\" target=\"_blank\" rel=\"noopener\">SickKids Centre for Community Mental Health Learning Institute<\/a><\/td>\n<td>Toronto, ON<\/td>\n<\/tr>\n<tr>\n<td><a href=\"https:\/\/www.silverliningsfoundation.ca\/\" target=\"_blank\" rel=\"noopener\">Silver Linings Foundation<\/a><\/td>\n<td>Calgary, AB<\/td>\n<\/tr>\n<tr>\n<td><a href=\"https:\/\/www.personality.org\/\" target=\"_blank\" rel=\"noopener\">Society for Personality Assessment<\/a><\/td>\n<td>Falls Church, VA<\/td>\n<\/tr>\n<tr>\n<td><a href=\"https:\/\/talominbooks.com\/index.php?route=common\/home\" target=\"_blank\" rel=\"noopener\">Talomin Books Pty Ltd<\/a><\/td>\n<td>Cairns, Australia<\/td>\n<\/tr>\n<tr>\n<td><a href=\"https:\/\/therapsil.ca\/\" target=\"_blank\" rel=\"noopener\">Therapsil<\/a><\/td>\n<td>Vancouver, BC<\/td>\n<\/tr>\n<tr>\n<td><a href=\"https:\/\/therapsil.ca\/\" target=\"_blank\" rel=\"noopener\">Therapsil NPO<\/a><\/td>\n<td>Vancouver, BC<\/td>\n<\/tr>\n<tr>\n<td><a href=\"https:\/\/cumming.ucalgary.ca\/resource\/tourette-ocd\/home\" target=\"_blank\" rel=\"noopener\">Tourette OCD Alberta Network<\/a><\/td>\n<td>Calgary, AB<\/td>\n<\/tr>\n<tr>\n<td><a href=\"https:\/\/www.eventbrite.ca\/o\/trauma-informed-practice-institute-31966670213\" target=\"_blank\" rel=\"noopener\">Trauma Informed Practice Institute<\/a><\/td>\n<td>Vancouver, BC<\/td>\n<\/tr>\n<p><!-------\n\n\n<tr>\n\n\n<td><a href=\"https:\/\/unifiedcbt.com\/\" target=\"_blank\" rel=\"noopener\">Unified CBT Academy<\/a><\/td>\n\n\n\n\n<td>Ottawa, ON<\/td>\n\n\n<\/tr>\n\n\n---><!-------\n\n\n<tr>\n\n\n<td><a href=\"https:\/\/ecps.educ.ubc.ca\/counselling-centres\/psychoeducational-research-and-training-centre\/\" target=\"_blank\" rel=\"noopener\">UBC Psychological Services &amp; Counselling Training Centre<\/a><\/td>\n\n\n\n\n<td>Vancouver, BC<\/td>\n\n\n<\/tr>\n\n\n-----><\/p>\n<tr>\n<td><a href=\"https:\/\/upsilonclinic.com\/\" target=\"_blank\" rel=\"noopener\">Upsilon Clinic<\/a><\/td>\n<td>Edmonton, AB<\/td>\n<\/tr>\n<tr>\n<td><a href=\"https:\/\/vtncanada.org\/culturalcompetency\/\" target=\"_blank\" rel=\"noopener\">Veterans Transition Network<\/a><\/td>\n<td>Vancouver, BC<\/td>\n<\/tr>\n<tr>\n<td><a href=\"https:\/\/www.wlu.ca\/academics\/faculties\/faculty-of-human-and-social-sciences\/centre-for-public-safety-and-well-being\/index.html\" target=\"_blank\" rel=\"noopener\">Wilfrid Laurier University \u2013 The Centre for Public Safety and Well-Being<\/a><\/td>\n<td>Waterloo, ON<\/td>\n<\/tr>\n<tr>\n<td><a href=\"https:\/\/www.peaceofmindemdr.ca\/winnipegemdrcentre\" target=\"_blank\" rel=\"noopener\">Winnipeg EMDR Centre<\/a><\/td>\n<td>Winnipeg, MB<\/td>\n<\/tr>\n<p><!-------\n\n\n<tr>\n\n\n<td><a href=\"https:\/\/wppuppet.com\/\" target=\"_blank\" rel=\"noopener\">WP Puppet Theatre<\/a><\/td>\n\n\n\n\n<td>Calgary, AB<\/td>\n\n\n<\/tr>\n\n\n---><\/tbody>\n<\/table>\n<p>&nbsp;<\/p>\n","protected":false},"excerpt":{"rendered":"<p><!--more--><\/p>\n","protected":false},"author":2,"featured_media":0,"parent":2230,"menu_order":0,"comment_status":"closed","ping_status":"closed","template":"templates\/no-sidebar.php","meta":{"_acf_changed":false,"_monsterinsights_skip_tracking":false,"_monsterinsights_sitenote_active":false,"_monsterinsights_sitenote_note":"","_monsterinsights_sitenote_category":0,"footnotes":""},"class_list":["post-2251","page","type-page","status-publish","hentry"],"acf":[],"aioseo_notices":[],"publishpress_future_workflow_manual_trigger":{"enabledWorkflows":[]},"_links":{"self":[{"href":"https:\/\/cpa.ca\/fr\/wp-json\/wp\/v2\/pages\/2251","targetHints":{"allow":["GET"]}}],"collection":[{"href":"https:\/\/cpa.ca\/fr\/wp-json\/wp\/v2\/pages"}],"about":[{"href":"https:\/\/cpa.ca\/fr\/wp-json\/wp\/v2\/types\/page"}],"author":[{"embeddable":true,"href":"https:\/\/cpa.ca\/fr\/wp-json\/wp\/v2\/users\/2"}],"replies":[{"embeddable":true,"href":"https:\/\/cpa.ca\/fr\/wp-json\/wp\/v2\/comments?post=2251"}],"version-history":[{"count":6,"href":"https:\/\/cpa.ca\/fr\/wp-json\/wp\/v2\/pages\/2251\/revisions"}],"predecessor-version":[{"id":46820,"href":"https:\/\/cpa.ca\/fr\/wp-json\/wp\/v2\/pages\/2251\/revisions\/46820"}],"up":[{"embeddable":true,"href":"https:\/\/cpa.ca\/fr\/wp-json\/wp\/v2\/pages\/2230"}],"wp:attachment":[{"href":"https:\/\/cpa.ca\/fr\/wp-json\/wp\/v2\/media?parent=2251"}],"curies":[{"name":"wp","href":"https:\/\/api.w.org\/{rel}","templated":true}]}}