{"id":23205,"date":"2021-07-27T10:09:22","date_gmt":"2021-07-27T14:09:22","guid":{"rendered":"https:\/\/cpa.ca\/agrement\/revisionprocess\/"},"modified":"2024-01-10T15:10:54","modified_gmt":"2024-01-10T20:10:54","slug":"procedurederevision","status":"publish","type":"page","link":"https:\/\/cpa.ca\/fr\/agrement\/procedurederevision\/","title":{"rendered":"Procedure de revision des normes"},"content":{"rendered":"<p>Le jury d&#8217;agr\u00e9ment de la SCP a lanc\u00e9 une enqu\u00eate de consultation publique pour la 6e r\u00e9vision des normes et proc\u00e9dures d&#8217;agr\u00e9ment des programmes de doctorat et des stages en psychologie professionnelle.<\/p>\n<div style=\"text-align: center;\">\n<div style=\"padding: 10px; text-align: center; display: inline-block; max-width: 800px;\">\n<div style=\"display: inline-block;\"><a href=\"https:\/\/cpa.ca\/fr\/agrement\/procedurederevision\/#1\"><img decoding=\"async\" style=\"width: 150px; height: 157px; max-width: 150px; max-height: 157px; padding: 10px;\" src=\"\/docs\/File\/Accreditation\/1-Revisions-FR.png\" alt=\"Les r\u00e9visions ont commenc\u00e9s en 2017 \" \/><\/a><\/div>\n<div style=\"display: inline-block;\"><a href=\"https:\/\/cpa.ca\/fr\/agrement\/procedurederevision\/#2\"><img decoding=\"async\" style=\"width: 150px; height: 157px; max-width: 150px; max-height: 157px; padding: 10px;\" src=\"\/docs\/File\/Accreditation\/2-Survey-FR.png\" alt=\"Enqu\u00eate de consultation initiale aupr\u00e8s des directeurs de formation et des visiteurs de \" \/><\/a><\/div>\n<div style=\"display: inline-block;\"><a href=\"https:\/\/cpa.ca\/fr\/agrement\/procedurederevision\/#3\"><img decoding=\"async\" style=\"width: 150px; height: 157px; max-width: 150px; max-height: 157px; padding: 10px;\" src=\"\/docs\/File\/Accreditation\/3-SurveyStakeholders-FR.png\" alt=\"Enqu\u00eate aupr\u00e8s des parties prenantes de la formation \" \/><\/a><\/div>\n<div style=\"display: inline-block;\"><a href=\"https:\/\/cpa.ca\/fr\/agrement\/procedurederevision\/#4\"><img decoding=\"async\" style=\"width: 150px; height: 157px; max-width: 150px; max-height: 157px; padding: 10px;\" src=\"\/docs\/File\/Accreditation\/4-Formation-FR.png\" alt=\"Formation du Comit\u00e9 de r\u00e9vision des normes \" \/><\/a><\/div>\n<div style=\"display: inline-block;\"><a href=\"https:\/\/cpa.ca\/fr\/agrement\/procedurederevision\/#5\"><img decoding=\"async\" style=\"width: 150px; height: 157px; max-width: 150px; max-height: 157px; padding: 10px;\" src=\"\/docs\/File\/Accreditation\/5-Draft-FR.png\" alt=\"Projet de r\u00e9visions \" \/><\/a><\/div>\n<div style=\"display: inline-block;\"><a href=\"https:\/\/cpa.ca\/fr\/agrement\/procedurederevision\/#6\"><img decoding=\"async\" style=\"width: 150px; height: 157px; max-width: 150px; max-height: 157px; padding: 10px;\" src=\"\/docs\/File\/Accreditation\/6-FocusedConsultations-FR-1.png\" alt=\"Consultations cibl\u00e9es\" \/><\/a><\/div>\n<div style=\"display: inline-block;\"><a href=\"https:\/\/cpa.ca\/fr\/agrement\/procedurederevision\/#7\"><img decoding=\"async\" style=\"width: 150px; height: 157px; max-width: 150px; max-height: 157px; padding: 10px;\" src=\"\/docs\/File\/Accreditation\/7-ExternalConsult-FR.png\" alt=\"P\u00e9riode de consultation de parties prenantes externes et du publique\" \/><\/a><\/div>\n<div style=\"display: inline-block;\"><a href=\"https:\/\/cpa.ca\/fr\/agrement\/procedurederevision\/#8\"><img decoding=\"async\" style=\"width: 150px; height: 157px; max-width: 150px; max-height: 157px; padding: 10px;\" src=\"\/docs\/File\/Accreditation\/8-Submission-FR.png\" alt=\"Soumission au conseil d'administration de la SCP\" \/><\/a><\/div>\n<div style=\"display: inline-block;\"><a href=\"https:\/\/cpa.ca\/fr\/agrement\/procedurederevision\/#9\"><img decoding=\"async\" style=\"width: 150px; height: 157px; max-width: 150px; max-height: 157px; padding: 10px;\" src=\"\/docs\/File\/Accreditation\/9-Approval-FR_here.png\" alt=\"Approbation et mise en \u0153uvre\" \/><\/a><\/div>\n<\/div>\n<\/div>\n<p>Pour t\u00e9l\u00e9charger une copie des nouvelles Normes, veuillez consulter notre <a href=\"https:\/\/cpa.ca\/fr\/agrement\/ressources\/\">page ressources<\/a>.<\/p>\n<hr \/>\n<p>&nbsp;<\/p>\n<div style=\"padding: 10px; display: inline-block; border: silver thin solid;\"><img decoding=\"async\" class=\"textwrapleft\" src=\"\/docs\/File\/Accreditation\/1-Revisions-FR.png\" alt=\"Les r\u00e9visions ont commenc\u00e9s en 2017 \" \/><br \/>\nLe jury d&#8217;agr\u00e9ment de la SCP a officiellement d\u00e9cid\u00e9 d&#8217;entamer le processus de r\u00e9vision des normes d&#8217;agr\u00e9ment et, \u00e0 ce moment-l\u00e0, a d\u00e9crit le processus de ces r\u00e9visions. Les r\u00e9visions ont g\u00e9n\u00e9ralement eu lieu environ tous les dix ans.<\/div>\n<p>&nbsp;<\/p>\n<div style=\"padding: 10px; display: inline-block; border: silver thin solid;\"><img decoding=\"async\" class=\"textwrapleft\" src=\"\/docs\/File\/Accreditation\/2-Survey-FR.png\" alt=\"Enqu\u00eate aupr\u00e8s des parties prenantes de la formation\" \/><br \/>\nUn sondage a \u00e9t\u00e9 envoy\u00e9 aux directeurs de formation actuels des programmes agr\u00e9\u00e9s par la SCP et aux visiteurs d\u2019\u00e9tablissement actuels de la SCP au sujet des principaux domaines d&#8217;int\u00e9r\u00eat pour les r\u00e9visions \u00e0 venir des normes, notamment :<\/p>\n<ul>\n<li>Les besoins des personnes et des groupes divers, minoritaires et marginalis\u00e9s.<\/li>\n<li>les besoins des \u00e9tudiants de travailler dans diff\u00e9rents domaines de prestation de services<\/li>\n<li>les besoins changeants des clients dans diff\u00e9rents milieux g\u00e9ographique au Canada<\/li>\n<li>les exigences des programmes en mati\u00e8re de pratique fond\u00e9e sur des preuves<\/li>\n<li>l&#8217;utilisation de la technologie dans la formation et la prestation de services<\/li>\n<li>l&#8217;auto-\u00e9valuation des praticiens et le suivi de clients<\/li>\n<li>les comp\u00e9tences d&#8217;entr\u00e9e dans la pratique<\/li>\n<li>combler toute lacune dans les normes et\/ou les proc\u00e9dures d&#8217;accr\u00e9ditation.<\/li>\n<\/ul>\n<\/div>\n<p>&nbsp;<\/p>\n<div style=\"padding: 10px; display: inline-block; border: silver thin solid;\"><img decoding=\"async\" class=\"textwrapleft\" src=\"\/docs\/File\/Accreditation\/3-SurveyStakeholders-FR.png\" alt=\"Survey of Training Stakeholders\" \/><br \/>\nSuite \u00e0 l&#8217;analyse des donn\u00e9es de l&#8217;enqu\u00eate de consultation initiale, une enqu\u00eate compl\u00e8te a \u00e9t\u00e9 \u00e9labor\u00e9e et distribu\u00e9e aux parties prenantes ci-dessous. Cette enqu\u00eate comprenait des questions sur les domaines mentionn\u00e9s dans l&#8217;enqu\u00eate de consultation initiale, ainsi qu&#8217;un examen standard par standard des normes d&#8217;accr\u00e9ditation actuelles. Ce sondage a \u00e9t\u00e9 distribu\u00e9 aux groupes suivants :<\/p>\n<ul>\n<li>Membres du corps professoral et \u00e9tudiants des d\u00e9partements de psychologie canadiens<\/li>\n<li>Membres des sections de la SCP<\/li>\n<li>Membres des soci\u00e9t\u00e9s provinciales de psychologie<\/li>\n<li>Directeurs et professeurs de programmes de formation professionnelle et d&#8217;internat<\/li>\n<li>Organismes de r\u00e9glementation canadiens en psychologie<\/li>\n<li>Psychologues agr\u00e9\u00e9s au Canada<\/li>\n<li>Membres du grand public<\/li>\n<\/ul>\n<\/div>\n<p>&nbsp;<\/p>\n<div style=\"padding: 10px; display: inline-block; border: silver thin solid;\"><img decoding=\"async\" class=\"textwrapleft\" src=\"\/docs\/File\/Accreditation\/4-Formation-FR.png\" alt=\"Formation du Comit\u00e9 de r\u00e9vision des normes \" \/><br \/>\nApr\u00e8s l&#8217;ach\u00e8vement et l&#8217;analyse des donn\u00e9es du sondage aupr\u00e8s des intervenants en formation, le Jury a lanc\u00e9 un appel aux parties int\u00e9ress\u00e9es \u00e0 se joindre au Comit\u00e9 de r\u00e9vision des normes, qui a \u00e9t\u00e9 d\u00e9sign\u00e9 comme un organisme qui apporterait sa contribution, son expertise et sa continuit\u00e9 au processus de r\u00e9vision des normes. Vingt membres de la communaut\u00e9 de formation en psychologie ont soumis des candidatures pour ce comit\u00e9, dont dix ont \u00e9t\u00e9 choisies par le Jury. Le Jury a tent\u00e9 d&#8217;\u00e9quilibrer la composition du comit\u00e9 afin d&#8217;assurer l&#8217;inclusion d&#8217;une repr\u00e9sentation r\u00e9gionale et de sp\u00e9cialit\u00e9s de la pratique (par exemple, la psychologie clinique, le counseling, la psychologie scolaire et la neuropsychologie). Les membres de ce comit\u00e9 sont :<\/p>\n<ul>\n<li>Dr Paul S. Greenman, Universit\u00e9 du Qu\u00e9bec en Outaouais, co-pr\u00e9sident<\/li>\n<li>Dr Kerry Mothersill, Alberta Health Services, co-pr\u00e9sident<\/li>\n<li>Dr David Hodgins, Universit\u00e9 de Calgary<\/li>\n<li>Dre Mary Caravias, Universit\u00e9 de Toronto<\/li>\n<li>Dr Harold Wallbridge, Universit\u00e9 du Manitoba<\/li>\n<li>Dr Michelle A. Drefs, Universit\u00e9 de Calgary<\/li>\n<li>Dre Julie Gosselin, Universit\u00e9 du Qu\u00e9bec en Outaouais<\/li>\n<li>Dr Richard Young, Universit\u00e9 de la Colombie-Britannique<\/li>\n<li>Dr Brad Hallam, Sant\u00e9 c\u00f4ti\u00e8re de Vancouver<\/li>\n<li>Dr Joshua Madsen, Universit\u00e9 de Calgary<\/li>\n<\/ul>\n<\/div>\n<p>&nbsp;<\/p>\n<div style=\"padding: 10px; display: inline-block; border: silver thin solid;\"><img decoding=\"async\" class=\"textwrapleft\" src=\"\/docs\/File\/Accreditation\/5-Draft-FR.png\" alt=\"Projet de r\u00e9visions\" \/><br \/>\n\u00c0 la suite de sa formation en mai 2019, le Comit\u00e9 de r\u00e9vision des normes a commenc\u00e9 \u00e0 remanier les normes, en se fondant sur un examen des donn\u00e9es d&#8217;enqu\u00eate recueillies par le Jury en 2017-2018, sur les commentaires ant\u00e9rieurs re\u00e7us des intervenants en formation, ainsi que sur un examen des rapports officiels des comit\u00e9s de la SCP publi\u00e9s depuis l&#8217;approbation de la derni\u00e8re r\u00e9vision des normes en 2011. Ces rapports de comit\u00e9 comprenaient :<\/p>\n<ul>\n<li><a href=\"https:\/\/cpa.ca\/docs\/File\/Position\/Fitness%20to%20Stand%20Trial%20and%20Criminal%20Responsibility%20Assessments%20in%20Canada.pdf\" target=\"_blank\" rel=\"noopener noreferrer\">Rapport sur l&#8217;aptitude \u00e0 subir un proc\u00e8s et l&#8217;\u00e9valuation de la responsabilit\u00e9 p\u00e9nale au Canada <\/a><\/li>\n<li><a href=\"https:\/\/cpa.ca\/docs\/File\/Task_Forces\/Medical%20Assistance%20in%20Dying%20and%20End%20of%20Life%20Care_FINAL.pdf\" target=\"_blank\" rel=\"noopener noreferrer\">Rapport sur l&#8217;aide m\u00e9dicale \u00e0 mourir et les soins de fin de vie <\/a><\/li>\n<li><a href=\"https:\/\/cpa.ca\/docs\/File\/Task_Forces\/TRC%20Task%20Force%20Report_FINAL.pdf\" target=\"_blank\" rel=\"noopener noreferrer\">R\u00e9ponse de la psychologie au rapport de la Commission de v\u00e9rit\u00e9 et de r\u00e9conciliation du Canada <\/a><\/li>\n<li><a href=\"https:\/\/cpa.ca\/docs\/File\/Task_Forces\/Treatment%20Progress%20and%20Outcome%20Monitoring%20Task%20Force%20Report_Final.pdf\" target=\"_blank\" rel=\"noopener noreferrer\">Rapport du groupe de travail sur les r\u00e9sultats et le suivi des progr\u00e8s en psychoth\u00e9rapie <\/a><\/li>\n<li><a href=\"https:\/\/cpa.ca\/docs\/File\/SupplyAndDemand\/CPA_Internship_Residency_SupplyandDemand_TaskForceReport_March2017.pdf\" target=\"_blank\" rel=\"noopener noreferrer\">Rapport sur l&#8217;offre et la demande de stages de doctorat et de postes de r\u00e9sidence accr\u00e9dit\u00e9s <\/a><\/li>\n<li><a href=\"https:\/\/cpa.ca\/docs\/File\/Task_Forces\/CPA_RxPTaskForce_FinalReport_Dec2010_RevJ17.pdf\" target=\"_blank\" rel=\"noopener noreferrer\">Rapport sur l&#8217;autorit\u00e9 prescriptive pour les psychologues <\/a><\/li>\n<\/ul>\n<p>Le Comit\u00e9 de r\u00e9vision des normes a tenu de nombreuses r\u00e9unions entre mai 2019 et ao\u00fbt 2020, dont une r\u00e9union en personne en mars 2020 au cours de laquelle il a examin\u00e9, synth\u00e9tis\u00e9 et discut\u00e9 des changements sugg\u00e9r\u00e9s aux normes d&#8217;accr\u00e9ditation. Ces changements ont \u00e9t\u00e9 pr\u00e9sent\u00e9s au jury d&#8217;agr\u00e9ment de la SCP \u00e0 l&#8217;automne 2020, et le jury a alors accept\u00e9 de proc\u00e9der \u00e0 la phase de consultation cibl\u00e9e du processus d&#8217;examen.<\/p>\n<\/div>\n<p>&nbsp;<\/p>\n<div style=\"padding: 10px; display: inline-block; border: silver thin solid;\"><img decoding=\"async\" class=\"textwrapleft\" src=\"\/docs\/File\/Accreditation\/6-FocusedConsultations-FR-1.png\" alt=\"Consultations cibl\u00e9es \" \/><br \/>\nLa p\u00e9riode de consultation cibl\u00e9e a commenc\u00e9 par une distribution de l&#8217;\u00e9bauche des normes \u00e0 la section de psychologie des peuples autochtones de la SCP en d\u00e9cembre 2020. \u00c0 la lumi\u00e8re des recommandations formul\u00e9es dans la R\u00e9ponse de la psychologie au rapport de la CVR, une consultation sp\u00e9cifique avec la Section des peuples autochtones a d&#8217;abord eu lieu ; la consultation avec les autres groupes d&#8217;intervenants internes et partenaires officiels a commenc\u00e9 en mai 2021. L&#8217;objectif de la p\u00e9riode de consultation cibl\u00e9e est de recueillir les commentaires des intervenants internes en formation et des organisations qui ont une relation officielle avec la SCP. Ces intervenants comprennent :<\/p>\n<ul>\n<li>l&#8217;Association canadienne des organismes de r\u00e9glementation de la psychologie (ACPRO)<\/li>\n<li>Comit\u00e9 de d\u00e9ontologie de la SCP<\/li>\n<li>Section de la psychologie des peuples autochtones de la SCP<\/li>\n<li>Section de la psychologie internationale et interculturelle de la SCP<\/li>\n<li>Section de l&#8217;orientation sexuelle et de l&#8217;identit\u00e9 de genre de la SCP<\/li>\n<li>Section des femmes et de la psychologie de la SCP<\/li>\n<li>Section clinique de la SCP<\/li>\n<li>Section du counseling de la SCP<\/li>\n<li>Section de la psychologie scolaire de la SCP<\/li>\n<li>Section de neuropsychologie de la SCP<\/li>\n<li>Section de la psychologie hospitali\u00e8re de la SCP<\/li>\n<li>Section des \u00e9tudiants de la SCP<\/li>\n<li>Conseil canadien des programmes de psychologie professionnelle (CCPPP)<\/li>\n<\/ul>\n<\/div>\n<p>&nbsp;<\/p>\n<div style=\"padding: 10px; display: inline-block; border: silver thin solid;\"><img decoding=\"async\" class=\"textwrapleft\" src=\"\/docs\/File\/Accreditation\/7-ExternalConsult-FR.png\" alt=\"P\u00e9riode de consultation de parties prenantes externes et du publique \" \/><br \/>\nApr\u00e8s avoir examin\u00e9 les commentaires des intervenants internes et des organismes ayant une relation officielle avec la SCP, le jury d&#8217;agr\u00e9ment et le comit\u00e9 de r\u00e9vision des normes de la SCP inviteront les intervenants externes, ainsi que les membres du grand public, \u00e0 fournir des commentaires sur les r\u00e9visions propos\u00e9es aux normes. Cette p\u00e9riode devrait commencer \u00e0 l&#8217;automne 2021 et comprendra la recherche de commentaires de groupes tels que :<\/p>\n<ul>\n<li>Association des psychologues noirs &#8211; section de Toronto<\/li>\n<li>Asian-American Psychology Association<\/li>\n<li>American Psychological Association<\/li>\n<li>Association of State and Provincial Psychology Boards (Association des commissions de psychologie des \u00c9tats et des provinces)<\/li>\n<li>Membres des associations provinciales canadiennes<\/li>\n<li>Membres du grand public<\/li>\n<\/ul>\n<p>Si vous croyez que nous avons oubli\u00e9 un groupe sur cette liste, ou si vous avez des questions sur la fa\u00e7on de fournir des commentaires sur les normes d&#8217;agr\u00e9ment de la SCP, veuillez communiquer avec Dr Stewart Madon, registraire, Agr\u00e9ment, \u00e0 <a href=\"mailto:accreditation@cpa.ca\">accreditation@cpa.ca<\/a>.<\/p>\n<p>La p\u00e9riode de commentaires se termine le 31 d\u00e9cembre 2021.<\/p>\n<\/div>\n<p>&nbsp;<\/p>\n<div style=\"padding: 10px; display: inline-block; border: silver thin solid;\"><img decoding=\"async\" class=\"textwrapleft\" src=\"\/docs\/File\/Accreditation\/8-Submission-FR.png\" alt=\"Soumission au conseil d'administration de la SCP\" \/><br \/>\nUne fois le processus de consultation publique termin\u00e9, l&#8217;\u00e9bauche des normes sera soumise au conseil d&#8217;administration de la SCP pour discussion et approbation. \u00c0 ce stade, le conseil d&#8217;administration, ainsi que ses comit\u00e9s, auront l&#8217;occasion d&#8217;examiner l&#8217;\u00e9bauche des normes et de faire toute suggestion suppl\u00e9mentaire de changement au jury.<\/div>\n<p>&nbsp;<\/p>\n<div style=\"padding: 10px; display: inline-block; border: silver thin solid;\"><img decoding=\"async\" class=\"textwrapleft\" src=\"\/docs\/File\/Accreditation\/9-Approval-FR_here.png\" alt=\"Approbation et mise en \u0153uvre\" \/><br \/>\nLa sixi\u00e8me r\u00e9vision des normes a \u00e9t\u00e9 approuv\u00e9e par le conseil d&#8217;administration de la SCP \u00e0 sa r\u00e9union de l&#8217;hiver 2023 et pr\u00e9sent\u00e9e \u00e0 la communaut\u00e9 de formation en psychologie au congr\u00e8s de la SCP 2023 \u00e0 Toronto, en Ontario. Comme pour les p\u00e9riodes de mise en \u0153uvre ant\u00e9rieures, les programmes auront le choix des normes sur lesquelles ils font rapport pendant une p\u00e9riode de temps d\u00e9termin\u00e9e apr\u00e8s leur approbation. Le jury d&#8217;agr\u00e9ment de la SCP et le Bureau d&#8217;agr\u00e9ment offriront \u00e9galement des s\u00e9ances d&#8217;information sur les changements apport\u00e9s aux normes au cours de cette p\u00e9riode, et travailleront avec les programmes et les organisations partenaires pour communiquer et mettre en \u0153uvre les nouvelles normes dans les deux \u00e0 trois ans suivant leur publication.<\/div>\n","protected":false},"excerpt":{"rendered":"<p>Le jury d&#8217;agr\u00e9ment de la SCP a lanc\u00e9 une enqu\u00eate de consultation publique pour la 6e r\u00e9vision des normes et proc\u00e9dures d&#8217;agr\u00e9ment des programmes de doctorat et des stages en psychologie professionnelle. Pour t\u00e9l\u00e9charger une copie des nouvelles Normes, veuillez consulter notre page ressources. &nbsp; Le jury d&#8217;agr\u00e9ment de la SCP a officiellement d\u00e9cid\u00e9 d&#8217;entamer [&hellip;]<\/p>\n","protected":false},"author":2,"featured_media":0,"parent":1330,"menu_order":0,"comment_status":"closed","ping_status":"closed","template":"templates\/no-sidebar.php","meta":{"_acf_changed":false,"_monsterinsights_skip_tracking":false,"_monsterinsights_sitenote_active":false,"_monsterinsights_sitenote_note":"","_monsterinsights_sitenote_category":0,"footnotes":""},"class_list":["post-23205","page","type-page","status-publish","hentry"],"acf":[],"aioseo_notices":[],"publishpress_future_workflow_manual_trigger":{"enabledWorkflows":[]},"_links":{"self":[{"href":"https:\/\/cpa.ca\/fr\/wp-json\/wp\/v2\/pages\/23205","targetHints":{"allow":["GET"]}}],"collection":[{"href":"https:\/\/cpa.ca\/fr\/wp-json\/wp\/v2\/pages"}],"about":[{"href":"https:\/\/cpa.ca\/fr\/wp-json\/wp\/v2\/types\/page"}],"author":[{"embeddable":true,"href":"https:\/\/cpa.ca\/fr\/wp-json\/wp\/v2\/users\/2"}],"replies":[{"embeddable":true,"href":"https:\/\/cpa.ca\/fr\/wp-json\/wp\/v2\/comments?post=23205"}],"version-history":[{"count":6,"href":"https:\/\/cpa.ca\/fr\/wp-json\/wp\/v2\/pages\/23205\/revisions"}],"predecessor-version":[{"id":36512,"href":"https:\/\/cpa.ca\/fr\/wp-json\/wp\/v2\/pages\/23205\/revisions\/36512"}],"up":[{"embeddable":true,"href":"https:\/\/cpa.ca\/fr\/wp-json\/wp\/v2\/pages\/1330"}],"wp:attachment":[{"href":"https:\/\/cpa.ca\/fr\/wp-json\/wp\/v2\/media?parent=23205"}],"curies":[{"name":"wp","href":"https:\/\/api.w.org\/{rel}","templated":true}]}}