{"id":2363,"date":"2017-06-14T15:32:02","date_gmt":"2017-06-14T19:32:02","guid":{"rendered":"https:\/\/cpa.ca\/adhesion\/avantagesdemembresdelascp\/cpajournals\/"},"modified":"2025-10-03T10:46:57","modified_gmt":"2025-10-03T14:46:57","slug":"revuesdelascp","status":"publish","type":"page","link":"https:\/\/cpa.ca\/fr\/adhesion\/revuesdelascp\/","title":{"rendered":"Revues autorisations et soumissions"},"content":{"rendered":"<p>La Soci\u00e9t\u00e9 canadienne de psychologie a forg\u00e9 un partenariat avec l&#8217;American Psychological Association pour publier <em>la Revue canadienne des sciences du comportement<\/em>, <em>la Revue canadienne de psychologie exp\u00e9rimentale<\/em> et <em>Psychologie canadienne<\/em>.<\/p>\n<h4 style=\"text-align: center;\"><a href=\"http:\/\/notify.apa.org\/index.cfm?fuseaction=signup.stepone\" target=\"_blank\" rel=\"noopener noreferrer\"><img decoding=\"async\" src=\"\/\/www.cpa.ca\/docs\/Image\/banner\/PsycAlertFr.png\" alt=\"PsycAlert : Avis par courrier \u00e9lectronique\" \/><\/a><\/h4>\n<p>Vous pouvez souscrire \u00e0 un avis par courriel qui vous avisera de la publication de chaque num\u00e9ro des revues de la SCP. Cet avis d\u00e9crira le num\u00e9ro de la revue et inclura une table des mati\u00e8res. Pour souscrire \u00e0 ce service gratuit, <a href=\"http:\/\/notify.apa.org\/index.cfm?fuseaction=signup.stepone\" target=\"_blank\" rel=\"noopener noreferrer\">cliquer ici<\/a>.<\/p>\n<h3>Autorisation<\/h3>\n<p><a href=\"https:\/\/cpa.ca\/fr\/adhesion\/revuesdelascp\/copyright-permission-requests\/\">l\u2019autorisation d\u2019utiliser un document prot\u00e9g\u00e9<\/a><br \/>\n<!--<a target=\"_blank\" href=\"\/docs\/File\/Publications\/COPYRIGHTPERMISSIONREQUESTFORM_April2019French.pdf\" onclick=\"_gaq.push([\u2018_trackEvent\u2019,\u2019Download\u2019,\u2019PDF\u2019,this.href]);\" rel=\"noopener noreferrer\">Formulaire de demande d'autorisation de droit d'auteur<\/a>--><\/p>\n<p>Pour obtenir l\u2019autorisation d\u2019utiliser un document prot\u00e9g\u00e9 par un droit d\u2019auteur, qui a \u00e9t\u00e9 publi\u00e9 par la Soci\u00e9t\u00e9 canadienne de psychologie (SCP) (c.-\u00e0-d., texte, tests ou portions de tests, tableaux ou figures), veuillez remplir le formulaire et envoyer celui-ci \u00e0 l\u2019adresse <a href=\"mailto:permissions@cpa.ca\" target=\"_blank\" rel=\"noopener noreferrer\">permissions@cpa.ca<\/a>. Vous pouvez faire parvenir vos questions \u00e0 <a href=\"mailto:permissions@cpa.ca\" target=\"_blank\" rel=\"noopener noreferrer\">permissions@cpa.ca<\/a> ou composer le 613-237-2144, poste 1323; num\u00e9ro sans frais (au Canada) : 1-888-472-0657 poste 1323.<\/p>\n<p>Les frais d\u2019autorisation de droit d\u2019auteur sont de 50 $, plus les taxes en vigueur. La SCP exige le paiement complet avant de traiter la demande et de d\u00e9livrer l\u2019autorisation de droit d\u2019auteur. Seuls les paiements par Visa et MasterCard sont accept\u00e9s.<\/p>\n<p>L\u2019autorisation est accord\u00e9e pour un seul usage. Si vous voulez utiliser plus d\u2019une fois l\u2019article qui fait l\u2019objet de votre demande, veuillez en informer la SCP.<\/p>\n<p>Veuillez noter que tous les droits sont r\u00e9serv\u00e9s, y compris la publication, la retransmission, la diffusion, la publication dans un groupe de discussion, etc. La reproduction ou la redistribution est interdite, \u00e0 moins d\u2019en avoir obtenu pr\u00e9alablement l\u2019autorisation \u00e9crite. Toute distribution, transmission ou publication non autoris\u00e9e est strictement interdite.<\/p>\n<p><!--\n\n\n<h3>Autorisation<\/h3>\n\n\nPour obtenir la permission d&rsquo;utiliser des textes d&eacute;j&agrave; publi&eacute;s, des tests ou des parties de test, des tableaux ou des figures veuillez communiquer avec nous par courriel &agrave; l&rsquo;adresse <a href=\"mailto:permissions@cpa.ca\">permissions@cpa.ca<\/a> ou par t&eacute;l&eacute;phone au 613-237-2144, poste 1300 ou au num&eacute;ro sans frais: 1-888-472-0657, poste 1300.\n\nVeuillez noter que tous les droits sont r&eacute;serv&eacute;s, y compris la publication, la transmission, la diffusion, la publication sur des forums, etc. La reproduction ou la redistribution sont interdites, &agrave; moins d&rsquo;avoir re&ccedil;u une autorisation au pr&eacute;alable. La distribution, la transmission ou la publication non autoris&eacute;e est strictement interdite. Les frais d&rsquo;autorisation sont de 50 $ plus les taxes en vigueur et les paiements peuvent &ecirc;tre effectu&eacute;s par VISA ou MasterCard uniquement. Les permissions sont accord&eacute;es pour un seul usage. Si vous aimeriez demander la permission de vous servir du m&ecirc;me article plus d'une fois, veuillez aviser la SCP.\n\n--><!--\n\nPour obtenir l'autorisation de texte, de tests ou de portions de tests, de tableaux ou de figures qui ont d&eacute;j&agrave; &eacute;t&eacute; publi&eacute;s, veuillez vous adresser &agrave;&nbsp;<a href=\"mailto:permissions@cpa.ca\">permissions@cpa.ca<\/a>.&nbsp;\n\n--><\/p>\n<h3>Pour vous abonner aux revues de la SCP<\/h3>\n<p>Les membres de la SCP qui souhaitent s\u2019abonner aux revues de la SCP doivent communiquer avec les\u00a0<a href=\"mailto:membership@cpa.ca?subject=Revues%20de%20la%20SCP\">services aux membres de la SCP<\/a>.<br \/>\nLes \u00e9tablissements et les non-membres qui d\u00e9sirent s\u2019abonner aux revues de la SCP peuvent communiquer avec le\u00a0<a href=\"mailto:subscriptions@apa.ca?subject=Revues%20de%20la%20SCP\">service des abonnements de l\u2019APA<\/a>.<br \/>\nVeuillez noter que les abonnements sont offerts uniquement sur une base annuelle (de janvier \u00e0 d\u00e9cembre).<\/p>\n<p>Les tarifs d\u2019abonnement en vigueur se trouvent ici\u00a0:<\/p>\n<ul>\n<li>Psychologie canadienne \u2013\u00a0<a href=\"https:\/\/www.apa.org\/pubs\/journals\/cap\/pricing\" target=\"_blank\" rel=\"noopener\">https:\/\/www.apa.org\/pubs\/journals\/cap\/pricing<\/a><\/li>\n<li>Revue canadienne des sciences du comportement \u2013\u00a0<a href=\"https:\/\/www.apa.org\/pubs\/journals\/cbs\/pricing\" target=\"_blank\" rel=\"noopener\">https:\/\/www.apa.org\/pubs\/journals\/cbs\/pricing<\/a><\/li>\n<li>Revue canadienne de psychologie exp\u00e9rimentale \u2013\u00a0<a href=\"https:\/\/www.apa.org\/pubs\/journals\/cep\/pricing\" target=\"_blank\" rel=\"noopener\">https:\/\/www.apa.org\/pubs\/journals\/cep\/pricing<\/a><\/li>\n<\/ul>\n<p><strong><em>Remarque\u00a0:<\/em><\/strong><em> avec leur adh\u00e9sion \u00e0 la SCP, les membres de la SCP peuvent choisir de recevoir un abonnement gratuit \u00e0 <\/em>Psychologie canadienne<em> et choisir soit la <\/em>Revue canadienne de psychologie exp\u00e9rimentale<em>, soit la <\/em>Revue canadienne des sciences du comportement<em>. Les membres peuvent choisir de recevoir les versions imprim\u00e9es ou \u00e9lectroniques des revues. Ceux qui sont abonn\u00e9s aux versions \u00e9lectroniques peuvent acc\u00e9der aux revues dans la <\/em><a href=\"https:\/\/secure.cpa.ca\/apps\/Pages\/PsycNET\"><em>section r\u00e9serv\u00e9e aux membres de la SCP<\/em><\/a><em>.<\/em><!--------Les membres de la SCP qui veulent obtenir un abonnement aux revues de la SCP peuvent communiquer avec le <a href=\"mailto:membership@cpa.ca\">service aux membres de la SCP<\/a>.\nLes institutions et les personnes qui ne sont pas membres de la SCP et qui veulent obtenir un abonnement aux revues de la SCP, doivent communiquer avec le <a href=\"mailto:subscriptions@apa.ca\">D\u00e9partement des abonnements \u00e0 l\u2019APA<\/a>.\nPri\u00e8re de noter que les abonnements ne sont disponibles que par ann\u00e9e civile (de janvier \u00e0 d\u00e9cembre).\n\nLes tarifs en vigueur sont les suivants :\n\n\n<table border=\"1\" summary=\"\" width=\"500\" cellspacing=\"0\" cellpadding=\"5\">\n\n\n<tbody>\n\n\n<tr valign=\"top\">\n\n\n<td><strong>Individu au Canada:<\/strong><\/td>\n\n\n\n\n<td valign=\"top\">\n\n\n<ul>\n \t\n\n<li>119.00$ CAN + TPS\/TVH<\/li>\n\n\n<\/ul>\n\n\n<\/td>\n\n\n<\/tr>\n\n\n\n\n<tr valign=\"top\">\n\n\n<td><strong>Individu non membre :<\/strong><\/td>\n\n\n\n\n<td valign=\"top\">\n\n\n<ul>\n \t\n\n<li>116.00 $ U.S. national<\/li>\n\n\n \t\n\n<li>143.00 $ \u00e9tranger<\/li>\n\n\n \t\n\n<li>154.00 $ par avion<\/li>\n\n\n<\/ul>\n\n\n<\/td>\n\n\n<\/tr>\n\n\n\n\n<tr valign=\"top\">\n\n\n<td><strong>Abonnement institutionnel au\u00a0Canada :\u00a0<\/strong><\/td>\n\n\n\n\n<td valign=\"top\">\n\n\n<ul>\n \t\n\n<li>289.00 $ CAN + TPS\/TVH<\/li>\n\n\n<\/ul>\n\n\n<\/td>\n\n\n<\/tr>\n\n\n\n\n<tr valign=\"top\">\n\n\n<td>&nbsp;\n\n<strong>Abonnement institutionnel au \u00c9tats-Unis :<\/strong>\n\n&nbsp;<\/td>\n\n\n\n\n<td valign=\"top\">\n\n\n<ul>\n \t\n\n<li>281.00 $ U.S.\u00a0national<\/li>\n\n\n \t\n\n<li>326.00 $ \u00e9tranger<\/li>\n\n\n \t\n\n<li>339.00 $ par avion<\/li>\n\n\n<\/ul>\n\n\n<\/td>\n\n\n<\/tr>\n\n\n\n\n<tr valign=\"top\">\n\n\n<td><strong>Membre de l'APA :<\/strong><\/td>\n\n\n\n\n<td valign=\"top\">\n\n\n<ul>\n \t\n\n<li>83.00 $ U.S.<\/li>\n\n\n<\/ul>\n\n\n<\/td>\n\n\n<\/tr>\n\n\n\n\n<tr valign=\"top\">\n\n\n<td colspan=\"2\">Notez que les membres de la Soci\u00e9t\u00e9 canadienne de psychologie ont un abonnement aux revues avec leur adh\u00e9sion \u00e0 la SCP. Les membres de la SCP peuvent \u00e9galement voir les revues de la SCP en ligne. Les membres de la SCP sont pri\u00e9s de se rendre au site <a href=\"https:\/\/secure.cpa.ca\/apps\/Pages\/PsycNET\" target=\"_blank\" rel=\"noopener noreferrer\">page Journaux de la SCP<\/a>.<\/td>\n\n\n<\/tr>\n\n\n<\/tbody>\n\n\n<\/table>\n\n\n--------------------><!-------------------------------------------\n\n\n<h3><span data-mce-type=\"bookmark\" style=\"display: inline-block; width: 0px; overflow: hidden; line-height: 0;\" class=\"mce_SELRES_start\"><\/span>Pour faire de la publicit\u00e9 dans les revues de la SCP<\/h3>\n\n\nS'adresser \u00e0 :\n\nDouglas Constant\nJournal Advertising Sales\nAmerican Psychological Association\n750 First Street, NE\nWashington, DC 20002-4242\nT\u00e9l\u00e9phone : (202) 336-5574\nT\u00e9l\u00e9copieur :\u00a0(202) 216-7610\nCourriel :\u00a0<a href=\"mailto:dconstant@apa.org\">dconstant@apa.org<\/a>\n\n\n<h3>Tarifs de publicit\u00e9 dans les revues<\/h3>\n\n\n\n\n<ul>\n \t\n\n<li><a href=\"http:\/\/www.apa.org\/ads\/journals\/cap.aspx\">Psychologie canadiene<\/a><\/li>\n\n\n \t\n\n<li><a href=\"http:\/\/www.apa.org\/ads\/journals\/cep.aspx\">Revue canadienne de psychologie exp\u00e9rimentale<\/a><\/li>\n\n\n \t\n\n<li><a href=\"http:\/\/www.apa.org\/ads\/journals\/cbs.aspx\">Revue canadienne des sciences du comportement<\/a><\/li>\n\n\n<\/ul>\n\n\n-----------------------------------><!---------\n\n\n<h3><span class=\"subtitle\">Lignes directrices pour les r\u00e9dacteurs en chef des revues de la SCP<\/span><\/h3>\n\n\nLes lignes directrices sont actuellement en cours de r\u00e9vision.----------------------------------------------><\/p>\n<h3>Instructions \u00e0 l\u2019intention des auteurs<\/h3>\n<p><!-----------------------------------------------\nVeuillez consulter les\u00a0<a href=\"http:\/\/www.apa.org\/pubs\/authors\/instructions.aspx\" target=\"_blank\" rel=\"noopener noreferrer\"><span data-mce-type=\"bookmark\" style=\"display: inline-block; width: 0px; overflow: hidden; line-height: 0;\" class=\"mce_SELRES_start\"><\/span>Journals Manuscript Submission Instructions\u00a0for all Authors<\/a> de l'APA pour information concernant la pr\u00e9paration des manuscrits, la pr\u00e9sentation du mat\u00e9riel suppl\u00e9mentaire, des r\u00e9sum\u00e9s et des mots cl\u00e9s, des r\u00e9f\u00e9rences, des figures, des autorisations, des politiques de publication et des principes d\u00e9ontologiques.\n\nLes manuscrits devraient \u00eatre pr\u00e9sent\u00e9s par voie \u00e9lectronique par le portail de pr\u00e9sentation des manuscrits.\n\nLe format de fichier devrait \u00eatre le Portable Document\u00a0Format (.pdf), Rich Text Format (.rtf), ou fichier Microsoft Word\u00a0(.doc). Le fichier doit correspondre exactement, \u00e0 tous les \u00e9gards et dans un seul fichier, \u00e0 la version imprim\u00e9e du manuscrit de style APA au complet.\n\nEn pr\u00e9sentant les manuscrits, en plus des adresses postales et des num\u00e9ros de t\u00e9l\u00e9phone, les auteurs doivent indiquer leurs adresses courriel, leurs num\u00e9ros de t\u00e9l\u00e9phone et les num\u00e9ros de t\u00e9l\u00e9copieur qui pourraient servir au bureau de la r\u00e9daction et ultimement au bureau de la production.\n\nLes auteurs devraient conserver une copie de sauvegarde de leur manuscrit.-------------------------------><\/p>\n<p>Veuillez visiter la page Web de la revue \u00e0 laquelle vous souhaitez soumettre un article pour obtenir les directives et les instructions \u00e0 suivre pour proposer un article\u00a0:<br \/>\n<a href=\"https:\/\/www.apa.org\/pubs\/journals\/cbs\" target=\"_blank\" rel=\"noopener\">Revue canadienne des Sciences du comportement<\/a><br \/>\n<a href=\"https:\/\/www.apa.org\/pubs\/journals\/cep\" target=\"_blank\" rel=\"noopener\">Revue canadienne de Psychologie exp\u00e9rimentale<\/a><br \/>\n<a href=\"https:\/\/www.apa.org\/pubs\/journals\/cap\" target=\"_blank\" rel=\"noopener\">Psychologie canadienne<\/a><br \/>\n<!----------\n\n<h3>Langue du manuscrit<\/h3>\n\n\nLes manuscrits peuvent \u00eatre pr\u00e9sent\u00e9s en fran\u00e7ais ou en anglais.-------------><\/p>\n<h3>Publication sur Internet<\/h3>\n<p>Si un article n\u2019a pas encore \u00e9t\u00e9 publi\u00e9, son auteur peut le distribuer sur Internet ou l\u2019afficher sur un site Web, mais il doit mentionner la date sur le document et indiquer que celui-ci n\u2019a pas encore \u00e9t\u00e9 publi\u00e9 et ne constitue donc pas un ouvrage de r\u00e9f\u00e9rence faisant autorit\u00e9 (p.\u00a0ex., \u00ab\u00a0version provisoire\u00a01.3, 1\/5\/25. Ce document n\u2019a pas \u00e9t\u00e9 examin\u00e9 par les pairs.\u00a0\u00bb).<\/p>\n<p>Les auteurs d\u2019un article publi\u00e9 dans les revues de la SCP \u2013 le document faisant autorit\u00e9, c\u2019est-\u00e0-dire le document \u00e9valu\u00e9 par les pairs publi\u00e9 \u2013 peuvent publier une copie du manuscrit final, tel qu\u2019accept\u00e9 pour publication, sous forme de fichier texte, de fichier PDF ou d\u2019un autre type de fichier, sur leur site Web personnel, sur le serveur de leur employeur, dans le d\u00e9p\u00f4t d\u2019archives de leur \u00e9tablissement, dans un d\u00e9p\u00f4t d\u2019articles en pr\u00e9publication, comme le serveur d\u2019articles en pr\u00e9publication d\u00e9sign\u00e9 de l\u2019APA PsyArXiv, dans les gestionnaires de r\u00e9f\u00e9rences (p.\u00a0ex., Mendeley) et sur les r\u00e9seaux sociaux des auteurs (p. ex., Academia.edu, ResearchGate) une fois qu\u2019il a \u00e9t\u00e9 accept\u00e9 pour publication.<\/p>\n<p>Pour publier un article sur Internet, les conditions suivantes doivent pr\u00e9valoir\u00a0:<\/p>\n<ul>\n<li>La copie de la version en pr\u00e9publication du manuscrit doit comporter un avis de droit d\u2019auteur attestant que la SCP en est le titulaire et comprendre un lien conduisant vers le document faisant autorit\u00e9 en utilisant l\u2019identificateur d\u2019objet num\u00e9rique (DOI) de l\u2019article, qui se trouve \u00e0 la premi\u00e8re page de l\u2019article publi\u00e9, dans le coin sup\u00e9rieur droit.<\/li>\n<li>De plus, la copie de la version en pr\u00e9publication du manuscrit doit inclure la d\u00e9claration suivante\u00a0: \u00ab\u00a0Cet article ne constitue pas la version officielle, et peut diff\u00e9rer de la version publi\u00e9e dans la revue de la SCP. L\u2019article final est disponible, lors de sa publication, \u00e0 l\u2019adresse suivante\u00a0: [DOI de l\u2019article]\u00a0\u00bb.<\/li>\n<li>Les auteurs qui ont publi\u00e9 leur manuscrit dans des archives de pr\u00e9publication, comme PsyArXiv, avant de soumettre leur article \u00e0 la revue doivent inclure un lien conduisant \u00e0 l\u2019article en pr\u00e9publication dans la note de l\u2019auteur.<\/li>\n<li>Ni la SCP ni l\u2019APA ne fournissent de copies \u00e9lectroniques du document faisant autorit\u00e9 aux auteurs pour qu\u2019ils les publient en ligne, et les auteurs ne sont pas autoris\u00e9s \u00e0 num\u00e9riser la version mise en page de l\u2019article publi\u00e9.<\/li>\n<li>Les auteurs ne sont pas autoris\u00e9s \u00e0 t\u00e9l\u00e9charger et subs\u00e9quemment \u00e0 publier la version mise en page de l\u2019article publi\u00e9.<\/li>\n<\/ul>\n<p>&nbsp;<\/p>\n<p><!--\n\n\n<h3>Editors&rsquo; Handbook: Publications Guidelines for CPA Journals<\/h3>\n\n\nWritten with the advice and approval of the Publications Committee of the CPA, the CPA has developed an <a target=\"_blank\" href=\"\/docs\/File\/Publications\/CPA_Publications_Guidelines_17March2015_FINAL.pdf\" onclick=\"_gaq.push([\u2018_trackEvent\u2019,\u2019Download\u2019,\u2019PDF\u2019,this.href]);\" rel=\"noopener noreferrer\">Editor&rsquo;s Handbook: Publications Guidelines for CPA&rsquo;s Journals<\/a>. The Publication Guidelines for CPA Journals apply to: the Editors of the CPA&rsquo;s three journals (<em>Canadian Psychology, Canadian Journal of Experimental Psychology, Canadian Journal of Behavioural Science<\/em>); the CPA Head Office staff; the CPA Board of Directors; and the CPA&rsquo;s Publications Committee.\n\n--><\/p>\n<p>&nbsp;<\/p>\n","protected":false},"excerpt":{"rendered":"<p><!--more--><\/p>\n","protected":false},"author":2,"featured_media":0,"parent":1414,"menu_order":0,"comment_status":"closed","ping_status":"closed","template":"","meta":{"_acf_changed":false,"_monsterinsights_skip_tracking":false,"_monsterinsights_sitenote_active":false,"_monsterinsights_sitenote_note":"","_monsterinsights_sitenote_category":0,"footnotes":""},"class_list":["post-2363","page","type-page","status-publish","hentry"],"acf":[],"aioseo_notices":[],"publishpress_future_workflow_manual_trigger":{"enabledWorkflows":[]},"_links":{"self":[{"href":"https:\/\/cpa.ca\/fr\/wp-json\/wp\/v2\/pages\/2363","targetHints":{"allow":["GET"]}}],"collection":[{"href":"https:\/\/cpa.ca\/fr\/wp-json\/wp\/v2\/pages"}],"about":[{"href":"https:\/\/cpa.ca\/fr\/wp-json\/wp\/v2\/types\/page"}],"author":[{"embeddable":true,"href":"https:\/\/cpa.ca\/fr\/wp-json\/wp\/v2\/users\/2"}],"replies":[{"embeddable":true,"href":"https:\/\/cpa.ca\/fr\/wp-json\/wp\/v2\/comments?post=2363"}],"version-history":[{"count":6,"href":"https:\/\/cpa.ca\/fr\/wp-json\/wp\/v2\/pages\/2363\/revisions"}],"predecessor-version":[{"id":44601,"href":"https:\/\/cpa.ca\/fr\/wp-json\/wp\/v2\/pages\/2363\/revisions\/44601"}],"up":[{"embeddable":true,"href":"https:\/\/cpa.ca\/fr\/wp-json\/wp\/v2\/pages\/1414"}],"wp:attachment":[{"href":"https:\/\/cpa.ca\/fr\/wp-json\/wp\/v2\/media?parent=2363"}],"curies":[{"name":"wp","href":"https:\/\/api.w.org\/{rel}","templated":true}]}}