{"id":2370,"date":"2016-12-15T15:44:27","date_gmt":"2016-12-15T20:44:27","guid":{"rendered":"https:\/\/cpa.ca\/adhesion\/avantagesdemembresdelascp\/cpajournals\/canadianpsychology\/"},"modified":"2026-02-11T15:50:39","modified_gmt":"2026-02-11T20:50:39","slug":"cp","status":"publish","type":"page","link":"https:\/\/cpa.ca\/fr\/adhesion\/revuesdelascp\/cp\/","title":{"rendered":"Psychologie canadienne\/Canadian Psychology"},"content":{"rendered":"<h4 style=\"text-align: center;\"><a class=\"RedButton\" href=\"https:\/\/www.apa.org\/pubs\/journals\/cap\" target=\"_blank\" rel=\"noopener noreferrer\">PsycAlert: Alerte par courriel concernant la parution des<br \/>\nnum\u00e9ros de Psychologie canadienne <em>Psychologie canadienne<\/em><\/a><!---<a href=\"http:\/\/notify.apa.org\/index.cfm?fuseaction=signup.stepone\" target=\"_blank\" rel=\"noopener noreferrer\"><img decoding=\"async\" src=\"\/docs\/Image\/banner\/PsycAlertFr.png\" alt=\"PsycAlert : Avis par courrier \u00e9lectronique\" border=\"0\" \/><\/a>---><\/h4>\n<p><em>Vous pouvez vous inscrire afin de recevoir des notifications par courriel qui vous informeront de la publication de chaque num\u00e9ro de Psychologie canadienne. Ces notifications pr\u00e9ciseront le num\u00e9ro de la revue et seront accompagn\u00e9es d\u2019une table des mati\u00e8res. Pour vous inscrire \u00e0 ce service gratuit, rendez-vous sur la <\/em><a href=\"https:\/\/www.apa.org\/pubs\/journals\/cap\" target=\"_blank\" rel=\"noopener\"><em>page Web de Psychologie canadienne<\/em><\/a><em> et saisissez les renseignements demand\u00e9s sous \u00ab\u00a0Journal Alert\u00a0\u00bb \u00e0 droite de la page. Vous pouvez \u00e9galement vous inscrire aux notifications de publication par l\u2019interm\u00e9diaire du <\/em><a href=\"https:\/\/preferences.apa.org\/\" target=\"_blank\" rel=\"noopener\"><em>centre de gestion des abonnements aux notifications par courriel<\/em><\/a> de l\u2019APA.<\/p>\n<hr \/>\n<div class=\"section-title spotlight\" style=\"padding: 10px 10px;\">\n<h2 class=\"section-title--text\">D\u00e9claration de port\u00e9e de la revue<\/h2>\n<\/div>\n<p><a href=\"https:\/\/www.apa.org\/pubs\/journals\/cap\" target=\"_blank\" rel=\"noopener\"><em>Psychologie canadienne<\/em><\/a> publie des articles g\u00e9n\u00e9ralistes dans les domaines de la th\u00e9orie, de la recherche, de la pratique, de l\u2019\u00e9ducation et des politiques qui sont susceptibles d\u2019int\u00e9resser un large \u00e9ventail de psychologues. La revue publie des revues syst\u00e9matiques (y compris des m\u00e9ta-analyses) et des revues de la litt\u00e9rature pertinentes pour la th\u00e9orie ou la recherche dans des domaines de recherche fondamentale et appliqu\u00e9e, par exemple, neuroscience humaine et non humaine, cognition, perception, histoire de la psychologie, syst\u00e8mes th\u00e9oriques, psychologie quantitative, du d\u00e9veloppement, sociale, de la personnalit\u00e9, clinique, du counseling, p\u00e9dagogique et scolaire, industrielle\/organisationnelle, communautaire, ainsi que l\u2019enseignement et l\u2019apprentissage.<\/p>\n<p>Les contributions originales et empiriques sont les bienvenues si elles impliquent un travail \u00e0 grande \u00e9chelle et si la recherche pr\u00e9sente un int\u00e9r\u00eat direct pour la discipline dans son ensemble.<\/p>\n<p>Les commentaires et articles traitant de questions professionnelles et les \u00e9tudes de cas illustrant des principes th\u00e9oriques ou des probl\u00e8mes professionnels sont \u00e9galement pertinents. Dans tous les cas, le manuscrit doit \u00eatre pertinent pour un public g\u00e9n\u00e9raliste et aborder les implications pour le domaine concern\u00e9.<\/p>\n<p>Les manuscrits ayant un lien direct avec le contexte canadien sont \u00e9galement les bienvenus; les auteurs doivent toutefois s\u2019assurer que leur article pr\u00e9sente un int\u00e9r\u00eat g\u00e9n\u00e9ral. <em>Psychologie canadienne<\/em> accepte les propositions d\u2019articles en anglais ou en fran\u00e7ais.<\/p>\n<div style=\"padding: 10px; margin: 5px; border: thin maroon solid;\">\n<h3><a href=\"\/docs\/File\/Publications\/20_222_310_Graduate Student Reviewer Mentorship Program-FR.pdf\" target=\"_blank\" rel=\"noopener noreferrer\">Programme de mentorat en r\u00e9vision d\u2019articles pour les \u00e9tudiants dipl\u00f4m\u00e9s<\/a><\/h3>\n<p>&nbsp;<\/p>\n<\/div>\n<p><!---\n<em>Psychologie canadienne\/Canadian Psychology<\/em> est publi\u00e9e \u00e0 tous les trimestres (f\u00e9vrier, mai, ao\u00fbt, novembre).\n\nPour faire de la publicit\u00e9, <a href=\"http:\/\/www.apa.org\/ads\/print\/journals\/cap.aspx\" target=\"_blank\" rel=\"noopener noreferrer\">cliquez ici<\/a>.\n\nPour voir la table des mati\u00e8res,\u00a0<a href=\"http:\/\/www.apa.org\/pubs\/journals\/cap\/index.aspx\" target=\"_blank\" rel=\"noopener noreferrer\">cliquez ici<\/a>.\n\nSi vous \u00eates membre de SCP, <a href=\"https:\/\/secure.cpa.ca\/Apps\/frPages\/APA-PsycNET-185\" target=\"_blank\" rel=\"noopener noreferrer\">cliquez ici<\/a> pour authentifier votre statut de membre et acc\u00e9der aux articles en texte int\u00e9gral au format PDF ou HTML.------><\/p>\n<hr \/>\n<div class=\"section-title spotlight\" style=\"padding: 10px 10px;\">\n<h2 class=\"section-title--text\">\u00c9quipe de r\u00e9daction\u00a0:<\/h2>\n<\/div>\n<table border=\"0\" width=\"700\" cellspacing=\"0\" cellpadding=\"5\">\n<tbody>\n<tr>\n<td valign=\"top\">R\u00e9dacteur en chef<\/td>\n<td valign=\"top\"><a href=\"mailto:dsaklofs@uwo.ca\">Donald Saklofske<\/a>, Ph.D., University of Western Ontario<\/td>\n<\/tr>\n<tr>\n<td valign=\"top\">R\u00e9dacteur en chef associ\u00e9s :<\/td>\n<td valign=\"top\"><a href=\"mailto:godbout.natacha@uqam.ca\">Natacha Godbout<\/a>, Ph.D., University of Quebec in Montreal-UQAM<br \/>\n<a href=\"mailto:sharped@uregina.ca\">Donald Sharpe<\/a>, Ph.D., University of Regina<br \/>\n<a href=\"mailto:gflett@yorku.ca\">Gordon Flett<\/a>, Ph.D., York University<\/td>\n<\/tr>\n<tr>\n<td valign=\"top\">R\u00e9dacteur administratif\u00a0:<\/td>\n<td valign=\"top\"><a href=\"mailto:science@cpa.ca\">Lauren Thompson<\/a>, Ph.D., Soci\u00e9t\u00e9 canadienne de psychologie<\/td>\n<\/tr>\n<\/tbody>\n<\/table>\n<hr \/>\n<div class=\"section-title spotlight\" style=\"padding: 10px 10px;\">\n<h2 class=\"section-title--text\">Nouvelles<\/h2>\n<\/div>\n<div id=\"cptui\" class=\"cptui-shortcode default-shortcode cptui-shortcode-378\">\n\t\n\t\t<div id=\"cptui-43000\" class=\"cptui-entry post-43000 post type-post status-publish format-standard hentry category-cp-news category-cp-news-fr category-journals category-journaux\">\n\n\t\t\t\n\t\t\t<div class=\"cptui-entry-header\">\n\n\t\t\t\t\n\t\t\t\t<h4 class=\"cptui-entry-title\"><a class=\"cptui-link\" href=\"https:\/\/cpa.ca\/fr\/2024-best-article-award-canadian-psychology-psychologie-canadienne\/\">Prix du meilleur article\u00a02024<em>,<\/em> <em>Psychologie canadienne<\/em>.<\/a><\/h4>\n\n\t\t\t\t\n\t\t\t<\/div><!-- .cptui-entry-header -->\n\n\t\t\t<div class=\"cptui-entry-summary\">\n\n\t\t\t\t\n\t\t\t\t<p>F\u00e9licitations \u00e0 Heather K. Gower et Graham Gaine pour leur article intitul\u00e9 <em>Ethics of psychotherapy rationing: A review of ethical and regulatory documents in Canadian professional psychology <\/em>(2024, volume\u00a065, n<sup>o<\/sup>\u00a01, 15-27), qui a remport\u00e9 le Prix du meilleur article\u00a02024 paru dans <em>Psychologie canadienne.<\/em><\/p>\n<p>L\u2019\u00e9quipe de r\u00e9daction de <em>Psychologie canadienne<\/em> propose des articles pour ce prix, qui sont ensuite \u00e9valu\u00e9s par le conseil d\u2019administration de la SCP repr\u00e9sentant la science, la pratique et l\u2019\u00e9ducation.<\/p>\n<p>Il est d\u00e9sormais possible de <strong>lire gratuitement<\/strong> cet article; pour y acc\u00e9der, cliquez <a href=\"https:\/\/psycnet.apa.org\/fulltext\/2024-24111-001.html\" target=\"_blank\">ici<\/a>.<\/p>\n<hr \/>\n\n\t\t\t\t\n\t\t\t<\/div><!-- .cptui-entry-summary -->\n\n\t\t<\/div><!-- #cptui-xxxxx .cptui-entry -->\n\n\t\t\n\t\t<div id=\"cptui-31636\" class=\"cptui-entry post-31636 post type-post status-publish format-standard hentry category-cp-news-fr\">\n\n\t\t\t\n\t\t\t<div class=\"cptui-entry-header\">\n\n\t\t\t\t\n\t\t\t\t<h4 class=\"cptui-entry-title\"><a class=\"cptui-link\" href=\"https:\/\/cpa.ca\/fr\/introducing-the-editor-of-canadian-psychology-dr-saklofske\/\">Introducing the editor of Canadian Psychology, Dr. Saklofske!<\/a><\/h4>\n\n\t\t\t\t\n\t\t\t<\/div><!-- .cptui-entry-header -->\n\n\t\t\t<div class=\"cptui-entry-summary\">\n\n\t\t\t\t\n\t\t\t\t<p><img decoding=\"async\" class=\"textwrapright\" style=\"max-height: 200px;\" src=\"https:\/\/www.apa.org\/images\/index-editor-spotlight-cap-saklofske_tcm7-306198_w1024_n.jpg\" alt=\"Don Saklofske, PhD\" \/>\u201cPsychology journals need to be more than repositories for psychological findings and forums exclusively for psychologists and allied professionals: They must also ensure that what psychology can contribute to society at large is readily transferable to and accessible by the wider public. Thus, the true impact of\u00a0<i>Canadian Psychology<\/i>\u00a0will be not just how psychology as a science and a profession is served by the published articles but also how the world at large is informed about and benefits from the knowledge presented in the journal.\u201d<\/p>\n<p>\u2014Don Saklofske, PhD<br \/>\nEditor of\u00a0<i>Canadian Psychology\u00a0<\/i><\/p>\n<p><b><a href=\"https:\/\/www.apa.org\/pubs\/highlights\/editor-spotlight\/cap-saklofske?utm_campaign=apa_publishing&amp;utm_medium=direct_email&amp;utm_source=businessdevelopment&amp;utm_content=canadian-psychological-association_cap_editorspotlight_07202022&amp;utm_term=btn_top_continuereading\" target=\"_blank\" rel=\"noopener\">CONTINUE READING<\/a><\/b> <\/p>\n<hr \/>\n\n\t\t\t\t\n\t\t\t<\/div><!-- .cptui-entry-summary -->\n\n\t\t<\/div><!-- #cptui-xxxxx .cptui-entry -->\n\n\t\t<\/div>\n","protected":false},"excerpt":{"rendered":"<p><!--more--><\/p>\n","protected":false},"author":2,"featured_media":0,"parent":2363,"menu_order":0,"comment_status":"closed","ping_status":"closed","template":"","meta":{"_acf_changed":false,"_monsterinsights_skip_tracking":false,"_monsterinsights_sitenote_active":false,"_monsterinsights_sitenote_note":"","_monsterinsights_sitenote_category":0,"footnotes":""},"class_list":["post-2370","page","type-page","status-publish","hentry"],"acf":[],"aioseo_notices":[],"publishpress_future_workflow_manual_trigger":{"enabledWorkflows":[]},"_links":{"self":[{"href":"https:\/\/cpa.ca\/fr\/wp-json\/wp\/v2\/pages\/2370","targetHints":{"allow":["GET"]}}],"collection":[{"href":"https:\/\/cpa.ca\/fr\/wp-json\/wp\/v2\/pages"}],"about":[{"href":"https:\/\/cpa.ca\/fr\/wp-json\/wp\/v2\/types\/page"}],"author":[{"embeddable":true,"href":"https:\/\/cpa.ca\/fr\/wp-json\/wp\/v2\/users\/2"}],"replies":[{"embeddable":true,"href":"https:\/\/cpa.ca\/fr\/wp-json\/wp\/v2\/comments?post=2370"}],"version-history":[{"count":6,"href":"https:\/\/cpa.ca\/fr\/wp-json\/wp\/v2\/pages\/2370\/revisions"}],"predecessor-version":[{"id":46221,"href":"https:\/\/cpa.ca\/fr\/wp-json\/wp\/v2\/pages\/2370\/revisions\/46221"}],"up":[{"embeddable":true,"href":"https:\/\/cpa.ca\/fr\/wp-json\/wp\/v2\/pages\/2363"}],"wp:attachment":[{"href":"https:\/\/cpa.ca\/fr\/wp-json\/wp\/v2\/media?parent=2370"}],"curies":[{"name":"wp","href":"https:\/\/api.w.org\/{rel}","templated":true}]}}