{"id":2375,"date":"2017-05-24T15:51:28","date_gmt":"2017-05-24T19:51:28","guid":{"rendered":"https:\/\/cpa.ca\/adhesion\/avantagesdemembresdelascp\/cpajournals\/cjbs\/"},"modified":"2026-02-11T15:44:59","modified_gmt":"2026-02-11T20:44:59","slug":"cjbs","status":"publish","type":"page","link":"https:\/\/cpa.ca\/fr\/adhesion\/revuesdelascp\/cjbs\/","title":{"rendered":"Revue canadienne des sciences du comportement (RCSC)"},"content":{"rendered":"<h4 style=\"text-align: center;\"><a class=\"RedButton\" href=\"http:\/\/notify.apa.org\/index.cfm?fuseaction=signup.stepone\" target=\"_blank\" rel=\"noopener noreferrer\">PsycAlert: Alerte par courriel concernant la parution des<br \/>\nnum\u00e9ros de <em>RCSC<\/em><\/a><!--<a href=\"http:\/\/notify.apa.org\/index.cfm?fuseaction=signup.stepone\" target=\"_blank\" rel=\"noopener noreferrer\"><img decoding=\"async\" src=\"\/\/cpa.ca\/docs\/Image\/banner\/PsycAlertFr.png\" alt=\"PsycAlert : Avis par courrier \u00e9lectronique\" border=\"0\" \/><\/a>---><\/h4>\n<p><em>Vous pouvez vous inscrire afin de recevoir des notifications par courriel qui vous informeront de la publication de chaque num\u00e9ro de la Revue canadienne des sciences du comportement. Ces notifications pr\u00e9ciseront le num\u00e9ro de la revue et seront accompagn\u00e9es d\u2019une table des mati\u00e8res. Pour vous inscrire \u00e0 ce service gratuit, rendez-vous sur la <\/em><a href=\"https:\/\/www.apa.org\/pubs\/journals\/cbs\" target=\"_blank\" rel=\"noopener\"><em>page Web de la Revue canadienne des sciences du comportement<\/em><\/a><em> et saisissez les renseignements demand\u00e9s sous \u00ab\u00a0Journal Alert\u00a0\u00bb \u00e0 droite de la page. Vous pouvez \u00e9galement vous inscrire aux notifications de publication par l\u2019interm\u00e9diaire du <\/em><a href=\"https:\/\/preferences.apa.org\/\" target=\"_blank\" rel=\"noopener\"><em>centre de gestion des abonnements aux notifications par courriel<\/em><\/a> de l\u2019APA<em>.<\/em><\/p>\n<hr \/>\n<div class=\"section-title spotlight\" style=\"padding: 10px 10px;\">\n<h2 class=\"section-title--text\">D\u00e9claration de port\u00e9e de la revue<\/h2>\n<\/div>\n<p>La <em>Revue canadienne des sciences du comportement<\/em> publie des recherches empiriques originales dans les sph\u00e8res suivantes de la psychologie\u00a0:<\/p>\n<ul>\n<li>Psychologie sociale (famille et relations, \u00e9ducation des enfants, personnalit\u00e9, communaut\u00e9, attitudes et comportements)<\/li>\n<li>Psychologie du d\u00e9veloppement tout au long de la vie (enfants et jeunes, vieillissement, a\u00een\u00e9s\/personnes \u00e2g\u00e9es)<\/li>\n<li>Psychop\u00e9dagogie et psychologie scolaire (r\u00e9ussite scolaire, \u00e9valuation, cognition)<\/li>\n<li>Psychologie du travail et des organisations (gestion, performance de groupe, r\u00e9solution de conflits)<\/li>\n<li>Psychologie clinique et anormale (d\u00e9pression, psychopathologie, neuropsychologie, counseling)<\/li>\n<li>Psychologie de l\u2019environnement (climat, environnement b\u00e2ti, \u00e9clairage)<\/li>\n<li>Diversit\u00e9, \u00e9quit\u00e9 et inclusion (genre, orientation sexuelle et identit\u00e9 de genre)<\/li>\n<\/ul>\n<p>La revue, qui s\u2019int\u00e9resse \u00e0 la psychologie hors des laboratoires, dans la collectivit\u00e9, recherche des articles transversaux, c\u2019est-\u00e0-dire des articles qui abordent un th\u00e8me selon des perspectives multiples ou qui \u00e9tudient un sujet en tenant compte de diff\u00e9rents domaines de la psychologie. Selon le cas, la revue publiera des rapports sommaires ayant des implications th\u00e9oriques et pratiques, en particulier les rapports psychom\u00e9triques et les rapports qui pr\u00e9sentent des normes canadiennes ou des formulaires de tests standardis\u00e9s. Nous acceptons \u00e9galement les revues syst\u00e9matiques\/exploratoires et les m\u00e9ta-analyses li\u00e9es \u00e0 la science de l\u2019\u00e9tude du comportement, \u00e0 condition qu\u2019elles respectent les meilleures pratiques (voir, par exemple, <a href=\"https:\/\/www.prisma-statement.org\/\" target=\"_blank\" rel=\"noopener\">PRISMA<\/a>; <a href=\"https:\/\/www.equator-network.org\/reporting-guidelines\/prisma-scr\/\" target=\"_blank\" rel=\"noopener\">PRISMA-SCR\/<\/a>).<\/p>\n<div class=\"section-title spotlight\" style=\"padding: 10px 10px;\">\n<h2 class=\"section-title--text\">\u00c9quipe de r\u00e9daction :<\/h2>\n<\/div>\n<table style=\"min-width: 600px;\" border=\"0\" cellspacing=\"0\" cellpadding=\"5\">\n<tbody>\n<tr>\n<td valign=\"top\">R\u00e9dacteur en chef\u00a0 :<\/td>\n<td valign=\"top\"><a href=\"mailto:annie.roy-charland@umoncton.ca\">Annie Roy-Charland<\/a>, Ph.D., Universit\u00e9 de Moncton<\/td>\n<\/tr>\n<tr>\n<td valign=\"top\">R\u00e9dacteur en chef associ\u00e9s :<\/td>\n<td valign=\"top\">\u00a0<a href=\"mailto:veronneau.marie-helene@uqam.ca\">Marie-H\u00e9lene V\u00e9ronneau<\/a>, Ph.D., Universit\u00e9 du Qu\u00e9bec \u00e0 Montr\u00e9al<br \/>\n<a href=\"mailto:pierre.cormier@umoncton.ca\">Pierre Cormier<\/a>, Ph.D., Universit\u00e9 de Moncton<\/td>\n<\/tr>\n<tr>\n<td valign=\"top\">R\u00e9dacteur administratif\u00a0:<\/td>\n<td valign=\"top\"><a href=\"mailto:Cscience@cpa.ca\">Lauren Thompson<\/a>, Ph.D., Soci\u00e9t\u00e9 canadienne de psychologie<\/td>\n<\/tr>\n<\/tbody>\n<\/table>\n","protected":false},"excerpt":{"rendered":"<p><!--more--><\/p>\n","protected":false},"author":2,"featured_media":0,"parent":2363,"menu_order":0,"comment_status":"closed","ping_status":"closed","template":"","meta":{"_acf_changed":false,"_monsterinsights_skip_tracking":false,"_monsterinsights_sitenote_active":false,"_monsterinsights_sitenote_note":"","_monsterinsights_sitenote_category":0,"footnotes":""},"class_list":["post-2375","page","type-page","status-publish","hentry"],"acf":[],"aioseo_notices":[],"publishpress_future_workflow_manual_trigger":{"enabledWorkflows":[]},"_links":{"self":[{"href":"https:\/\/cpa.ca\/fr\/wp-json\/wp\/v2\/pages\/2375","targetHints":{"allow":["GET"]}}],"collection":[{"href":"https:\/\/cpa.ca\/fr\/wp-json\/wp\/v2\/pages"}],"about":[{"href":"https:\/\/cpa.ca\/fr\/wp-json\/wp\/v2\/types\/page"}],"author":[{"embeddable":true,"href":"https:\/\/cpa.ca\/fr\/wp-json\/wp\/v2\/users\/2"}],"replies":[{"embeddable":true,"href":"https:\/\/cpa.ca\/fr\/wp-json\/wp\/v2\/comments?post=2375"}],"version-history":[{"count":6,"href":"https:\/\/cpa.ca\/fr\/wp-json\/wp\/v2\/pages\/2375\/revisions"}],"predecessor-version":[{"id":46219,"href":"https:\/\/cpa.ca\/fr\/wp-json\/wp\/v2\/pages\/2375\/revisions\/46219"}],"up":[{"embeddable":true,"href":"https:\/\/cpa.ca\/fr\/wp-json\/wp\/v2\/pages\/2363"}],"wp:attachment":[{"href":"https:\/\/cpa.ca\/fr\/wp-json\/wp\/v2\/media?parent=2375"}],"curies":[{"name":"wp","href":"https:\/\/api.w.org\/{rel}","templated":true}]}}