{"id":2384,"date":"2016-07-14T15:56:16","date_gmt":"2016-07-14T19:56:16","guid":{"rendered":"https:\/\/cpa.ca\/adhesion\/avantagesdemembresdelascp\/cpajournals\/cjep\/"},"modified":"2026-03-26T16:38:16","modified_gmt":"2026-03-26T20:38:16","slug":"cjep","status":"publish","type":"page","link":"https:\/\/cpa.ca\/fr\/adhesion\/revuesdelascp\/cjep\/","title":{"rendered":"Revue canadienne de psychologie exp\u00e9rimentale (RCPE)"},"content":{"rendered":"<h4 style=\"text-align: center;\"><a class=\"RedButton\" href=\"https:\/\/www.apa.org\/pubs\/journals\/cep\" target=\"_blank\" rel=\"noopener noreferrer\">PsycAlert: Alerte par courriel concernant la parution des<br \/>\nnum\u00e9ros de <em>RCPE<\/em><\/a><!--\n\n\n<h4 style=\"text-align: center;\"><a href=\"http:\/\/notify.apa.org\/index.cfm?fuseaction=signup.stepone\" target=\"_blank\" rel=\"noopener noreferrer\"><img decoding=\"async\" src=\"\/docs\/Image\/banner\/PsycAlertFr.png\" alt=\"PsycAlert : Avis par courrier \u00e9lectronique\" border=\"0\" \/><\/a>----><\/h4>\n<p style=\"font-style: italic;\"><em>Vous pouvez vous inscrire afin de recevoir des notifications par courriel qui vous informeront de la publication de chaque num\u00e9ro de la Revue canadienne de psychologie exp\u00e9rimentale. Ces notifications pr\u00e9ciseront le num\u00e9ro de la revue et seront accompagn\u00e9es d\u2019une table des mati\u00e8res. Pour vous inscrire \u00e0 ce service gratuit, rendez-vous sur <a href=\"https:\/\/www.apa.org\/pubs\/journals\/cep\" target=\"_blank\" rel=\"noopener\">la\u00a0page Web de la Revue canadienne de psychologie exp\u00e9rimentale<\/a>\u00a0et saisissez les renseignements demand\u00e9s sous \u00ab\u00a0Journal Alert\u00a0\u00bb \u00e0 droite de la page. Vous pouvez \u00e9galement vous inscrire aux notifications de publication par l\u2019interm\u00e9diaire du <a href=\"https:\/\/preferences.apa.org\/\" target=\"_blank\" rel=\"noopener\">centre de gestion des abonnements aux notifications par courriel<\/a>\u00a0de l\u2019APA.<\/em><\/p>\n<div class=\"section-title spotlight\" style=\"padding: 10px 10px;\">\n<h2 class=\"section-title--text\">D\u00e9claration de port\u00e9e de la revue :<\/h2>\n<\/div>\n<p>La\u00a0<a href=\"https:\/\/www.apa.org\/pubs\/journals\/cep\" target=\"_blank\" rel=\"noopener\"><em>Revue canadienne de psychologie exp\u00e9rimentale<\/em><\/a> publie des articles de recherche originaux qui font progresser la compr\u00e9hension du domaine de la psychologie exp\u00e9rimentale au sens large. Il s\u2019agit, sans s\u2019y limiter, des domaines de la cognition, de la perception, de la performance motrice, de l\u2019attention, de la m\u00e9moire, de l\u2019apprentissage, du langage, de la prise de d\u00e9cisions, du d\u00e9veloppement, de la psychologie compar\u00e9e et des neurosciences.<\/p>\n<p>La revue publie<\/p>\n<ul>\n<li>Des articles pr\u00e9sentant des recherches originales qui font progresser la compr\u00e9hension du domaine de la psychologie exp\u00e9rimentale au sens large;<\/li>\n<li>Des communications br\u00e8ves (3\u00a0000 mots) d\u00e9crivant de nouveaux r\u00e9sultats et analyses ayant une importance th\u00e9orique ou m\u00e9thodologique \u00e9vidente;<\/li>\n<li>Des comptes rendus qui pr\u00e9sentent une \u00e9valuation globale, int\u00e9grative et critique d\u2019un sujet relevant du mandat de la revue;<\/li>\n<li>Des \u00ab\u00a0Registered Reports\u00a0\u00bb (projets de recherche \u00e9valu\u00e9s par les pairs) (lire l\u2019\u00e9ditorial intitul\u00e9 \u00ab\u00a0Registered Reports\u00a0\u00bb publi\u00e9 dans le num\u00e9ro de mars 2019 pour obtenir plus de d\u00e9tails)<\/li>\n<\/ul>\n<div class=\"section-title spotlight\" style=\"padding: 10px 10px;\">\n<h2 class=\"section-title--text\">\u00c9quipe de r\u00e9daction\u00a0:<\/h2>\n<\/div>\n<table style=\"height: 244px;\" border=\"0\" width=\"702\" cellspacing=\"0\" cellpadding=\"5\">\n<tbody>\n<tr>\n<td valign=\"top\">R\u00e9dactrice en chef :<\/td>\n<td valign=\"top\"><a href=\"mailto:debra.titone@mcgill.ca\">Debra Titone<\/a>, Ph.D., McGill University<\/td>\n<\/tr>\n<tr>\n<td valign=\"top\">R\u00e9dactrice en chef associ\u00e9e\u00a0<span style=\"font-size: 12px;\">:<\/span><\/td>\n<td valign=\"top\"><a href=\"mailto:mafernan@uwaterloo.ca\">Myra Fernandes<\/a>, Ph.D., University of Waterloo<\/td>\n<\/tr>\n<tr>\n<td valign=\"top\">R\u00e9dacteurs en chef associ\u00e9 <span style=\"font-size: 12px;\">:<\/span><\/td>\n<td valign=\"top\"><a href=\"mailto:marcj@uwo.ca\">Marc Joanisse<\/a>, Ph.D., University of Western Ontario<br \/>\n<a href=\"mailto:mailto:bjdyson@ualberta.ca\">Ben Dyson<\/a>, Ph.D., University of Alberta<\/td>\n<\/tr>\n<tr>\n<td valign=\"top\">Directeur des services de r\u00e9daction\u00a0:<\/td>\n<td valign=\"top\"><a href=\"mailto:science@cpa.ca\">Lauren Thompson<\/a>, Ph.D., Soci\u00e9t\u00e9 canadienne de psychologie<\/td>\n<\/tr>\n<\/tbody>\n<\/table>\n<div class=\"section-title spotlight\" style=\"padding: 10px 10px;\">\n<h2 class=\"section-title--text\">Nouvelles :<\/h2>\n<\/div>\n<div id=\"cptui\" class=\"cptui-shortcode default-shortcode cptui-shortcode-378\">\n\t\n\t\t<div id=\"cptui-43012\" class=\"cptui-entry post-43012 post type-post status-publish format-standard hentry category-cjep-news category-cjep-news-fr category-journals category-journaux\">\n\n\t\t\t\n\t\t\t<div class=\"cptui-entry-header\">\n\n\t\t\t\t\n\t\t\t\t<h4 class=\"cptui-entry-title\"><a class=\"cptui-link\" href=\"https:\/\/cpa.ca\/fr\/2024-best-article-award-canadian-journal-of-experimental-psychology-revue-canadienne-de-psychologie-experimentale\/\">Prix du meilleur article\u00a02024, <em>Revue canadienne de psychologie exp\u00e9rimentale<\/em><\/a><\/h4>\n\n\t\t\t\t\n\t\t\t<\/div><!-- .cptui-entry-header -->\n\n\t\t\t<div class=\"cptui-entry-summary\">\n\n\t\t\t\t\n\t\t\t\t<p>F\u00e9licitations \u00e0 V\u00e9ronic Delage, Richard J. Daker, Genevi\u00e8ve Trudel, Ian M. Lyons et Erin A. Maloney pour leur article intitul\u00e9 <em>It is a \u201csmall world\u201d: Relations between performance on five spatial tasks and five mathematical tasks in undergraduate students <\/em>(2024, volume\u00a078, n<sup>o<\/sup>\u00a0 4, 256-274), qui a remport\u00e9 le Prix du meilleur article\u00a02024 paru dans la <em>Revue canadienne de psychologie exp\u00e9rimentale.<\/em><\/p>\n<p>Le Prix du meilleur article de la RCPE est financ\u00e9 conjointement par la SCP et la Soci\u00e9t\u00e9 canadienne des sciences du cerveau, du comportement et de la cognition (SCSCCC). L\u2019\u00e9quipe de r\u00e9daction de la RCPE propose des articles pour ce prix, et les articles sont \u00e9valu\u00e9s par les membres d\u00e9sign\u00e9s par la SCP et la SCSCCC.<\/p>\n<p>Il est d\u00e9sormais possible de <strong>lire gratuitement<\/strong> cet article; pour y acc\u00e9der, cliquez <a href=\"https:\/\/psycnet.apa.org\/fulltext\/2024-72462-001.html\" target=\"_blank\">ici<\/a>.<\/p>\n<hr \/>\n\n\t\t\t\t\n\t\t\t<\/div><!-- .cptui-entry-summary -->\n\n\t\t<\/div><!-- #cptui-xxxxx .cptui-entry -->\n\n\t\t\n\t\t<div id=\"cptui-31624\" class=\"cptui-entry post-31624 post type-post status-publish format-standard hentry category-cjep-news-fr\">\n\n\t\t\t\n\t\t\t<div class=\"cptui-entry-header\">\n\n\t\t\t\t\n\t\t\t\t<h4 class=\"cptui-entry-title\"><a class=\"cptui-link\" href=\"https:\/\/cpa.ca\/fr\/introducing-the-editor-of-the-canadian-journal-of-experimental-psychology-dr-titone\/\">Introducing the editor of the Canadian Journal of Experimental Psychology, Dr. Titone!<\/a><\/h4>\n\n\t\t\t\t\n\t\t\t<\/div><!-- .cptui-entry-header -->\n\n\t\t\t<div class=\"cptui-entry-summary\">\n\n\t\t\t\t\n\t\t\t\t<p><img decoding=\"async\" class=\"textwrapright\" style=\"max-height: 200px;\" src=\"https:\/\/www.apa.org\/images\/index-editor-spotlight-cep-titone_tcm7-311344_w1024_n.jpg\" alt=\"Debra\" \/>\u201cIn addition to preserving its history, I am interested in broadening\u00a0<i>CJEP<\/i>\u2019s scope in a few ways. I would like to see submissions that address, among other topics, developmental phenomena, comparative cognition, and cognitive neuroscience approaches, as well as work that advances cognitive theory through the study of diverse populations or applied real-world social or technological challenges. I believe the journal can benefit from the contributions of authors and reviewers who have a wide variety of lived experiences and for their articles to address experimental questions about cognitive or perceptual phenomena that are relevant to these diverse experiences and perspectives.\u201d<\/p>\n<p>\u2014<a href=\"mailto:debra.titone@mcgill.ca\">Debra Titone<\/a>, PhD<br \/>\nEditor of the\u00a0<i>Canadian Journal of Experimental Psychology<\/i><\/p>\n<p><a href=\"https:\/\/www.apa.org\/pubs\/highlights\/editor-spotlight\/cep-titone?utm_campaign=apa_publishing&amp;utm_medium=direct_email&amp;utm_source=businessdevelopment&amp;utm_content=canadian-psychological-association_editorspotlight_cep_titone_11022022&amp;utm_term=btn_middle_continuereading\" target=\"_blank\" rel=\"noopener\">CONTINUE READING<\/a><\/p>\n<hr \/>\n\n\t\t\t\t\n\t\t\t<\/div><!-- .cptui-entry-summary -->\n\n\t\t<\/div><!-- #cptui-xxxxx .cptui-entry -->\n\n\t\t<\/div>\n","protected":false},"excerpt":{"rendered":"<p><!--more--><\/p>\n","protected":false},"author":2,"featured_media":0,"parent":2363,"menu_order":0,"comment_status":"closed","ping_status":"closed","template":"","meta":{"_acf_changed":false,"_monsterinsights_skip_tracking":false,"_monsterinsights_sitenote_active":false,"_monsterinsights_sitenote_note":"","_monsterinsights_sitenote_category":0,"footnotes":""},"class_list":["post-2384","page","type-page","status-publish","hentry"],"acf":[],"aioseo_notices":[],"publishpress_future_workflow_manual_trigger":{"enabledWorkflows":[]},"_links":{"self":[{"href":"https:\/\/cpa.ca\/fr\/wp-json\/wp\/v2\/pages\/2384","targetHints":{"allow":["GET"]}}],"collection":[{"href":"https:\/\/cpa.ca\/fr\/wp-json\/wp\/v2\/pages"}],"about":[{"href":"https:\/\/cpa.ca\/fr\/wp-json\/wp\/v2\/types\/page"}],"author":[{"embeddable":true,"href":"https:\/\/cpa.ca\/fr\/wp-json\/wp\/v2\/users\/2"}],"replies":[{"embeddable":true,"href":"https:\/\/cpa.ca\/fr\/wp-json\/wp\/v2\/comments?post=2384"}],"version-history":[{"count":6,"href":"https:\/\/cpa.ca\/fr\/wp-json\/wp\/v2\/pages\/2384\/revisions"}],"predecessor-version":[{"id":46837,"href":"https:\/\/cpa.ca\/fr\/wp-json\/wp\/v2\/pages\/2384\/revisions\/46837"}],"up":[{"embeddable":true,"href":"https:\/\/cpa.ca\/fr\/wp-json\/wp\/v2\/pages\/2363"}],"wp:attachment":[{"href":"https:\/\/cpa.ca\/fr\/wp-json\/wp\/v2\/media?parent=2384"}],"curies":[{"name":"wp","href":"https:\/\/api.w.org\/{rel}","templated":true}]}}