{"id":2534,"date":"2017-09-25T16:58:20","date_gmt":"2017-09-25T20:58:20","guid":{"rendered":"https:\/\/cpa.ca\/aproposdelascp\/comites\/internationalrelations\/"},"modified":"2026-03-10T17:02:08","modified_gmt":"2026-03-10T21:02:08","slug":"internationalrelations","status":"publish","type":"page","link":"https:\/\/cpa.ca\/fr\/aproposdelascp\/comites\/internationalrelations\/","title":{"rendered":"Relations Internationales"},"content":{"rendered":"<table border=\"1\" cellspacing=\"0\" cellpadding=\"4\">\n<tbody>\n<tr>\n<td valign=\"top\" width=\"250\">\n<h4>pr\u00e9sident :<\/h4>\n<\/td>\n<td valign=\"top\">Jennifer Veitch<\/td>\n<\/tr>\n<tr>\n<td valign=\"top\">\n<h4>membres :<\/h4>\n<\/td>\n<td valign=\"top\">\n<article style=\"-webkit-column-width: 250px; -moz-column-width: 250px; column-width: 250px;\">Naomi Koerner<br \/>\nLindsay McCunn<br \/>\nSaba Safdar<br \/>\nDon Saklofske<br \/>\nJosephine Tan<br \/>\nLynda Phillips<br \/>\nLucia Lako \u2013 student representative<br \/>\nErin Gurr \u2013 student representative<br \/>\nAnita Gupta \u2013 CPA board liaison to IRC<br \/>\nLauren Thompson \u2013 CPA staff member<\/article>\n<\/td>\n<\/tr>\n<tr>\n<td valign=\"top\">\n<h4>Mandat\u00a0:<\/h4>\n<\/td>\n<td valign=\"top\">Le Comit\u00e9 des relations internationales est un comit\u00e9 de gestion de la SCP qui rel\u00e8ve de la chef ou du chef de la direction, laquelle ou lequel transmet des mises \u00e0 jour au conseil d\u2019administration.<\/td>\n<\/tr>\n<tr>\n<td valign=\"top\">\n<h4>Objectifs\u00a0:<\/h4>\n<\/td>\n<td valign=\"top\">Promouvoir une perspective internationale au sein de la psychologie canadienne.<\/p>\n<p>Encourager activement l\u2019utilisation des connaissances en psychologie \u00e0 l\u2019\u00e9chelle internationale.<\/td>\n<\/tr>\n<tr>\n<td valign=\"top\">\n<h4>Page Web:<\/h4>\n<\/td>\n<td valign=\"top\"><a href=\"https:\/\/cpa.ca\/fr\/aproposdelascp\/comites\/internationalrelations\/\">https:\/\/cpa.ca\/fr\/aproposdelascp\/comites\/internationalrelations\/<\/a><\/td>\n<\/tr>\n<tr>\n<td valign=\"top\">\n<h4>Pour nous joindre:<\/h4>\n<\/td>\n<td valign=\"top\"><a href=\"mailto:science@cpa.ca\">science@cpa.ca<\/a><\/td>\n<\/tr>\n<\/tbody>\n<\/table>\n<p><!------------\nThe International Relations Committee (IRC) is a standing committee of the Canadian Psychological Association\n\n\n<h4>Goal<\/h4>\n\n\nThe goal of the Committee is to foster interactions between psychologists in Canada and their colleagues abroad, to promote an international perspective within Canadian psychology, and to actively encourage the use of psychological knowledge internationally.\n\n\n<h4>Roles<\/h4>\n\n\n\n\n<ul>\n \t\n\n<li>Providing advice to the CPA Board or President and to respond on all matters of CPA business of an international nature placed before it by the CPA Head Office or Board.<\/li>\n\n\n \t\n\n<li>Organizing activities at the CPA convention to promote awareness of activities and issues of concern within international psychology.<\/li>\n\n\n \t\n\n<li>Advising the Board on attracting and staging of international events of value to the Canadian scientific community.<\/li>\n\n\n \t\n\n<li>Promoting awareness of international meetings and conferences and encourage the participation and attendance of Canadian psychologists.<\/li>\n\n\n \t\n\n<li>Promoting program development for international exchange and attendance through the identification of agencies or other sources through which funds may be channeled to advance Canadian participation or sponsorship of these activities.<\/li>\n\n\n \t\n\n<li>Soliciting and submitting nominations annually for the CPA Award for Distinguished Contributions to the International Advancement of Psychology.<\/li>\n\n\n \t\n\n<li>Monitoring international accomplishments, recognitions and special activities of merit by CPA members and other international news of importance to CPA members, and communicating these to the appropriate persons for dissemination within CPA via Psynopsis, CPA News, or the CPA website.<\/li>\n\n\n \t\n\n<li>Reporting to the CPA Board on all business conducted on its behalf.<\/li>\n\n\n<\/ul>\n\n\n--------------------><\/p>\n<h4>Terms of Reference<\/h4>\n<ul>\n<li>Terms of Reference: <a href=\"\/docs\/File\/Committees\/International_Relations\/Terms of Reference_IRC.pdf\" target=\"_blank\" rel=\"noopener noreferrer\"><em>International Relations Committee<\/em><\/a> (IRC)<\/li>\n<li>Terms of Reference: \u00a0<a href=\"https:\/\/cpa.ca\/docs\/File\/Committees\/International_Relations\/TORs_CNP_IUPsyS_Feb.2026.pdf\" target=\"_blank\" rel=\"noopener\"><em>Canadian National Panel for the International Union of Psychological Science: A Body under the CPA International Relations Committee<\/em><\/a> (CNP-IUPsyS) .<\/li>\n<\/ul>\n<h4>Accountability<\/h4>\n<p>The International Relations Committee reports to the Board of Directors through the Committee Chair. The Chair is appointed from the members of the Committee and on the recommendation of the Committee by the CPA President.<\/p>\n<h4>Membership<\/h4>\n<p>Membership on the International Relations Committee (ICR) shall consist of at least eleven persons: the Chair (appointed by the Board), a Board member who is designated as its representative to the committee, plus nine members each of whom serve for terms of three-years, rotating so that one-third of their membership is reconstituted each year. Terms of members may be renewable once.<\/p>\n<h4>Responsibilities of Committee Members<\/h4>\n<p>The IRC members are responsible for pursuing the vision and terms of reference of the Committee.\u00a0To this effect, members participate in all discussions pertaining to the work of the Committee and work on projects or issues brought forward by the Committee, the Board of Directors, the sections, national and international bodies and CPA members as appropriate.<\/p>\n<h4>Membership Term<\/h4>\n<p>Membership on the Committee shall be reviewed annually and reconstituted at its annual meetings.\u00a0All Committee meetings shall be open to CPA members.\u00a0If not otherwise members of the ICR, elected Canadian delegates to the General Assembly of the International Union of Psychological Science shall be regarded as <em>ex-officio<\/em> members of the ICR for the duration of their term of office.<\/p>\n<h4>Meetings and Reporting<\/h4>\n<p>The IRC reports to the CPA Board on all matters conducted on its behalf. The Committee meets annually at the CPA Convention. Meetings are minuted. The Committee reports to the CPA membership through the Committee\u2019s Annual Report to the Annual General Meeting and other available CPA communications vehicles and to the Board of Directors through a report to each Board meeting and to the President on an as needed basis.<\/p>\n","protected":false},"excerpt":{"rendered":"<p>pr\u00e9sident : Jennifer Veitch membres : Naomi Koerner Lindsay McCunn Saba Safdar Don Saklofske Josephine Tan Lynda Phillips Lucia Lako \u2013 student representative Erin Gurr \u2013 student representative Anita Gupta \u2013 CPA board liaison to IRC Lauren Thompson \u2013 CPA staff member Mandat\u00a0: Le Comit\u00e9 des relations internationales est un comit\u00e9 de gestion de la [&hellip;]<\/p>\n","protected":false},"author":2,"featured_media":0,"parent":1281,"menu_order":0,"comment_status":"closed","ping_status":"closed","template":"","meta":{"_acf_changed":false,"_monsterinsights_skip_tracking":false,"_monsterinsights_sitenote_active":false,"_monsterinsights_sitenote_note":"","_monsterinsights_sitenote_category":0,"footnotes":""},"class_list":["post-2534","page","type-page","status-publish","hentry"],"acf":[],"aioseo_notices":[],"publishpress_future_workflow_manual_trigger":{"enabledWorkflows":[]},"_links":{"self":[{"href":"https:\/\/cpa.ca\/fr\/wp-json\/wp\/v2\/pages\/2534","targetHints":{"allow":["GET"]}}],"collection":[{"href":"https:\/\/cpa.ca\/fr\/wp-json\/wp\/v2\/pages"}],"about":[{"href":"https:\/\/cpa.ca\/fr\/wp-json\/wp\/v2\/types\/page"}],"author":[{"embeddable":true,"href":"https:\/\/cpa.ca\/fr\/wp-json\/wp\/v2\/users\/2"}],"replies":[{"embeddable":true,"href":"https:\/\/cpa.ca\/fr\/wp-json\/wp\/v2\/comments?post=2534"}],"version-history":[{"count":6,"href":"https:\/\/cpa.ca\/fr\/wp-json\/wp\/v2\/pages\/2534\/revisions"}],"predecessor-version":[{"id":46484,"href":"https:\/\/cpa.ca\/fr\/wp-json\/wp\/v2\/pages\/2534\/revisions\/46484"}],"up":[{"embeddable":true,"href":"https:\/\/cpa.ca\/fr\/wp-json\/wp\/v2\/pages\/1281"}],"wp:attachment":[{"href":"https:\/\/cpa.ca\/fr\/wp-json\/wp\/v2\/media?parent=2534"}],"curies":[{"name":"wp","href":"https:\/\/api.w.org\/{rel}","templated":true}]}}