{"id":2551,"date":"2015-06-02T13:44:49","date_gmt":"2015-06-02T17:44:49","guid":{"rendered":"https:\/\/cpa.ca\/aproposdelascp\/comites\/internationalrelations\/news\/"},"modified":"2024-06-27T15:01:36","modified_gmt":"2024-06-27T19:01:36","slug":"news","status":"publish","type":"page","link":"https:\/\/cpa.ca\/fr\/aproposdelascp\/comites\/internationalrelations\/news\/","title":{"rendered":"IRC News, Events, International Conferences"},"content":{"rendered":"<p><!-- IRC - News----><img decoding=\"async\" class=\"textwrapright\" style=\"max-height: 150px;\" src=\"\/docs\/File\/Sections\/International\/global-community.png\" \/><br \/>\n&nbsp;<\/p>\n<h2 style=\"display: inline-block;\">IRC News<\/h2>\n<hr \/>\n<div id=\"cptui\" class=\"cptui-shortcode default-shortcode cptui-shortcode-378\">\n\t\n\t\t<div id=\"cptui-38808\" class=\"cptui-entry post-38808 post type-post status-publish format-standard hentry category-irc-news-fr\">\n\n\t\t\t\n\t\t\t<div class=\"cptui-entry-header\">\n\n\t\t\t\t\n\t\t\t\t<h4 class=\"cptui-entry-title\"><a class=\"cptui-link\" href=\"https:\/\/cpa.ca\/fr\/usaid-mental-health-position-paper\/\">USAID Mental Health Position Paper<\/a><\/h4>\n\n\t\t\t\t\n\t\t\t<\/div><!-- .cptui-entry-header -->\n\n\t\t\t<div class=\"cptui-entry-summary\">\n\n\t\t\t\t\n\t\t\t\t<p>Feel free to read a position paper on mental health published by USAID in May 2024. It signals USAID\u2019s commitment to advancing mental health around the world.<\/p>\n<p><a target=\"_blank\" href=\"https:\/\/www.usaid.gov\/inclusivedevelopment\/mental-health\/mental-health-position-paper#:~:text=The%20Policy%20Paper%20focuses%20on,and%20Do%20No%20Harm%20practices.\" rel=\"noopener\">https:\/\/www.usaid.gov\/inclusivedevelopment\/mental-health\/mental-health-position-paper#:~:text=The%20Policy%20Paper%20focuses%20on,and%20Do%20No%20Harm%20practices<\/a>.<\/p>\n<hr \/>\n\n\t\t\t\t\n\t\t\t<\/div><!-- .cptui-entry-summary -->\n\n\t\t<\/div><!-- #cptui-xxxxx .cptui-entry -->\n\n\t\t\n\t\t<div id=\"cptui-38329\" class=\"cptui-entry post-38329 post type-post status-publish format-standard hentry category-irc-news-fr\">\n\n\t\t\t\n\t\t\t<div class=\"cptui-entry-header\">\n\n\t\t\t\t\n\t\t\t\t<h4 class=\"cptui-entry-title\"><a class=\"cptui-link\" href=\"https:\/\/cpa.ca\/fr\/congratulations-to-dr-john-w-berry-for-winning-the-iupsys-lifetime-career-award\/\">F\u00e9licitations au Dr John W Berry, le laur\u00e9at du Lifetime Career Award de l\u2019IUPsyS!<\/a><\/h4>\n\n\t\t\t\t\n\t\t\t<\/div><!-- .cptui-entry-header -->\n\n\t\t\t<div class=\"cptui-entry-summary\">\n\n\t\t\t\t\n\t\t\t\t<p><img decoding=\"async\" class=\"textwrapright\" style=\"max-width: 150p;\" src=\"https:\/\/cpa.ca\/docs\/File\/IUPsyS\/iupsys_logo_green_v2.png\" alt=\"IUPsyS logo\" \/>L\u2019Union internationale de psychologie scientifique (IUPsyS) a annonc\u00e9 le nom des laur\u00e9ats des prix quadriennaux de l\u2019IUPsyS de 2024. <strong>Le Dr\u00a0John W Berry, du Canada, \u00e9galement Fellow honoraire \u00e0 vie de la SCP, s\u2019est vu d\u00e9cerner le Lifetime Career Award<\/strong>! Ce prix r\u00e9compense les contributions exceptionnelles et durables de toute une vie apport\u00e9es \u00e0 la coop\u00e9ration internationale et \u00e0 l\u2019avancement des connaissances dans le domaine de la psychologie scientifique.<\/p>\n<hr \/>\n\n\t\t\t\t\n\t\t\t<\/div><!-- .cptui-entry-summary -->\n\n\t\t<\/div><!-- #cptui-xxxxx .cptui-entry -->\n\n\t\t\n\t\t<div id=\"cptui-38344\" class=\"cptui-entry post-38344 post type-post status-publish format-standard hentry category-irc-news-fr\">\n\n\t\t\t\n\t\t\t<div class=\"cptui-entry-header\">\n\n\t\t\t\t\n\t\t\t\t<h4 class=\"cptui-entry-title\"><a class=\"cptui-link\" href=\"https:\/\/cpa.ca\/fr\/erinn-c-cameron-m-a-doctoral-candidate-in-clinical-psychology-at-fielding-graduate-university\/\">Erinn C. Cameron, M.A., Doctoral Candidate in Clinical Psychology at Fielding Graduate University<\/a><\/h4>\n\n\t\t\t\t\n\t\t\t<\/div><!-- .cptui-entry-header -->\n\n\t\t\t<div class=\"cptui-entry-summary\">\n\n\t\t\t\t\n\t\t\t\t<p>Women are disproportionately impacted by the adverse effects of climate change, with women\u2019s intersecting identities exacerbating impact. Erinn Cameron\u2019s research investigates the psychological consequences of climate change for women in Northern rural Ghana and pregnant women living with HIV in semi-urban Western Cape, South Africa. Her work focuses on common mental health problems such as depression, anxiety, and trauma in the context of water scarcity. She also assesses climate anxiety, environmental distress, coping mechanisms, adaptive strategies, and violence against women. For questions, or to learn more about the research, please visit: <a href=\"http:\/\/www.erinncameron.com\/\" target=\"_blank\" rel=\"noopener\">http:\/\/www.erinncameron.com\/<\/a> or <a href=\"https:\/\/www.researchgate.net\/profile\/Erinn-Cameron\" target=\"_blank\" rel=\"noopener\">https:\/\/www.researchgate.net\/profile\/Erinn-Cameron<\/a><\/p>\n<hr \/>\n\n\t\t\t\t\n\t\t\t<\/div><!-- .cptui-entry-summary -->\n\n\t\t<\/div><!-- #cptui-xxxxx .cptui-entry -->\n\n\t\t<\/div>\n<hr \/>\n<p><img decoding=\"async\" class=\"textwrapright\" style=\"max-height: 150px;\" src=\"\/docs\/File\/Sections\/International\/global-community.png\" \/><br \/>\n&nbsp;<\/p>\n<hr \/>\n<p><!-- IRC - Events ----><\/p>\n<h2 style=\"display: inline-block;\">Coming Events<\/h2>\n<p><div id=\"cptui\" class=\"cptui-shortcode default-shortcode cptui-shortcode-378\">\n\t<\/div><br \/>\n<!---\n\n\n<h4 style=\"display: inline-block;\">Virtual Psychology Conferences 2021 \/2022<\/h4>\n\n\n\n\n<ul>\n \t\n\n<li><strong>Conference of the International Council of Psychologists - Promoting Equity and Justice in an Age of Uncertainty<\/strong>\nOctober 22 \u2013 24, 2021\n<a href=\"https:\/\/icpweb.org\/icp-annual-conference\/icp2021-virtual\/\" target=\"_blank\" rel=\"noopener noreferrer\">https:\/\/icpweb.org\/icp-annual-conference\/icp2021-virtual\/<\/a><\/li>\n\n\n \t\n\n<li><strong>8th Annual Convention of the Puerto Rico Psychology Association Psicolog\u00eda como V\u00ednculo y Conexi\u00f3n<\/strong>\nNovember 4 \u2013 6, 2021\n<a href=\"https:\/\/www.asppr.net\/convencion\" target=\"_blank\" rel=\"noopener noreferrer\">https:\/\/www.asppr.net\/convencion<\/a><\/li>\n\n\n \t\n\n<li><strong>Conference of the Caribbean Alliance of National Psychological Associations - Caribbean Resilience: Psychology\u2019s Response to Historical and Contemporary Disasters<\/strong>\nNovember 15 \u2013 19, 2021\n<a href=\"https:\/\/canpanet.org\/conferences\/crcp2020plus\/\" target=\"_blank\" rel=\"noopener noreferrer\">https:\/\/canpanet.org\/conferences\/crcp2020plus\/<\/a><\/li>\n\n\n \t\n\n<li><strong>Conference of the Global alliance Psychology: Psychology in Action: Leading for the Climate. <\/strong>\nNovember 18 - 19, 2021\n<a target=\"_blank\" rel=\"noopener noreferrer\" href=\"https:\/\/www.sbponline.org.br\/2021\/11\/psychology-in-action-leading-for-the-climate\">https:\/\/www.sbponline.org.br\/2021\/11\/psychology-in-action-leading-for-the-climate<\/a><\/li>\n\n\n \t\n\n<li><strong>Canadian Conference on Global Health - Rethinking Partnership Paradigms in Global Health<\/strong>\nNovember 24 \u2013 November 26, 2021\n<a href=\"https:\/\/cagh-acsm.org\/en\/events\/2023-canadian-conference-global-health\" target=\"_blank\" rel=\"noopener noreferrer\">https:\/\/cagh-acsm.org\/en\/events\/canadian-conference-global-health<\/a><\/li>\n\n\n<\/ul>\n\n\n----><\/p>\n<hr width=\"90%\" \/>\n<p>&nbsp;<\/p>\n","protected":false},"excerpt":{"rendered":"<p>News &#038; Events concerning the International Relations Committee<\/p>\n","protected":false},"author":2,"featured_media":0,"parent":2534,"menu_order":0,"comment_status":"closed","ping_status":"closed","template":"templates\/no-sidebar.php","meta":{"_acf_changed":false,"_monsterinsights_skip_tracking":false,"_monsterinsights_sitenote_active":false,"_monsterinsights_sitenote_note":"","_monsterinsights_sitenote_category":0,"footnotes":""},"class_list":["post-2551","page","type-page","status-publish","hentry"],"acf":[],"aioseo_notices":[],"publishpress_future_workflow_manual_trigger":{"enabledWorkflows":[]},"_links":{"self":[{"href":"https:\/\/cpa.ca\/fr\/wp-json\/wp\/v2\/pages\/2551","targetHints":{"allow":["GET"]}}],"collection":[{"href":"https:\/\/cpa.ca\/fr\/wp-json\/wp\/v2\/pages"}],"about":[{"href":"https:\/\/cpa.ca\/fr\/wp-json\/wp\/v2\/types\/page"}],"author":[{"embeddable":true,"href":"https:\/\/cpa.ca\/fr\/wp-json\/wp\/v2\/users\/2"}],"replies":[{"embeddable":true,"href":"https:\/\/cpa.ca\/fr\/wp-json\/wp\/v2\/comments?post=2551"}],"version-history":[{"count":6,"href":"https:\/\/cpa.ca\/fr\/wp-json\/wp\/v2\/pages\/2551\/revisions"}],"predecessor-version":[{"id":38812,"href":"https:\/\/cpa.ca\/fr\/wp-json\/wp\/v2\/pages\/2551\/revisions\/38812"}],"up":[{"embeddable":true,"href":"https:\/\/cpa.ca\/fr\/wp-json\/wp\/v2\/pages\/2534"}],"wp:attachment":[{"href":"https:\/\/cpa.ca\/fr\/wp-json\/wp\/v2\/media?parent=2551"}],"curies":[{"name":"wp","href":"https:\/\/api.w.org\/{rel}","templated":true}]}}