{"id":2558,"date":"2018-08-01T14:11:00","date_gmt":"2018-08-01T18:11:00","guid":{"rendered":"https:\/\/cpa.ca\/aproposdelascp\/comites\/membership\/"},"modified":"2025-09-24T16:34:20","modified_gmt":"2025-09-24T20:34:20","slug":"membership","status":"publish","type":"page","link":"https:\/\/cpa.ca\/fr\/aproposdelascp\/comites\/membership\/","title":{"rendered":"Comit\u00e9 des services aux membres"},"content":{"rendered":"<table border=\"1\" width=\"90%\" cellspacing=\"0\" cellpadding=\"4\">\n<tbody>\n<tr>\n<td align=\"left\" valign=\"top\" width=\"250\">\n<h4>Pr\u00e9sident:<\/h4>\n<\/td>\n<td align=\"left\" valign=\"top\">\n<div>Leanna Verrucci<\/div>\n<\/td>\n<\/tr>\n<tr>\n<td align=\"left\" valign=\"top\">\n<h4>Membres :<\/h4>\n<\/td>\n<td align=\"left\" valign=\"top\">\n<article style=\"-webkit-column-width: 250px; -moz-column-width: 250px; column-width: 250px;\">David Bourgeois<br \/>\nElizabeth Church<br \/>\nZarina Giannone<br \/>\nJanine Hubbard<br \/>\nAndrew Lumb<br \/>\nJoanna Pozzulo<br \/>\nKevin Prada<br \/>\nRoshni Sohail<br \/>\n<em>membre du personnel observateur :<\/em><br \/>\nEric Bollman<br \/>\nZaineb Bouhlal<br \/>\nEmily McIntosh<\/article>\n<\/td>\n<\/tr>\n<tr>\n<td valign=\"top\">\n<h4>Mandat\u00a0:<\/h4>\n<\/td>\n<td valign=\"top\">Le Comit\u00e9 des services aux membres a pour mandat d\u2019accro\u00eetre le recrutement de nouveaux membres et la fid\u00e9lisation des membres et des affili\u00e9s de la SCP dans ces trois domaines : science, \u00e9ducation et formation, et pratique.<\/td>\n<\/tr>\n<tr>\n<td valign=\"top\">\n<h4>Objectifs :<\/h4>\n<\/td>\n<td valign=\"top\">Veiller \u00e0 ce que la SCP fournisse des services de haute qualit\u00e9 \u00e0 ses membres.<\/p>\n<p>Assurer une coh\u00e9rence entre les strat\u00e9gies de recrutement de nouveaux membres et les objectifs globaux de la SCP.<\/p>\n<p>Accro\u00eetre la fid\u00e9lisation des membres et le recrutement de nouveaux membres.<\/p>\n<p>\u00c9valuer l\u2019efficacit\u00e9 des activit\u00e9s de recrutement et de fid\u00e9lisation.<\/p>\n<p>Accro\u00eetre l\u2019efficacit\u00e9 de la base de donn\u00e9es des membres afin de fournir des donn\u00e9es plus compl\u00e8tes pour mieux informer les strat\u00e9gies de fid\u00e9lisation et de recrutement.<\/td>\n<\/tr>\n<tr>\n<td valign=\"top\">\n<h4>Webpage :<\/h4>\n<\/td>\n<td valign=\"top\"><a href=\"https:\/\/cpa.ca\/fr\/aproposdelascp\/comites\/membership\/\">https:\/\/cpa.ca\/fr\/aproposdelascp\/comites\/membership\/<\/a><\/td>\n<\/tr>\n<tr>\n<td valign=\"top\">\n<h4>Pour nous joindre\u00a0:<\/h4>\n<\/td>\n<td valign=\"top\"><a href=\"mailto:membershipdirector@cpa.ca\">membershipdirector@cpa.ca<\/a><\/td>\n<\/tr>\n<\/tbody>\n<\/table>\n<p><!-----\nThe Membership Committee aims to increase recruitment and retention of CPA members across the three domains of science, education and training and practice.\n\n\n<h4>Goals<\/h4>\n\n\n\n\n<ol>\n \t\n\n<li>Ensure that CPA provides high-quality services to its members.<\/li>\n\n\n \t\n\n<li>Align new membership recruitment strategies with the overall goals of CPA.<\/li>\n\n\n \t\n\n<li>Increase membership retention and membership recruitment.<\/li>\n\n\n \t\n\n<li>Evaluate the effectiveness of recruitment and retention activities.<\/li>\n\n\n \t\n\n<li>Increase the effectiveness of the membership data base to render more comprehensive data to better inform retention and recruitment strategies.<\/li>\n\n\n<\/ol>\n\n\n\n\n<h4>Terms of Reference<\/h4>\n\n\n\n\n<ol>\n \t\n\n<li>Monitor and evaluate trends in membership.<\/li>\n\n\n \t\n\n<li>Regularly evaluate members\u2019 satisfaction with CPA services.<\/li>\n\n\n \t\n\n<li>Provide recommendations to the CPA Board of Directors as to how best to serve the membership.<\/li>\n\n\n \t\n\n<li>Assist other CPA committees as needed regarding providing up-to-date membership information.<\/li>\n\n\n \t\n\n<li>Identify groups that would benefit from belonging to CPA but currently do not.<\/li>\n\n\n \t\n\n<li>Target a membership campaign specific groups that would benefit from belonging to CPA but currently do not.<\/li>\n\n\n \t\n\n<li>Remove barriers to groups that will benefit from belonging to CPA but are currently unable to join (e.g., undergraduates, practitioners).<\/li>\n\n\n<\/ol>\n\n\n--------------><\/p>\n<h4>Accountability<\/h4>\n<p>The Membership Committee reports to the Board of Directors through the Director Responsible for Membership, who is also the Committee Chair.<\/p>\n<h4>Membership<\/h4>\n<p>The Membership Committee is composed of the Director Responsible for Membership and those CPA members who volunteer or who are invited to sit on the Committee by the Chair.<\/p>\n<h4>Committee Size and Activity<\/h4>\n<p>CPA committees are important membership recruitment and retention vehicles. The goal of each committee chair is to recruit a maximum of 10 committee members from a diverse cross section of CPA members. The Committee needs to be active, with communications occurring at a frequency of once a month at a minimum. Committee membership is a good training and recruitment tool for senior positions within the Association and Committee members are excellent informed ambassadors for CPA and about CPA\u2019s activities.<\/p>\n<h4>Responsibilities of Committee Members<\/h4>\n<p>The Membership Committee members are responsible for pursuing the vision and terms of reference of the Committee.\u00a0To this effect, members participate in all discussions pertaining to membership and work on projects or issues brought forward by the Committee, the Board of Directors, the sections and the members as appropriate.<\/p>\n<h4>Membership Term<\/h4>\n<p>Committee members are appointed by the Board of Directors through the Board member responsible for the Committee for one year with the intention that members will serve for a three (3) year term. Membership recruitment and retirement is staggered to ensure continuity and Committee institutional memory.<\/p>\n<h4>Meetings and Reporting<\/h4>\n<p>Throughout the year communication will take place primarily through e-mail. Conference calls will be arranged by the Chair.\u00a0Meetings are minuted.\u00a0Regular communication of the plans and activities of the Committee will be provided to the membership through the Committee\u2019s Annual Report to the Annual General Meeting, articles in Psynopsis and information on the web site and to the Board of Directors through reports to each Board meeting by the Committee Chair\/Co-Chair.<\/p>\n","protected":false},"excerpt":{"rendered":"<p>Pr\u00e9sident: Leanna Verrucci Membres : David Bourgeois Elizabeth Church Zarina Giannone Janine Hubbard Andrew Lumb Joanna Pozzulo Kevin Prada Roshni Sohail membre du personnel observateur : Eric Bollman Zaineb Bouhlal Emily McIntosh Mandat\u00a0: Le Comit\u00e9 des services aux membres a pour mandat d\u2019accro\u00eetre le recrutement de nouveaux membres et la fid\u00e9lisation des membres et des [&hellip;]<\/p>\n","protected":false},"author":2,"featured_media":0,"parent":1281,"menu_order":0,"comment_status":"closed","ping_status":"closed","template":"templates\/no-sidebar.php","meta":{"_acf_changed":false,"_monsterinsights_skip_tracking":false,"_monsterinsights_sitenote_active":false,"_monsterinsights_sitenote_note":"","_monsterinsights_sitenote_category":0,"footnotes":""},"class_list":["post-2558","page","type-page","status-publish","hentry"],"acf":[],"aioseo_notices":[],"publishpress_future_workflow_manual_trigger":{"enabledWorkflows":[]},"_links":{"self":[{"href":"https:\/\/cpa.ca\/fr\/wp-json\/wp\/v2\/pages\/2558","targetHints":{"allow":["GET"]}}],"collection":[{"href":"https:\/\/cpa.ca\/fr\/wp-json\/wp\/v2\/pages"}],"about":[{"href":"https:\/\/cpa.ca\/fr\/wp-json\/wp\/v2\/types\/page"}],"author":[{"embeddable":true,"href":"https:\/\/cpa.ca\/fr\/wp-json\/wp\/v2\/users\/2"}],"replies":[{"embeddable":true,"href":"https:\/\/cpa.ca\/fr\/wp-json\/wp\/v2\/comments?post=2558"}],"version-history":[{"count":6,"href":"https:\/\/cpa.ca\/fr\/wp-json\/wp\/v2\/pages\/2558\/revisions"}],"predecessor-version":[{"id":44499,"href":"https:\/\/cpa.ca\/fr\/wp-json\/wp\/v2\/pages\/2558\/revisions\/44499"}],"up":[{"embeddable":true,"href":"https:\/\/cpa.ca\/fr\/wp-json\/wp\/v2\/pages\/1281"}],"wp:attachment":[{"href":"https:\/\/cpa.ca\/fr\/wp-json\/wp\/v2\/media?parent=2558"}],"curies":[{"name":"wp","href":"https:\/\/api.w.org\/{rel}","templated":true}]}}