{"id":2572,"date":"2017-09-25T14:35:04","date_gmt":"2017-09-25T18:35:04","guid":{"rendered":"https:\/\/cpa.ca\/aproposdelascp\/comites\/pastpresidents\/"},"modified":"2025-09-24T16:35:49","modified_gmt":"2025-09-24T20:35:49","slug":"pastpresidents","status":"publish","type":"page","link":"https:\/\/cpa.ca\/fr\/aproposdelascp\/comites\/pastpresidents\/","title":{"rendered":"Comit\u00e9 des anciens pr\u00e9sidents"},"content":{"rendered":"<table border=\"1\" cellspacing=\"0\" cellpadding=\"4\">\n<tbody>\n<tr>\n<td valign=\"top\" width=\"250\">\n<h4>Pr\u00e9sident :<\/h4>\n<\/td>\n<td valign=\"top\">Anita Gupta<\/td>\n<\/tr>\n<tr>\n<td valign=\"top\">\n<h4>Membres :<\/h4>\n<\/td>\n<td valign=\"top\">Tous les anciens pr\u00e9sidents<\/td>\n<\/tr>\n<tr>\n<td valign=\"top\">\n<h4>Mandat\u00a0:<\/h4>\n<\/td>\n<td valign=\"top\">Le Comit\u00e9 des anciens pr\u00e9sidents est un comit\u00e9 de gestion de la SCP qui rel\u00e8ve de la chef ou du chef de la direction, laquelle ou lequel transmet des mises \u00e0 jour au conseil d\u2019administration.<\/td>\n<\/tr>\n<tr>\n<td valign=\"top\">\n<h4>Objectifs\u00a0:<\/h4>\n<\/td>\n<td valign=\"top\">L\u2019objectif du Comit\u00e9 est de fournir des conseils et des commentaires au conseil d\u2019administration, de m\u00eame que de rencontrer le ou la chef de la direction lors de la r\u00e9union annuelle du Comit\u00e9 tenue dans le cadre du congr\u00e8s national annuel de la SCP, ou en cours d\u2019ann\u00e9e si n\u00e9cessaire.<\/td>\n<\/tr>\n<tr>\n<td valign=\"top\">\n<h4>Page Web:<\/h4>\n<\/td>\n<td valign=\"top\"><a href=\"https:\/\/cpa.ca\/fr\/aproposdelascp\/comites\/pastpresidents\/\">https:\/\/cpa.ca\/fr\/aproposdelascp\/comites\/pastpresidents\/<\/a><\/td>\n<\/tr>\n<tr>\n<td valign=\"top\">\n<h4>Pour nous joindre :<\/h4>\n<\/td>\n<td valign=\"top\"><a href=\"mailto:governance@cpa.ca\">governance@cpa.ca<\/a><\/td>\n<\/tr>\n<\/tbody>\n<\/table>\n<p><!---\n\n\n<h4>Terms of References<\/h4>\n\n\nThe role of the Committee is to advise, assist and provide feedback to the Board of Directors and the Presidential Officers.\n\n\n<h4>Goals<\/h4>\n\n\nThe Committee\u2019s goal is to provide advice and feedback to the Board of Directors during the annual meeting of the Committee held during the CPA annual convention or during the year as required.-----><\/p>\n<h4>Accountability<\/h4>\n<p>The Committee reports to the Board of Directors through the current Past President, who is also the Committee Chair.<\/p>\n<h4>Membership<\/h4>\n<p>The Committee is composed of all CPA Past Presidents available and interested in being part of the Committee.<\/p>\n<h4>Responsibilities of Committee Members<\/h4>\n<p>The Committee has an advisory role and as such has no delegated responsibilities.<\/p>\n<h4>Membership Term<\/h4>\n<p>There is not fixed term for Committee membership<\/p>\n<h4>Meetings and Reporting<\/h4>\n<p>Throughout the year communication will take place primarily through e-mail. Conference calls will be arranged by the Chair when needed.\u00a0Meetings are minuted.\u00a0Regular communication of the plans and activities of the Committee will be provided to the membership through the Committee\u2019s Annual Report to the Annual General Meeting, and may also consist of articles in Psynopsis, information on the web site and information sent to the Board of Directors through the Chair of the Committee.<\/p>\n<h4>Note:<\/h4>\n<p>In November 1998, the CPA Board of Directors approved the creation of the Committee of Past Presidents and they first met during the 60<sup>th<\/sup> anniversary of the Association in Halifax, June, 1999.<\/p>\n","protected":false},"excerpt":{"rendered":"<p><!--more--><\/p>\n","protected":false},"author":2,"featured_media":0,"parent":1281,"menu_order":0,"comment_status":"closed","ping_status":"closed","template":"","meta":{"_acf_changed":false,"_monsterinsights_skip_tracking":false,"_monsterinsights_sitenote_active":false,"_monsterinsights_sitenote_note":"","_monsterinsights_sitenote_category":0,"footnotes":""},"class_list":["post-2572","page","type-page","status-publish","hentry"],"acf":[],"aioseo_notices":[],"publishpress_future_workflow_manual_trigger":{"enabledWorkflows":[]},"_links":{"self":[{"href":"https:\/\/cpa.ca\/fr\/wp-json\/wp\/v2\/pages\/2572","targetHints":{"allow":["GET"]}}],"collection":[{"href":"https:\/\/cpa.ca\/fr\/wp-json\/wp\/v2\/pages"}],"about":[{"href":"https:\/\/cpa.ca\/fr\/wp-json\/wp\/v2\/types\/page"}],"author":[{"embeddable":true,"href":"https:\/\/cpa.ca\/fr\/wp-json\/wp\/v2\/users\/2"}],"replies":[{"embeddable":true,"href":"https:\/\/cpa.ca\/fr\/wp-json\/wp\/v2\/comments?post=2572"}],"version-history":[{"count":6,"href":"https:\/\/cpa.ca\/fr\/wp-json\/wp\/v2\/pages\/2572\/revisions"}],"predecessor-version":[{"id":44502,"href":"https:\/\/cpa.ca\/fr\/wp-json\/wp\/v2\/pages\/2572\/revisions\/44502"}],"up":[{"embeddable":true,"href":"https:\/\/cpa.ca\/fr\/wp-json\/wp\/v2\/pages\/1281"}],"wp:attachment":[{"href":"https:\/\/cpa.ca\/fr\/wp-json\/wp\/v2\/media?parent=2572"}],"curies":[{"name":"wp","href":"https:\/\/api.w.org\/{rel}","templated":true}]}}