{"id":25784,"date":"2021-11-23T15:05:28","date_gmt":"2021-11-23T20:05:28","guid":{"rendered":"https:\/\/cpa.ca\/sections\/psychologycareers\/"},"modified":"2022-10-14T16:16:36","modified_gmt":"2022-10-14T20:16:36","slug":"psychologycareers","status":"publish","type":"page","link":"https:\/\/cpa.ca\/fr\/sections\/psychologycareers\/","title":{"rendered":"Carri\u00e8res et professions en psychologie"},"content":{"rendered":"<p><img loading=\"lazy\" decoding=\"async\" class=\"textwrapleft\" src=\"\/stockphotos\/CareersM.jpg\" alt=\"Carri\u00e8res et professions en psychologie\" width=\"130\" height=\"130\" \/><\/p>\n<h4 style=\"display: inline;\"><strong>Pr\u00e9sident : D<sup>re<\/sup> Shahnaz Winer<\/strong><\/h4>\n<p>Cette nouvelle section a comme but de cr\u00e9er une communaut\u00e9 professionnelle et un forum au sein de la SCP pour les personnes qui font carri\u00e8re dans le domaine de la psychologie en dehors des milieux universitaires et des services de soins de sant\u00e9 (ou qui occupent un poste universitaire, exercent en cabinet priv\u00e9 ou travaillent \u00e0 temps plein ailleurs), tout en offrant du mentorat aux affili\u00e9s \u00e9tudiants et aux membres de la SCP qui souhaitent explorer les diverses possibilit\u00e9s de carri\u00e8re qui s\u2019offrent aux dipl\u00f4m\u00e9s en psychologie.<\/p>\n<hr \/>\n<div id=\"cptui\" class=\"cptui-shortcode default-shortcode cptui-shortcode-378\">\n\t\n\t\t<div id=\"cptui-30840\" class=\"cptui-entry post-30840 post type-post status-publish format-standard hentry category-careersfr\">\n\n\t\t\t\n\t\t\t<div class=\"cptui-entry-header\">\n\n\t\t\t\t\n\t\t\t\t<h4 class=\"cptui-entry-title\"><a class=\"cptui-link\" href=\"https:\/\/cpa.ca\/fr\/now-available-psychology-career-pathways-series\/\">D\u00e9sormais disponible : s\u00e9rie Pathways, carri\u00e8res et parcours en psychologie<\/a><\/h4>\n\n\t\t\t\t\n\t\t\t<\/div><!-- .cptui-entry-header -->\n\n\t\t\t<div class=\"cptui-entry-summary\">\n\n\t\t\t\t\n\t\t\t\t<p>La SCP est heureuse de pr\u00e9senter trois vid\u00e9os r\u00e9alis\u00e9es au d\u00e9but de 2022 traitant des cheminements de carri\u00e8re possibles en psychologie, regroup\u00e9es sous le nom de <a href=\"https:\/\/cpa.ca\/fr\/careers\/career-hub\/#exploring\">s\u00e9rie Pathways<\/a>. Ces vid\u00e9os sont une exploration rapide et instructive d\u2019un \u00e9ventail de points de vue de la part de pan\u00e9listes exp\u00e9riment\u00e9s. Dans les vid\u00e9os, on les entend parler des \u00e9tudes sup\u00e9rieures et des parcours professionnels s\u2019offrant aux \u00e9tudiants qui entreprennent des \u00e9tudes en psychologie ou qui pr\u00e9voient entreprendre des \u00e9tudes sup\u00e9rieures en psychologie. <\/p>\n\n\t\t\t\t\n\t\t\t<\/div><!-- .cptui-entry-summary -->\n\n\t\t<\/div><!-- #cptui-xxxxx .cptui-entry -->\n\n\t\t<\/div>\n<div style=\"height:300px;\">&nbsp;<\/div>\n","protected":false},"excerpt":{"rendered":"<p><!--more--><\/p>\n","protected":false},"author":2,"featured_media":0,"parent":2692,"menu_order":0,"comment_status":"closed","ping_status":"closed","template":"","meta":{"_acf_changed":false,"_monsterinsights_skip_tracking":false,"_monsterinsights_sitenote_active":false,"_monsterinsights_sitenote_note":"","_monsterinsights_sitenote_category":0,"footnotes":""},"class_list":["post-25784","page","type-page","status-publish","hentry"],"acf":[],"aioseo_notices":[],"publishpress_future_workflow_manual_trigger":{"enabledWorkflows":[]},"_links":{"self":[{"href":"https:\/\/cpa.ca\/fr\/wp-json\/wp\/v2\/pages\/25784","targetHints":{"allow":["GET"]}}],"collection":[{"href":"https:\/\/cpa.ca\/fr\/wp-json\/wp\/v2\/pages"}],"about":[{"href":"https:\/\/cpa.ca\/fr\/wp-json\/wp\/v2\/types\/page"}],"author":[{"embeddable":true,"href":"https:\/\/cpa.ca\/fr\/wp-json\/wp\/v2\/users\/2"}],"replies":[{"embeddable":true,"href":"https:\/\/cpa.ca\/fr\/wp-json\/wp\/v2\/comments?post=25784"}],"version-history":[{"count":6,"href":"https:\/\/cpa.ca\/fr\/wp-json\/wp\/v2\/pages\/25784\/revisions"}],"predecessor-version":[{"id":31284,"href":"https:\/\/cpa.ca\/fr\/wp-json\/wp\/v2\/pages\/25784\/revisions\/31284"}],"up":[{"embeddable":true,"href":"https:\/\/cpa.ca\/fr\/wp-json\/wp\/v2\/pages\/2692"}],"wp:attachment":[{"href":"https:\/\/cpa.ca\/fr\/wp-json\/wp\/v2\/media?parent=25784"}],"curies":[{"name":"wp","href":"https:\/\/api.w.org\/{rel}","templated":true}]}}