{"id":2593,"date":"2018-05-08T11:53:22","date_gmt":"2018-05-08T15:53:22","guid":{"rendered":"https:\/\/cpa.ca\/aproposdelascp\/comites\/professional-affairs-committee-comite-des-affaires-professionnelles\/"},"modified":"2025-12-22T14:52:28","modified_gmt":"2025-12-22T19:52:28","slug":"professionalaffairs","status":"publish","type":"page","link":"https:\/\/cpa.ca\/fr\/aproposdelascp\/comites\/professionalaffairs\/","title":{"rendered":"Comit\u00e9 des affaires professionnelles"},"content":{"rendered":"<p><!---\n\n\n<h2><span data-mce-type=\"bookmark\" style=\"display: inline-block; width: 0px; overflow: hidden; line-height: 0;\" class=\"mce_SELRES_start\"><\/span><span data-mce-type=\"bookmark\" style=\"display: inline-block; width: 0px; overflow: hidden; line-height: 0;\" class=\"mce_SELRES_start\"><\/span>2023 - 2024 Committee \/ Comit\u00e9<\/h2>\n\n\n---><\/p>\n<table border=\"1\" cellspacing=\"0\" cellpadding=\"4\">\n<tbody>\n<tr>\n<td valign=\"top\" width=\"250\">\n<h4>Pr\u00e9sident :<\/h4>\n<\/td>\n<td valign=\"top\"><!--Mitch Colp (Co-Chair)--><br \/>\n<span style=\"font-family: inherit; font-size: inherit;\">Stewart Madon (CPA Staff, pr\u00e9sident)<\/span><\/td>\n<\/tr>\n<tr>\n<td valign=\"top\">\n<h4>Membres :<\/h4>\n<\/td>\n<td valign=\"top\">\n<article style=\"-webkit-column-width: 250px; -moz-column-width: 250px; column-width: 250px;\">Janine Hubbard<br \/>\nAndrea Piotrowski<br \/>\nSaeid Chavoshi<br \/>\nEaster Yassa<br \/>\nAmanda Pontefract<br \/>\nJoAnne Savoie<br \/>\nChimene Jewer<br \/>\nAlanna Chu (Membre \u00e9tudiant)<br \/>\nSteve Joncas<br \/>\nGlenn Brimacombe (ex-officio)<br \/>\nStewart Madon (ex-officio)<\/article>\n<\/td>\n<\/tr>\n<tr>\n<td valign=\"top\">\n<h4>Mandat\u00a0:<\/h4>\n<\/td>\n<td valign=\"top\">Le Comit\u00e9 des affaires professionnelles a pour mission de promouvoir la coop\u00e9ration et la repr\u00e9sentation des int\u00e9r\u00eats des psychologues praticiens, en vue de renforcer leur influence et leur visibilit\u00e9 dans divers secteurs de la soci\u00e9t\u00e9. Plus pr\u00e9cis\u00e9ment, il a pour objet de travailler aux c\u00f4t\u00e9s des associations provinciales de psychologie et de collaborer avec celles-ci et d\u2019autres organismes nationaux qui \u0153uvrent dans le domaine pour\u00a0:<\/p>\n<ul>\n<li>affirmer et \u00e9largir l\u2019influence des praticiens au sein de la soci\u00e9t\u00e9, des syst\u00e8mes de services sociaux et du milieu de travail. Il ne s\u2019agit pas seulement de maintenir, mais d\u2019\u00e9largir les r\u00f4les et la reconnaissance des psychologues dans ces domaines;<\/li>\n<li>garantir la disponibilit\u00e9 de services psychologiques de qualit\u00e9 pour les clients et patients. En se concentrant \u00e0 la fois sur l\u2019accessibilit\u00e9 et sur les normes des soins psychologiques, on s\u2019assure qu\u2019un soutien de haute qualit\u00e9 est offert aux personnes qui en ont besoin.<\/li>\n<\/ul>\n<\/td>\n<\/tr>\n<tr>\n<td valign=\"top\">\n<h4>Objectifs\u00a0:<\/h4>\n<\/td>\n<td valign=\"top\">Aider le public canadien \u00e0 mieux comprendre la psychologie appliqu\u00e9e.<\/p>\n<p>Soutenir la pratique de la psychologie.<\/p>\n<p>Contribuer \u00e0 orienter l\u2019avenir de la profession de psychologue.<\/td>\n<\/tr>\n<tr>\n<td valign=\"top\">\n<h4>Page Web\u00a0:<\/h4>\n<\/td>\n<td valign=\"top\"><a href=\"https:\/\/cpa.ca\/fr\/aproposdelascp\/comites\/professionalaffairs\/\">https:\/\/cpa.ca\/fr\/aproposdelascp\/comites\/professionalaffairs\/<\/a><\/td>\n<\/tr>\n<tr>\n<td valign=\"top\">\n<h4>Pour nous joindre\u00a0:<\/h4>\n<\/td>\n<td valign=\"top\"><a href=\"mailto:ethics@cpa.ca\">ethics@cpa.ca<\/a><\/td>\n<\/tr>\n<\/tbody>\n<\/table>\n<p>Read the full <strong>Terms of Reference<\/strong> <a href=\"https:\/\/cpa.ca\/docs\/File\/Committees\/ProfessionalAffairs\/Professional Affairs Committee_ Terms of Reference_October2024.pdf\" target=\"_blank\" rel=\"noopener\">here<\/a>.<\/p>\n<hr \/>\n<p>&nbsp;<\/p>\n","protected":false},"excerpt":{"rendered":"<p><!--more--><\/p>\n","protected":false},"author":2,"featured_media":0,"parent":1281,"menu_order":0,"comment_status":"closed","ping_status":"closed","template":"templates\/no-sidebar.php","meta":{"_acf_changed":false,"_monsterinsights_skip_tracking":false,"_monsterinsights_sitenote_active":false,"_monsterinsights_sitenote_note":"","_monsterinsights_sitenote_category":0,"footnotes":""},"class_list":["post-2593","page","type-page","status-publish","hentry"],"acf":[],"aioseo_notices":[],"publishpress_future_workflow_manual_trigger":{"enabledWorkflows":[]},"_links":{"self":[{"href":"https:\/\/cpa.ca\/fr\/wp-json\/wp\/v2\/pages\/2593","targetHints":{"allow":["GET"]}}],"collection":[{"href":"https:\/\/cpa.ca\/fr\/wp-json\/wp\/v2\/pages"}],"about":[{"href":"https:\/\/cpa.ca\/fr\/wp-json\/wp\/v2\/types\/page"}],"author":[{"embeddable":true,"href":"https:\/\/cpa.ca\/fr\/wp-json\/wp\/v2\/users\/2"}],"replies":[{"embeddable":true,"href":"https:\/\/cpa.ca\/fr\/wp-json\/wp\/v2\/comments?post=2593"}],"version-history":[{"count":6,"href":"https:\/\/cpa.ca\/fr\/wp-json\/wp\/v2\/pages\/2593\/revisions"}],"predecessor-version":[{"id":45693,"href":"https:\/\/cpa.ca\/fr\/wp-json\/wp\/v2\/pages\/2593\/revisions\/45693"}],"up":[{"embeddable":true,"href":"https:\/\/cpa.ca\/fr\/wp-json\/wp\/v2\/pages\/1281"}],"wp:attachment":[{"href":"https:\/\/cpa.ca\/fr\/wp-json\/wp\/v2\/media?parent=2593"}],"curies":[{"name":"wp","href":"https:\/\/api.w.org\/{rel}","templated":true}]}}