{"id":2624,"date":"2017-09-25T15:03:55","date_gmt":"2017-09-25T19:03:55","guid":{"rendered":"https:\/\/cpa.ca\/aproposdelascp\/comites\/scientific-affairs-committee-comite-des-affaires-scientifiques\/"},"modified":"2025-09-24T16:32:32","modified_gmt":"2025-09-24T20:32:32","slug":"scientificaffairs","status":"publish","type":"page","link":"https:\/\/cpa.ca\/fr\/aproposdelascp\/comites\/scientificaffairs\/","title":{"rendered":"Comit\u00e9 des affaires scientifiques"},"content":{"rendered":"<p><!---\n\n\n<h2><span data-mce-type=\"bookmark\" style=\"display: inline-block; width: 0px; overflow: hidden; line-height: 0;\" class=\"mce_SELRES_start\"><\/span><span data-mce-type=\"bookmark\" style=\"display: inline-block; width: 0px; overflow: hidden; line-height: 0;\" class=\"mce_SELRES_start\"><\/span>2023 - 2024 Committee \/ Comit\u00e9<\/h2>\n\n\n---><\/p>\n<table border=\"1\" cellspacing=\"0\" cellpadding=\"4\">\n<tbody>\n<tr>\n<td valign=\"top\" width=\"250\">\n<h4>Copr\u00e9sidents :<\/h4>\n<\/td>\n<td valign=\"top\">Adam Sandford (copr\u00e9sident)<br \/>\nLauren Thompson (CPA Staff, copr\u00e9sident)<\/td>\n<\/tr>\n<tr>\n<td valign=\"top\">\n<h4>Membres :<\/h4>\n<\/td>\n<td valign=\"top\">\n<article style=\"-webkit-column-width: 250px; -moz-column-width: 250px; column-width: 250px;\">Ken Craig<br \/>\nSean Kidd<br \/>\nJoAnne Lefevre<br \/>\nCheryl Harasymchuk<br \/>\nLindie Liang<br \/>\nAndrea Howard<br \/>\nAudrey Brassard<br \/>\nShahnaz Winer<br \/>\nAnnie Roy-Charland<br \/>\nDonald Saklofske<br \/>\nDebra Titone<span style=\"font-family: inherit; font-size: inherit;\">\u00a0<\/span><\/article>\n<\/td>\n<\/tr>\n<tr>\n<td valign=\"top\">\n<h4>Mandat\u00a0:<\/h4>\n<\/td>\n<td valign=\"top\">Le Comit\u00e9 des affaires scientifiques a pour mandat de faire progresser la psychologie scientifique en travaillant sur des questions d\u2019importance pour la communaut\u00e9 de recherche en psychologie, les membres et affili\u00e9s de la SCP et les groupes de recherche. Il est \u00e9galement responsable des politiques et des pratiques des revues et autres publications de la SCP<span style=\"font-family: inherit; font-size: inherit;\">.<\/span><\/td>\n<\/tr>\n<tr>\n<td valign=\"top\">\n<h4>Objectifs\u00a0:<\/h4>\n<\/td>\n<td valign=\"top\">Promouvoir les valeurs scientifiques et d\u00e9fendre et prot\u00e9ger la libert\u00e9 universitaire.<\/p>\n<p>\u0152uvrer \u00e0 l\u2019augmentation du financement de la recherche en g\u00e9n\u00e9ral et \u00e0 l\u2019augmentation du financement de la recherche dans les \u00e9tablissements postsecondaires.<\/p>\n<p>Promouvoir une synergie entre la recherche, l\u2019\u00e9ducation\/la formation et la pratique, ainsi qu\u2019entre les diff\u00e9rents domaines de la recherche en psychologie.<\/p>\n<p>Promouvoir la publication de recherches et de travaux scientifiques de haute qualit\u00e9 en psychologie.<\/p>\n<p>Fournir des conseils au conseil d\u2019administration pour l\u2019aider dans ses d\u00e9cisions concernant les politiques et les pratiques li\u00e9es \u00e0 la science et aux revues et autres publications de la SCP.<\/p>\n<p>Fournir des conseils et un soutien aux \u00e9diteurs et au r\u00e9dacteur en chef des revues de la SCP.<\/td>\n<\/tr>\n<tr>\n<td valign=\"top\">\n<h4>Page Web :<\/h4>\n<\/td>\n<td valign=\"top\"><a href=\"https:\/\/cpa.ca\/fr\/aproposdelascp\/comites\/scientificaffairs\/\">https:\/\/cpa.ca\/fr\/aproposdelascp\/comites\/scientificaffairs\/<\/a><\/td>\n<\/tr>\n<tr>\n<td valign=\"top\">\n<h4>Pour nous joindre:<\/h4>\n<\/td>\n<td valign=\"top\"><a href=\"mailto:science@cpa.ca\">science@cpa.ca<\/a><\/td>\n<\/tr>\n<\/tbody>\n<\/table>\n<p>Read the full <strong>Terms of Reference<\/strong> <a href=\"https:\/\/cpa.ca\/docs\/File\/Committees\/ScientificAffairs\/Mgmt_Committee_TORs_SAC_June2024.pdf\" target=\"_blank\" rel=\"noopener\">here<\/a>.<\/p>\n<hr \/>\n<h2>Le Comit\u00e9 des affaires scientifiques de la SCP est \u00e0 la recherche de nouveaux membres!<\/h2>\n<p>Le Comit\u00e9 des affaires scientifiques de la Soci\u00e9t\u00e9 canadienne de psychologie recrute actuellement de nouveaux membres. L\u2019objectif principal du Comit\u00e9 des affaires scientifiques est de faire progresser la psychologie scientifique en se penchant sur des questions importantes pour le milieu de la recherche en psychologie, les membres et les affili\u00e9s de la SCP et les groupes de chercheurs. Le comit\u00e9 est \u00e9galement responsable des politiques et des pratiques des revues et autres publications de la SCP.<\/p>\n<p>Chaque ann\u00e9e, les membres du Comit\u00e9 des affaires scientifiques se chargent d\u2019examiner les demandes de subventions de recherche pour les \u00e9tudiants, de donner leur avis sur diff\u00e9rentes questions ayant trait aux revues de la SCP (p.\u00a0ex., ententes de publication, vocabulaire du libre acc\u00e8s, normes de publication) et d\u2019examiner les propositions de num\u00e9ros sp\u00e9ciaux pr\u00e9sent\u00e9s aux revues. D\u2019autres activit\u00e9s auront lieu tout au long de leur mandat. Pour en savoir plus sur le Comit\u00e9 des affaires scientifiques ou pour lire le mandat du comit\u00e9, cliquez <a href=\"https:\/\/cpa.ca\/fr\/aproposdelascp\/comites\/scientificaffairs\/\">ici<\/a>.<\/p>\n<p>Si vous souhaitez vous impliquer dans le travail important du Comit\u00e9 des affaires scientifiques, veuillez envoyer une lettre d\u2019intention et un CV \u00e0 jour \u00e0 la Dre\u00a0Lauren Thompson, responsable des affaires scientifiques de la SCP, \u00e0 <a href=\"mailto:science@cpa.ca\">science@cpa.ca<\/a>. Dans votre lettre d\u2019intention, veuillez pr\u00e9ciser si votre travail de recherche rel\u00e8ve principalement du mandat du CRSH, du CRSNG ou des IRSC.<\/p>\n<hr \/>\n<p>&nbsp;<\/p>\n","protected":false},"excerpt":{"rendered":"<p><!--more--><\/p>\n","protected":false},"author":2,"featured_media":0,"parent":1281,"menu_order":0,"comment_status":"closed","ping_status":"closed","template":"templates\/no-sidebar.php","meta":{"_acf_changed":false,"_monsterinsights_skip_tracking":false,"_monsterinsights_sitenote_active":false,"_monsterinsights_sitenote_note":"","_monsterinsights_sitenote_category":0,"footnotes":""},"class_list":["post-2624","page","type-page","status-publish","hentry"],"acf":[],"aioseo_notices":[],"publishpress_future_workflow_manual_trigger":{"enabledWorkflows":[]},"_links":{"self":[{"href":"https:\/\/cpa.ca\/fr\/wp-json\/wp\/v2\/pages\/2624","targetHints":{"allow":["GET"]}}],"collection":[{"href":"https:\/\/cpa.ca\/fr\/wp-json\/wp\/v2\/pages"}],"about":[{"href":"https:\/\/cpa.ca\/fr\/wp-json\/wp\/v2\/types\/page"}],"author":[{"embeddable":true,"href":"https:\/\/cpa.ca\/fr\/wp-json\/wp\/v2\/users\/2"}],"replies":[{"embeddable":true,"href":"https:\/\/cpa.ca\/fr\/wp-json\/wp\/v2\/comments?post=2624"}],"version-history":[{"count":6,"href":"https:\/\/cpa.ca\/fr\/wp-json\/wp\/v2\/pages\/2624\/revisions"}],"predecessor-version":[{"id":44496,"href":"https:\/\/cpa.ca\/fr\/wp-json\/wp\/v2\/pages\/2624\/revisions\/44496"}],"up":[{"embeddable":true,"href":"https:\/\/cpa.ca\/fr\/wp-json\/wp\/v2\/pages\/1281"}],"wp:attachment":[{"href":"https:\/\/cpa.ca\/fr\/wp-json\/wp\/v2\/media?parent=2624"}],"curies":[{"name":"wp","href":"https:\/\/api.w.org\/{rel}","templated":true}]}}