{"id":2632,"date":"2017-09-25T15:14:02","date_gmt":"2017-09-25T19:14:02","guid":{"rendered":"https:\/\/cpa.ca\/aproposdelascp\/comites\/sections\/"},"modified":"2025-09-24T16:11:51","modified_gmt":"2025-09-24T20:11:51","slug":"sections","status":"publish","type":"page","link":"https:\/\/cpa.ca\/fr\/aproposdelascp\/comites\/sections\/","title":{"rendered":"Conseil des sections"},"content":{"rendered":"<table border=\"1\" cellspacing=\"0\" cellpadding=\"4\">\n<tbody>\n<tr>\n<td valign=\"top\" width=\"250px\">\n<h4>Pr\u00e9sidente :<\/h4>\n<\/td>\n<td valign=\"top\">Kirby Huminuik (Board Liaison)<\/td>\n<\/tr>\n<tr>\n<td>\n<h4>Membres :<\/h4>\n<\/td>\n<td valign=\"top\">\n<div>Tous les pr\u00e9sidents des sections du SCP <a href=\"https:\/\/cpa.ca\/fr\/sections\/\">sections du SCP<\/a><\/div>\n<\/td>\n<\/tr>\n<tr>\n<td valign=\"top\">\n<h4>Mandat\u00a0:<\/h4>\n<\/td>\n<td valign=\"top\">Le Conseil des sections est un comit\u00e9 de gestion de la SCP qui rel\u00e8ve de la chef ou du chef de la direction, laquelle ou lequel transmet des mises \u00e0 jour au conseil d\u2019administration.<\/td>\n<\/tr>\n<tr>\n<td valign=\"top\">\n<h4>Objectifs\u00a0:<\/h4>\n<\/td>\n<td valign=\"top\">Veiller \u00e0 ce que les sections disposent d\u2019un moyen de se r\u00e9unir pour discuter des questions qui les concernent de mani\u00e8re g\u00e9n\u00e9rale et pour formuler des recommandations \u00e0 la chef ou au chef de la direction et au conseil d\u2019administration.<\/td>\n<\/tr>\n<tr>\n<td valign=\"top\">\n<h4>Page Web\u00a0:<\/h4>\n<\/td>\n<td valign=\"top\"><a href=\"https:\/\/cpa.ca\/fr\/aproposdelascp\/comites\/sections\/\">https:\/\/cpa.ca\/fr\/aproposdelascp\/comites\/sections\/<\/a><\/td>\n<\/tr>\n<tr>\n<td valign=\"top\">\n<h4>Pour nous joindre\u00a0:<\/h4>\n<\/td>\n<td valign=\"top\"><a href=\"mailto:Sections@cpa.ca\">Sections@cpa.ca<\/a><\/td>\n<\/tr>\n<\/tbody>\n<\/table>\n<h4>By-Law Section 8 &#8211; SECTIONS<\/h4>\n<p>8.01.\u00a0 <em><strong>Purpose<\/strong><\/em><\/p>\n<p>Sections are the primary agents through which the particular and special needs of members are met and interests are served. Those matters pertaining to the discipline of psychology as a whole are the responsibility of the Board of Directors of the Association.<\/p>\n<p>8.02.\u00a0 <em><strong>Formation<\/strong><\/em><\/p>\n<p>Approval to establish a Section within the Association may be granted by the Board of Directors when a group of at least 25 Fellows and Members of the Association submit a petition which includes a statement of purpose and goals of the proposed Section.<\/p>\n<p>8.03.\u00a0 <em><strong>Dissolution<\/strong><\/em><\/p>\n<p>A Section of the Association may be dissolved by the Board of Directors when the Section votes to request dissolution or when the number of Fellows and Members of the Section falls below 25 Fellows and Members. In the event that the membership<\/p>\n<p>of the Section falls below 25 Fellows and Members, the section may submit a petition to the Board of Directors to stay dissolution for one year to enable the Section to re-establish the necessary number of Fellows and Members. If the Section is unable to achieve the required level within one year the Section shall be dissolved.<\/p>\n<p>8.04.\u00a0 <em><strong>Organization<\/strong><\/em><\/p>\n<p>Within twelve months of obtaining approval to establish a Section, the Section shall pass By-Laws in conformity with such Model By-Laws as may from time to time be approved by the Board of Directors of the Canadian Psychological Association and the Section By-Laws will take effect upon approval by the Board. The Section By-Laws will regulate among other things, the following:<\/p>\n<ul>\n<li>the admission of persons to the Section and the qualification for and the\u00a0conditions of membership;<\/li>\n<li>the Section fees and dues of members;<\/li>\n<li>the suspension and termination of membership from the Section and by\u00a0 the member;<\/li>\n<li>the time for and the manner of election of directors of the Section;<\/li>\n<li>the election or appointment, functions, duties and removal of officers;<\/li>\n<li>the time and place and the notice to be given for the holding of meetings\u00a0 of members, the quorum at meetings; and<\/li>\n<li>the conduct in all particulars of the Section.<\/li>\n<\/ul>\n<p>8.05\u00a0\u00a0\u00a0\u00a0\u00a0 <strong>Regulation of Section Affairs<\/strong><\/p>\n<div>A Section may engage in activities and adopt rules, regulations and policies for the management of its affairs which are not inconsistent with the articles, by-laws or Operating Regulations of the Corporation.\u00a0However, nothing herein shall be construed as giving to a Section, the power and authority to:<\/div>\n<div><\/div>\n<ul>\n<li>contract a loan, open a line of credit or issue a guarantee without the prior approval of the board of directors;<\/li>\n<li>make any expense or disbursement, or incur any contractual liability which is in excess of the amounts approved by the board of directors from time to time;<\/li>\n<li>represent or act on behalf of the Corporation in any manner or thing, except with the express consent of the board of directors of the Corporation.<\/li>\n<\/ul>\n<p>8.06.\u00a0 <em><strong>Dues and Fee Invoicing<\/strong><\/em><\/p>\n<p>Sections shall establish annual dues and may establish membership fees which will be collected by the Central Office. Sections shall have the authority to solicit donations from their members for specific identified purposes.<\/p>\n<p>8.07.\u00a0 <em><strong>Reports<\/strong><\/em><\/p>\n<p>Annually, at least four weeks before the Annual Meeting of the Association, the Secretary of each Section shall submit an Annual Report, which includes a financial statement to the Board of Directors of the Association. The financial statement shall include a budget for the ensuing year which shall be subject to approval by the Board of Directors.<\/p>\n<p>8.08.\u00a0 <em><strong>Committee on Sections<\/strong><\/em><\/p>\n<p>Each Section shall elect or appoint a representative to sit on the Committee on Sections of the Association and shall regulate through the Section By-Law the method of appointment or election and the terms of office.<\/p>\n<p>8.09.\u00a0 <em><strong>Powers<\/strong><\/em><\/p>\n<p>A Section shall have the power to initiate and undertake activities of relevance to its members, to draft position papers on topics of relevance to the Section, to initiate policy statements in areas of expertise and to organize meetings within CPA. A Section may make specific representation to external organizations or agencies only if it has received the approval of the Board of Directors to do so, or it may recommend that CPA make such representation.<\/p>\n<p>8.10.\u00a0 <em><strong>Access<\/strong><\/em><\/p>\n<p>A Section shall have access to the Board of Directors through the Chair of the Committee on Sections for consideration of issues of concern to the Section involving matters relevant to the relationship of the Section to the Association as a whole or component parts thereof, or concerning agencies or activities external to the Association.<\/p>\n","protected":false},"excerpt":{"rendered":"<p>Pr\u00e9sidente : Kirby Huminuik (Board Liaison) Membres : Tous les pr\u00e9sidents des sections du SCP sections du SCP Mandat\u00a0: Le Conseil des sections est un comit\u00e9 de gestion de la SCP qui rel\u00e8ve de la chef ou du chef de la direction, laquelle ou lequel transmet des mises \u00e0 jour au conseil d\u2019administration. Objectifs\u00a0: Veiller [&hellip;]<\/p>\n","protected":false},"author":2,"featured_media":0,"parent":1281,"menu_order":0,"comment_status":"closed","ping_status":"closed","template":"templates\/no-sidebar.php","meta":{"_acf_changed":false,"_monsterinsights_skip_tracking":false,"_monsterinsights_sitenote_active":false,"_monsterinsights_sitenote_note":"","_monsterinsights_sitenote_category":0,"footnotes":""},"class_list":["post-2632","page","type-page","status-publish","hentry"],"acf":[],"aioseo_notices":[],"publishpress_future_workflow_manual_trigger":{"enabledWorkflows":[]},"_links":{"self":[{"href":"https:\/\/cpa.ca\/fr\/wp-json\/wp\/v2\/pages\/2632","targetHints":{"allow":["GET"]}}],"collection":[{"href":"https:\/\/cpa.ca\/fr\/wp-json\/wp\/v2\/pages"}],"about":[{"href":"https:\/\/cpa.ca\/fr\/wp-json\/wp\/v2\/types\/page"}],"author":[{"embeddable":true,"href":"https:\/\/cpa.ca\/fr\/wp-json\/wp\/v2\/users\/2"}],"replies":[{"embeddable":true,"href":"https:\/\/cpa.ca\/fr\/wp-json\/wp\/v2\/comments?post=2632"}],"version-history":[{"count":6,"href":"https:\/\/cpa.ca\/fr\/wp-json\/wp\/v2\/pages\/2632\/revisions"}],"predecessor-version":[{"id":44488,"href":"https:\/\/cpa.ca\/fr\/wp-json\/wp\/v2\/pages\/2632\/revisions\/44488"}],"up":[{"embeddable":true,"href":"https:\/\/cpa.ca\/fr\/wp-json\/wp\/v2\/pages\/1281"}],"wp:attachment":[{"href":"https:\/\/cpa.ca\/fr\/wp-json\/wp\/v2\/media?parent=2632"}],"curies":[{"name":"wp","href":"https:\/\/api.w.org\/{rel}","templated":true}]}}