{"id":2640,"date":"2018-03-16T18:16:57","date_gmt":"2018-03-16T22:16:57","guid":{"rendered":"https:\/\/cpa.ca\/aproposdelascp\/prixdelascp\/certificateofacademicexcellence\/"},"modified":"2025-10-02T11:54:04","modified_gmt":"2025-10-02T15:54:04","slug":"certificatdexcellenceuniversitaire","status":"publish","type":"page","link":"https:\/\/cpa.ca\/fr\/aproposdelascp\/prixdelascp\/certificatdexcellenceuniversitaire\/","title":{"rendered":"Certificat d\u2019excellence universitaire"},"content":{"rendered":"<p>Le conseil d\u2019administration de la Soci\u00e9t\u00e9 canadienne de psychologie a approuv\u00e9, en mai 1999, la mise en \u0153uvre d\u2019un programme de certificats d\u2019excellence universitaire dans le but de reconna\u00eetre les r\u00e9alisations exceptionnelles des \u00e9tudiants de tous les niveaux (baccalaur\u00e9at, ma\u00eetrise et doctorat) dans chaque d\u00e9partement de psychologie au Canada.<\/p>\n<p>Ce programme a re\u00e7u l\u2019aval du Conseil canadien des d\u00e9partements de psychologie. Le prix prend la forme d\u2019un certificat que remettront, chaque ann\u00e9e, les d\u00e9partements de psychologie aux \u00e9tudiants qui auront pr\u00e9sent\u00e9 les meilleurs travaux (dissertation, ma\u00eetrise et th\u00e8se) au niveau du baccalaur\u00e9at, de la ma\u00eetrise et du doctorat.<\/p>\n<p>Ce programme a \u00e9t\u00e9 lanc\u00e9 et est fortement soutenu par la Section des \u00e9tudiants en psychologie de la SCP. Ainsi, il est fortement recommand\u00e9 d\u2019inclure un \u00e9tudiant au comit\u00e9 d\u2019\u00e9valuation, de pr\u00e9f\u00e9rence le repr\u00e9sentant des \u00e9tudiants sur le campus d\u00e9sign\u00e9 par la SCP.<\/p>\n<p>La Soci\u00e9t\u00e9 canadienne de psychologie croit fermement que les \u00e9tudiants sont l\u2019avenir de la psychologie et qu\u2019ils doivent \u00eatre encourag\u00e9s par la reconnaissance de leur r\u00e9ussite.<\/p>\n<p>Les pr\u00e9sidents des d\u00e9partements de psychologie ont re\u00e7u l\u2019invitation \u00e0 soumettre les travaux de leurs \u00e9tudiants au d\u00e9but de mai.<\/p>\n<p>Si vous avez des questions ou des pr\u00e9occupations, n\u2019h\u00e9sitez pas \u00e0 communiquer avec le si\u00e8ge social de la SCP \u00e0 <a href=\"mailto:education@cpa.ca\">education@cpa.ca<\/a> ou au 1-888-472-0657 poste 1323.<\/p>\n<hr \/>\n<p><strong><a href=\"https:\/\/cpa.ca\/docs\/File\/Awards\/CAE List for Psynopsis 2025-Final.pdf\" target=\"_blank\" rel=\"noopener noreferrer\">Laur\u00e9ats du Certificat d&#8217;excellence acad\u00e9mique 2025<\/a> (PDF)<\/strong><\/p>\n<h4>Laur\u00e9ats des ann\u00e9es pr\u00e9c\u00e9dentes<\/h4>\n<article style=\"-webkit-column-width: 200px; -moz-column-width: 200px; column-width: 200px;\">\n<ul>\n<li><a href=\"https:\/\/cpa.ca\/docs\/File\/Awards\/CAE List 2024-Final.pdf\" target=\"_blank\" rel=\"noopener noreferrer\">2024 CAE Laureats<\/a> (PDF)<\/li>\n<li><a href=\"https:\/\/cpa.ca\/docs\/File\/Awards\/CAE List for Web 2023-Final.pdf\" target=\"_blank\" rel=\"noopener noreferrer\">2023 CAE Laureats<\/a> (PDF)<\/li>\n<li><a href=\"https:\/\/cpa.ca\/docs\/File\/Awards\/CAE2022-UPDATED.pdf\" target=\"_blank\" rel=\"noopener noreferrer\">2022  CAE Laureats<\/a> (PDF)<\/li>\n<li><a href=\"https:\/\/cpa.ca\/docs\/File\/Awards\/CAE_2021_EN.pdf\" target=\"_blank\" rel=\"noopener noreferrer\">2021 CAE Laureats<\/a> (PDF)<\/li>\n<li><a href=\"https:\/\/cpa.ca\/docs\/File\/Awards\/CAE_2020_Psynopsis-VOL42-4.pdf\" target=\"_blank\" rel=\"noopener noreferrer\">2020 CAE Laureats<\/a> (PDF)<\/li>\n<li><a href=\"https:\/\/cpa.ca\/docs\/File\/Awards\/CAE_2019-Psynopsis.pdf\" target=\"_blank\" rel=\"noopener noreferrer\">2019 CAE Laureats<\/a> (PDF)<\/li>\n<li><a href=\"https:\/\/cpa.ca\/docs\/File\/Awards\/Psynopsis-FALL_2018CAE_List.pdf\" target=\"_blank\" rel=\"noopener noreferrer\">2018 CAE Laureats<\/a> (PDF)<\/li>\n<li><a href=\"https:\/\/cpa.ca\/docs\/File\/Awards\/CAE_2017winners_English.pdf\" target=\"_blank\" rel=\"noopener noreferrer\">2017 CAE Laureats<\/a> (PDF)<\/li>\n<li><a href=\"https:\/\/cpa.ca\/docs\/File\/Awards\/CAE_Psynopsis_Fall2016.pdf\" target=\"_blank\" rel=\"noopener noreferrer\">2016 CAE Laureats<\/a> (PDF)<\/li>\n<li><a href=\"https:\/\/cpa.ca\/docs\/File\/Awards\/Laureates_2015.pdf\" target=\"_blank\" rel=\"noopener noreferrer\">2015 CAE Laureats<\/a> (PDF)<\/li>\n<li><a href=\"https:\/\/cpa.ca\/docs\/File\/Awards\/Laureates_2014.pdf\" target=\"_blank\" rel=\"noopener noreferrer\">2014 CAE Laureats<\/a> (PDF)<\/li>\n<li><a href=\"https:\/\/cpa.ca\/docs\/File\/Awards\/Psynopsisfall2013CAEList.pdf\" target=\"_blank\" rel=\"noopener noreferrer\">2013 CAE Laureats<\/a> (PDF)<\/li>\n<li><a href=\"https:\/\/cpa.ca\/docs\/File\/Awards\/Psynopsisfall2012CAEList.pdf\" target=\"_blank\" rel=\"noopener noreferrer\">2012 CAE Laureats<\/a> (PDF)<\/li>\n<li><a href=\"https:\/\/cpa.ca\/docs\/File\/Awards\/CAE_2011.pdf\" target=\"_blank\" rel=\"noopener noreferrer\">2011 CAE Laureats<\/a> (PDF)<\/li>\n<li><a href=\"https:\/\/cpa.ca\/docs\/File\/Governance\/Laureates2010UpdatedMay2011.pdf\" target=\"_blank\" rel=\"noopener noreferrer\">2010 CAE Laureats<\/a> (PDF)<\/li>\n<li><a href=\"\/cpasite\/UserFiles\/Documents\/Laureates%20of%20the%20CPA%202009%20Certificate%20of%20Academic%20Excellence(1).pdf\" target=\"_blank\" rel=\"noopener noreferrer\">2009 CAE Laureats<\/a> (PDF)<\/li>\n<li><a href=\"\/cpasite\/UserFiles\/Documents\/students\/2008Laureates.pdf\" target=\"_blank\" rel=\"noopener noreferrer\">2008 CAE Laureats<\/a> (PDF)<\/li>\n<li><a href=\"\/cpasite\/UserFiles\/Documents\/Award%20winners\/Academic%20Excellence%202007.pdf\" target=\"_blank\" rel=\"noopener noreferrer\">2007 CAE Laureats<\/a> (PDF)<\/li>\n<li><a href=\"\/cpasite\/UserFiles\/Documents\/Award%20winners\/Academic%20Excellence%202006.pdf\" target=\"_blank\" rel=\"noopener noreferrer\">2006 CAE Laureats<\/a> (PDF)<\/li>\n<li><a href=\"\/cpasite\/UserFiles\/Documents\/Academic%20Excellence%202005.pdf\" target=\"_blank\" rel=\"noopener noreferrer\">2005 CAE Laureats<\/a> (PDF)<\/li>\n<li><a href=\"\/cpasite\/UserFiles\/Documents\/CAE\/Academic_Excellence_04.pdf\" target=\"_blank\" rel=\"noopener noreferrer\">2004 CAE Laureats<\/a> (PDF)<\/li>\n<li><a href=\"\/cpasite\/UserFiles\/Documents\/CAE\/Academic_Excellence_03.pdf\" target=\"_blank\" rel=\"noopener noreferrer\">2003 CAE Laureats<\/a> (PDF)<\/li>\n<li><a href=\"\/cpasite\/UserFiles\/Documents\/CAE\/Academic_Excellence_02.pdf\" target=\"_blank\" rel=\"noopener noreferrer\">2002 CAE Laureats<\/a> (PDF)<\/li>\n<li><a href=\"\/cpasite\/UserFiles\/Documents\/CAE\/Academic_Excellence_01.pdf\" target=\"_blank\" rel=\"noopener noreferrer\">2001 CAE Laureats<\/a> (PDF)<\/li>\n<\/ul>\n<\/article>\n<p>Vous avez besoin de la version gratuite de <a href=\"http:\/\/www.adobe.com\/support\/downloads\/main.html\" target=\"_blank\" rel=\"noopener noreferrer\">Acrobat Reader<\/a> pour lire ces fichiers.<\/p>\n","protected":false},"excerpt":{"rendered":"<p><!--more--><\/p>\n","protected":false},"author":2,"featured_media":0,"parent":1302,"menu_order":0,"comment_status":"closed","ping_status":"closed","template":"","meta":{"_acf_changed":false,"_monsterinsights_skip_tracking":false,"_monsterinsights_sitenote_active":false,"_monsterinsights_sitenote_note":"","_monsterinsights_sitenote_category":0,"footnotes":""},"class_list":["post-2640","page","type-page","status-publish","hentry"],"acf":[],"aioseo_notices":[],"publishpress_future_workflow_manual_trigger":{"enabledWorkflows":[]},"_links":{"self":[{"href":"https:\/\/cpa.ca\/fr\/wp-json\/wp\/v2\/pages\/2640","targetHints":{"allow":["GET"]}}],"collection":[{"href":"https:\/\/cpa.ca\/fr\/wp-json\/wp\/v2\/pages"}],"about":[{"href":"https:\/\/cpa.ca\/fr\/wp-json\/wp\/v2\/types\/page"}],"author":[{"embeddable":true,"href":"https:\/\/cpa.ca\/fr\/wp-json\/wp\/v2\/users\/2"}],"replies":[{"embeddable":true,"href":"https:\/\/cpa.ca\/fr\/wp-json\/wp\/v2\/comments?post=2640"}],"version-history":[{"count":7,"href":"https:\/\/cpa.ca\/fr\/wp-json\/wp\/v2\/pages\/2640\/revisions"}],"predecessor-version":[{"id":44579,"href":"https:\/\/cpa.ca\/fr\/wp-json\/wp\/v2\/pages\/2640\/revisions\/44579"}],"up":[{"embeddable":true,"href":"https:\/\/cpa.ca\/fr\/wp-json\/wp\/v2\/pages\/1302"}],"wp:attachment":[{"href":"https:\/\/cpa.ca\/fr\/wp-json\/wp\/v2\/media?parent=2640"}],"curies":[{"name":"wp","href":"https:\/\/api.w.org\/{rel}","templated":true}]}}