{"id":2644,"date":"2018-08-20T21:55:56","date_gmt":"2018-08-21T01:55:56","guid":{"rendered":"https:\/\/cpa.ca\/aproposdelascp\/prixdelascp\/fellows\/"},"modified":"2026-03-24T14:58:42","modified_gmt":"2026-03-24T18:58:42","slug":"fellows","status":"publish","type":"page","link":"https:\/\/cpa.ca\/fr\/aproposdelascp\/prixdelascp\/fellows\/","title":{"rendered":"Fellows de la SCP"},"content":{"rendered":"<p>Les Fellows sont des membres de la Soci\u00e9t\u00e9, vivants ou d\u00e9c\u00e9d\u00e9s, qui ont contribu\u00e9 avec \u00e9clat au d\u00e9veloppement scientifique ou professionnel de la psychologie ou qui ont rendu des services exceptionnels \u00e0 leur association nationale ou provinciale.<\/p>\n<p><a href=\"https:\/\/cpa.ca\/fr\/aproposdelascp\/prixdelascp\/modalitsdemiseencandidature\/\">Modalit\u00e9s de mises en candidature<\/a><\/p>\n<h4>Fellows de la SCP<\/h4>\n<p>* Fellows d&#8217;honneur \u00e0 vie<\/p>\n<p>Fellows shall be Members of the Association, living or deceased, who have made a distinguished contribution to the advancement of the science or profession of psychology or who have given exceptional service to their national or provincial associations. Find out more about the <u><a href=\"https:\/\/cpa.ca\/fr\/aproposdelascp\/prixdelascp\/modalitsdemiseencandidature\/\">process of election to Fellow<\/a><\/u>.<\/p>\n<h4>CPA Fellows<\/h4>\n<p>* Indicates Honorary Life Fellows<\/p>\n<article style=\"-webkit-column-width: 190px; -moz-column-width: 190px; column-width: 190px;\">Aboud, Frances E.<br \/>\nAdair, John G. *<br \/>\nAdamec, Robert E.<br \/>\nAdams-Webber, Jack R. *<br \/>\nAgnew, Neil *<br \/>\nAlcock, James E.<br \/>\nAlden, Lynn E.<br \/>\nAlexander, Bruce<br \/>\nAllen, Nathalie Jean<br \/>\nAmes, Elinor W. *<br \/>\nAndrews, Donald<br \/>\nAndrews, Jac<br \/>\nAnisman, Hymie<br \/>\nAnnis, Helen M. *<br \/>\nAntony, Martin<br \/>\nAppley, Mortimer H. *<br \/>\nArbuckle-Maag, Tannis Y.<br \/>\nArnett, John L.<br \/>\nArrowood, A. John *<br \/>\nArthur, Nancy M.<br \/>\nAsmundson, Gordon J.G.<br \/>\nAtkinson, Leslie R.<br \/>\nAubry, Tim<br \/>\nAuld, Frank *<br \/>\nAzima, Fern *<br \/>\nBaillie, Patrick<br \/>\nBakan, Paul *<br \/>\nBanks, Robin K.<br \/>\nBarling, Julian<br \/>\nBarnes, Rosemary<br \/>\nBarnsley, Roger<br \/>\nBaron, Pierre<br \/>\nBavelas, Alex *<br \/>\nBavelas, Janet<br \/>\nBeach, Horace D. *<br \/>\nBebko, James M.<br \/>\nBedi, Robinder<br \/>\nBegg, Ian M.<br \/>\nB\u00e9langer, David J.L. *<br \/>\nBenjafield, John G.<br \/>\nBergeron, Sophie<br \/>\nBerry, John W. *<br \/>\nBerry, Raymond G. *<br \/>\nBest,\u00a0 J. Allan<br \/>\nBialystok, Ellen<br \/>\nBieling, Peter<br \/>\nBigelow, Ann<br \/>\nBinik, Irving M.<br \/>\nBisanz, Jeffrey<br \/>\nBlackman, A. Roger<br \/>\nBobocel, D. Ramona<br \/>\nBonaccio, Silvia<br \/>\nBonta, James<br \/>\nBorgen, William A.<br \/>\nBoudreau, Jean-Paul<br \/>\nBoulais, Gilles<br \/>\nBoulay, Maurice A.<br \/>\nBourhis, Richard Y.<br \/>\nBowie, Christopher<br \/>\nBowman, Marilyn L. *<br \/>\nBrandt, Lewis W. *<br \/>\nBreault, Lorraine<br \/>\nBregman, Alex,<br \/>\nBrolund, Jay W.<br \/>\nBrooker, Harvey *<br \/>\nBrotto, Lori<br \/>\nBrown, Roy I. *<br \/>\nBryden, M. Philip<br \/>\nBultz, Barry D.<br \/>\nBunt, Miriam E. *<br \/>\nButler, Gordon S.<br \/>\nByers, Sandra E.<br \/>\nByrne, Joseph M.<br \/>\nCameron, Catherine A. *<br \/>\nCampbell, Dugal *<br \/>\nCampbell, Mary Ann<br \/>\nCampbell,Tavis<br \/>\nCaplan, Paula J.<br \/>\nCappeliez, Philippe<br \/>\nCarney, Colleen<br \/>\nCarney, Patrick J.<br \/>\nCassin, Stephanie<br \/>\nCatano, Victor M.<br \/>\nCervin, Vladimir B. *<br \/>\nChadwick-Jones, John K. *<br \/>\nChambers, Christine T.<br \/>\nCharness, Neil H.<br \/>\nChen, Charles P.<br \/>\nCherry, Frances<br \/>\nChevrier, Jean-Marc *<br \/>\nChristensen, Clifford M. *<br \/>\nChurch, Elizabeth<br \/>\nClark, David A.<br \/>\nClark, Kenneth E. *<br \/>\nCl\u00e9ment, Richard<br \/>\nClerk, Gabrielle *<br \/>\nCloutier, Richard<br \/>\nCohen, Annabel<br \/>\nCohen, Jacqueline<br \/>\nCohen, Karen R.<br \/>\nCole, Ester<br \/>\nConnolly, Jennifer A.<br \/>\nConnolly, John Francis<br \/>\nConway, John B.<br \/>\nCoons, Wesley H. *<br \/>\nCorace, Kim<br \/>\nCoren, Stanley<br \/>\nCorkum, Penny<br \/>\nCostello, Charles G. *<br \/>\nCotton, Dorothy<br \/>\nCox, Brian J.<br \/>\nCraig, Kenneth D. *<br \/>\nCraig, Wendy M.<br \/>\nCraik, Fergus I.M.<br \/>\nCrawford, Charles,<br \/>\nCrocker, Peter<br \/>\nCronshaw, Steven F.<br \/>\nCrowe, Herman A. *<br \/>\nCrozier, Sharon<br \/>\nCuddy, Lola L.<br \/>\nCummings, Anne L.<br \/>\nDalby, J. Thomas<br \/>\nDaniels, Lia<br \/>\nDaniluk, Judith C.<br \/>\nDanto, David<br \/>\nDanziger, Kurt *<br \/>\nDarroch-Lozowski, V.<br \/>\nDas, Jagannath *<br \/>\nDay, Arla, L.<br \/>\nDay, Hy I. *<br \/>\nDayhaw, Lawrence T. *<br \/>\nDe Koninck, Joseph-M.<br \/>\nDerevensky, Jeffrey L.<br \/>\nDesmarais, Gilbert<br \/>\nDesrosiers, Francois X. *<br \/>\nDevins, Gerald M.<br \/>\nDewey, Deborah<br \/>\nDion, Karen<br \/>\nDion, Kenneth L.<br \/>\nDobson, Deborah<br \/>\nDobson, Keith<br \/>\nDodwell, Peter C. *<br \/>\nDomene, Jos\u00e9<br \/>\nDonald, Merlin W. *<br \/>\nDoob, Anthony N.<br \/>\nDor\u00e9, Francois Y.<br \/>\nDouglas, Virginia I. *<br \/>\nDoyle, Anna-Beth<br \/>\nDozois, David J.A.<br \/>\nDrapeau, Martin<br \/>\nDub\u00e9, Lise<br \/>\nDudek, Stephanie Z. *<br \/>\nDugas, Michel<br \/>\nDyck, Karen<br \/>\nEagle, Morris N. *<br \/>\nEarn, Brian M.<br \/>\nEaton, Warren O.<br \/>\nEdwards, Henry<br \/>\nEdwards, John R.<br \/>\nEdwards, Suzanne K. *<br \/>\nElias, John W.<br \/>\nEllis, Eric H.<br \/>\nEndler, Norman S. *<br \/>\nEsses, Victoria<br \/>\nEtcovitch, Allen<br \/>\nEvans, David R. *<br \/>\nEvans, Mary Ann<br \/>\nFancher, Raymond *<br \/>\nFarley, Frank<br \/>\nFarrell, Susan<br \/>\nFavreau, Olga Eizner<br \/>\nFehr, Beverley<br \/>\nFeldman, Maurice<br \/>\nFerguson, George A. *<br \/>\nFerguson, Kingsley G. *<br \/>\nFinegan, Joan E.<br \/>\nFiocco, Alexandra<br \/>\nFisher, Ronald<br \/>\nFoley, Joan E. *<br \/>\nFord, Laurie<br \/>\nFried, Peter<br \/>\nFrost, Barrie J.<br \/>\nFry, Prem S. *<br \/>\nFuredy, John J.<br \/>\nGaddes, William H. *<br \/>\nGalef, Bennett G.<br \/>\nGardner, Robert C.<br \/>\nGarland, Sheila<br \/>\nGauthier, Janel G.<br \/>\nGekoski, William L.<br \/>\nGendreau, Paul *<br \/>\nGendreau, Pierre<br \/>\nGerstein, Reva D. *<br \/>\nGibson, David *<br \/>\nGifford, Robert<br \/>\nGoghari, Vina<br \/>\nGoldberg, Susan<br \/>\nGoldberg,Joel<br \/>\nGoodale, Melvin<br \/>\nGoodman, John T. *<br \/>\nGoodwin, Shelley<br \/>\nGordon, Gerald<br \/>\nGottlieb, Benjamin<br \/>\nGouin-D\u00e9carie, Th\u00e9r\u00e8se *<br \/>\nGraf, Peter<br \/>\nGraff, Lesley<br \/>\nGranger, Luc<br \/>\nGreen, Sheryl<br \/>\nGreenberg, Leslie S.<br \/>\nGreenberg, Nathan *<br \/>\nGreenglass, Esther<br \/>\nGrondin, Simon<br \/>\nGrusec, Joan E.<br \/>\nGuinan, Mary St. Michael *<br \/>\nGupton, Ted W.<br \/>\nGutbrodt, Erika J.<br \/>\nHackett, Rick<br \/>\nHadjistavropoulos, Heather<br \/>\nHadjistavropoulos, Thomas<br \/>\nHandy, Lee C.<br \/>\nHanson, Karl<br \/>\nHarkness, Kate<br \/>\nHarris, Grant T.<br \/>\nHarris, Laurence R.<br \/>\nHarshman, Ronald C. *<br \/>\nHart, David S. *<br \/>\nHart, Stacey<br \/>\nHart, Trevor A.<br \/>\nHaverkamp, Beth E.<br \/>\nHawryluk, Garry A.<br \/>\nHayes, Charles J.A. *<br \/>\nHays, Kate<br \/>\nHearn, Margaret T. *<br \/>\nHewitt, Paul<br \/>\nHideg, Ivona<br \/>\nHilton, Zoe<br \/>\nHiscock, Merrill Charles<br \/>\nHodgins, David<br \/>\nHodgins, Sheilagh<br \/>\nHogan, Terrence P.<br \/>\nHogan, Timothy V. *<br \/>\nHoge, Robert D.<br \/>\nHolden, Ronald<br \/>\nHough, Arthur J. B. *<br \/>\nHoyt-Cameron, Ruth *<br \/>\nHunsley, John D.<br \/>\nHurley, George<br \/>\nIezzi, Tony<br \/>\nInglis, James *<br \/>\nIsabelle, Laurent A. *<br \/>\nIverson, Grant<br \/>\nJackson, Douglas N. *<br \/>\nJaffe, Peter G.<br \/>\nJamieson, Randall<br \/>\nJanisse, Michel Pierre<br \/>\nJanzen, Henry L.<br \/>\nJohns, Gary<br \/>\nJohnston, Charlotte<br \/>\nJosefowitz, Nina<br \/>\nJosephson, Wendy L.<br \/>\nJung, Sandy<br \/>\nKalin, Rudolf<br \/>\nKanungo, Rabindra N. *<br \/>\nKaplan, Bonnie J.<br \/>\nKassan, Anusha<br \/>\nKatz, Albert N.<br \/>\nKatz, Joel<br \/>\nKawakami, Kerry<br \/>\nKelloway, E. Kevin<br \/>\nKennedy, John M.<br \/>\nKiely, Margaret C. *<br \/>\nKimball, Meredith<br \/>\nKimura, Doreen<br \/>\nKing, Michael<br \/>\nKline, Theresa J.<br \/>\nKlineberg, Otto *<br \/>\nKnights, Robert M. *<br \/>\nKnox, Valerie Jane<br \/>\nKokai, Maria<br \/>\nKonstantareas, Mary Marianthi *<br \/>\nKorabik, Karen<br \/>\nKowaz, Andrea<br \/>\nKrebs, Dennis L.<br \/>\nKroner, Daryl G.<br \/>\nLadouceur, Robert<br \/>\nLaidlaw, Toni Ann *<br \/>\nLalande, Vivian M.<br \/>\nLalonde, Richard N.<br \/>\nLambert, Wallace E. *<br \/>\nLarsen, Carolyn C.<br \/>\nLarsen, Denise Joy<br \/>\nLassonde, Maryse C.<br \/>\nLatham, Gary P.<br \/>\nLavoie, Kim<br \/>\nLawson, James S.<br \/>\nLedingham, Jane E.<br \/>\nLee, Catherine M.<br \/>\nLee, Kang<br \/>\nLee, Kibeom<br \/>\nLeenaars, Antoon A.<br \/>\nLefcourt, Herbert M.<br \/>\nLemay, Roger P. *<br \/>\nLeong, Che K. *<br \/>\nLepore, Franco<br \/>\nLeschied, Alan W.<br \/>\nLiddell, Marie Andree<br \/>\nLinden, Wolfgang<br \/>\nLips, Hilary M.<br \/>\nLittle, Brian R.<br \/>\nLockhart, Robert S.<br \/>\nLolordo, Vincent M.<br \/>\nLong, Bonita<br \/>\nLongman, R. Stewart<br \/>\nLubek, Ian<br \/>\nLytton, Hugh *<br \/>\nMacbeth, Tannis M.<br \/>\nMacDonald, G. Wayne<br \/>\nMacLean, Alistair W.<br \/>\nMacLeod, Colin M.<br \/>\nMacNamara, John T.<br \/>\nMacQuarrie, Colleen<br \/>\nMailloux, Noel *<br \/>\nMalmo, Robert B. *<br \/>\nMalone, Judi<br \/>\nMartin, Camille R.<br \/>\nMartin, Garry L.<br \/>\nMartin, Jack Franklin<br \/>\nMartin, Robert M. *<br \/>\nMash, Eric J.<br \/>\nMateer, Catherine<br \/>\nMathieu, Mireille<br \/>\nMatlin, Margaret W.<br \/>\nMcCabe, Randi<br \/>\nMcCunn, Lindsay<br \/>\nMcDonnell, Paul M.<br \/>\nMcGlone, Jeanette<br \/>\nMcGrath, Patrick<br \/>\nMcIlwraith, Robert D.<br \/>\nMcKeachie, Wilbert J. *<br \/>\nMcKinnon, Margaret<br \/>\nMcLean, Peter D.<br \/>\nMcMullen, Linda M.<br \/>\nMcMurray, Gordon A. *<br \/>\nMcNulty, John A. *<br \/>\nMeichenbaum, Donald H.<br \/>\nMelanson, Danielle<br \/>\nMelzack, Ronald *<br \/>\nMewhort, Douglas J.K.<br \/>\nMeyer, John P.<br \/>\nMikaelian, Harutune H.<br \/>\nMikail, Samuel<br \/>\nMills, Jeremy<br \/>\nMilner, Brenda A. *<br \/>\nMilner, Peter M. *<br \/>\nMilton, G. Alexander *<br \/>\nMitchell, Beth<br \/>\nMonson, Candice M.<br \/>\nMorrison, Todd<br \/>\nMos, Leendert P.<br \/>\nMoscovitch, Morris<br \/>\nMothersill, Kerry J.<br \/>\nMuir, Darwin W.<br \/>\nMureika, Juanita<br \/>\nMurray, David J.<br \/>\nMurray, Michael<br \/>\nNash, B. Chris<br \/>\nNeill, James D. *<br \/>\nNesca, Marc<br \/>\nNeufeld, Richard W.J.<br \/>\nNeufeldt, Aldred H.<br \/>\nNewbigging, P. Lynn *<br \/>\nNewton, James H.<br \/>\nNicholson, Ian<br \/>\nNielson, Warren R.<br \/>\nNorman, Ross<br \/>\nNorton, G. Ron<br \/>\nNorton, W. Anthony *<br \/>\nNussbaum, David<br \/>\nO&#8217;Connor, Kieron<br \/>\nOgloff, James<br \/>\nOlson, David R. *<br \/>\nOlson, James M.<br \/>\nOlver, Mark<br \/>\nO&#8217;Neill, Patrick T. H.<br \/>\nO&#8217;Sullivan, Lucia<br \/>\nPaivio, Allan U. *<br \/>\nPancer, S. Mark<br \/>\nParanjpe, Anand C.<br \/>\nPaulhus, Delroy L.<br \/>\nPayne, R. W. *<br \/>\nPearce, John W.<br \/>\nPelletier, Luc<br \/>\nPepler, Debra<br \/>\nPercival, Elizabeth F.<br \/>\nPerlman, Daniel<br \/>\nPeters, Ray<br \/>\nPettifor, Jean L. *<br \/>\nPexman, Penny M.<br \/>\nPihl, Robert O.<br \/>\nPinard, Adrien *<br \/>\nPiotrowski, Andrea<br \/>\nPiran, Niva<br \/>\nPoirier, Mario<br \/>\nPolivy, Janet<br \/>\nPomeroy, Edward W. *<br \/>\nPorac, Clare Kathleen<br \/>\nPoser, Ernest G. *<br \/>\nPoulin, Carmen<br \/>\nPowell, Deborah<br \/>\nPrkachin, Kenneth Martin<br \/>\nProvencher, Martin<br \/>\nPtito, Mario<br \/>\nPukall, Caroline<br \/>\nPurdon, Christine<br \/>\nPushkar, Dolores<br \/>\nPyke, Sandra W. *<br \/>\nPylyshyn, Zenon<br \/>\nQuinsey, Vernon L.<br \/>\nRachman, Stanley<br \/>\nRadomsky, Adam S.<br \/>\nRadtke, Lorraine<br \/>\nRampton, Glenn M.<br \/>\nRamsay, James O.<br \/>\nRandall, David L. *<br \/>\nRandhawa, Bikkar S. *<br \/>\nRegan, David M.<br \/>\nRennie, David L. *<br \/>\nRice, Marnie E.<br \/>\nRicks, Frances A. *<br \/>\nRinaldi, Christina<br \/>\nRitchie, Kerri<br \/>\nRitchie, Pierre L.J.<br \/>\nRivard, Reynald *<br \/>\nRobinson, Robert W. *<br \/>\nRoediger, Henry L.<br \/>\nRoesch, Ronald<br \/>\nRogers, Tim B.<br \/>\nRollman, Gary B.<br \/>\nRomano, Elisa<br \/>\nRosberger, Zeev<br \/>\nRoskies, Ethel *<br \/>\nRoss, Hildy Sharon<br \/>\nRourke, Byron P. *<br \/>\nRourke, Sean B.<br \/>\nRowa, Karen<br \/>\nRowe, Patricia M. *<br \/>\nRubin, Kenneth<br \/>\nRuocco, Anthony<br \/>\nRussell-Mayhew, Shelley<br \/>\nRusso, Frank A.<br \/>\nRutherford, Alexandra<br \/>\nRyan, Ellen Bouchard<br \/>\nSabourin, Michel E.<br \/>\nSadava, Stanley W. *<br \/>\nSafdar, Saba<br \/>\nSaint-Aubin, Jean<br \/>\nSaint-Cyr, Jean<br \/>\nSaklofske, Donald Harold<br \/>\nSavard, Jos\u00e9e<br \/>\nScardamalia, Marlene<br \/>\nSchellenberg, Glenn<br \/>\nSchlegel, Ronald P.<br \/>\nSchlieper, Anne *<br \/>\nSchneider, Barry H.<br \/>\nSchoenberg, B. Mark *<br \/>\nSchonfield, A. E. David *<br \/>\nSchuller, Regina<br \/>\nSchwartzman, Alex E. *<br \/>\nSenn, Charlene Y.<br \/>\nSerbin, Lisa A.<br \/>\nService, John C.<br \/>\nSeto, Michael<br \/>\nShaw, Brian<br \/>\nShen, Winny<br \/>\nShephard, Alfred H. *<br \/>\nSherwin, Barbara *<br \/>\nShevenell, Raymond H. *<br \/>\nShultz, Thomas R.<br \/>\nSiegel, Linda S.<br \/>\nSimner, Marvin L. *<br \/>\nSimourd, David J.<!---<a href=\"\/docs\/File\/Governance\/simourdcpafellow19.pdf\" target=\"_blank\" rel=\"noopener noreferrer\">(PDF)<\/a>---><br \/>\nSinacore, Ada L.<br \/>\nSinclair, Carole M.\u00a0*<br \/>\nSinger, Murray<br \/>\nSkinner, Nicholas<br \/>\nSmith, Douglas E. *<br \/>\nSmith, Philip B.<br \/>\nSobell, Linda<br \/>\nSobell, Mark<br \/>\nSpreen, Otfried *<br \/>\nStack, Dale M.<br \/>\nStam, Hank<br \/>\nStambrook, Michael<br \/>\nStark, Cannie<br \/>\nStarzyk, Katherine<br \/>\nStasiak, Eugene<br \/>\nSteffy, Richard A.\u00a0*<br \/>\nStein, Steven J.<br \/>\nSteinbach, Martin J. *<br \/>\nStelmack, Robert M.<br \/>\nStewart, Jane<br \/>\nStewart, Sherry<br \/>\nStoppard, Janet M.<br \/>\nStorm, J. Christine<br \/>\nStrauss, Esther<br \/>\nStrayer, Janet<br \/>\nStreiner, David L.<br \/>\nStrickland, Lloyd H. *<br \/>\nStuss, Donald T.<br \/>\nSuedfeld, Peter *<br \/>\nSulsky, Lorne<br \/>\nSurprenant, Aim\u00e9e M.<br \/>\nSwingle, Paul G.<br \/>\nTaylor, Donald<br \/>\nTaylor, Steven<br \/>\nTees, Richard C.<br \/>\nTeo, Thomas<br \/>\nT\u00e9treau, Bernard P. *<br \/>\nTh\u00e9riault, Yvette L.<br \/>\nTh\u00e9riault-Whalen, Claudia M. *<br \/>\nTitone, Debra<br \/>\nTivendell, John<br \/>\nTolman, Charles *<br \/>\nToplak, Maggie<br \/>\nToukmanian, Shak\u00e9 G. *<br \/>\nTousignant, Michel<br \/>\nTremblay, Richard E.<br \/>\nTroyer, Angela<br \/>\nTucker, G. Richard<br \/>\nTulving, Endel *<br \/>\nTurner, G. H. *<br \/>\nVallerand, Robert J.<br \/>\nVan Gijseghem, Hubert<br \/>\nvan Mastrigt, Robert<br \/>\nVeitch Wolfe, Vicky<br \/>\nVeitch, Jennifer<br \/>\nVikis-Freibergs, Vaira<br \/>\nVincent, Norah<br \/>\nVogel-Sprott, Muriel D.<br \/>\nVon Baeyer, Carl L.<br \/>\nVorauer, Jacquie<br \/>\nWalker, Lawrence J.<br \/>\nWalker, Lilly J.S.<br \/>\nWalsh (Walsh-Bowers), Richard<br \/>\nWand, Barbara M. *<br \/>\nWard, Lawrence M.<br \/>\nWebster, Christopher D. *<br \/>\nWebster, William G.<br \/>\nWerker, Janet F.<br \/>\nWickett, Beatrice E. *<br \/>\nWiener, Judith<br \/>\nWigdor, Blossom T. *<br \/>\nWilliams, D. Carlton *<br \/>\nWilson, Anne E.<br \/>\nWilson, Robert F.<br \/>\nWinne, Philip<br \/>\nWinocur, Gordon<br \/>\nWitelson, Sandra F.<br \/>\nWong, Paul T.P.<br \/>\nWong, Stephen<br \/>\nWoody, Sheila R.<br \/>\nWormith, Stephen<br \/>\nWorthington, Alan G.<br \/>\nWright, Mary J. *<br \/>\nWright, Stephen C.<br \/>\nYarmey, A. Daniel<br \/>\nYarrow, Catherine<br \/>\nYoung, Richard Anthony<br \/>\nYuille, John C.<br \/>\nZanna, Mark P.<br \/>\nZingle, Harvey W.<\/article>\n<p>&nbsp;<\/p>\n","protected":false},"excerpt":{"rendered":"<p><!--more--><\/p>\n","protected":false},"author":2,"featured_media":0,"parent":1302,"menu_order":0,"comment_status":"closed","ping_status":"closed","template":"templates\/no-sidebar.php","meta":{"_acf_changed":false,"_monsterinsights_skip_tracking":false,"_monsterinsights_sitenote_active":false,"_monsterinsights_sitenote_note":"","_monsterinsights_sitenote_category":0,"footnotes":""},"class_list":["post-2644","page","type-page","status-publish","hentry"],"acf":[],"aioseo_notices":[],"publishpress_future_workflow_manual_trigger":{"enabledWorkflows":[]},"_links":{"self":[{"href":"https:\/\/cpa.ca\/fr\/wp-json\/wp\/v2\/pages\/2644","targetHints":{"allow":["GET"]}}],"collection":[{"href":"https:\/\/cpa.ca\/fr\/wp-json\/wp\/v2\/pages"}],"about":[{"href":"https:\/\/cpa.ca\/fr\/wp-json\/wp\/v2\/types\/page"}],"author":[{"embeddable":true,"href":"https:\/\/cpa.ca\/fr\/wp-json\/wp\/v2\/users\/2"}],"replies":[{"embeddable":true,"href":"https:\/\/cpa.ca\/fr\/wp-json\/wp\/v2\/comments?post=2644"}],"version-history":[{"count":6,"href":"https:\/\/cpa.ca\/fr\/wp-json\/wp\/v2\/pages\/2644\/revisions"}],"predecessor-version":[{"id":46743,"href":"https:\/\/cpa.ca\/fr\/wp-json\/wp\/v2\/pages\/2644\/revisions\/46743"}],"up":[{"embeddable":true,"href":"https:\/\/cpa.ca\/fr\/wp-json\/wp\/v2\/pages\/1302"}],"wp:attachment":[{"href":"https:\/\/cpa.ca\/fr\/wp-json\/wp\/v2\/media?parent=2644"}],"curies":[{"name":"wp","href":"https:\/\/api.w.org\/{rel}","templated":true}]}}