{"id":2657,"date":"2015-10-07T22:09:37","date_gmt":"2015-10-08T02:09:37","guid":{"rendered":"https:\/\/cpa.ca\/aproposdelascp\/prixdelascp\/nominationprocedures\/"},"modified":"2026-02-02T13:58:02","modified_gmt":"2026-02-02T18:58:02","slug":"modalitsdemiseencandidature","status":"publish","type":"page","link":"https:\/\/cpa.ca\/fr\/aproposdelascp\/prixdelascp\/modalitsdemiseencandidature\/","title":{"rendered":"Modalit\u00e9s de mise en candidature pour les prix et au titre de fellow"},"content":{"rendered":"<table border=\"1\" width=\"99%\" cellspacing=\"1\" cellpadding=\"3\">\n<tbody>\n<tr>\n<td style=\"text-align: center;\" width=\"50%\"><strong>Proc\u00e9dures de mise en candidature pour les Prix de la SCP<\/strong><\/td>\n<td style=\"text-align: center;\"><strong>Proc\u00e9dures de mise en candidature pour les titres de Fellow de la SCP<\/strong><\/td>\n<\/tr>\n<tr>\n<td valign=\"top\"><strong>Ouverture des candidatures : 2 janvier 2026<br \/>\nDate limite de pr\u00e9sentation des candidatures : 31 janvier 2026<\/strong><strong style=\"color: #b50029;\">NOUVEAU<\/strong> Tous les candidats \u00e0 un prix doivent \u00eatre membres de la SCP depuis au moins cinq ann\u00e9es cons\u00e9cutives. (Nota\u00a0: les affili\u00e9s de la SCP, les membres du conseil d\u2019administration de la SCP et les membres du Comit\u00e9 des Fellows et des prix ne sont pas admissibles.)Les dossiers de mise en candidature doivent comprendre\u00a0:<\/p>\n<ol>\n<li>Une lettre de mise en candidature provenant d\u2019un membre actuel de la SCP (Remarque\u00a0: les candidatures personnelles ne sont pas accept\u00e9es).<\/li>\n<li>Un curriculum vit\u00e6 \u00e0 jour du candidat,<\/li>\n<li>Trois lettres de soutien suppl\u00e9mentaires r\u00e9dig\u00e9es au cours de la derni\u00e8re ann\u00e9e civile. (Remarque\u00a0: aucune lettre de soutien suppl\u00e9mentaire au-del\u00e0 de trois ne sera accept\u00e9e).<br \/>\n<strong style=\"color: #b50029;\">NOUVEAU<\/strong> Au plus deux lettres de soutien peuvent provenir de personnes qui ne sont pas membres de la SCP. Les lettres de soutien doivent provenir de trois \u00e9tablissements diff\u00e9rents, dont une seule provenant de l\u2019\u00e9tablissement d\u2019origine de la personne mise en candidature.<\/li>\n<\/ol>\n<p><strong>Remarque\u00a0: les \u00e9tudiants affili\u00e9s de la SCP, les membres du conseil d\u2019administration de la SCP et le personnel de la SCP ne sont pas autoris\u00e9s \u00e0 proposer des candidatures ni \u00e0 r\u00e9diger des lettres de soutien.<\/strong><\/p>\n<p>Les candidatures seront soumises par voie \u00e9lectronique au cours du mois de janvier. Les candidats, les pr\u00e9sentateurs et les auteurs d\u2019une lettre de soutien doivent \u00eatre des membres en r\u00e8gle de la SCP, et ce, au plus tard le 31 janvier 2026 (aucune prolongation ne sera accord\u00e9e).<\/p>\n<h4>Les candidatures sont maintenant closes.<!---------<a href=\"https:\/\/cpa.ca\/machform\/view.php?id=106169\" target=\"_blank\" rel=\"noopener\">Soumettre une nomination pour le prix SCP<\/a>----><\/h4>\n<\/td>\n<td valign=\"top\"><strong>Ouverture des candidatures : 2 janvier 2026<br \/>\nDate limite de pr\u00e9sentation des candidatures : 31 janvier 2026<\/strong><strong style=\"color: #b50029;\">NOUVEAU<\/strong> Tous les candidats au titre de Fellow doivent \u00eatre membres de la SCP depuis au moins cinq ann\u00e9es cons\u00e9cutives. (Nota : les affili\u00e9s de la SCP, les membres du conseil d\u2019administration de la SCP et les membres du Comit\u00e9 des Fellows et des prix ne sont pas admissibles.)Les dossiers de mise en candidature doivent comprendre\u00a0:<\/p>\n<ol>\n<li>Une lettre de mise en candidature provenant d\u2019un membre actuel de la SCP (Remarque\u00a0: les candidatures personnelles ne sont pas accept\u00e9es).<\/li>\n<li>Un curriculum vit\u00e6 \u00e0 jour du candidat<\/li>\n<li>Trois lettres de soutien suppl\u00e9mentaires r\u00e9dig\u00e9es au cours de la derni\u00e8re ann\u00e9e civile.<br \/>\n(Remarque : aucune lettre de soutien suppl\u00e9mentaire au-del\u00e0 de trois ne sera accept\u00e9e).<br \/>\n<span style=\"font-family: inherit; font-size: inherit;\"><strong style=\"color: #b50029;\">NOUVEAU<\/strong> Au plus deux lettres de soutien peuvent provenir de personnes qui ne sont pas membres de la SCP. Les lettres de soutien doivent provenir de trois \u00e9tablissements diff\u00e9rents, dont une seule au maximum peut \u00eatre l\u2019\u00e9tablissement d\u2019origine du candidat.<\/span><\/li>\n<\/ol>\n<p>Les lettres de soutien doivent pr\u00e9ciser en quoi les recherches ou les activit\u00e9s professionnelles du candidat ont contribu\u00e9 \u00e0 l\u2019avancement de la psychologie scientifique ou de la profession de psychologue, ou en quoi les services rendus par cette personne \u00e0 des associations nationales ou provinciales de psychologues ont \u00e9t\u00e9 exceptionnels. Dans le cas des candidatures fond\u00e9es sur des r\u00e9alisations autres que des th\u00e9ories ou des recherches publi\u00e9es, il convient de d\u00e9crire les contributions innovantes apport\u00e9es par le candidat et leur impact sur la psychologie.<\/p>\n<p>Les lettres de soutien doivent indiquer la qualit\u00e9 des revues dans lesquelles le candidat a publi\u00e9, les prix re\u00e7us, etc.. Dans le cas des candidatures fond\u00e9es sur les services exceptionnels rendus \u00e0 une association nationale ou provinciale de psychologues, les lettres de mise en candidature doivent d\u00e9crire l\u2019association en question (p. ex., la nature de l\u2019association, le nombre de membres, les services qu\u2019elle fournit).<\/p>\n<p>Normalement, la personne mise en candidature doit avoir termin\u00e9 sa formation postsecondaire 10\u00a0ans avant d\u2019\u00eatre mise en candidature pour le titre de Fellow. Une personne poss\u00e9dant moins de 10\u00a0ans d\u2019exp\u00e9rience apr\u00e8s avoir obtenu son dipl\u00f4me, mais plus de cinq ans d\u2019exp\u00e9rience, pourrait se voir d\u00e9cerner le titre de Fellow si ses contributions ou ses services ont \u00e9t\u00e9 jug\u00e9s vraiment exceptionnels par le comit\u00e9.<\/p>\n<p><strong>Remarque\u00a0: les \u00e9tudiants affili\u00e9s de la SCP, les membres du conseil d\u2019administration de la SCP et le personnel de la SCP ne sont pas autoris\u00e9s \u00e0 proposer des candidatures ni \u00e0 r\u00e9diger des lettres de soutien.<\/strong><\/p>\n<p>Les candidatures seront soumises par voie \u00e9lectronique au cours du mois de janvier. Les candidats, les pr\u00e9sentateurs et les auteurs d\u2019une lettre de soutien doivent tous avoir le statut de membre en r\u00e8gle de la SCP au plus tard le 31\u00a0janvier\u00a02026 (aucune prolongation ne sera accord\u00e9e).<\/p>\n<h4>Les candidatures sont maintenant closes.<!---------<a href=\"https:\/\/cpa.ca\/machform\/view.php?id=105457\" target=\"_blank\" rel=\"noopener\">Soumettre une candidature pour le titre de SCP Fellow<\/a>----><\/h4>\n<p><!---Le formulaire de soumission \u00e9lectronique ouvrira le 2 janvier 2026.<\/td>\n\n---><br \/>\n<\/tr>\n<\/tbody>\n<\/table>\n<div align=\"center\"><\/div>\n<div align=\"center\"><\/div>\n<p><strong>PROC\u00c9DURES RELATIVES AUX PRIX ET AUX FELLOWS DE LA SCP<\/strong><\/p>\n<p>Le Comit\u00e9 des Fellows et des prix examinera les mises en candidature pour le titre de Fellow et les prix et fera des recommandations au conseil d\u2019administration, qui, finalement, d\u00e9signera les Fellows et d\u00e9cernera les prix.<br \/>\n<!----------------\n<strong>Membres du Comit\u00e9<\/strong>\n\n\n<ol>\n \t\n\n<li>Le Comit\u00e9 des fellows et des prix doit \u00eatre constitu\u00e9 d\u2019un(e) pr\u00e9sident(e) et de neuf membres.<\/li>\n\n\n \t\n\n<li>Les nominations au Comit\u00e9 des fellows et des prix seront faites par le conseil d\u2019administration de la SCP \u00e0 partir des candidatures qui auront \u00e9t\u00e9 propos\u00e9es par le (la) pr\u00e9sident(e) du Comit\u00e9.<\/li>\n\n\n \t\n\n<li>Dans la mesure du possible, le Comit\u00e9 des fellows et des prix doit \u00eatre constitu\u00e9 en tenant d\u00fbment compte de la parit\u00e9 dans la repr\u00e9sentation hommes\u2011femmes, de l\u2019\u00e9quilibre linguistique, de l\u2019\u00e9quilibre g\u00e9ographique, de l\u2019\u00e9quilibre entre les universitaires et les praticiens et l\u2019\u00e9quilibre dans la diplomation (ma\u00eetrise et doctorat), de mani\u00e8re \u00e0 obtenir une repr\u00e9sentation dans les trois principaux domaines suivants\u00a0:\n\n\n<ul>\n \t\n\n<li>pratique<\/li>\n\n\n \t\n\n<li>science et<\/li>\n\n\n \t\n\n<li>enseignement et formation.<\/li>\n\n\n<\/ul>\n\n\n<\/li>\n\n\n \t\n\n<li>Les membres seront d\u00e9sign\u00e9s pour une dur\u00e9e de trois ans, en rotation, de mani\u00e8re \u00e0 reconstituer le tiers des membres chaque ann\u00e9e. Le mandat des membres pourra \u00eatre renouvel\u00e9, mais seulement apr\u00e8s une p\u00e9riode d\u2019au moins trois ans apr\u00e8s la fin d\u2019un mandat ant\u00e9rieur<i>.<\/i><\/li>\n\n\n<\/ol>\n\n\n-------------><br \/>\n<strong>La proc\u00e9dure de mise en candidature<\/strong><\/p>\n<ol>\n<li>Chaque ann\u00e9e, un appel de candidatures pour les titres de Fellow et les prix de la SCP est lanc\u00e9.<\/li>\n<li>Tous les membres, sauf les membres actuels du conseil d\u2019administration de la SCP et du Comit\u00e9 des Fellows et des prix peuvent \u00eatre mis en candidature pour les titres de Fellow et les prix. Les candidatures personnelles ne sont pas accept\u00e9es. Les pr\u00e9sentateurs doivent \u00eatre membres de la SCP, mais ne peuvent pas \u00eatre membres du Comit\u00e9 des Fellows et des prix ni membres du conseil d\u2019administration de la SCP.<\/li>\n<li>Les candidatures pour le titre de Fellows et les prix seront soumises par voie \u00e9lectronique au pr\u00e9sident du Comit\u00e9 des Fellows et des prix, au plus tard le 31\u00a0janvier.<\/li>\n<li>Le Prix John Service pour le membre de l\u2019ann\u00e9e et le Prix pour r\u00e9alisation humanitaire sont d\u00e9cern\u00e9s par le conseil d\u2019administration de la SCP.<\/li>\n<li>\u00c0 la fin de la p\u00e9riode de mise en candidature, le comit\u00e9 proc\u00e9dera \u00e0 l\u2019examen des candidatures.<\/li>\n<li>Si un membre du comit\u00e9 se trouve en situation de conflit d\u2019int\u00e9r\u00eats vis-\u00e0-vis d\u2019un ou plusieurs candidats, il doit d\u00e9clarer ce conflit d\u2019int\u00e9r\u00eats au pr\u00e9sident et ne peut participer \u00e0 l\u2019\u00e9valuation de la ou des candidatures concern\u00e9es. (Un conflit d\u2019int\u00e9r\u00eats est une situation dans laquelle un membre du comit\u00e9 a un int\u00e9r\u00eat priv\u00e9, personnel ou professionnel suffisamment important pour donner l\u2019impression d\u2019influencer l\u2019exercice objectif de ses fonctions officielles.)<\/li>\n<li>Chaque ann\u00e9e, le pr\u00e9sident et les membres du comit\u00e9 d\u00e9cideront des proc\u00e9dures \u00e0 suivre par le comit\u00e9 pour la s\u00e9lection des Fellows et des laur\u00e9ats. Ces d\u00e9cisions peuvent concerner \u00e0 la fois les communications internes au sein du comit\u00e9 (p. ex., vote individuel sans d\u00e9bat, consultation par courriel, t\u00e9l\u00e9phone ou tout autre moyen avant le vote ou \u00e0 la suite d\u2019un scrutin pr\u00e9liminaire) et les r\u00e8gles de s\u00e9lection des laur\u00e9ats (p.\u00a0ex., sur la base d\u2019un pourcentage de voix en faveur du candidat par rapport \u00e0 l\u2019ensemble des voix exprim\u00e9es, ou sur la base d\u2019un scrutin majoritaire, chaque membre du comit\u00e9 classant tous les candidats ou d\u00e9signant un seul candidat favori).<\/li>\n<li>Comme indiqu\u00e9 dans les r\u00e8glements, il y a trois fa\u00e7ons d\u2019obtenir le titre de Fellow\u00a0:\n<ol>\n<li>Avoir apport\u00e9 une contribution exceptionnelle \u00e0 l\u2019avancement de la psychologie scientifique;<\/li>\n<li>Avoir apport\u00e9 une contribution exceptionnelle \u00e0 l\u2019avancement de la profession de psychologue;<\/li>\n<li>Avoir rendu des services exceptionnels \u00e0 une association nationale ou provinciale de psychologues.<\/li>\n<\/ol>\n<\/li>\n<li>Les membres du comit\u00e9 sont encourag\u00e9s \u00e0 fournir une br\u00e8ve justification des d\u00e9cisions n\u00e9gatives prises au sujet des candidatures pour le titre de Fellow.<\/li>\n<li>Les candidats au titre de Fellows et aux prix doivent recevoir 70\u00a0% des votes admissibles du Comit\u00e9 des Fellows et des prix.<\/li>\n<li>Si le candidat \u00e0 un prix n\u2019est pas s\u00e9lectionn\u00e9 l\u2019ann\u00e9e o\u00f9 sa candidature a \u00e9t\u00e9 pr\u00e9sent\u00e9e, sa candidature sera automatiquement r\u00e9\u00e9valu\u00e9e les deux ann\u00e9es suivantes.<\/li>\n<li>Il est possible que tous les prix ne soient pas d\u00e9cern\u00e9s chaque ann\u00e9e.<\/li>\n<li>Le pr\u00e9sident du Comit\u00e9 des Fellows et des prix doit recommander au conseil d\u2019administration de la SCP, avec documentation \u00e0 l\u2019appui, que le candidat s\u00e9lectionn\u00e9 soit d\u00e9sign\u00e9 laur\u00e9at du prix.<\/li>\n<li>Le conseil d\u2019administration \u00e9tudiera cette recommandation lors de sa prochaine r\u00e9union ou par courriel, et d\u00e9cidera soit de la ratifier, soit de la renvoyer au Comit\u00e9 des Fellows et des prix pour un examen plus approfondi. La d\u00e9cision du conseil d\u2019administration est d\u00e9finitive \u00e0 cet \u00e9gard.<\/li>\n<li>Le laur\u00e9at de chaque cat\u00e9gorie ainsi que les r\u00e9cipiendaires du titre de Fellows seront avis\u00e9s par le pr\u00e9sident du Comit\u00e9 des Fellows et des prix apr\u00e8s la d\u00e9cision du conseil d\u2019administration.<\/li>\n<li>Le personnel de la SCP \u00e9laborera, en collaboration avec le pr\u00e9sentateur initial, un \u00e9loge appropri\u00e9 qui pourra \u00eatre lu au moment de la remise du prix.<\/li>\n<\/ol>\n<p><!----<strong>Approuv\u00e9 par le conseil d\u2019administration, mars\u00a02012<\/strong>-----><\/p>\n","protected":false},"excerpt":{"rendered":"<p><!--more--><\/p>\n","protected":false},"author":2,"featured_media":0,"parent":1302,"menu_order":0,"comment_status":"closed","ping_status":"closed","template":"templates\/no-sidebar.php","meta":{"_acf_changed":false,"_monsterinsights_skip_tracking":false,"_monsterinsights_sitenote_active":false,"_monsterinsights_sitenote_note":"","_monsterinsights_sitenote_category":0,"footnotes":""},"class_list":["post-2657","page","type-page","status-publish","hentry"],"acf":[],"aioseo_notices":[],"publishpress_future_workflow_manual_trigger":{"enabledWorkflows":[]},"_links":{"self":[{"href":"https:\/\/cpa.ca\/fr\/wp-json\/wp\/v2\/pages\/2657","targetHints":{"allow":["GET"]}}],"collection":[{"href":"https:\/\/cpa.ca\/fr\/wp-json\/wp\/v2\/pages"}],"about":[{"href":"https:\/\/cpa.ca\/fr\/wp-json\/wp\/v2\/types\/page"}],"author":[{"embeddable":true,"href":"https:\/\/cpa.ca\/fr\/wp-json\/wp\/v2\/users\/2"}],"replies":[{"embeddable":true,"href":"https:\/\/cpa.ca\/fr\/wp-json\/wp\/v2\/comments?post=2657"}],"version-history":[{"count":6,"href":"https:\/\/cpa.ca\/fr\/wp-json\/wp\/v2\/pages\/2657\/revisions"}],"predecessor-version":[{"id":46007,"href":"https:\/\/cpa.ca\/fr\/wp-json\/wp\/v2\/pages\/2657\/revisions\/46007"}],"up":[{"embeddable":true,"href":"https:\/\/cpa.ca\/fr\/wp-json\/wp\/v2\/pages\/1302"}],"wp:attachment":[{"href":"https:\/\/cpa.ca\/fr\/wp-json\/wp\/v2\/media?parent=2657"}],"curies":[{"name":"wp","href":"https:\/\/api.w.org\/{rel}","templated":true}]}}