{"id":2662,"date":"2018-08-20T22:14:09","date_gmt":"2018-08-21T02:14:09","guid":{"rendered":"https:\/\/cpa.ca\/aproposdelascp\/prixdelascp\/presidentsaward\/"},"modified":"2026-03-24T14:49:27","modified_gmt":"2026-03-24T18:49:27","slug":"prixdupresident","status":"publish","type":"page","link":"https:\/\/cpa.ca\/fr\/aproposdelascp\/prixdelascp\/prixdupresident\/","title":{"rendered":"Prix du nouveau chercheur d\u00e9cern\u00e9 par le pr\u00e9sident"},"content":{"rendered":"<p>DIRECTIVES POUR LES NOUVELLES PRIX DE CHERCHEUR DU PR\u00c9SIDENT DE LA CPA<\/p>\n<p><strong>Ouverture des candidatures : 2 janvier 2026<\/strong><br \/>\n<strong>Date limite de pr\u00e9sentation des candidatures : 31 janvier 2026<\/strong><\/p>\n<p>Ce prix sera d\u00e9cern\u00e9 \u00e0 de nouveaux chercheurs qui ont enrichi de fa\u00e7on exceptionnelle les connaissances en psychologie au Canada. La s\u00e9lection des candidats doit \u00eatre bas\u00e9e sur leur r\u00e9alisation \u00e0 titre de jeune chercheur ainsi que sur la qualit\u00e9 de l\u2019article soumis. Trois prix au plus seront d\u00e9cern\u00e9s chaque ann\u00e9e.<\/p>\n<p>Les candidats admissibles doivent r\u00e9pondre aux crit\u00e8res suivants:<\/p>\n<ol>\n<li>\u00catre membre de la SCP et poss\u00e9d\u00e9 cinq ann\u00e9es d\u2019exp\u00e9rience ou moins li\u00e9e \u00e0 la formation de deuxi\u00e8me ou de troisi\u00e8me cycle (suivant la ma\u00eetrise ou le doctorat);<\/li>\n<li>Avoir termin\u00e9 son dipl\u00f4me d\u2019\u00e9tudes sup\u00e9rieures (par ex. une ma\u00eetrise ou un doctorat) dans moins de cinq ans et ne plus \u00eatre inscrit \u00e0 un programme d\u2019\u00e9tudes sup\u00e9rieures. Cependant, un \u00e9tudiant titulaire d\u2019une ma\u00eetrise mais qui est encore dans un programme de troisi\u00e8me cycle n\u2019est pas admissible.<\/li>\n<li>L\u2019\u00e9tudiant inscrit dans un programme postdoctoral doit n\u00e9cessairement \u00eatre membre \u00e0 part enti\u00e8re de la SCP (et non \u00e9tudiant affili\u00e9s) pour \u00eatre admissible.<\/li>\n<\/ol>\n<p>Les laur\u00e9ats recevront un certificat et un montant de 500 dollars qui leur seront remis durant le congr\u00e8s annuel de la SCP. Ils pourront assister gratuitement au congr\u00e8s de la SCP de la m\u00eame ann\u00e9e et participer \u00e0 un symposium.<\/p>\n<p>Le comit\u00e9 d\u2019examen est compos\u00e9 du pr\u00e9sident, du tout dernier pr\u00e9sident sortant, du pr\u00e9sident d\u00e9sign\u00e9 et du pr\u00e9sident du Comit\u00e9 des affaires scientifiques.<\/p>\n<p>Les dossiers de mise en candidature doivent comprendre\u00a0:<\/p>\n<ol>\n<li>Une lettre de mise en candidature provenant d\u2019un membre actuel de la SCP (Remarque\u00a0: les candidatures personnelles ne sont pas accept\u00e9es).<\/li>\n<li>Un curriculum vit\u00e6 \u00e0 jour du candidat (en format PDF),<\/li>\n<li>Trois lettres de soutien suppl\u00e9mentaires r\u00e9dig\u00e9es au cours de la derni\u00e8re ann\u00e9e civile. (Remarque\u00a0: aucune lettre de soutien suppl\u00e9mentaire au-del\u00e0 de trois ne sera accept\u00e9e).<br \/>\n<strong style=\"color: #b50029;\">NOUVEAU<\/strong> Au plus deux lettres de soutien peuvent provenir de personnes qui ne sont pas membres de la SCP.<\/li>\n<\/ol>\n<p><strong>Remarque\u00a0: les \u00e9tudiants affili\u00e9s de la SCP, les membres du conseil d\u2019administration de la SCP et le personnel de la SCP ne sont pas autoris\u00e9s \u00e0 proposer des candidatures ni \u00e0 r\u00e9diger des lettres de soutien.<\/strong><\/p>\n<p>Toutes les candidatures pour 2026 seront pr\u00e9sent\u00e9es par voie \u00e9lectronique au cours du mois de janvier. Les candidats, les pr\u00e9sentateurs et les auteurs d\u2019une lettre de soutien doivent tous avoir le statut de membre en r\u00e8gle de la SCP au plus tard le 31 janvier 2026 (aucune prolongation ne sera accord\u00e9e).<\/p>\n<h4>Les candidatures sont maintenant closes.<!---------<a href=\"https:\/\/cpa.ca\/machform\/view.php?id=104770\" target=\"_blank\" rel=\"noopener\"><span data-mce-type=\"bookmark\" style=\"display: inline-block; width: 0px; overflow: hidden; line-height: 0;\" class=\"mce_SELRES_start\"><\/span>Candidature au prix du nouveau chercheur d\u00e9cern\u00e9 par le pr\u00e9sident<\/a>----><\/h4>\n<p><!---Le formulaire de soumission \u00e9lectronique ouvrira le 2 janvier 2026.-----><\/p>\n<hr \/>\n<h4>Laur\u00e9ats des Prix du nouveau chercheur<\/h4>\n<table border=\"1\" summary=\"\" width=\"99%\" cellspacing=\"1\" cellpadding=\"5\">\n<tbody>\n<tr valign=\"top\">\n<td>2026<br \/>\nDr. Audrey-Ann Deneault<br \/>\nDr. Sharon Hou<br \/>\nDr. Sabrina Syan<\/td>\n<td>2025<br \/>\nDr. Zhanna Lyubykh<br \/>\nDr. Ryan Persram<\/td>\n<td>2024<br \/>\nFriedrich Gotz<br \/>\nAndrew Kim<br \/>\nKristy Robinson<\/td>\n<\/tr>\n<tr valign=\"top\">\n<td>2023<br \/>\nSamantha Dawson<\/td>\n<td>2022<br \/>\nHeather Prime<br \/>\nHayden Woodley<\/td>\n<td>2021<br \/>\nNicole Racine<br \/>\nJoshua Rash<br \/>\nMark Wade<\/td>\n<\/tr>\n<tr valign=\"top\">\n<td>2020<br \/>\nDaniel Kopala-Sibley<br \/>\nLindie Liang<\/td>\n<td>2019<br \/>\nBrandy L. Callahan<br \/>\nNo\u00e9mie Carbonneau<\/td>\n<td>2018<br \/>\nAllison Ouimet<\/td>\n<\/tr>\n<tr valign=\"top\">\n<td>2017<br \/>\nShelia N. Garland<br \/>\nMarina Milyavskaya<a id=\"fck_paste_padding\"><\/a><br \/>\nLauren M. Walker<a id=\"fck_paste_padding\"><\/a><\/td>\n<td>2016<br \/>\nLeanne ten Brinke<br \/>\nAmy Muise<br \/>\nMelanie Noel<\/td>\n<td>2015<br \/>\nLara B. Aknin<br \/>\nIgor Grossmann<br \/>\nThomas A. O&#8217;Neill<\/td>\n<\/tr>\n<tr valign=\"top\">\n<td>2014<br \/>\nBecky L. Choma<br \/>\nAndrea Gonzalez<br \/>\nNatalie O. Rosen<\/td>\n<td>2013<br \/>\nNaomi Koerner<br \/>\nVina M. Goghari<br \/>\nChristopher J. Mushquash<\/td>\n<td>2012<br \/>\nClaude Fernet<br \/>\nMeghan McMurtry<\/td>\n<\/tr>\n<tr valign=\"top\">\n<td>2011<br \/>\nJonathan Weiss<br \/>\nNathan Hall<\/td>\n<td>2010<br \/>\nPaul Frewen<br \/>\nPatrick Gaudreau<br \/>\nRebecca Pillai Riddell<\/td>\n<td>2009<br \/>\nAndrew G. Ryder<br \/>\nSimon B. Sherry<br \/>\nBrett D. Thombs<\/td>\n<\/tr>\n<tr valign=\"top\">\n<td>2008<br \/>\nMartin Drapeau<br \/>\nJudy Eaton<br \/>\nMarie-Christine Ouellet<\/td>\n<td>2007<br \/>\nMyra A. Fernandes<br \/>\nLachlan McWilliams<br \/>\nAdam Radomsky<\/td>\n<td>2006<br \/>\nTracy Hecht<br \/>\nElke Reissing<br \/>\nVictoria Talwar<\/td>\n<\/tr>\n<tr valign=\"top\">\n<td>2005<br \/>\nDavid M. Dunkley<br \/>\nDiane LaChapelle<br \/>\nCatherine F. Ratelle<\/td>\n<td>2004<br \/>\nJohn R. Z. Abela<br \/>\nMaryl\u00e8ne Gagn\u00e9<br \/>\nTonia L. Nicholls<\/td>\n<td>2003<br \/>\nDavid J. A. Dozois<br \/>\nJoti Samra<br \/>\nPeter N. S. Hoaken<\/td>\n<\/tr>\n<tr valign=\"top\">\n<td>2002<br \/>\nChristine T. Chambers<br \/>\nShawn R. Currie<br \/>\nChristine Purdon<\/td>\n<td>2001<br \/>\nTara K. MacDonald<br \/>\nJoanna Pozzulo<br \/>\nDaniel A. Waschbusch<\/td>\n<td>2000<br \/>\nChristopher G. Davis<br \/>\nNancy J. Fisher<br \/>\nStephen B. Porter<br \/>\nJos\u00e9e Savard<\/td>\n<\/tr>\n<tr valign=\"top\">\n<td>1999<br \/>\nMartin M. Antony<br \/>\nCheryl L. Bradley<br \/>\nHeather Hadjistavropoulos<\/td>\n<td>1998<br \/>\nKerry L. Jang<br \/>\nSherry H. Stewart<br \/>\nJames R. Worling<\/td>\n<td>\u00a01997<br \/>\nSt\u00e9phane Bouchard<br \/>\nBrian J. Cox<br \/>\nSteven Taylor<\/td>\n<\/tr>\n<\/tbody>\n<\/table>\n","protected":false},"excerpt":{"rendered":"<p><!--more--><\/p>\n","protected":false},"author":2,"featured_media":0,"parent":1302,"menu_order":0,"comment_status":"closed","ping_status":"closed","template":"templates\/no-sidebar.php","meta":{"_acf_changed":false,"_monsterinsights_skip_tracking":false,"_monsterinsights_sitenote_active":false,"_monsterinsights_sitenote_note":"","_monsterinsights_sitenote_category":0,"footnotes":""},"class_list":["post-2662","page","type-page","status-publish","hentry"],"acf":[],"aioseo_notices":[],"publishpress_future_workflow_manual_trigger":{"enabledWorkflows":[]},"_links":{"self":[{"href":"https:\/\/cpa.ca\/fr\/wp-json\/wp\/v2\/pages\/2662","targetHints":{"allow":["GET"]}}],"collection":[{"href":"https:\/\/cpa.ca\/fr\/wp-json\/wp\/v2\/pages"}],"about":[{"href":"https:\/\/cpa.ca\/fr\/wp-json\/wp\/v2\/types\/page"}],"author":[{"embeddable":true,"href":"https:\/\/cpa.ca\/fr\/wp-json\/wp\/v2\/users\/2"}],"replies":[{"embeddable":true,"href":"https:\/\/cpa.ca\/fr\/wp-json\/wp\/v2\/comments?post=2662"}],"version-history":[{"count":6,"href":"https:\/\/cpa.ca\/fr\/wp-json\/wp\/v2\/pages\/2662\/revisions"}],"predecessor-version":[{"id":46740,"href":"https:\/\/cpa.ca\/fr\/wp-json\/wp\/v2\/pages\/2662\/revisions\/46740"}],"up":[{"embeddable":true,"href":"https:\/\/cpa.ca\/fr\/wp-json\/wp\/v2\/pages\/1302"}],"wp:attachment":[{"href":"https:\/\/cpa.ca\/fr\/wp-json\/wp\/v2\/media?parent=2662"}],"curies":[{"name":"wp","href":"https:\/\/api.w.org\/{rel}","templated":true}]}}