{"id":2692,"date":"2018-03-20T00:39:27","date_gmt":"2018-03-20T04:39:27","guid":{"rendered":"https:\/\/cpa.ca\/cpasections\/"},"modified":"2026-01-05T09:03:26","modified_gmt":"2026-01-05T14:03:26","slug":"sections","status":"publish","type":"page","link":"https:\/\/cpa.ca\/fr\/sections\/","title":{"rendered":"Sections de la SCP"},"content":{"rendered":"<p>La SCP encourage activement les groupes de psychologues, ayant des int\u00e9r\u00eats communs, \u00e0 partager ces int\u00e9r\u00eats \u00e0 l\u2019int\u00e9rieur du contexte des objectifs de la SCP. De tels groupes, appel\u00e9s sections, peuvent \u00eatre form\u00e9s de temps \u00e0 autre et peuvent changer ou m\u00eame dispara\u00eetre de temps \u00e0 autre.<\/p>\n<p>Les sections ont un statut officiel en vertu des r\u00e8glements de la Soci\u00e9t\u00e9<!--- (voir r\u00e8glements, r\u00e8glement\u00a0VII de la SCP\u00a0\u2013 <a href=\"\/docs\/File\/CPAByLawVIISections.pdf\" target=\"_blank\" rel=\"noopener noreferrer\">ici<\/a>)--->. Elles sont les principaux agents par lesquels les besoins particuliers et sp\u00e9ciaux des membres sont combl\u00e9s et les int\u00e9r\u00eats sont servis, et elles ont le pouvoir de\u00a0:<\/p>\n<ul style=\"margin-top: 0in;\" type=\"disc\">\n<li>Cr\u00e9er et entreprendre des activit\u00e9s pertinentes pour ses membres.<\/li>\n<li>R\u00e9diger des \u00e9nonc\u00e9s de position sur des sujets pertinents pour la section.<\/li>\n<li>Cr\u00e9er des \u00e9nonc\u00e9s de politique dans les domaines d\u2019expertise.<\/li>\n<li>Organiser des r\u00e9unions au congr\u00e8s de la SCP.<\/li>\n<li>Faire des repr\u00e9sentations particuli\u00e8res aupr\u00e8s des agences ou organismes externes, avec l\u2019approbation du conseil d\u2019administration.<\/li>\n<li>Recommander que la SCP fasse des repr\u00e9sentations particuli\u00e8res aupr\u00e8s d\u2019organismes ou agences externes.<\/li>\n<\/ul>\n<h4>Sections de la SCP<\/h4>\n<article style=\"-webkit-column-width: 350px; -moz-column-width: 350px; column-width: 350px; max-width: 750px;\">\n<div style=\"-webkit-column-break-inside: avoid; min-height: 90px; page-break-inside: avoid; break-inside: avoid; padding-bottom: 10px;\"><img loading=\"lazy\" decoding=\"async\" class=\"textwrapleft\" style=\"max-width: 75px; border-radius: 15px;\" src=\"\/\/cpa.ca\/stockphotos\/CareersM.jpg\" alt=\"ic\u00f4ne de Carri\u00e8res et professions en psychologie\" width=\"75\" height=\"75\" \/><a style=\"padding-left: 10px;\" href=\"https:\/\/cpa.ca\/fr\/sections\/psychologycareers\/\">Carri\u00e8res et professions en psychologie<\/a><\/div>\n<div style=\"-webkit-column-break-inside: avoid; min-height: 90px; page-break-inside: avoid; break-inside: avoid; padding-bottom: 10px;\"><img loading=\"lazy\" decoding=\"async\" class=\"textwrapleft\" style=\"max-width: 75px; border-radius: 15px;\" src=\"\/\/cpa.ca\/stockphotos\/7304004S.jpg\" alt=\"ic\u00f4ne de Cerveau et sciences cognitive\" width=\"75\" height=\"75\" \/><a href=\"https:\/\/cpa.ca\/fr\/sections\/brainandcognitivescience\/\">Cerveau et sciences cognitive<\/a><\/div>\n<div style=\"-webkit-column-break-inside: avoid; min-height: 90px; page-break-inside: avoid; break-inside: avoid; padding-bottom: 10px;\"><img loading=\"lazy\" decoding=\"async\" class=\"textwrapleft\" style=\"max-width: 75px; border-radius: 15px;\" src=\"\/\/cpa.ca\/stockphotos\/quantelectrophysioS.jpg\" alt=\"ic\u00f4ne de \u00c9lectrophysiologie quantitative\" width=\"75\" height=\"75\" \/><a href=\"https:\/\/cpa.ca\/fr\/sections\/quantitativeelectrophysiology\/\">\u00c9lectrophysiologie quantitative<\/a><\/div>\n<div style=\"-webkit-column-break-inside: avoid; min-height: 90px; page-break-inside: avoid; break-inside: avoid; padding-bottom: 10px;\"><img loading=\"lazy\" decoding=\"async\" class=\"textwrapleft\" style=\"max-width: 75px; border-radius: 15px;\" src=\"\/\/cpa.ca\/stockphotos\/3913755S.jpg\" alt=\"ic\u00f4ne d'Enseignement de la psychologie\" width=\"75\" height=\"75\" \/><a href=\"https:\/\/cpa.ca\/fr\/sections\/teaching\/\">Enseignement de la psychologie<\/a><\/div>\n<div style=\"-webkit-column-break-inside: avoid; min-height: 90px; page-break-inside: avoid; break-inside: avoid; padding-bottom: 10px;\"><img loading=\"lazy\" decoding=\"async\" class=\"textwrapleft\" style=\"max-width: 75px; border-radius: 15px;\" src=\"\/\/cpa.ca\/stockphotos\/988577S.jpg\" alt=\"ic\u00f4ne d'\u00c9tudiants en psychologie\" width=\"75\" height=\"75\" \/><a href=\"https:\/\/cpa.ca\/fr\/etudiants\/\">\u00c9tudiants en psychologie<\/a><\/div>\n<div style=\"-webkit-column-break-inside: avoid; min-height: 90px; page-break-inside: avoid; break-inside: avoid; padding-bottom: 10px;\"><img loading=\"lazy\" decoding=\"async\" class=\"textwrapleft\" style=\"max-width: 75px; border-radius: 15px;\" src=\"\/\/cpa.ca\/stockphotos\/extremismS.jpg\" alt=\"ic\u00f4ne d'Extr\u00e9misme et terrorisme\" width=\"75\" height=\"75\" \/><a href=\"https:\/\/cpa.ca\/fr\/sections\/extremismandterrorism\/\">Extr\u00e9misme et terrorisme<\/a><\/div>\n<div style=\"-webkit-column-break-inside: avoid; min-height: 90px; page-break-inside: avoid; break-inside: avoid; padding-bottom: 10px;\"><img loading=\"lazy\" decoding=\"async\" class=\"textwrapleft\" style=\"max-width: 75px; border-radius: 15px;\" src=\"\/\/cpa.ca\/stockphotos\/SWAPS.jpg\" alt=\"ic\u00f4ne de Section : Femmes et psychologie\" width=\"75\" height=\"75\" \/><a href=\"https:\/\/cpa.ca\/fr\/sections\/swap\/\">Section : Femmes et psychologie<\/a><\/div>\n<div style=\"-webkit-column-break-inside: avoid; min-height: 90px; page-break-inside: avoid; break-inside: avoid; padding-bottom: 10px;\"><img loading=\"lazy\" decoding=\"async\" class=\"textwrapleft\" style=\"max-width: 75px; border-radius: 15px;\" src=\"\/\/cpa.ca\/stockphotos\/6561928S.jpg\" alt=\"ic\u00f4ne de la Section de l\u2019histoire, de la th\u00e9orie et de la recherche qualitative en psychologie\" width=\"75\" height=\"75\" \/><a href=\"https:\/\/cpa.ca\/fr\/sections\/historyandphilosophy\/\">Section de l\u2019histoire, de la th\u00e9orie et de la recherche qualitative en psychologie<\/a><\/div>\n<div style=\"-webkit-column-break-inside: avoid; min-height: 90px; page-break-inside: avoid; break-inside: avoid; padding-bottom: 10px;\"><img loading=\"lazy\" decoding=\"async\" class=\"textwrapleft\" style=\"max-width: 75px; border-radius: 15px;\" src=\"\/\/cpa.ca\/stockphotos\/6463146S.jpg\" alt=\"ic\u00f4ne de M\u00e9thodes quantitatives\" width=\"75\" height=\"75\" \/><a href=\"https:\/\/cpa.ca\/fr\/sections\/quantitativemethods\/\">M\u00e9thodes quantitatives<\/a><\/div>\n<div style=\"-webkit-column-break-inside: avoid; min-height: 90px; page-break-inside: avoid; break-inside: avoid; padding-bottom: 10px;\"><img loading=\"lazy\" decoding=\"async\" class=\"textwrapleft\" style=\"max-width: 75px; border-radius: 15px;\" src=\"\/\/cpa.ca\/stockphotos\/10204496S.jpg\" alt=\"ic\u00f4ne de Neuropsychologie clinique\" width=\"75\" height=\"75\" \/><a href=\"https:\/\/cpa.ca\/fr\/sections\/clinicalneuropsychology\/\">Neuropsychologie clinique<\/a><\/div>\n<div style=\"-webkit-column-break-inside: avoid; min-height: 90px; page-break-inside: avoid; break-inside: avoid; padding-bottom: 10px;\"><img loading=\"lazy\" decoding=\"async\" class=\"textwrapleft\" style=\"max-width: 75px; border-radius: 15px;\" src=\"\/\/cpa.ca\/stockphotos\/11102661S.jpg\" alt=\"ic\u00f4ne d'Orientation sexuelle et identit\u00e9 sexuelle\" width=\"75\" height=\"75\" \/><a href=\"https:\/\/cpa.ca\/fr\/sections\/sexualorientationandgenderidentity\/\">Orientation sexuelle et identit\u00e9 sexuelle<\/a><\/div>\n<div style=\"-webkit-column-break-inside: avoid; min-height: 90px; page-break-inside: avoid; break-inside: avoid; padding-bottom: 10px;\"><img loading=\"lazy\" decoding=\"async\" class=\"textwrapleft\" style=\"max-width: 75px; border-radius: 15px;\" src=\"\/\/cpa.ca\/stockphotos\/BlackPsychologyS.jpg\" alt=\"ic\u00f4ne de Section de Personnes Noires en Psychologie\" width=\"75\" height=\"75\" \/><a style=\"padding-left: 10px;\" href=\"https:\/\/cpa.ca\/fr\/sections\/black-psychology\/\">Section de Personnes Noires en Psychologie<\/a><\/div>\n<div style=\"-webkit-column-break-inside: avoid; min-height: 90px; page-break-inside: avoid; break-inside: avoid; padding-bottom: 10px;\"><img loading=\"lazy\" decoding=\"async\" class=\"textwrapleft\" style=\"max-width: 75px; border-radius: 15px;\" src=\"\/\/cpa.ca\/stockphotos\/11161175S.jpg\" alt=\"ic\u00f4ne de Psychologie des peuples autochtones\" width=\"75\" height=\"75\" \/><a href=\"https:\/\/cpa.ca\/fr\/sections\/indigenous\/\">Psychologie des peuples autochtones<\/a><\/div>\n<div style=\"-webkit-column-break-inside: avoid; min-height: 90px; page-break-inside: avoid; break-inside: avoid; padding-bottom: 10px;\"><img loading=\"lazy\" decoding=\"async\" class=\"textwrapleft\" style=\"max-width: 75px; border-radius: 15px;\" src=\"\/\/cpa.ca\/stockphotos\/AsianPsychologyS.jpg\" alt=\"ic\u00f4ne de Section de psychologie asiatique\" width=\"75\" height=\"75\" \/><a style=\"padding-left: 10px;\" href=\"https:\/\/cpa.ca\/fr\/sections\/asianpsychology\/\">Section de psychologie asiatique<\/a><\/div>\n<div style=\"-webkit-column-break-inside: avoid; min-height: 90px; page-break-inside: avoid; break-inside: avoid; padding-bottom: 10px;\"><img loading=\"lazy\" decoding=\"async\" class=\"textwrapleft\" style=\"max-width: 75px; border-radius: 15px;\" src=\"\/\/cpa.ca\/\/stockphotos\/JewishS.jpg\" alt=\"Jewish Psychology Icon\" width=\"75\" height=\"75\" \/><a href=\"https:\/\/cpa.ca\/fr\/sections\/jewishpsychology\/\">Section de psychologie des juifs<\/a> <span class=\"new\">NOUVEAU en 2026<\/span><\/div>\n<div style=\"-webkit-column-break-inside: avoid; min-height: 90px; page-break-inside: avoid; break-inside: avoid; padding-bottom: 10px;\"><img loading=\"lazy\" decoding=\"async\" class=\"textwrapleft\" style=\"max-width: 75px; border-radius: 15px;\" src=\"\/\/cpa.ca\/stockphotos\/handsproutS.jpg\" alt=\"ic\u00f4ne de Psychologie clinique\" width=\"75\" height=\"75\" \/><a href=\"https:\/\/cpa.ca\/fr\/sections\/clinicalpsychology\/\">Psychologie clinique<\/a><\/div>\n<p><!----\n\n<div style=\"-webkit-column-break-inside: avoid; min-height: 90px; page-break-inside: avoid; break-inside: avoid; padding-bottom: 10px;\"><img loading=\"lazy\" decoding=\"async\" class=\"textwrapleft\" style=\"max-width: 75px; border-radius: 15px;\" src=\"\/\/cpa.ca\/stockphotos\/8841662S.jpg\" alt=\"ic\u00f4ne de Psychologie communautaire\" width=\"75\" height=\"75\" \/><a href=\"https:\/\/cpa.ca\/fr\/sections\/communitypsychology\/\">Psychologie communautaire<\/a>\n<span class=\"revised\">Fermeture en 2026<\/span><\/div>\n\n-----><\/p>\n<div style=\"-webkit-column-break-inside: avoid; min-height: 90px; page-break-inside: avoid; break-inside: avoid; padding-bottom: 10px;\"><img loading=\"lazy\" decoding=\"async\" class=\"textwrapleft\" style=\"max-width: 75px; border-radius: 15px;\" src=\"\/\/cpa.ca\/stockphotos\/11108684frS.jpg\" alt=\"ic\u00f4ne de Psychologie de la d\u00e9pendance\" width=\"75\" height=\"75\" \/><a href=\"https:\/\/cpa.ca\/fr\/sections\/addictionpsychology\/\">Psychologie de la d\u00e9pendance<\/a><\/div>\n<div style=\"-webkit-column-break-inside: avoid; min-height: 90px; page-break-inside: avoid; break-inside: avoid; padding-bottom: 10px;\"><img loading=\"lazy\" decoding=\"async\" class=\"textwrapleft\" style=\"max-width: 75px; border-radius: 15px;\" src=\"\/\/cpa.ca\/stockphotos\/environmentalS.jpg\" alt=\"ic\u00f4ne de Psychologie de l'environnement\" width=\"75\" height=\"75\" \/><a href=\"https:\/\/cpa.ca\/fr\/sections\/environmentalpsychology\/\">Psychologie de l&#8217;environnement<\/a><\/div>\n<div style=\"-webkit-column-break-inside: avoid; min-height: 90px; page-break-inside: avoid; break-inside: avoid; padding-bottom: 10px;\"><img loading=\"lazy\" decoding=\"async\" class=\"textwrapleft\" style=\"max-width: 75px; border-radius: 15px;\" src=\"\/\/cpa.ca\/stockphotos\/10770236S.jpg\" alt=\"ic\u00f4ne de Psychologie de la famille\" width=\"75\" height=\"75\" \/><a href=\"https:\/\/cpa.ca\/fr\/sections\/familypsychology\/\">Psychologie de la famille<\/a><\/div>\n<div style=\"-webkit-column-break-inside: avoid; min-height: 90px; page-break-inside: avoid; break-inside: avoid; padding-bottom: 10px;\"><img loading=\"lazy\" decoding=\"async\" class=\"textwrapleft\" style=\"max-width: 75px; border-radius: 15px;\" src=\"\/\/cpa.ca\/stockphotos\/3240227S.jpg\" alt=\"ic\u00f4ne de Psychologie de la sant\u00e9 et m\u00e9decine du comportement\" width=\"75\" height=\"75\" \/><a href=\"https:\/\/cpa.ca\/fr\/sections\/healthpsychology\/\">Psychologie de la sant\u00e9 et m\u00e9decine du comportement<\/a><\/div>\n<div style=\"-webkit-column-break-inside: avoid; min-height: 90px; page-break-inside: avoid; break-inside: avoid; padding-bottom: 10px;\"><img loading=\"lazy\" decoding=\"async\" class=\"textwrapleft\" style=\"max-width: 75px; border-radius: 15px;\" src=\"\/\/cpa.ca\/stockphotos\/11762154S.jpg\" alt=\"ic\u00f4ne de Psychologie des communaut\u00e9s rurales et nordiques\" width=\"75\" height=\"75\" \/><a href=\"https:\/\/cpa.ca\/fr\/sections\/ruralandnorthernpsychology\/\">Psychologie des communaut\u00e9s rurales et nordiques<\/a><\/div>\n<div style=\"-webkit-column-break-inside: avoid; min-height: 90px; page-break-inside: avoid; break-inside: avoid; padding-bottom: 10px;\"><img loading=\"lazy\" decoding=\"async\" class=\"textwrapleft\" style=\"max-width: 75px; border-radius: 15px;\" src=\"\/\/cpa.ca\/stockphotos\/4966282S.jpg\" alt=\"ic\u00f4ne de Psychologie du counseling\" width=\"75\" height=\"75\" \/><a href=\"https:\/\/cpa.ca\/fr\/sections\/counsellingpsychology\/\">Psychologie du counseling<\/a><\/div>\n<div style=\"-webkit-column-break-inside: avoid; min-height: 90px; page-break-inside: avoid; break-inside: avoid; padding-bottom: 10px;\"><img loading=\"lazy\" decoding=\"async\" class=\"textwrapleft\" style=\"max-width: 75px; border-radius: 15px;\" src=\"\/\/cpa.ca\/stockphotos\/3345623S.jpg\" alt=\"ic\u00f4ne de Psychologie du d\u00e9veloppement\" width=\"75\" height=\"75\" \/><a href=\"https:\/\/cpa.ca\/fr\/sections\/developmentalpsychology\/\">Psychologie du d\u00e9veloppement<\/a><\/div>\n<div style=\"-webkit-column-break-inside: avoid; min-height: 90px; page-break-inside: avoid; break-inside: avoid; padding-bottom: 10px;\"><img loading=\"lazy\" decoding=\"async\" class=\"textwrapleft\" style=\"max-width: 75px; border-radius: 15px;\" src=\"\/\/cpa.ca\/stockphotos\/974116S.jpg\" alt=\"ic\u00f4ne de Psychologie du milieu militaire\" width=\"75\" height=\"75\" \/><a href=\"https:\/\/cpa.ca\/fr\/sections\/psychologyinthemilitary\/\">Psychologie du milieu militaire<\/a><\/div>\n<div style=\"-webkit-column-break-inside: avoid; min-height: 90px; page-break-inside: avoid; break-inside: avoid; padding-bottom: 10px;\"><img loading=\"lazy\" decoding=\"async\" class=\"textwrapleft\" style=\"max-width: 75px; border-radius: 15px;\" src=\"\/\/cpa.ca\/stockphotos\/SportS.jpg\" alt=\"ic\u00f4ne de Psychologie du sport et\u00a0de l'exercice\" width=\"75\" height=\"75\" \/><a href=\"https:\/\/cpa.ca\/fr\/sections\/sportandexercise\/\">Psychologie du sport et\u00a0de l&#8217;exercice<\/a><\/div>\n<div style=\"-webkit-column-break-inside: avoid; min-height: 90px; page-break-inside: avoid; break-inside: avoid; padding-bottom: 10px;\"><img loading=\"lazy\" decoding=\"async\" class=\"textwrapleft\" style=\"max-width: 75px; border-radius: 15px;\" src=\"\/\/cpa.ca\/stockphotos\/EducationalS.jpg\" alt=\"ic\u00f4ne de Psychologie \u00e9ducationnelle et scolaire\" width=\"75\" height=\"75\" \/><a href=\"https:\/\/cpa.ca\/fr\/sections\/educational\/\">Psychologie \u00e9ducationnelle et scolaire<\/a><\/div>\n<div style=\"-webkit-column-break-inside: avoid; min-height: 90px; page-break-inside: avoid; break-inside: avoid; padding-bottom: 10px;\"><img loading=\"lazy\" decoding=\"async\" class=\"textwrapleft\" style=\"max-width: 75px; border-radius: 15px;\" src=\"\/\/cpa.ca\/stockphotos\/HospitalsignS.jpg\" alt=\"ic\u00f4ne de Psychologues en milieux hospitaliers et en centres de sant\u00e9\" width=\"75\" height=\"75\" \/><a href=\"https:\/\/cpa.ca\/fr\/sections\/hospitals\/\">Psychologues en milieux hospitaliers et en centres de sant\u00e9<\/a><\/div>\n<div style=\"-webkit-column-break-inside: avoid; min-height: 90px; page-break-inside: avoid; break-inside: avoid; padding-bottom: 10px;\"><img loading=\"lazy\" decoding=\"async\" class=\"textwrapleft\" style=\"max-width: 75px; border-radius: 15px;\" src=\"\/\/cpa.ca\/stockphotos\/4128026S.jpg\" alt=\"ic\u00f4ne de Psychologie et justice p\u00e9nale\" width=\"75\" height=\"75\" \/><a href=\"https:\/\/cpa.ca\/fr\/sections\/criminaljusticepsychology\/\">Psychologie et justice p\u00e9nale<\/a><\/div>\n<div style=\"-webkit-column-break-inside: avoid; min-height: 90px; page-break-inside: avoid; break-inside: avoid; padding-bottom: 10px;\"><img loading=\"lazy\" decoding=\"async\" class=\"textwrapleft\" style=\"max-width: 75px; border-radius: 15px;\" src=\"\/\/cpa.ca\/stockphotos\/retirementS.jpg\" alt=\"ic\u00f4ne de Psychologues et la retraite\" width=\"75\" height=\"75\" \/><a href=\"https:\/\/cpa.ca\/fr\/sections\/retirement\/\">Psychologues et la retraite<\/a><\/div>\n<div style=\"-webkit-column-break-inside: avoid; min-height: 90px; page-break-inside: avoid; break-inside: avoid; padding-bottom: 10px;\"><img loading=\"lazy\" decoding=\"async\" class=\"textwrapleft\" style=\"max-width: 75px; border-radius: 15px;\" src=\"\/\/cpa.ca\/stockphotos\/5305116S.jpg\" alt=\"ic\u00f4ne de Psychologie industrielle et organisationnelle\" width=\"75\" height=\"75\" \/><a href=\"https:\/\/cpa.ca\/fr\/sections\/industrialorganizationalpsychology\/\">Psychologie industrielle et organisationnelle<\/a><\/div>\n<div style=\"-webkit-column-break-inside: avoid; min-height: 90px; page-break-inside: avoid; break-inside: avoid; padding-bottom: 10px;\"><img loading=\"lazy\" decoding=\"async\" class=\"textwrapleft\" style=\"max-width: 75px; border-radius: 15px;\" src=\"\/\/cpa.ca\/stockphotos\/4034887S.jpg\" alt=\"ic\u00f4ne de Psychologie internationale et interculturelle\" width=\"75\" height=\"75\" \/><a href=\"https:\/\/cpa.ca\/fr\/sections\/internationalandcrossculturalpsychology\/\">Psychologie internationale et interculturelle<\/a><\/div>\n<div style=\"-webkit-column-break-inside: avoid; min-height: 90px; page-break-inside: avoid; break-inside: avoid; padding-bottom: 10px;\"><img loading=\"lazy\" decoding=\"async\" class=\"textwrapleft\" style=\"max-width: 75px; border-radius: 15px;\" src=\"\/\/cpa.ca\/stockphotos\/2722809S.jpg\" alt=\"ic\u00f4ne de Psychologie sociale et de la personnalit\u00e9\" width=\"75\" height=\"75\" \/><a href=\"https:\/\/cpa.ca\/fr\/sections\/socialandpersonality\/\">Psychologie sociale et de la personnalit\u00e9<\/a><\/div>\n<div style=\"-webkit-column-break-inside: avoid; min-height: 90px; page-break-inside: avoid; break-inside: avoid; padding-bottom: 10px;\"><img loading=\"lazy\" decoding=\"async\" class=\"textwrapleft\" style=\"max-width: 75px; border-radius: 15px;\" src=\"\/\/cpa.ca\/stockphotos\/7982375S.jpg\" alt=\"ic\u00f4ne de Psychopharmacologie\" width=\"75\" height=\"75\" \/><a href=\"https:\/\/cpa.ca\/fr\/sections\/psychopharmacology\/\">Psychopharmacologie<\/a><\/div>\n<div style=\"-webkit-column-break-inside: avoid; min-height: 90px; page-break-inside: avoid; break-inside: avoid; padding-bottom: 10px;\"><img loading=\"lazy\" decoding=\"async\" class=\"textwrapleft\" style=\"max-width: 75px; border-radius: 15px;\" src=\"\/\/cpa.ca\/stockphotos\/2461396S.jpg\" alt=\"ic\u00f4ne de Stress traumatique\" width=\"75\" height=\"75\" \/><a href=\"https:\/\/cpa.ca\/fr\/sections\/traumaticstress\/\">Stress traumatique<\/a><\/div>\n<div style=\"-webkit-column-break-inside: avoid; min-height: 90px; page-break-inside: avoid; break-inside: avoid; padding-bottom: 10px;\"><img loading=\"lazy\" decoding=\"async\" class=\"textwrapleft\" style=\"max-width: 75px; border-radius: 15px;\" src=\"\/\/cpa.ca\/stockphotos\/5929140S.jpg\" alt=\"ic\u00f4ne de Vieillissement et g\u00e9ropsychologie \" width=\"75\" height=\"75\" \/><a href=\"https:\/\/cpa.ca\/fr\/sections\/agingandgeropsychology\/\">Vieillissement et g\u00e9ropsychologie<\/a><\/div>\n<\/article>\n<hr \/>\n<h4><a href=\"https:\/\/secure.cpa.ca\/apps\/Membership\" target=\"_blank\" rel=\"noopener noreferrer\">Syst\u00e8me de gestion de la section<\/a><\/h4>\n<p>Connectez-vous \u00e0 votre compte membre de SCP et acc\u00e9der \u00e0 des contenus et des services publics pour les Sections que vous avez rejoint. Pr\u00e9sidents de section peuvent g\u00e9rer les t\u00e2ches administratives de votre section par le truchement du syst\u00e8me de gestion des sections de la SCP.<\/p>\n<p>Une fois connect\u00e9 \u00e0 votre profil de membre page, juste faire d\u00e9filer l&#8217;\u00e9cran jusqu&#8217;\u00e0 ce que vous arrivez \u00e0 la zone \u00abSpaces\u00bb o\u00f9 vous verrez une liste des Sections dont vous \u00eates membre. En cliquant sur le nom de Section vous permettra de voir messages envoy\u00e9s et liens affich\u00e9s. Plus de fonctionnalit\u00e9s seront ajout\u00e9es au fil du temps.<\/p>\n<hr \/>\n<h4>Rejoindre une section<\/h4>\n<p>Vous pouvez adh\u00e9rer \u00e0 une section de la SCP en ligne de plusieurs fa\u00e7ons\u00a0:<\/p>\n<ul>\n<li>lorsque vous remplissez le formulaire de renouvellement de l\u2019adh\u00e9sion en ligne<\/li>\n<li>lorsque vous remplissez la demande d\u2019adh\u00e9sion \u00e0 l\u2019intention des nouveaux membres.<\/li>\n<li>si vous avez d\u00e9j\u00e0 pay\u00e9 votre cotisation de membre ou d\u2019affili\u00e9, vous pouvez cliquer sur votre\u00a0<a href=\"https:\/\/secure.cpa.ca\/apps\/Membership?returnUrl=\/apps\/Pages\/my-profile\">profil<\/a>, dans la section r\u00e9serv\u00e9e aux membres, et vous inscrire en tout temps \u00e0 une section.<\/li>\n<\/ul>\n<p>Veuillez communiquer avec les services aux membres de la SCP par courriel, au\u00a0<a href=\"mailto:membership@cpa.ca,%0b\">membership@cpa.ca, <\/a>ou par t\u00e9l\u00e9phone, au 613-237-2144 (sans frais : 1-888-472-0657) poste 1324, si vous avez besoin d\u2019aide.<\/p>\n<hr \/>\n<h4>Editing Section web pages<\/h4>\n<p>To make changes to your Section web pages (linked from the <a href=\"https:\/\/cpa.ca\/fr\/sections\/\">CPA Sections page<\/a>), the Section Chair or assigned Web Editor can contact the Webmaster at <a href=\"mailto:webmaster@cpa.ca\">webmaster@cpa.ca<\/a> to make changes for you.<\/p>\n<p>&nbsp;<\/p>\n","protected":false},"excerpt":{"rendered":"<p> <!--more--><\/p>\n","protected":false},"author":2,"featured_media":0,"parent":0,"menu_order":0,"comment_status":"closed","ping_status":"closed","template":"","meta":{"_acf_changed":false,"_monsterinsights_skip_tracking":false,"_monsterinsights_sitenote_active":false,"_monsterinsights_sitenote_note":"","_monsterinsights_sitenote_category":0,"footnotes":""},"class_list":["post-2692","page","type-page","status-publish","hentry"],"acf":[],"aioseo_notices":[],"publishpress_future_workflow_manual_trigger":{"enabledWorkflows":[]},"_links":{"self":[{"href":"https:\/\/cpa.ca\/fr\/wp-json\/wp\/v2\/pages\/2692","targetHints":{"allow":["GET"]}}],"collection":[{"href":"https:\/\/cpa.ca\/fr\/wp-json\/wp\/v2\/pages"}],"about":[{"href":"https:\/\/cpa.ca\/fr\/wp-json\/wp\/v2\/types\/page"}],"author":[{"embeddable":true,"href":"https:\/\/cpa.ca\/fr\/wp-json\/wp\/v2\/users\/2"}],"replies":[{"embeddable":true,"href":"https:\/\/cpa.ca\/fr\/wp-json\/wp\/v2\/comments?post=2692"}],"version-history":[{"count":6,"href":"https:\/\/cpa.ca\/fr\/wp-json\/wp\/v2\/pages\/2692\/revisions"}],"predecessor-version":[{"id":45728,"href":"https:\/\/cpa.ca\/fr\/wp-json\/wp\/v2\/pages\/2692\/revisions\/45728"}],"wp:attachment":[{"href":"https:\/\/cpa.ca\/fr\/wp-json\/wp\/v2\/media?parent=2692"}],"curies":[{"name":"wp","href":"https:\/\/api.w.org\/{rel}","templated":true}]}}