{"id":27292,"date":"2022-02-04T09:39:18","date_gmt":"2022-02-04T14:39:18","guid":{"rendered":"https:\/\/cpa.ca\/sections\/educational\/educational-and-school-psychology-section-advocacy-and-outreach-resources\/"},"modified":"2024-08-22T10:54:35","modified_gmt":"2024-08-22T14:54:35","slug":"advocacy-and-outreach-resources","status":"publish","type":"page","link":"https:\/\/cpa.ca\/fr\/sections\/educational\/advocacy-and-outreach-resources\/","title":{"rendered":"Educational and School Psychology Section: Advocacy and Outreach Resources"},"content":{"rendered":"<h4>Webinar Recording: <em><strong>Career Path Navigation: How to Become a School Psychologist. Tips and Tricks from those in the Profession<\/strong><\/em><\/h4>\n<p>A panel of graduate students and school psychology practitioners and academics will provide valuable information on a variety of exciting careers in school psychology, the academic path and requirements, and the promising job prospects in this field.<\/p>\n<div style=\"text-align: center;\"><iframe loading=\"lazy\" title=\"YouTube video player\" src=\"https:\/\/www.youtube.com\/embed\/0bzz9mHX-X4\" width=\"560\" height=\"315\" frameborder=\"0\" allowfullscreen=\"allowfullscreen\"><\/iframe><\/div>\n<hr \/>\n<p>The\u00a0<strong>Educational and School Psychology Section<\/strong>\u00a0of the CPA would like to make advocacy and reaching out easier.\u00a0During Psychology Month 2022, we are happy to share with you several tools for outreach aiming to provide information about the field of school psychology to general audiences, but with a special focus on undergraduate and high school students.<\/p>\n<h3>What are we sharing?<\/h3>\n<ol>\n<li>A slide deck for a PP presentation titled <strong><em>What is School Psychology \u2013 A career that makes a difference (for undergraduate students) (<a href=\"https:\/\/cpa.ca\/docs\/File\/Sections\/EDsection\/What is School Psychology-Undergrad Outreach Presentation.pptx\" target=\"_blank\" rel=\"noopener\">PowerPoint PPTX<\/a> or <a href=\"https:\/\/cpa.ca\/docs\/File\/Sections\/EDsection\/What is School Psychology-Undergrad Outreach Presentation.pdf\" target=\"_blank\" rel=\"noopener\">PDF<\/a>)<\/em><\/strong> to be used for undergraduate students to encourage\u00a0them to\u00a0consider school psychology as a potential future career.<br \/>\n(<em>version fran\u00e7aise: <a href=\"https:\/\/cpa.ca\/docs\/File\/Sections\/EDsection\/CPA Pres. SP. Universitaire.pptx\" target=\"_blank\" rel=\"noopener\">PowerPoint PPTX<\/a> or <a href=\"https:\/\/cpa.ca\/docs\/File\/Sections\/EDsection\/CPA Pres. SP. Universitaire.pdf\" target=\"_blank\" rel=\"noopener\">PDF<\/a>)<\/em><\/li>\n<li>A slide deck for a PP presentation titled <strong><em>What is School Psychology \u2013 A career that makes a difference (for secondary school students) (<a href=\"https:\/\/cpa.ca\/docs\/File\/Sections\/EDsection\/What is School Psychology-High School Presentation.pptx\" target=\"_blank\" rel=\"noopener\">PowerPoint PPTX<\/a> or <a href=\"https:\/\/cpa.ca\/docs\/File\/Sections\/EDsection\/What is School Psychology-High School Presentation.pdf\" target=\"_blank\" rel=\"noopener\">PDF<\/a>)<\/em><\/strong> to be used for high school students to encourage\u00a0them\u00a0to\u00a0consider school psychology as a potential future career.<br \/>\n(<em>version fran\u00e7aise: <a href=\"https:\/\/cpa.ca\/docs\/File\/Sections\/EDsection\/CPA Pres. SP. Secondaire.pptx\" target=\"_blank\" rel=\"noopener\">PowerPoint PPTX<\/a> or <a href=\"https:\/\/cpa.ca\/docs\/File\/Sections\/EDsection\/CPA Pres. SP. Secondaire.pdf\" target=\"_blank\" rel=\"noopener\">PDF<\/a>)<\/em><\/li>\n<li>A poster describing graduate programs in school psychology in Canada to accompany the PP presentations. <em><a href=\"https:\/\/cpa.ca\/docs\/File\/Sections\/EDsection\/School psychology Graduate Programs.pdf\" target=\"_blank\" rel=\"noopener\">PDF<\/a><br \/>\n(<em>version fran\u00e7aise: <strong>\u00c9tudes en fran\u00e7ais &#8211; programmes\u00a0de psychologie au Canada<\/strong><\/em> &#8211; <em><a href=\"https:\/\/cpa.ca\/docs\/File\/Sections\/EDsection\/Etudes_en_francais-programmes_de_psychologie_au_Canada.pptx\" target=\"_blank\" rel=\"noopener\">PowerPoint PPTX<\/a> or <a href=\"https:\/\/cpa.ca\/docs\/File\/Sections\/EDsection\/Etudes_en_francais-programmes_de_psychologie_au_Canada.pdf\" target=\"_blank\" rel=\"noopener\">PDF<\/a><\/em>)<\/em><\/li>\n<li style=\"text-align: center;\">A 2-minute animation titled <strong><em>Who are School Psychologists<\/em><\/strong> describing what school psychologists are doing (to be used either together with the PP presentations or separately). <a href=\"https:\/\/youtu.be\/Tf6Osk51PgA\" target=\"_blank\" rel=\"noopener\">https:\/\/youtu.be\/Tf6Osk51PgA<\/a><br \/>\n<iframe loading=\"lazy\" title=\"YouTube video player\" src=\"https:\/\/www.youtube.com\/embed\/Tf6Osk51PgA\" width=\"560\" height=\"315\" frameborder=\"0\" allowfullscreen=\"allowfullscreen\"><\/iframe><\/li>\n<\/ol>\n<h3>Who can use the resources?<\/h3>\n<p>If you are a school psychologist, or you are teaching or studying in a school psychology graduate program, and have access to undergraduate and\/or high school students, or other groups in your community (parents, educators, etc.), you can use these resources to reach out.<!--- To help us track outreach efforts,\u00a0<strong>please fill out a quick form online after each presentation<\/strong>\u00a0at\u00a0https:\/\/forms.gle\/v6CApLnXGaJqbPiMA----><\/p>\n<h3>Why is student outreach needed?<\/h3>\n<p>For the past several decades, the field of school psychology has been struggling with a chronic shortage of qualified school psychologists. Although there are many reasons for this shortage, one way of trying to increase the numbers is to familiarize students with school psychology as a potential career choice.<\/p>\n","protected":false},"excerpt":{"rendered":"<p><!--more--><\/p>\n","protected":false},"author":2,"featured_media":0,"parent":3349,"menu_order":0,"comment_status":"closed","ping_status":"closed","template":"templates\/no-sidebar.php","meta":{"_acf_changed":false,"_monsterinsights_skip_tracking":false,"_monsterinsights_sitenote_active":false,"_monsterinsights_sitenote_note":"","_monsterinsights_sitenote_category":0,"footnotes":""},"class_list":["post-27292","page","type-page","status-publish","hentry"],"acf":[],"aioseo_notices":[],"publishpress_future_workflow_manual_trigger":{"enabledWorkflows":[]},"_links":{"self":[{"href":"https:\/\/cpa.ca\/fr\/wp-json\/wp\/v2\/pages\/27292","targetHints":{"allow":["GET"]}}],"collection":[{"href":"https:\/\/cpa.ca\/fr\/wp-json\/wp\/v2\/pages"}],"about":[{"href":"https:\/\/cpa.ca\/fr\/wp-json\/wp\/v2\/types\/page"}],"author":[{"embeddable":true,"href":"https:\/\/cpa.ca\/fr\/wp-json\/wp\/v2\/users\/2"}],"replies":[{"embeddable":true,"href":"https:\/\/cpa.ca\/fr\/wp-json\/wp\/v2\/comments?post=27292"}],"version-history":[{"count":6,"href":"https:\/\/cpa.ca\/fr\/wp-json\/wp\/v2\/pages\/27292\/revisions"}],"predecessor-version":[{"id":39556,"href":"https:\/\/cpa.ca\/fr\/wp-json\/wp\/v2\/pages\/27292\/revisions\/39556"}],"up":[{"embeddable":true,"href":"https:\/\/cpa.ca\/fr\/wp-json\/wp\/v2\/pages\/3349"}],"wp:attachment":[{"href":"https:\/\/cpa.ca\/fr\/wp-json\/wp\/v2\/media?parent=27292"}],"curies":[{"name":"wp","href":"https:\/\/api.w.org\/{rel}","templated":true}]}}