{"id":2832,"date":"2018-05-11T14:44:20","date_gmt":"2018-05-11T18:44:20","guid":{"rendered":"https:\/\/cpa.ca\/advertisewithcpa\/"},"modified":"2025-11-28T13:55:40","modified_gmt":"2025-11-28T18:55:40","slug":"publicite","status":"publish","type":"page","link":"https:\/\/cpa.ca\/fr\/publicite\/","title":{"rendered":"Publicit\u00e9"},"content":{"rendered":"<h3>Psynopsis, le magazine Psychologie du Canada<\/h3>\n<p><a href=\"https:\/\/cpa.ca\/fr\/psynopsis\/\">Psynopsis<\/a>, le magazine\u00a0Psychologie\u00a0du Canada,\u00a0est un v\u00e9hicule\u00a0par lequel\u00a0le SCP, les membres\u00a0de la CPS, des psychologues et\u00a0ceux de l&#8217;ext\u00e9rieur\u00a0de\u00a0la psychologie\u00a0de communiquer\u00a0avec la communaut\u00e9 psychologie\u00a0diversifi\u00e9e au Canada.<\/p>\n<p>La publicit\u00e9 des\u00a0annonces\u00a0commerciales\u00a0pertinentes\u00a0\u00e0 la psychologie (ainsi que\u00a0non-commerciales\u00a0annonces\u00a0en fonction de\u00a0la disponibilit\u00e9 des places) est\u00a0une partie importante de\u00a0la fonction de communication\u00a0et de la viabilit\u00e9\u00a0financi\u00e8re\u00a0de Psynopsis.<\/p>\n<p>Psynopsis est une publication tri-annuel. D\u2019articles et d\u2019annonces sont les suivantes :<\/p>\n<ul>\n<li>Issue 1 &#8211; le 2 janvier<\/li>\n<li>Issue 2 &#8211; le 2 mai<\/li>\n<li>Issue 3 &#8211; le 2 septembre<\/li>\n<\/ul>\n<p><a href=\"\/docs\/File\/Psynopsis\/Psynopsis Rate Sheet Revised - FRENCH.pdf\" target=\"_blank\" rel=\"noopener\">Tarifs publicitaires<\/a><\/p>\n<p>Pour placer une annonce dans Psynopsis veuillez remplir ce formulaire : <a href=\"https:\/\/cpa.ca\/machform\/view.php?id=142447\" target=\"_blank\" rel=\"noopener noreferrer\">https:\/\/cpa.ca\/machform\/view.php?id=142447<\/a><br \/>\nPour vous renseigner, contactez :<br \/>\n<a href=\"mailto:advertising@cpa.ca?subject=Psynopsis%20Advertisement%20Inquiry\">Emily McIntosh<\/a><br \/>\nT\u00e9l. : (613) 237-2144, poste 1325<br \/>\nNum\u00e9ro sans frais : 1-888-472-0657, poste 1325<\/p>\n<hr \/>\n<h3><\/h3>\n<p><strong>Psygnature- SCP\u2019s Bulletin mensuel \u00e0 l&#8217;attention des members<\/strong><\/p>\n<p>Psygnature est une publication interne, accessible en anglais et en fran\u00e7ais, qui contient de l\u2019information destin\u00e9e aux membres, aux affili\u00e9s et aux associ\u00e9s de la SCP.<\/p>\n<p>Cette publication mensuelle, envoy\u00e9e aux membres de la SCP (plus de 7 000), pr\u00e9sente des rapports de comit\u00e9s, des initiatives de repr\u00e9sentation et de d\u00e9fense des int\u00e9r\u00eats, des mises \u00e0 jour du conseil d\u2019administration, des pos\u00adsibilit\u00e9s de formation, les membres dans les m\u00e9dias, de l\u2019information sur les avantages offerts aux membres, des invitations \u00e0 participer \u00e0 des sondages\/\u00e9tudes et d\u2019autres initiatives concernant les membres.<\/p>\n<p><strong>SP\u00c9CIFICATIONS :<\/strong><\/p>\n<ul>\n<li>Les publicit\u00e9s doivent \u00eatre pr\u00e9sent\u00e9es en format PDF, EPS, PSD ou JPEG (300 ppp).<\/li>\n<li>Tout le texte doit utiliser une taille de caract\u00e8res d\u2019au moins 12 points.<\/li>\n<li>Toutes les illustrations publicitaires doivent \u00eatre envoy\u00e9es \u00e0 <a href=\"mailto:psygnature@cpa.ca\">psygnature@cpa.ca<\/a> au plus tard le 15 de chaque mois.<\/li>\n<li>Annonces bilingues (anglais et fran\u00e7ais) de pr\u00e9f\u00e9rence, qui seront publi\u00e9es dans les \u00e9ditions anglaise et fran\u00e7aise. Les annonces unilingues seront publi\u00e9es dans l\u2019\u00e9dition correspondant \u00e0 cette langue.<\/li>\n<li>Les annonces soumises en retard ne seront pas accept\u00e9es. Aucun remboursement ne sera effectu\u00e9 si les annonces ne sont pas pr\u00e9sent\u00e9es dans les d\u00e9lais.<\/li>\n<li>L\u2019espace publicitaire est limit\u00e9. R\u00e9servez votre annonce pour \u00e9viter toute d\u00e9ception.<\/li>\n<li>La SCP se r\u00e9serve le droit de refuser toute publicit\u00e9 provenant d\u2019une entreprise ou d\u2019un particulier.<\/li>\n<\/ul>\n<p><a href=\"\/docs\/File\/Psygnature\/Psygnature Rate Sheet 2024 FR - FINAL.pdf\" target=\"_blank\" rel=\"noopener noreferrer\">Tarifs publicitaires Psygnature 2025<\/a><\/p>\n<p>Pour placer une annonce dans Psygnature veuillez remplir ce formulaire: <a href=\"https:\/\/cpa.ca\/machform\/view.php?id=114324\" target=\"_blank\" rel=\"noopener noreferrer\">https:\/\/cpa.ca\/machform\/view.php?id=114324<\/a><\/p>\n<p>Pour vous renseigner, contactez:<br \/>\n<a href=\"mailto:advertising@cpa.ca?subject=Psynopsis%20Advertisement%20Inquiry\">Emily McIntosh<\/a><\/p>\n<hr \/>\n<h3>Carri\u00e8re<\/h3>\n<p>\u00cates\u2011vous \u00e0 la recherche d\u2019une carri\u00e8re, d\u2019un nouveau poste ou d\u2019un emploi dans le domaine de la psychologie ? De nombreux postes et emplois au sein de la psychologie sont offerts partout au pays. Cliquez sur l\u2019un des liens ci\u2011dessous pour obtenir plus d\u2019information.<\/p>\n<p>Pourquoi annoncer une offre d\u2019emploi de carri\u00e8re sur le site Web de la SCP ?\u00a0(<a href=\"https:\/\/cpa.ca\/fr\/careers\/\">https:\/\/cpa.ca\/fr\/careers<\/a>)<\/p>\n<p>Le site Web de la SCP accueille plus de 45 000\u00a0visiteurs chaque mois et pr\u00e8s de 25\u00a0% de tous ces visiteurs arrivent sur la <a href=\"https:\/\/cpa.ca\/fr\/careers\/\">page Web Carri\u00e8res<\/a>. Cet achalandage en ligne r\u00e9gulier donne \u00e0 votre annonce une exposition maximale aux psychologues au Canada.<\/p>\n<p><strong>Tarifs et politiques publicitaires des annonces d\u2019offre d\u2019emploi :<\/strong><\/p>\n<ul>\n<li>La SCP exige le paiement complet \u00e0 l\u2019avance avant d\u2019afficher votre annonce d\u2019offre d\u2019emploi sur la page des offres d\u2019emploi et des possibilit\u00e9s de carri\u00e8re de la SCP; nous acceptons les paiements par Visa et MasterCard seulement.<\/li>\n<li>Le tarif pour afficher une offre d\u2019emploi pendant une p\u00e9riode initiale de 30 jours est de 425 $ plus taxes.<\/li>\n<li>Pour prolonger votre annonce de carri\u00e8re affich\u00e9e pendant 30 jours, des frais de 300 $ plus taxes sont appliqu\u00e9s. Pour prolonger votre annonce, la SCP n\u00e9cessite un pr\u00e9avis (au moins 5 jours ouvrables). Le d\u00e9faut de fournir un pr\u00e9avis ad\u00e9quat pourrait entra\u00eener des frais de nouvelle carri\u00e8re affich\u00e9e de 425 $ plus les taxes \u00e0 republier.<\/li>\n<li>Un seul emploi\/poste par annonce d\u2019offre d\u2019emploi sera accept\u00e9. Les offres d\u2019emploi annon\u00e7ant plusieurs postes ne seront pas accept\u00e9es.<\/li>\n<li>Les annonces d\u2019offre d\u2019emploi ne peuvent pas \u00eatre modifi\u00e9es une fois qu\u2019elles sont en ligne sur le site Web (<a href=\"https:\/\/cpa.ca\/fr\/careers\/\">cpa.ca\/fr\/careers<\/a>). Aucune exception. Veuillez examiner attentivement votre annonce d\u2019offre d\u2019emploi avant de la pr\u00e9senter pour affichage sur le site Web.<\/li>\n<li>Une fois qu\u2019une annonces d\u2019offre d\u2019emploi a \u00e9t\u00e9 publi\u00e9e, aucun remboursement (partiel ou complet) ne sera pas fourni.<\/li>\n<li>Les annonces d\u2019offre d\u2019emploi doivent \u00eatre pr\u00e9sent\u00e9es au format PDF. Les documents Word ne seront pas accept\u00e9s.<\/li>\n<\/ul>\n<p>Si vous \u00eates int\u00e9ress\u00e9 \u00e0 annoncer votre emploi sur notre site, veuillez nous envoyer une copie de l\u2019annonce en format PDF avec le\u00a0<a href=\"\/docs\/File\/Careers\/Career%20&amp;%20Event%20Payment%20Form_FR.doc\" target=\"_blank\" rel=\"noopener noreferrer\">formulaire de payement<\/a>\u00a0compl\u00e9t\u00e9 et nous le faire parvenir par courriel \u00e0\u00a0<a href=\"mailto:membership@cpa.ca\" target=\"_blank\" rel=\"noopener noreferrer\">membership@cpa.ca<\/a><\/p>\n<p>Si vous souhaitez afficher un poste, veuillez remplir le formulaire disponible \u00e0 l\u2019adresse suivante <a href=\"https:\/\/cpa.ca\/machform\/view.php?id=17638\">https:\/\/cpa.ca\/machform\/view.php?id=17638<\/a>.<br \/>\nNota : le traitement des offres d\u2019emploi peut prendre jusqu\u2019\u00e0 deux jours ouvrables.<\/p>\n<p>Veuillez adresser vos demandes de renseignements \u00e0 :<br \/>\n<a href=\"mailto:membership@cpa.ca?subject=Web%20-%20Carri%C3%A8re\">membership@cpa.ca<\/a><br \/>\nT\u00e9l\u00e9phone: (613) 237-2144, poste 132<span style=\"font-size: 10pt;\">4\u00a0<\/span><\/p>\n<hr \/>\n<h3>\u00c9v\u00e9nements \u00e0 venir<\/h3>\n<p>La SCP vise \u00e0 \u00eatre une ressource d&#8217;information comme un moyen de sensibilisation et vous pouvez annoncer votre \u00e9v\u00e9nement sur le site Web de la SCP (<a href=\"https:\/\/cpa.ca\/fr\/events\/\">https:\/\/cpa.ca\/fr\/events<\/a>) offre un moyen rapide et facile de promouvoir votre \u00e9v\u00e9nement.<\/p>\n<p>Il y a un frais de 35 $ (plus les taxes applicables) pour annoncer un \u00e9v\u00e9nement mis sur le calendrier d\u2019\u00e9v\u00e9nements. Si vous souhaitez que votre \u00e9v\u00e9nement soit affich\u00e9 pendant plus de 3 mois, veuillez contacter le service des adh\u00e9sions \u00e0 l&#8217;adresse \u00e9lectronique indiqu\u00e9e ci-dessous.<\/p>\n<p>Toutes les annonces doivent inclure une date, titre, lieu, num\u00e9ro de t\u00e9l\u00e9phone, e -mail, calendrier URL. Le calendrier des \u00e9v\u00e9nements \u00e0 venir est tenu \u00e0 jour et des informations suppl\u00e9mentaires peuvent \u00eatre ajout\u00e9es telles que les instructions d&#8217;inscription et d&#8217;autres informations qui seront utiles pour vos participants sachent.<\/p>\n<p>Une fois qu&#8217;une liste d&#8217;\u00e9v\u00e9nements a \u00e9t\u00e9 publi\u00e9e, aucun remboursement (partiel ou complet) ne sera pas fourni.<\/p>\n<p>Si vous souhaitez afficher un poste, veuillez remplir le formulaire disponible \u00e0 l\u2019adresse suivante<strong> <a href=\"https:\/\/cpa.ca\/machform\/view.php?id=20432\">https:\/\/cpa.ca\/machform\/view.php?id=20432<\/a><\/strong>.<br \/>\nNota : le traitement des offres d\u2019emploi peut prendre jusqu\u2019\u00e0 deux jours ouvrables.<\/p>\n<p>Veuillez adresser vos demandes de renseignements \u00e0 :<br \/>\nCoordonnatrice des donn\u00e9es sur les membres \u00e0 <a href=\"mailto:membership@cpa.ca?subject=Web%20-%20Carri%C3%A8re\">Membership@cpa.ca<\/a><br \/>\nT\u00e9l\u00e9phone : (613) 237-2144, poste 1324<\/p>\n<hr \/>\n<h3>Congr\u00e8s de la SCP commanditaires et exposants<!-- Prospectus--><\/h3>\n<p>Pour plus d\u2019informations sur les opportunit\u00e9s de commanditaires et exposants, veuillez visiter le <a href=\"https:\/\/convention.cpa.ca\/fr\/\" target=\"_blank\" rel=\"noopener\">site de la Congr\u00e8s de la SCP<\/a><\/p>\n","protected":false},"excerpt":{"rendered":"<p><!--more--><\/p>\n","protected":false},"author":2,"featured_media":0,"parent":0,"menu_order":0,"comment_status":"closed","ping_status":"closed","template":"","meta":{"_acf_changed":false,"_monsterinsights_skip_tracking":false,"_monsterinsights_sitenote_active":false,"_monsterinsights_sitenote_note":"","_monsterinsights_sitenote_category":0,"footnotes":""},"class_list":["post-2832","page","type-page","status-publish","hentry"],"acf":[],"aioseo_notices":[],"publishpress_future_workflow_manual_trigger":{"enabledWorkflows":[]},"_links":{"self":[{"href":"https:\/\/cpa.ca\/fr\/wp-json\/wp\/v2\/pages\/2832","targetHints":{"allow":["GET"]}}],"collection":[{"href":"https:\/\/cpa.ca\/fr\/wp-json\/wp\/v2\/pages"}],"about":[{"href":"https:\/\/cpa.ca\/fr\/wp-json\/wp\/v2\/types\/page"}],"author":[{"embeddable":true,"href":"https:\/\/cpa.ca\/fr\/wp-json\/wp\/v2\/users\/2"}],"replies":[{"embeddable":true,"href":"https:\/\/cpa.ca\/fr\/wp-json\/wp\/v2\/comments?post=2832"}],"version-history":[{"count":6,"href":"https:\/\/cpa.ca\/fr\/wp-json\/wp\/v2\/pages\/2832\/revisions"}],"predecessor-version":[{"id":45298,"href":"https:\/\/cpa.ca\/fr\/wp-json\/wp\/v2\/pages\/2832\/revisions\/45298"}],"wp:attachment":[{"href":"https:\/\/cpa.ca\/fr\/wp-json\/wp\/v2\/media?parent=2832"}],"curies":[{"name":"wp","href":"https:\/\/api.w.org\/{rel}","templated":true}]}}