{"id":28749,"date":"2022-03-25T10:16:06","date_gmt":"2022-03-25T14:16:06","guid":{"rendered":"https:\/\/cpa.ca\/factsheetvideos\/"},"modified":"2023-05-08T14:51:34","modified_gmt":"2023-05-08T18:51:34","slug":"factsheetvideos","status":"publish","type":"page","link":"https:\/\/cpa.ca\/fr\/factsheetvideos\/","title":{"rendered":"\u00ab La psychologie peut vous aider \u00bb Vid\u00e9os de fiches d&#8217;information"},"content":{"rendered":"<p>Les fiches \u00ab La psychologie peut vous aider \u00bb sont con\u00e7ues pour vous donner un aper\u00e7u des diff\u00e9rentes probl\u00e9matiques auxquelles la psychologie apporte sa contribution.<\/p>\n<article style=\"-webkit-column-width: 300px; -moz-column-width: 300px; column-width: 300px;\">\n<div style=\"-webkit-column-break-inside: avoid; page-break-inside: avoid; break-inside: avoid;\">\n<span style=\"text-transform: uppercase;\">Anxi\u00e9t\u00e9<\/span><br \/>\n<a href=\"#64\">L\u2019anxi\u00e9t\u00e9 li\u00e9e aux allergies alimentaires chez les enfants<\/a> <span class=\"new\">Nouveau<\/span><br \/>\n<a href=\"#08\">L\u2019anxi\u00e9t\u00e9 li\u00e9e \u00e0 l\u2019\u00e9tat de sant\u00e9<\/a> <span class=\"new\">Nouveau<\/span><br \/>\n<a href=\"#07\">Le trouble d\u2019anxi\u00e9t\u00e9 g\u00e9n\u00e9ralis\u00e9e<\/a><br \/>\n<a href=\"#09\">Le trouble obsessionnel-compulsif <\/a><br \/>\n<a href=\"#10\">Le trouble panique<\/a> <span class=\"new\">Nouveau<\/span><br \/>\n<a href=\"#11\">La phobie <\/a> <span class=\"new\">Nouveau<\/span><br \/>\n<a href=\"#12\">L\u2019anxi\u00e9t\u00e9 sociale<\/a>\n<\/div>\n<p><\/p>\n<div style=\"-webkit-column-break-inside: avoid; page-break-inside: avoid; break-inside: avoid;\">\n<span style=\"text-transform: uppercase;\">Les troubles du d\u00e9veloppement<\/span><br \/>\n<a href=\"#23\">Le trouble de d\u00e9ficit de l\u2019attention\/hyperactivit\u00e9<\/a>\n<\/div>\n<p><\/p>\n<div style=\"-webkit-column-break-inside: avoid; page-break-inside: avoid; break-inside: avoid;\">\n<span style=\"text-transform: uppercase;\">Les troubles de l\u2019alimentation<\/span><br \/>\n<a href=\"#25\">Les troubles de l\u2019alimentation<\/a>\n<\/div>\n<p><\/p>\n<div style=\"-webkit-column-break-inside: avoid; page-break-inside: avoid; break-inside: avoid;\">\n<span style=\"text-transform: uppercase;\">Troubles d\u2019\u00e9limination<\/span><br \/>\n<a href=\"#27\">L\u2019\u00e9nur\u00e9sie et l\u2019encopr\u00e9sie chez l\u2019enfant <\/a> <span class=\"new\">Nouveau<\/span>\n<\/div>\n<p><\/p>\n<div style=\"-webkit-column-break-inside: avoid; page-break-inside: avoid; break-inside: avoid;\">\n<span style=\"text-transform: uppercase;\">Urgences<\/span><br \/>\n<a href=\"#91\">Faire face aux situations d\u2019urgence, aux catastrophes et aux \u00e9v\u00e9nements violents<\/a> <span class=\"new\">Nouveau<\/span>\n<\/div>\n<p><\/p>\n<div style=\"-webkit-column-break-inside: avoid; page-break-inside: avoid; break-inside: avoid;\">\n<span style=\"text-transform: uppercase;\">Ressources de d\u00e9veloppement de carri\u00e8re<\/span><br \/>\n<a href=\"#26\">Faire une demande d&#8217;admission aux \u00e9coles sup\u00e9rieures canadiennes<\/a>\n<\/div>\n<p><\/p>\n<div style=\"-webkit-column-break-inside: avoid; page-break-inside: avoid; break-inside: avoid;\">\n<span style=\"text-transform: uppercase;\">Vie saine<\/span><br \/>\n<a href=\"#28\">L\u2019activit\u00e9 physique, la sant\u00e9 mentale et la motivation <\/a>\n<\/div>\n<p><\/p>\n<div style=\"-webkit-column-break-inside: avoid; page-break-inside: avoid; break-inside: avoid;\">\n<span style=\"text-transform: uppercase;\">Les troubles de l\u2019humeur<\/span><br \/>\n<a href=\"#32\">Le trouble bipolaire<\/a> <span class=\"new\">Nouveau<\/span><br \/>\n<a href=\"#33\">La d\u00e9pression<\/a>\n<\/div>\n<p><\/p>\n<div style=\"-webkit-column-break-inside: avoid; page-break-inside: avoid; break-inside: avoid;\">\n<span style=\"text-transform: uppercase;\">Douleur<\/span><br \/>\n<a href=\"#38\">La douleur chronique<\/a>\n<\/div>\n<p><\/p>\n<div style=\"-webkit-column-break-inside: avoid; page-break-inside: avoid; break-inside: avoid;\">\n<span style=\"text-transform: uppercase;\">Soins palliatifs<\/span><br \/>\n<a href=\"#43\">Strat\u00e9gies d\u2019adaptation \u00e0 un stade avanc\u00e9 d\u2019une maladie <\/a><br \/>\n<a href=\"#44\">Le deuil chez les adultes<\/a> <span class=\"new\">Nouveau<\/span>\n<\/div>\n<p><\/p>\n<div style=\"-webkit-column-break-inside: avoid; page-break-inside: avoid; break-inside: avoid;\">\n<span style=\"text-transform: uppercase;\">Personnalit\u00e9<\/span><br \/>\n<a href=\"#46\">Le perfectionisme<\/a>\n<\/div>\n<p><\/p>\n<div style=\"-webkit-column-break-inside: avoid; page-break-inside: avoid; break-inside: avoid;\">\n<span style=\"text-transform: uppercase;\">Relations sociales et familiales<\/span><br \/>\n<a href=\"#55\">Relation en d\u00e9tresse<\/a> <span class=\"new\">Nouveau<\/span>\n<\/div>\n<p><\/p>\n<div style=\"-webkit-column-break-inside: avoid; page-break-inside: avoid; break-inside: avoid;\">\n<span style=\"text-transform: uppercase;\">Le Stress<\/span><br \/>\n<a href=\"#56\">Le stress de l\u2019aidant <\/a> <span class=\"new\">Nouveau<\/span><br \/>\n<a href=\"#82\">L\u2019\u00e9puisement professionnel<\/a> <span class=\"new\">Nouveau<\/span>\n<\/div>\n<p><\/p>\n<div style=\"-webkit-column-break-inside: avoid; page-break-inside: avoid; break-inside: avoid;\">\n<span style=\"text-transform: uppercase;\">Le Racisme<\/span><br \/>\n<a href=\"#78\">Le racisme<\/a> <span class=\"new\">Nouveau<\/span>\n<\/div>\n<p><\/p>\n<div style=\"-webkit-column-break-inside: avoid; page-break-inside: avoid; break-inside: avoid;\">\n<span style=\"text-transform: uppercase;\">Le suicide<\/span><br \/>\n<a href=\"#59\">Le suicide<\/a>\n<\/div>\n<p><\/p>\n<div style=\"-webkit-column-break-inside: avoid; page-break-inside: avoid; break-inside: avoid;\">\n<span style=\"text-transform: uppercase;\">Traumatisme<\/span><br \/>\n<a href=\"#60\">Les commotions c\u00e9r\u00e9brales <\/a><br \/>\n<a href=\"#61\">L\u2019\u00e9tat de stress post-traumatique <\/a>\n<\/div>\n<\/article>\n<hr \/>\n<p>&nbsp;<\/p>\n<article style=\"-webkit-column-width: 500px; -moz-column-width: 500px; column-width: 500px;\">\n<div style=\"border:thin gray solid; background-color:#EBE7E1;-webkit-column-break-inside: avoid; page-break-inside: avoid; break-inside: avoid;\">\n<h1 style=\"text-transform: uppercase;\">Anxi\u00e9t\u00e9<\/h1>\n<p><a class=\"anchor\" id=\"64\"><\/a><\/p>\n<div style=\"text-align: center;\">\n<h2>L\u2019anxi\u00e9t\u00e9 li\u00e9e aux allergies alimentaires chez les enfants<\/h2>\n<p><iframe loading=\"lazy\" title=\"YouTube video player\" src=\"https:\/\/www.youtube.com\/embed\/OH3u1QH0B1s\" width=\"498\" height=\"280\" frameborder=\"0\" allowfullscreen=\"allowfullscreen\"><\/iframe><\/div>\n<p><a class=\"anchor\" id=\"08\"><\/a><\/p>\n<div style=\"text-align: center;\">\n<h2>L\u2019anxi\u00e9t\u00e9 li\u00e9e \u00e0 l\u2019\u00e9tat de sant\u00e9<\/h2>\n<p><iframe loading=\"lazy\" title=\"YouTube video player\" src=\"https:\/\/www.youtube.com\/embed\/uizRrfJiYEE\" width=\"498\" height=\"280\" frameborder=\"0\" allowfullscreen=\"allowfullscreen\"><\/iframe><\/div>\n<p><a class=\"anchor\" id=\"07\"><\/a><\/p>\n<div style=\"text-align: center;\">\n<h2>Le trouble d\u2019anxi\u00e9t\u00e9 g\u00e9n\u00e9ralis\u00e9e<\/h2>\n<p><iframe loading=\"lazy\" width=\"498\" height=\"280\" src=\"https:\/\/www.youtube.com\/embed\/1GRinj_hzS8\" title=\"YouTube video player\" frameborder=\"0\" allow=\"accelerometer; autoplay; clipboard-write; encrypted-media; gyroscope; picture-in-picture\" allowfullscreen><\/iframe><\/div>\n<p><a class=\"anchor\" id=\"09\"><\/a><\/p>\n<div style=\"text-align: center;\">\n<h2>Le trouble obsessionnel-compulsif <\/h2>\n<p><iframe loading=\"lazy\" width=\"498\" height=\"280\" src=\"https:\/\/www.youtube.com\/embed\/kMVdxsXMom0\" title=\"YouTube video player\" frameborder=\"0\" allow=\"accelerometer; autoplay; clipboard-write; encrypted-media; gyroscope; picture-in-picture\" allowfullscreen><\/iframe><\/div>\n<p><a class=\"anchor\" id=\"10\"><\/a><\/p>\n<div style=\"text-align: center;\">\n<h2>Le trouble panique<\/h2>\n<p><iframe loading=\"lazy\" title=\"YouTube video player\" src=\"https:\/\/www.youtube.com\/embed\/MLSqp8RWoaw\" width=\"498\" height=\"280\" frameborder=\"0\" allowfullscreen=\"allowfullscreen\"><\/iframe><\/div>\n<p><a class=\"anchor\" id=\"11\"><\/a><\/p>\n<div style=\"text-align: center;\">\n<h2>La phobie<\/h2>\n<p><iframe loading=\"lazy\" title=\"YouTube video player\" src=\"https:\/\/www.youtube.com\/embed\/RUtmJHo0jFE\" width=\"498\" height=\"280\" frameborder=\"0\" allowfullscreen=\"allowfullscreen\"><\/iframe><\/div>\n<p><a class=\"anchor\" id=\"12\"><\/a><\/p>\n<div style=\"text-align: center;\">\n<h2>L\u2019anxi\u00e9t\u00e9 sociale<\/h2>\n<p><iframe loading=\"lazy\" width=\"498\" height=\"280\" src=\"https:\/\/www.youtube.com\/embed\/hduBqV3gVO0\" title=\"YouTube video player\" frameborder=\"0\" allow=\"accelerometer; autoplay; clipboard-write; encrypted-media; gyroscope; picture-in-picture\" allowfullscreen><\/iframe><\/div>\n<\/div>\n<p>&nbsp;<\/p>\n<div style=\"border:thin gray solid; background-color:#EBE7E1;-webkit-column-break-inside: avoid; page-break-inside: avoid; break-inside: avoid;\">\n<h1 style=\"text-transform: uppercase;\">Les troubles du d\u00e9veloppement<\/h1>\n<p><a class=\"anchor\" id=\"23\"><\/a><\/p>\n<div style=\"text-align: center;\">\n<h2>Le trouble de d\u00e9ficit de l\u2019attention\/hyperactivit\u00e9<\/h2>\n<p><iframe loading=\"lazy\" width=\"498\" height=\"280\" src=\"https:\/\/www.youtube.com\/embed\/JPBTBug4gfk\" title=\"YouTube video player\" frameborder=\"0\" allow=\"accelerometer; autoplay; clipboard-write; encrypted-media; gyroscope; picture-in-picture\" allowfullscreen><\/iframe><\/div>\n<\/div>\n<p>&nbsp;<\/p>\n<div style=\"border:thin gray solid; background-color:#EBE7E1;-webkit-column-break-inside: avoid; page-break-inside: avoid; break-inside: avoid;\">\n<h1 style=\"text-transform: uppercase;\">Les troubles de l\u2019alimentation<\/h1>\n<p><a class=\"anchor\" id=\"25\"><\/a><\/p>\n<div style=\"text-align: center;\">\n<h2>Les troubles de l\u2019alimentation<\/h2>\n<p><iframe loading=\"lazy\" width=\"498\" height=\"280\" src=\"https:\/\/www.youtube.com\/embed\/7XezEI90slU\" title=\"YouTube video player\" frameborder=\"0\" allow=\"accelerometer; autoplay; clipboard-write; encrypted-media; gyroscope; picture-in-picture\" allowfullscreen><\/iframe><\/div>\n<\/div>\n<p>&nbsp;<\/p>\n<div style=\"border: thin gray solid; background-color: #ebe7e1; -webkit-column-break-inside: avoid; page-break-inside: avoid; break-inside: avoid;\">\n<h1 style=\"text-transform: uppercase;\">TROUBLES D\u2019\u00c9LIMINATION<\/h1>\n<p><a class=\"anchor\" id=\"27\"><\/a><\/p>\n<div style=\"text-align: center;\">\n<h2>L\u2019\u00e9nur\u00e9sie et l\u2019encopr\u00e9sie chez l\u2019enfant<\/h2>\n<p><iframe loading=\"lazy\" title=\"YouTube video player\" src=\"https:\/\/www.youtube.com\/embed\/8LVoY1kOWL8\" width=\"498\" height=\"280\" frameborder=\"0\" allowfullscreen=\"allowfullscreen\"><\/iframe><\/div>\n<\/div>\n<p>&nbsp;<\/p>\n<div style=\"border: thin gray solid; background-color: #ebe7e1; -webkit-column-break-inside: avoid; page-break-inside: avoid; break-inside: avoid;\">\n<h1 style=\"text-transform: uppercase;\">URGENCES<\/h1>\n<p><a class=\"anchor\" id=\"91\"><\/a><\/p>\n<div style=\"text-align: center;\">\n<h2>Faire face aux situations d\u2019urgence, aux catastrophes et aux \u00e9v\u00e9nements violents<\/h2>\n<p><iframe loading=\"lazy\" title=\"YouTube video player\" src=\"https:\/\/www.youtube.com\/embed\/ZjbOS_BAc9k\" width=\"498\" height=\"280\" frameborder=\"0\" allowfullscreen=\"allowfullscreen\"><\/iframe><\/div>\n<\/div>\n<p>&nbsp;<\/p>\n<div style=\"border:thin gray solid; background-color:#EBE7E1;-webkit-column-break-inside: avoid; page-break-inside: avoid; break-inside: avoid;\">\n<h1 style=\"text-transform: uppercase;\">Ressources de d\u00e9veloppement de carri\u00e8re<\/h1>\n<p><a class=\"anchor\" id=\"26\"><\/a><\/p>\n<div style=\"text-align: center;\">\n<h2>Faire une demande d&#8217;admission aux \u00e9coles sup\u00e9rieures canadiennes<\/h2>\n<p><iframe loading=\"lazy\" width=\"498\" height=\"280\" src=\"https:\/\/www.youtube.com\/embed\/-q9OPgmA5AM\" title=\"YouTube video player\" frameborder=\"0\" allow=\"accelerometer; autoplay; clipboard-write; encrypted-media; gyroscope; picture-in-picture\" allowfullscreen><\/iframe><\/div>\n<\/div>\n<p>&nbsp;<\/p>\n<div style=\"border:thin gray solid; background-color:#EBE7E1;-webkit-column-break-inside: avoid; page-break-inside: avoid; break-inside: avoid;\">\n<h1 style=\"text-transform: uppercase;\">Vie saine<\/h1>\n<p><a class=\"anchor\" id=\"28\"><\/a><\/p>\n<div style=\"text-align: center;\">\n<h2>L\u2019activit\u00e9 physique, la sant\u00e9 mentale et la motivation <\/h2>\n<p><iframe loading=\"lazy\" width=\"498\" height=\"280\" src=\"https:\/\/www.youtube.com\/embed\/akN1fX2UWDY\" title=\"YouTube video player\" frameborder=\"0\" allow=\"accelerometer; autoplay; clipboard-write; encrypted-media; gyroscope; picture-in-picture\" allowfullscreen><\/iframe><\/div>\n<\/div>\n<p>&nbsp;<\/p>\n<div style=\"border:thin gray solid; background-color:#EBE7E1;-webkit-column-break-inside: avoid; page-break-inside: avoid; break-inside: avoid;\">\n<h1 style=\"text-transform: uppercase;\">Les troubles de l\u2019humeur<\/h1>\n<p><a class=\"anchor\" id=\"32\"><\/a><\/p>\n<div style=\"text-align: center;\">\n<h2>Le trouble bipolaire<\/h2>\n<p><iframe loading=\"lazy\" title=\"YouTube video player\" src=\"https:\/\/www.youtube.com\/embed\/D9IR6LEGiHg\" width=\"498\" height=\"280\" frameborder=\"0\" allowfullscreen=\"allowfullscreen\"><\/iframe><\/div>\n<p><a class=\"anchor\" id=\"33\"><\/a><\/p>\n<div style=\"text-align: center;\">\n<h2>La d\u00e9pression<\/h2>\n<p><iframe loading=\"lazy\" width=\"498\" height=\"280\" src=\"https:\/\/www.youtube.com\/embed\/_o3BW5fdmoc\" title=\"YouTube video player\" frameborder=\"0\" allow=\"accelerometer; autoplay; clipboard-write; encrypted-media; gyroscope; picture-in-picture\" allowfullscreen><\/iframe><\/div>\n<\/div>\n<p>&nbsp;<\/p>\n<div style=\"border:thin gray solid; background-color:#EBE7E1;-webkit-column-break-inside: avoid; page-break-inside: avoid; break-inside: avoid;\">\n<h1 style=\"text-transform: uppercase;\">Douleur<\/h1>\n<p><a class=\"anchor\" id=\"38\"><\/a><\/p>\n<div style=\"text-align: center;\">\n<h2>La douleur chronique<\/h2>\n<p><iframe loading=\"lazy\" width=\"498\" height=\"280\" src=\"https:\/\/www.youtube.com\/embed\/xEjAMy1CLlM\" title=\"YouTube video player\" frameborder=\"0\" allow=\"accelerometer; autoplay; clipboard-write; encrypted-media; gyroscope; picture-in-picture\" allowfullscreen><\/iframe><\/div>\n<\/div>\n<p>&nbsp;<\/p>\n<div style=\"border:thin gray solid; background-color:#EBE7E1;-webkit-column-break-inside: avoid; page-break-inside: avoid; break-inside: avoid;\">\n<h1 style=\"text-transform: uppercase;\">Soins palliatifs<\/h1>\n<p><a class=\"anchor\" id=\"44\"><\/a><\/p>\n<div style=\"text-align: center;\">\n<h2>Le deuil chez les adultes<\/h2>\n<p><iframe loading=\"lazy\" title=\"YouTube video player\" src=\"https:\/\/www.youtube.com\/embed\/GWLUh_VZt0o\" width=\"498\" height=\"280\" frameborder=\"0\" allowfullscreen=\"allowfullscreen\"><\/iframe><\/div>\n<p><a class=\"anchor\" id=\"43\"><\/a><\/p>\n<div style=\"text-align: center;\">\n<h2>Strat\u00e9gies d\u2019adaptation \u00e0 un stade avanc\u00e9 d\u2019une maladie <\/h2>\n<p><iframe loading=\"lazy\" width=\"498\" height=\"280\" src=\"https:\/\/www.youtube.com\/embed\/SIfZ30IPC3g\" title=\"YouTube video player\" frameborder=\"0\" allow=\"accelerometer; autoplay; clipboard-write; encrypted-media; gyroscope; picture-in-picture\" allowfullscreen><\/iframe><\/div>\n<\/div>\n<p>&nbsp;<\/p>\n<div style=\"border:thin gray solid; background-color:#EBE7E1;-webkit-column-break-inside: avoid; page-break-inside: avoid; break-inside: avoid;\">\n<h1 style=\"text-transform: uppercase;\">Personnalit\u00e9<\/h1>\n<p><a class=\"anchor\" id=\"46\"><\/a><\/p>\n<div style=\"text-align: center;\">\n<h2>Le perfectionisme<\/h2>\n<p><iframe loading=\"lazy\" width=\"498\" height=\"280\" src=\"https:\/\/www.youtube.com\/embed\/QjhM9jtuvSE\" title=\"YouTube video player\" frameborder=\"0\" allow=\"accelerometer; autoplay; clipboard-write; encrypted-media; gyroscope; picture-in-picture\" allowfullscreen><\/iframe><\/div>\n<\/div>\n<p>&nbsp;<\/p>\n<div style=\"border: thin gray solid; background-color: #ebe7e1; -webkit-column-break-inside: avoid; page-break-inside: avoid; break-inside: avoid;\">\n<h1 style=\"text-transform: uppercase;\">RELATIONS SOCIALES ET FAMILIALES<\/h1>\n<p><a class=\"anchor\" id=\"55\"><\/a><\/p>\n<div style=\"text-align: center;\">\n<h2>Relation en d\u00e9tresse<\/h2>\n<p><iframe loading=\"lazy\" title=\"YouTube video player\" src=\"https:\/\/www.youtube.com\/embed\/V54tHCasPm8\" width=\"498\" height=\"280\" frameborder=\"0\" allowfullscreen=\"allowfullscreen\"><\/iframe><\/div>\n<\/div>\n<p>&nbsp;<\/p>\n<div style=\"border: thin gray solid; background-color: #ebe7e1; -webkit-column-break-inside: avoid; page-break-inside: avoid; break-inside: avoid;\">\n<h1 style=\"text-transform: uppercase;\">Le Stress<\/h1>\n<p><a class=\"anchor\" id=\"56\"><\/a><\/p>\n<div style=\"text-align: center;\">\n<h2>Le stress de l\u2019aidant<\/h2>\n<p><iframe loading=\"lazy\" title=\"YouTube video player\" src=\"https:\/\/www.youtube.com\/embed\/NBSL__vsssc\" width=\"498\" height=\"280\" frameborder=\"0\" allowfullscreen=\"allowfullscreen\"><\/iframe><\/div>\n<p><a class=\"anchor\" id=\"82\"><\/a><\/p>\n<div style=\"text-align: center;\">\n<h2>L\u2019\u00e9puisement professionnel<\/h2>\n<p><iframe loading=\"lazy\" title=\"YouTube video player\" src=\"https:\/\/www.youtube.com\/embed\/BnxNPKplmQI\" width=\"498\" height=\"280\" frameborder=\"0\" allowfullscreen=\"allowfullscreen\"><\/iframe><\/div>\n<\/div>\n<p>&nbsp;<\/p>\n<div style=\"border: thin gray solid; background-color: #ebe7e1; -webkit-column-break-inside: avoid; page-break-inside: avoid; break-inside: avoid;\">\n<h1 style=\"text-transform: uppercase;\">LE RACISME<\/h1>\n<p><a class=\"anchor\" id=\"78\"><\/a><\/p>\n<div style=\"text-align: center;\">\n<h2>Le racisme<\/h2>\n<p><iframe loading=\"lazy\" title=\"YouTube video player\" src=\"https:\/\/www.youtube.com\/embed\/RsgTrKOb7I4\" width=\"498\" height=\"280\" frameborder=\"0\" allowfullscreen=\"allowfullscreen\"><\/iframe><\/div>\n<\/div>\n<p>&nbsp;<\/p>\n<div style=\"border:thin gray solid; background-color:#EBE7E1;-webkit-column-break-inside: avoid; page-break-inside: avoid; break-inside: avoid;\">\n<h1 style=\"text-transform: uppercase;\">Le suicide<\/h1>\n<p><a class=\"anchor\" id=\"59\"><\/a><\/p>\n<div style=\"text-align: center;\">\n<h2>Le suicide<\/h2>\n<p><iframe loading=\"lazy\" width=\"498\" height=\"280\" src=\"https:\/\/www.youtube.com\/embed\/91wy8FKKhss\" title=\"YouTube video player\" frameborder=\"0\" allow=\"accelerometer; autoplay; clipboard-write; encrypted-media; gyroscope; picture-in-picture\" allowfullscreen><\/iframe><\/div>\n<\/div>\n<p>&nbsp;<\/p>\n<div style=\"border:thin gray solid; background-color:#EBE7E1;-webkit-column-break-inside: avoid; page-break-inside: avoid; break-inside: avoid;\">\n<h1 style=\"text-transform: uppercase;\">Traumatisme<\/h1>\n<p><a class=\"anchor\" id=\"60\"><\/a><\/p>\n<div style=\"text-align: center;\">\n<h2>Les commotions c\u00e9r\u00e9brales <\/h2>\n<p><iframe loading=\"lazy\" width=\"498\" height=\"280\" src=\"https:\/\/www.youtube.com\/embed\/QSbnjsn66bM\" title=\"YouTube video player\" frameborder=\"0\" allow=\"accelerometer; autoplay; clipboard-write; encrypted-media; gyroscope; picture-in-picture\" allowfullscreen><\/iframe><\/div>\n<p><a class=\"anchor\" id=\"61\"><\/a><\/p>\n<div style=\"text-align: center;\">\n<h2>L\u2019\u00e9tat de stress post-traumatique<\/h2>\n<p><iframe loading=\"lazy\" width=\"498\" height=\"280\" src=\"https:\/\/www.youtube.com\/embed\/xsdOSdnOhuY\" title=\"YouTube video player\" frameborder=\"0\" allow=\"accelerometer; autoplay; clipboard-write; encrypted-media; gyroscope; picture-in-picture\" allowfullscreen><\/iframe><\/div>\n<\/div>\n<\/article>\n<p><!-----\nNeed to:\n\n\n<ul>\n\n<li> Upload to YouTube.  Initially set as private, then make public for launch.<br \/>\nsetup tags for videos, description text, <\/li>\n\n\n\n\n\n<li> Titles & Anchors for each video, in an iFrame with description.<\/li>\n\n\n\n\n\n<li> Add links to Fact Sheets on main page linking to video on this page.<\/li>\n\n\n<\/ul>\n\n----><\/p>\n","protected":false},"excerpt":{"rendered":"<p><!--more--><\/p>\n","protected":false},"author":2,"featured_media":0,"parent":0,"menu_order":0,"comment_status":"closed","ping_status":"closed","template":"templates\/no-sidebar.php","meta":{"_acf_changed":false,"_monsterinsights_skip_tracking":false,"_monsterinsights_sitenote_active":false,"_monsterinsights_sitenote_note":"","_monsterinsights_sitenote_category":0,"footnotes":""},"class_list":["post-28749","page","type-page","status-publish","hentry"],"acf":[],"aioseo_notices":[],"publishpress_future_workflow_manual_trigger":{"enabledWorkflows":[]},"_links":{"self":[{"href":"https:\/\/cpa.ca\/fr\/wp-json\/wp\/v2\/pages\/28749","targetHints":{"allow":["GET"]}}],"collection":[{"href":"https:\/\/cpa.ca\/fr\/wp-json\/wp\/v2\/pages"}],"about":[{"href":"https:\/\/cpa.ca\/fr\/wp-json\/wp\/v2\/types\/page"}],"author":[{"embeddable":true,"href":"https:\/\/cpa.ca\/fr\/wp-json\/wp\/v2\/users\/2"}],"replies":[{"embeddable":true,"href":"https:\/\/cpa.ca\/fr\/wp-json\/wp\/v2\/comments?post=28749"}],"version-history":[{"count":7,"href":"https:\/\/cpa.ca\/fr\/wp-json\/wp\/v2\/pages\/28749\/revisions"}],"predecessor-version":[{"id":33749,"href":"https:\/\/cpa.ca\/fr\/wp-json\/wp\/v2\/pages\/28749\/revisions\/33749"}],"wp:attachment":[{"href":"https:\/\/cpa.ca\/fr\/wp-json\/wp\/v2\/media?parent=28749"}],"curies":[{"name":"wp","href":"https:\/\/api.w.org\/{rel}","templated":true}]}}