{"id":2889,"date":"2016-12-09T21:45:42","date_gmt":"2016-12-10T02:45:42","guid":{"rendered":"https:\/\/cpa.ca\/adhesion\/membersonlyarea\/"},"modified":"2021-08-06T12:53:14","modified_gmt":"2021-08-06T16:53:14","slug":"sectionreserves","status":"publish","type":"page","link":"https:\/\/cpa.ca\/fr\/adhesion\/sectionreserves\/","title":{"rendered":"Section r\u00e9serv\u00e9e aux membres"},"content":{"rendered":"<div style=\"width: 175px; padding: 5px; border: thin gray solid; float: right; display: inline-block;\">\n<h4><a style=\"font-weight: bold; color: #b50029;\" href=\"\/fr\/adhesion\/sectionreserves\/\">Section r\u00e9serv\u00e9e aux membres<\/a><\/h4>\n<h4>PERSONNE-RESSOURCE<\/h4>\n<h4>Renseignements&nbsp;:<\/h4>\n<p>Services aux membres<br \/>\n613-237-2144 poste&nbsp;324<br \/>\n<a href=\"mailto:membership@cpa.ca\">membership@cpa.ca<\/a><\/p>\n<p><strong>Suivez-nous&nbsp;:<\/strong> <a href=\"mailto:cpa@cpa.ca\" target=\"_blank\" rel=\"noopener noreferrer\">Courriel<\/a><\/p>\n<div id=\"social\" class=\"socialmedia\"><a href=\"http:\/\/www.facebook.com\/pages\/Canadian-Psychological-Association-Soci%C3%A9t%C3%A9-canadienne-de-psychologie\/146082642130174\" target=\"social\" rel=\"noopener noreferrer\"><img decoding=\"async\" style=\"max-width: 36px;\" src=\"\/images\/facebook-icon.png\" alt=\"CPA on Facebook\" width=\"36\"><\/a> <a href=\"https:\/\/twitter.com\/#!\/CPA_SCP\" target=\"social\" rel=\"noopener noreferrer\"><img decoding=\"async\" style=\"max-width: 36px;\" src=\"\/images\/twitter-icon.png\" alt=\"CPA on Twitter\" width=\"36\"><\/a> <a href=\"http:\/\/www.linkedin.com\/groups?about=&amp;gid=3766289&amp;trk=anet_ug_grppro\" target=\"social\" rel=\"noopener noreferrer\"><img decoding=\"async\" style=\"max-width: 36px;\" src=\"https:\/\/cpa.ca\/images\/linkedin-icon.png\" alt=\"CPA on LinkedIn\" width=\"36\"><\/a><a href=\"https:\/\/www.youtube.com\/user\/CPAVideoChannel\" target=\"social\" rel=\"noopener noreferrer\"><img decoding=\"async\" style=\"max-width: 36px;\" src=\"https:\/\/cpa.ca\/images\/youtube-icon.png\" alt=\"CPA on YouTube\" width=\"36\"><\/a><\/div>\n<\/div>\n<h4 style=\"display: inline-block;\">Bienvenue \u00e0 la section pour Membres seulement<\/h4>\n<p>C\u2019est ici que les membres de la SCP et les membres \u00e9tudiants ont acc\u00e8s \u00e0 une s\u00e9rie d\u2019avantages substantiels, aux fournisseurs privil\u00e9gi\u00e9s de la SCP et \u00e0 de multiples fa\u00e7ons d\u2019\u00e9conomiser mises exclusivement \u00e0 la disposition des membres.<\/p>\n<h4 style=\"display: inline-block;\"><a href=\"https:\/\/secure.cpa.ca\/apps\/Membership?returnUrl=\/apps\/Pages\/my-profile\" target=\"_blank\" rel=\"noopener noreferrer\">G\u00e9rer mon profil<\/a><\/h4>\n<p>En tant que membre ou membre affili\u00e9, vous pouvez&nbsp;:<\/p>\n<ul>\n<li>Afficher ou modifier votre profil<\/li>\n<li>Afficher la section \u00e0 laquelle vous avez adh\u00e9r\u00e9 \u2013 ou adh\u00e9rer \u00e0 une nouvelle section<\/li>\n<li>Afficher l\u2019\u00e9tat de votre compte<\/li>\n<li>Acc\u00e9der aux revues de la SCP (APA PsycNet\u00ae)<\/li>\n<li>Vous abonner aux bases de donn\u00e9es de l\u2019APA via APA PsycNet\u00ae Gold<\/li>\n<\/ul>\n<h4 style=\"display: inline-block;\"><a href=\"\/fr\/adhesion\/\" target=\"_blank\" rel=\"noopener noreferrer\">Adh\u00e9sion et avantages de la SCP<\/a><\/h4>\n<p>Connectez-vous pour profiter de tous les avantages offerts aux membres.&nbsp;<\/p>\n<h4 style=\"display: inline-block;\"><a href=\"https:\/\/secure.cpa.ca\/apps\/Membership?returnUrl=\/apps\/Pages\/benefits\" target=\"_blank\" rel=\"noopener noreferrer\">\u00c9conomies exclusives<\/a><\/h4>\n<p>Connectez-vous et commencez \u00e0 \u00e9conomiser de l\u2019argent D\u00c8S AUJOURD\u2019HUI!<\/p>\n<ul>\n<li>Fournisseurs privil\u00e9gi\u00e9s de la SCP<\/li>\n<li>Rabais offerts aux membres<\/li>\n<\/ul>\n<h4 style=\"display: inline-block;\"><a href=\"https:\/\/secure.cpa.ca\/apps\/Membership?returnUrl=\/apps\/Pages\/directory-listing\" target=\"_blank\" rel=\"noopener noreferrer\">R\u00e9pertoire des membres<\/a><\/h4>\n<p>Trouvez un membre de la SCP ou un affili\u00e9.<\/p>\n<h4 style=\"display: inline-block;\"><a href=\"https:\/\/secure.cpa.ca\/apps\/Membership\" target=\"_blank\" rel=\"noopener noreferrer\">Syst\u00e8me de gestion des sections de la SCP<\/a><\/h4>\n<ul>\n<li>Acc\u00e9dez au contenu et aux ressources des sections dont vous \u00eates membre. &nbsp;<\/li>\n<li>Les pr\u00e9sidents de section peuvent \u00e9galement g\u00e9rer toutes les t\u00e2ches administratives de la section.<\/li>\n<\/ul>\n","protected":false},"excerpt":{"rendered":"<p><!--more--><\/p>\n","protected":false},"author":2,"featured_media":0,"parent":1414,"menu_order":0,"comment_status":"closed","ping_status":"closed","template":"","meta":{"_acf_changed":false,"_monsterinsights_skip_tracking":false,"_monsterinsights_sitenote_active":false,"_monsterinsights_sitenote_note":"","_monsterinsights_sitenote_category":0,"footnotes":""},"class_list":["post-2889","page","type-page","status-publish","hentry"],"acf":[],"aioseo_notices":[],"publishpress_future_workflow_manual_trigger":{"enabledWorkflows":[]},"_links":{"self":[{"href":"https:\/\/cpa.ca\/fr\/wp-json\/wp\/v2\/pages\/2889","targetHints":{"allow":["GET"]}}],"collection":[{"href":"https:\/\/cpa.ca\/fr\/wp-json\/wp\/v2\/pages"}],"about":[{"href":"https:\/\/cpa.ca\/fr\/wp-json\/wp\/v2\/types\/page"}],"author":[{"embeddable":true,"href":"https:\/\/cpa.ca\/fr\/wp-json\/wp\/v2\/users\/2"}],"replies":[{"embeddable":true,"href":"https:\/\/cpa.ca\/fr\/wp-json\/wp\/v2\/comments?post=2889"}],"version-history":[{"count":31,"href":"https:\/\/cpa.ca\/fr\/wp-json\/wp\/v2\/pages\/2889\/revisions"}],"predecessor-version":[{"id":23701,"href":"https:\/\/cpa.ca\/fr\/wp-json\/wp\/v2\/pages\/2889\/revisions\/23701"}],"up":[{"embeddable":true,"href":"https:\/\/cpa.ca\/fr\/wp-json\/wp\/v2\/pages\/1414"}],"wp:attachment":[{"href":"https:\/\/cpa.ca\/fr\/wp-json\/wp\/v2\/media?parent=2889"}],"curies":[{"name":"wp","href":"https:\/\/api.w.org\/{rel}","templated":true}]}}