{"id":2905,"date":"2018-08-15T16:19:28","date_gmt":"2018-08-15T20:19:28","guid":{"rendered":"https:\/\/cpa.ca\/mediarelations\/"},"modified":"2021-12-14T09:35:41","modified_gmt":"2021-12-14T14:35:41","slug":"mediarelations","status":"publish","type":"page","link":"https:\/\/cpa.ca\/fr\/mediarelations\/","title":{"rendered":"Relations avec les m\u00e9dias"},"content":{"rendered":"<p>La SCP est le porte-parole national de la profession et de la discipline. Le travail avec les m\u00e9dias fait partie int\u00e9grante du r\u00f4le de porte-parole et de d\u00e9fenseur national de la profession de psychologue et de la discipline de la psychologie. En tenant les m\u00e9dias et le public inform\u00e9s, nous informons les gens sur les probl\u00e8mes de l\u2019heure, nous trouvons des champions parmi le lectorat et nous \u00e9tablissons des relations.<\/p>\n<p>Au besoin, la SCP assiste les m\u00e9dias sur des questions qui touchent la profession et la discipline, en participant \u00e0 des entrevues avec les m\u00e9dias et en fournissant de l\u2019information sur divers sujets d\u2019int\u00e9r\u00eat. Les m\u00e9dias sont \u00e9galement les bienvenus \u00e0 notre congr\u00e8s national annuel.<\/p>\n<p>Pour toute demande de renseignements, les m\u00e9dias sont invit\u00e9s \u00e0 communiquer avec nous :<br \/>\n<a href=\"mailto:media@cpa.ca?subject=Media%20Inquiry\">Eric Bollman<\/a><br \/>\nCoordonnatrice des communications de la SCP<br \/>\n<!--\nLa SCP est \u00e9galement heureuse d\u2019offrir du soutien \u00e0 ses membres en travaillant avec les m\u00e9dias; de bonnes relations avec les m\u00e9dias et une bonne couverture m\u00e9diatique sont essentielles \u00e0 l\u2019avancement de la psychologie pour le bien de tous. Pour obtenir des conseils sur la fa\u00e7on d\u2019aborder les m\u00e9dias pour publier un article ou pour conna\u00eetre les choses \u00e0 faire et \u00e0 \u00e9viter lorsque vous faites affaire avec les m\u00e9dias, veuillez consulter le guide que nous avons \u00e9labor\u00e9 \u00e0 l\u2019intention des psychologues, intitul\u00e9 \u00ab <a href=\"https:\/\/cpa.ca\/cpasite\/UserFiles\/Documents\/publications\/Working_with_the_Media.pdf\" target=\"_blank\" rel=\"noopener noreferrer\">Working with the Media<\/a> \u00bb.--><\/p>\n","protected":false},"excerpt":{"rendered":"<p><!--more--><\/p>\n","protected":false},"author":2,"featured_media":2778,"parent":0,"menu_order":0,"comment_status":"closed","ping_status":"closed","template":"templates\/landing-page.php","meta":{"_acf_changed":false,"_monsterinsights_skip_tracking":false,"_monsterinsights_sitenote_active":false,"_monsterinsights_sitenote_note":"","_monsterinsights_sitenote_category":0,"footnotes":""},"class_list":["post-2905","page","type-page","status-publish","has-post-thumbnail","hentry"],"acf":[],"aioseo_notices":[],"publishpress_future_workflow_manual_trigger":{"enabledWorkflows":[]},"_links":{"self":[{"href":"https:\/\/cpa.ca\/fr\/wp-json\/wp\/v2\/pages\/2905","targetHints":{"allow":["GET"]}}],"collection":[{"href":"https:\/\/cpa.ca\/fr\/wp-json\/wp\/v2\/pages"}],"about":[{"href":"https:\/\/cpa.ca\/fr\/wp-json\/wp\/v2\/types\/page"}],"author":[{"embeddable":true,"href":"https:\/\/cpa.ca\/fr\/wp-json\/wp\/v2\/users\/2"}],"replies":[{"embeddable":true,"href":"https:\/\/cpa.ca\/fr\/wp-json\/wp\/v2\/comments?post=2905"}],"version-history":[{"count":6,"href":"https:\/\/cpa.ca\/fr\/wp-json\/wp\/v2\/pages\/2905\/revisions"}],"predecessor-version":[{"id":26165,"href":"https:\/\/cpa.ca\/fr\/wp-json\/wp\/v2\/pages\/2905\/revisions\/26165"}],"wp:featuredmedia":[{"embeddable":true,"href":"https:\/\/cpa.ca\/fr\/wp-json\/wp\/v2\/media\/2778"}],"wp:attachment":[{"href":"https:\/\/cpa.ca\/fr\/wp-json\/wp\/v2\/media?parent=2905"}],"curies":[{"name":"wp","href":"https:\/\/api.w.org\/{rel}","templated":true}]}}