{"id":2931,"date":"2018-08-07T08:23:43","date_gmt":"2018-08-07T12:23:43","guid":{"rendered":"https:\/\/cpa.ca\/journalalert\/"},"modified":"2025-05-27T09:14:32","modified_gmt":"2025-05-27T13:14:32","slug":"journalalert","status":"publish","type":"page","link":"https:\/\/cpa.ca\/fr\/journalalert\/","title":{"rendered":"Maintenant dans les journaux du SCP"},"content":{"rendered":"<p>La Soci\u00e9t\u00e9 canadienne de psychologie, en partenariat avec l\u2019American Psychological Association, publie les trois revues suivantes : la <em>Revue canadienne des sciences du comportement<\/em>, la <em>Revue canadienne de psychologie exp\u00e9rimentale<\/em> et <em>Psychologie canadienne<\/em>.<\/p>\n<p>La SCP conserve une ind\u00e9pendance \u00e9ditoriale totale du contenu.<\/p>\n<h4 style=\"text-align: center;\"><img decoding=\"async\" src=\"\/docs\/Image\/banner\/PsycAlert.png\" alt=\"APA PsycAlert: Email Alert for Release of CPA Journal Issues\" \/><\/h4>\n<p>Vous pouvez vous inscrire \u00e0 notre service de notification par courriel, qui vous avise d\u00e8s que l\u2019une des revues de la SCP publie un nouveau num\u00e9ro. Chaque notification contient de l\u2019information sur le num\u00e9ro de la revue ainsi que la table des mati\u00e8res. Pour vous inscrire \u00e0 ce service gratuit, <a href=\"http:\/\/notify.apa.org\/index.cfm?fuseaction=signup.stepone\" target=\"_blank\" rel=\"noopener noreferrer\">cliquez ici<\/a>.<\/p>\n<p><strong>Flux RSS de l&#8217;APA<\/strong> (<em>en anglais seulement<\/em>\u00a0&#8211; <a href=\"https:\/\/www.apa.org\/rss?tab=2\" target=\"_blank\" rel=\"noopener\">https:\/\/www.apa.org\/rss?tab=2);<\/a><\/p>\n<ul>\n<li>Canadian Journal of Behavioural Science\/Revue canadienne des sciences du comportement &#8211; <a href=\"https:\/\/psycnet.apa.org\/journals\/cbs.rss\" target=\"_blank\" rel=\"noopener\">https:\/\/psycnet.apa.org\/journals\/cbs.rss<\/a><\/li>\n<li>Canadian Journal of Experimental Psychology\/Revue canadienne de psychologie exp\u00e9rimental &#8211; <a href=\"https:\/\/psycnet.apa.org\/journals\/cep.rss\" target=\"_blank\" rel=\"noopener\">https:\/\/psycnet.apa.org\/journals\/cep.rss<\/a><\/li>\n<li>Canadian Psychology\/Psychologie canadienne &#8211; <a href=\"https:\/\/psycnet.apa.org\/journals\/cap.rss\" target=\"_blank\" rel=\"noopener\">https:\/\/psycnet.apa.org\/journals\/cap.rss<\/a><\/li>\n<\/ul>\n<hr \/>\n<p>&nbsp;<\/p>\n<h4>Revues CPA &#8211; Nouvelles et annonces<\/h4>\n<div class=\"leadinlist\">\n<ul><div id=\"cptui\" class=\"cptui-shortcode default-shortcode cptui-shortcode-378\">\n\t\n\t\t<div id=\"cptui-43000\" class=\"cptui-entry post-43000 post type-post status-publish format-standard hentry category-cp-news category-cp-news-fr category-journals category-journaux\">\n\n\t\t\t\n\t\t\t<div class=\"cptui-entry-header\">\n\n\t\t\t\t\n\t\t\t\t<h4 class=\"cptui-entry-title\"><a class=\"cptui-link\" href=\"https:\/\/cpa.ca\/fr\/2024-best-article-award-canadian-psychology-psychologie-canadienne\/\">Prix du meilleur article\u00a02024<em>,<\/em> <em>Psychologie canadienne<\/em>.<\/a><\/h4>\n\n\t\t\t\t\n\t\t\t<\/div><!-- .cptui-entry-header -->\n\n\t\t\t<div class=\"cptui-entry-summary\">\n\n\t\t\t\t\n\t\t\t\t<p>F\u00e9licitations \u00e0 Heather K. Gower et Graham Gaine pour leur article intitul\u00e9 <em>Ethics of psychotherapy rationing: A review of ethical and regulatory documents in Canadian professional psychology <\/em>(2024, volume\u00a065, n<sup>o<\/sup>\u00a01, 15-27), qui a remport\u00e9 le Prix du meilleur article\u00a02024 paru dans <em>Psychologie canadienne.<\/em><\/p>\n<p>L\u2019\u00e9quipe de r\u00e9daction de <em>Psychologie canadienne<\/em> propose des articles pour ce prix, qui sont ensuite \u00e9valu\u00e9s par le conseil d\u2019administration de la SCP repr\u00e9sentant la science, la pratique et l\u2019\u00e9ducation.<\/p>\n<p>Il est d\u00e9sormais possible de <strong>lire gratuitement<\/strong> cet article; pour y acc\u00e9der, cliquez <a href=\"https:\/\/psycnet.apa.org\/fulltext\/2024-24111-001.html\" target=\"_blank\">ici<\/a>.<\/p>\n<hr \/>\n\n\t\t\t\t\n\t\t\t<\/div><!-- .cptui-entry-summary -->\n\n\t\t<\/div><!-- #cptui-xxxxx .cptui-entry -->\n\n\t\t\n\t\t<div id=\"cptui-43006\" class=\"cptui-entry post-43006 post type-post status-publish format-standard hentry category-journals category-journaux\">\n\n\t\t\t\n\t\t\t<div class=\"cptui-entry-header\">\n\n\t\t\t\t\n\t\t\t\t<h4 class=\"cptui-entry-title\"><a class=\"cptui-link\" href=\"https:\/\/cpa.ca\/fr\/2024-best-article-award-canadian-journal-of-behavioural-science-revue-canadienne-des-sciences-du-comportement\/\">Prix du meilleur article\u00a02024<em>, Revue canadienne des sciences du comportement<\/em><\/a><\/h4>\n\n\t\t\t\t\n\t\t\t<\/div><!-- .cptui-entry-header -->\n\n\t\t\t<div class=\"cptui-entry-summary\">\n\n\t\t\t\t\n\t\t\t\t<p>F\u00e9licitations \u00e0 Scott Davies et Angran Li pour leur article intitul\u00e9 <em>Effects of summer numeracy interventions among French-language students in Ontario <\/em>(2024, volume\u00a056, n<sup>o<\/sup>\u00a03, 195-204), qui a remport\u00e9 le Prix du meilleur article\u00a02024 paru dans la <em>Revue canadienne des sciences du comportement<\/em><em>.<\/em><\/p>\n<p>L\u2019\u00e9quipe de r\u00e9daction de la RCSC propose et \u00e9value les articles pour ce prix.<\/p>\n<p>Il est d\u00e9sormais possible de <strong>lire gratuitement<\/strong> cet article; pour y acc\u00e9der, cliquez <a href=\"https:\/\/psycnet.apa.org\/fulltext\/2023-96468-001.html\" target=\"_blank\">ici<\/a>.<\/p>\n<hr \/>\n\n\t\t\t\t\n\t\t\t<\/div><!-- .cptui-entry-summary -->\n\n\t\t<\/div><!-- #cptui-xxxxx .cptui-entry -->\n\n\t\t\n\t\t<div id=\"cptui-43012\" class=\"cptui-entry post-43012 post type-post status-publish format-standard hentry category-cjep-news-fr category-cjep-news category-journals category-journaux\">\n\n\t\t\t\n\t\t\t<div class=\"cptui-entry-header\">\n\n\t\t\t\t\n\t\t\t\t<h4 class=\"cptui-entry-title\"><a class=\"cptui-link\" href=\"https:\/\/cpa.ca\/fr\/2024-best-article-award-canadian-journal-of-experimental-psychology-revue-canadienne-de-psychologie-experimentale\/\">Prix du meilleur article\u00a02024, <em>Revue canadienne de psychologie exp\u00e9rimentale<\/em><\/a><\/h4>\n\n\t\t\t\t\n\t\t\t<\/div><!-- .cptui-entry-header -->\n\n\t\t\t<div class=\"cptui-entry-summary\">\n\n\t\t\t\t\n\t\t\t\t<p>F\u00e9licitations \u00e0 V\u00e9ronic Delage, Richard J. Daker, Genevi\u00e8ve Trudel, Ian M. Lyons et Erin A. Maloney pour leur article intitul\u00e9 <em>It is a \u201csmall world\u201d: Relations between performance on five spatial tasks and five mathematical tasks in undergraduate students <\/em>(2024, volume\u00a078, n<sup>o<\/sup>\u00a0 4, 256-274), qui a remport\u00e9 le Prix du meilleur article\u00a02024 paru dans la <em>Revue canadienne de psychologie exp\u00e9rimentale.<\/em><\/p>\n<p>Le Prix du meilleur article de la RCPE est financ\u00e9 conjointement par la SCP et la Soci\u00e9t\u00e9 canadienne des sciences du cerveau, du comportement et de la cognition (SCSCCC). L\u2019\u00e9quipe de r\u00e9daction de la RCPE propose des articles pour ce prix, et les articles sont \u00e9valu\u00e9s par les membres d\u00e9sign\u00e9s par la SCP et la SCSCCC.<\/p>\n<p>Il est d\u00e9sormais possible de <strong>lire gratuitement<\/strong> cet article; pour y acc\u00e9der, cliquez <a href=\"https:\/\/psycnet.apa.org\/fulltext\/2024-72462-001.html\" target=\"_blank\">ici<\/a>.<\/p>\n<hr \/>\n\n\t\t\t\t\n\t\t\t<\/div><!-- .cptui-entry-summary -->\n\n\t\t<\/div><!-- #cptui-xxxxx .cptui-entry -->\n\n\t\t\n\t\t<div id=\"cptui-31636\" class=\"cptui-entry post-31636 post type-post status-publish format-standard hentry category-cp-news-fr\">\n\n\t\t\t\n\t\t\t<div class=\"cptui-entry-header\">\n\n\t\t\t\t\n\t\t\t\t<h4 class=\"cptui-entry-title\"><a class=\"cptui-link\" href=\"https:\/\/cpa.ca\/fr\/introducing-the-editor-of-canadian-psychology-dr-saklofske\/\">Introducing the editor of Canadian Psychology, Dr. Saklofske!<\/a><\/h4>\n\n\t\t\t\t\n\t\t\t<\/div><!-- .cptui-entry-header -->\n\n\t\t\t<div class=\"cptui-entry-summary\">\n\n\t\t\t\t\n\t\t\t\t<p><img decoding=\"async\" class=\"textwrapright\" style=\"max-height: 200px;\" src=\"https:\/\/www.apa.org\/images\/index-editor-spotlight-cap-saklofske_tcm7-306198_w1024_n.jpg\" alt=\"Don Saklofske, PhD\" \/>\u201cPsychology journals need to be more than repositories for psychological findings and forums exclusively for psychologists and allied professionals: They must also ensure that what psychology can contribute to society at large is readily transferable to and accessible by the wider public. Thus, the true impact of\u00a0<i>Canadian Psychology<\/i>\u00a0will be not just how psychology as a science and a profession is served by the published articles but also how the world at large is informed about and benefits from the knowledge presented in the journal.\u201d<\/p>\n<p>\u2014Don Saklofske, PhD<br \/>\nEditor of\u00a0<i>Canadian Psychology\u00a0<\/i><\/p>\n<p><b><a href=\"https:\/\/www.apa.org\/pubs\/highlights\/editor-spotlight\/cap-saklofske?utm_campaign=apa_publishing&amp;utm_medium=direct_email&amp;utm_source=businessdevelopment&amp;utm_content=canadian-psychological-association_cap_editorspotlight_07202022&amp;utm_term=btn_top_continuereading\" target=\"_blank\" rel=\"noopener\">CONTINUE READING<\/a><\/b> <\/p>\n<hr \/>\n\n\t\t\t\t\n\t\t\t<\/div><!-- .cptui-entry-summary -->\n\n\t\t<\/div><!-- #cptui-xxxxx .cptui-entry -->\n\n\t\t\n\t\t<div id=\"cptui-31624\" class=\"cptui-entry post-31624 post type-post status-publish format-standard hentry category-cjep-news-fr\">\n\n\t\t\t\n\t\t\t<div class=\"cptui-entry-header\">\n\n\t\t\t\t\n\t\t\t\t<h4 class=\"cptui-entry-title\"><a class=\"cptui-link\" href=\"https:\/\/cpa.ca\/fr\/introducing-the-editor-of-the-canadian-journal-of-experimental-psychology-dr-titone\/\">Introducing the editor of the Canadian Journal of Experimental Psychology, Dr. Titone!<\/a><\/h4>\n\n\t\t\t\t\n\t\t\t<\/div><!-- .cptui-entry-header -->\n\n\t\t\t<div class=\"cptui-entry-summary\">\n\n\t\t\t\t\n\t\t\t\t<p><img decoding=\"async\" class=\"textwrapright\" style=\"max-height: 200px;\" src=\"https:\/\/www.apa.org\/images\/index-editor-spotlight-cep-titone_tcm7-311344_w1024_n.jpg\" alt=\"Debra\" \/>\u201cIn addition to preserving its history, I am interested in broadening\u00a0<i>CJEP<\/i>\u2019s scope in a few ways. I would like to see submissions that address, among other topics, developmental phenomena, comparative cognition, and cognitive neuroscience approaches, as well as work that advances cognitive theory through the study of diverse populations or applied real-world social or technological challenges. I believe the journal can benefit from the contributions of authors and reviewers who have a wide variety of lived experiences and for their articles to address experimental questions about cognitive or perceptual phenomena that are relevant to these diverse experiences and perspectives.\u201d<\/p>\n<p>\u2014<a href=\"mailto:debra.titone@mcgill.ca\">Debra Titone<\/a>, PhD<br \/>\nEditor of the\u00a0<i>Canadian Journal of Experimental Psychology<\/i><\/p>\n<p><a href=\"https:\/\/www.apa.org\/pubs\/highlights\/editor-spotlight\/cep-titone?utm_campaign=apa_publishing&amp;utm_medium=direct_email&amp;utm_source=businessdevelopment&amp;utm_content=canadian-psychological-association_editorspotlight_cep_titone_11022022&amp;utm_term=btn_middle_continuereading\" target=\"_blank\" rel=\"noopener\">CONTINUE READING<\/a><\/p>\n<hr \/>\n\n\t\t\t\t\n\t\t\t<\/div><!-- .cptui-entry-summary -->\n\n\t\t<\/div><!-- #cptui-xxxxx .cptui-entry -->\n\n\t\t<\/div><\/ul>\n<\/div>\n<p>&nbsp;<\/p>\n<hr \/>\n<p>&nbsp;<\/p>\n<h4>Mises \u00e0 jour les plus r\u00e9centes de la revue:<\/h4>\n<p><a href=\"http:\/\/psycnet.apa.org\/journals\/cbs\/\" target=\"_blank\" rel=\"noopener noreferrer\"><strong>Canadian Journal of Behavioural Science \/ Revue canadienne des sciences du comportement<\/strong><\/a><\/p>\n<p><a href=\"http:\/\/psycnet.apa.org\/journals\/cep\/\" target=\"_blank\" rel=\"noopener noreferrer\"><strong>Canadian Journal of Experimental Psychology \/ Revue canadienne de psychologie exp\u00e9rimentale<\/strong><\/a><\/p>\n<p><a href=\"http:\/\/psycnet.apa.org\/journals\/cap\/\" target=\"_blank\" rel=\"noopener noreferrer\"><strong>Canadian Psychology \/ Psychologie canadienne<\/strong><\/a><\/p>\n<hr \/>\n<p>&nbsp;<\/p>\n<hr \/>\n<p><!--[display-posts category=\"journals\" posts_per_page=\"-1\" include_date=\"true\"]--><br \/>\n<!--?php echo do_shortcode(\"[display-posts category=\"journals\" include_date=\"true\"]\"); ?--><\/p>\n","protected":false},"excerpt":{"rendered":"<p><!--more--><\/p>\n","protected":false},"author":2,"featured_media":2734,"parent":0,"menu_order":0,"comment_status":"closed","ping_status":"closed","template":"","meta":{"_acf_changed":false,"_monsterinsights_skip_tracking":false,"_monsterinsights_sitenote_active":false,"_monsterinsights_sitenote_note":"","_monsterinsights_sitenote_category":0,"footnotes":""},"class_list":["post-2931","page","type-page","status-publish","has-post-thumbnail","hentry"],"acf":[],"aioseo_notices":[],"publishpress_future_workflow_manual_trigger":{"enabledWorkflows":[]},"_links":{"self":[{"href":"https:\/\/cpa.ca\/fr\/wp-json\/wp\/v2\/pages\/2931","targetHints":{"allow":["GET"]}}],"collection":[{"href":"https:\/\/cpa.ca\/fr\/wp-json\/wp\/v2\/pages"}],"about":[{"href":"https:\/\/cpa.ca\/fr\/wp-json\/wp\/v2\/types\/page"}],"author":[{"embeddable":true,"href":"https:\/\/cpa.ca\/fr\/wp-json\/wp\/v2\/users\/2"}],"replies":[{"embeddable":true,"href":"https:\/\/cpa.ca\/fr\/wp-json\/wp\/v2\/comments?post=2931"}],"version-history":[{"count":6,"href":"https:\/\/cpa.ca\/fr\/wp-json\/wp\/v2\/pages\/2931\/revisions"}],"predecessor-version":[{"id":43200,"href":"https:\/\/cpa.ca\/fr\/wp-json\/wp\/v2\/pages\/2931\/revisions\/43200"}],"wp:featuredmedia":[{"embeddable":true,"href":"https:\/\/cpa.ca\/fr\/wp-json\/wp\/v2\/media\/2734"}],"wp:attachment":[{"href":"https:\/\/cpa.ca\/fr\/wp-json\/wp\/v2\/media?parent=2931"}],"curies":[{"name":"wp","href":"https:\/\/api.w.org\/{rel}","templated":true}]}}