{"id":29359,"date":"2022-04-26T14:58:12","date_gmt":"2022-04-26T18:58:12","guid":{"rendered":"https:\/\/cpa.ca\/student-section-elections\/"},"modified":"2025-07-22T12:48:56","modified_gmt":"2025-07-22T16:48:56","slug":"student-section-elections","status":"publish","type":"page","link":"https:\/\/cpa.ca\/fr\/etudiants\/student-section-elections\/","title":{"rendered":"Sondage des \u00e9lections 2025 de la section des \u00e9tudiants de la SCP"},"content":{"rendered":"<h2>Sommaires et Biographies des Candidats<\/h2>\n<p><!-----------------\n\n\n<h3 style=\"text-transform: uppercase;\">PR\u00c9SIDENT-D\u00c9SIGN\u00c9<\/h3>\n\n\n<strong>Candidats:<\/strong>\n\n\n<div style=\"margin-left: 60px;\">\n\n\n<h4 style=\"text-transform: uppercase;\">Maaike Van Benthem<\/h4>\n\n\n[accordions_pplugins id='42601']\n\n\n<h4 style=\"text-transform: uppercase;\">Adnan Zoubi<\/h4>\n\n\n[accordions_pplugins id='42598']\n\n<\/div>\n\n\n\n\n\n<hr \/>\n\n\n\n\n\n<h3 style=\"text-transform: uppercase;\">DIRECTEUR(ICE) de la justice, de l\u2019\u00e9quit\u00e9, de la diversit\u00e9 et de l\u2019inclusion<\/h3>\n\n\n<strong>Candidats:<\/strong>\n\n\n<div style=\"margin-left: 60px;\">\n\n\n<h4 style=\"text-transform: uppercase;\">Kethmi Egodage<\/h4>\n\n\n[accordions_pplugins id='42604']\n\n\n<h4 style=\"text-transform: uppercase;\">Laurie He<\/h4>\n\n\n[accordions_pplugins id='42608']\n\n\n<h4 style=\"text-transform: uppercase;\">Nimrit Jhinjar<\/h4>\n\n\n[accordions_pplugins id='42623']\n\n\n<h4 style=\"text-transform: uppercase;\">Marisa Nelson<\/h4>\n\n\n[accordions_pplugins id='42612']\n\n\n\n\n<hr \/>\n\n\n\n\n\n<h3 style=\"text-transform: uppercase;\">Directrice des affaires \u00e9tudiantes de premier cycle<\/h3>\n\n\n<strong>Candidats:<\/strong>\n\n\n<div style=\"margin-left: 60px;\">\n\n\n<h4 style=\"text-transform: uppercase;\">Justin Bemister<\/h4>\n\n\n[accordions_pplugins id='42631']\n\n\n<h4 style=\"text-transform: uppercase;\">Sarah Gallant<\/h4>\n\n\n[accordions_pplugins id='42630']\n\n<\/div>\n\n\n\n\n\n<hr \/>\n\n\n\n------------------------------&gt;\n\n<!-------------------------------------------\n\n\n<h2>Sommaires et Biographies des Candidats<\/h2>\n\n\n\n\n<h3 style=\"text-transform: uppercase;\">PR\u00c9SIDENT-D\u00c9SIGN\u00c9<\/h3>\n\n\n<strong>Candidats:<\/strong>\n\n\n<div style=\"margin-left: 60px;\">\n\n\n<h4 style=\"text-transform: uppercase;\">Maya Amestoy<\/h4>\n\n\n[accordions_pplugins id='38167']\n\n\n<h4 style=\"text-transform: uppercase;\">Joey Frenette<\/h4>\n\n\n[accordions_pplugins id='38178']\n\n\n<h4 style=\"text-transform: uppercase;\">Alzena Ilie<\/h4>\n\n\n[accordions_pplugins id='38173']\n\n<\/div>\n\n\n\n\n\n<hr \/>\n\n\n\n\n\n<h3 style=\"text-transform: uppercase;\">DIRECTEUR(ICE) DES AFFAIRES \u00c9TUDIANTES de premier cycle<\/h3>\n\n\n<strong>Candidats:<\/strong>\n\n\n<div style=\"margin-left: 60px;\">\n\n\n<h4 style=\"text-transform: uppercase;\">Kiana Birkinshaw<\/h4>\n\n\n[accordions_pplugins id='38184']\n\n\n<h4 style=\"text-transform: uppercase;\">Karla Heisele Cubilla<\/h4>\n\n\n[accordions_pplugins id='38199']\n\n\n<h4 style=\"text-transform: uppercase;\">Fiona Smith<\/h4>\n\n\n[accordions_pplugins id='38189']\n\n<\/div>\n\n\n\n\n\n<hr \/>\n\n\n\n\n\n<h3 style=\"text-transform: uppercase;\">DIRECTEUR(ICE) DES AFFAIRES \u00c9TUDIANTES DE DEUXI\u00c8ME ET TROISI\u00c8ME CYCLES<\/h3>\n\n\n<strong>Candidats:<\/strong>\n\n\n<div style=\"margin-left: 60px;\">\n\n\n<h4 style=\"text-transform: uppercase;\">Luisa Depta<\/h4>\n\n\n[accordions_pplugins id='38213']\n\n\n<h4 style=\"text-transform: uppercase;\">Farah Salim<\/h4>\n\n\n[accordions_pplugins id='38207']\n\n\n<h4 style=\"text-transform: uppercase;\">No\u00e9mie Viens<\/h4>\n\n\n[accordions_pplugins id='38205']\n\n<\/div>\n\n\n\n\n\n<hr \/>\n\n\n\n\n\n<h3 style=\"text-transform: uppercase;\">AGENTE DES AFFAIRES FRANCOPHONES<\/h3>\n\n\n<strong>Candidat:<\/strong>\n\n\n<div style=\"margin-left: 60px;\">\n\n\n<h4 style=\"text-transform: uppercase;\">Chlo\u00e9 McLaughlin<\/h4>\n\n\n[accordions_pplugins id='38220']\n\n<\/div>\n\n\n\n\n\n<hr \/>\n\n\n\n\n\n<h3 style=\"text-transform: uppercase;\">DIRECTEUR(ICE) des communications EXECUTIVE<\/h3>\n\n\n<strong>Candidats:<\/strong>\n\n\n<div style=\"margin-left: 60px;\">\n\n\n<h4 style=\"text-transform: uppercase;\">Alexandra Brilz<\/h4>\n\n\n[accordions_pplugins id='38233']\n\n\n<h4 style=\"text-transform: uppercase;\">Kunal Chahal<\/h4>\n\n\n[accordions_pplugins id='38227']\n\n<\/div>\n\n\n\n\n\n<hr \/>\n\n\n\n\n\n<h3 style=\"text-transform: uppercase;\">DIRECTEUR(ICE) DE L\u2019administration et des finances<\/h3>\n\n\n<strong>Candidats:<\/strong>\n\n\n<div style=\"margin-left: 60px;\">\n\n\n<h4 style=\"text-transform: uppercase;\">Sonny Bigras-Dewan<\/h4>\n\n\n[accordions_pplugins id='38237']\n\n\n<h4 style=\"text-transform: uppercase;\">Marie-Pier Mazerolle<\/h4>\n\n\n[accordions_pplugins id='38245']\n\n<\/div>\n\n\n---------------------------------- ---------------><\/p>\n<hr \/>\n","protected":false},"excerpt":{"rendered":"<p><!--more--><\/p>\n","protected":false},"author":2,"featured_media":0,"parent":1382,"menu_order":0,"comment_status":"closed","ping_status":"closed","template":"templates\/no-sidebar.php","meta":{"_acf_changed":false,"_monsterinsights_skip_tracking":false,"_monsterinsights_sitenote_active":false,"_monsterinsights_sitenote_note":"","_monsterinsights_sitenote_category":0,"footnotes":""},"class_list":["post-29359","page","type-page","status-publish","hentry"],"acf":[],"aioseo_notices":[],"publishpress_future_workflow_manual_trigger":{"enabledWorkflows":[]},"_links":{"self":[{"href":"https:\/\/cpa.ca\/fr\/wp-json\/wp\/v2\/pages\/29359","targetHints":{"allow":["GET"]}}],"collection":[{"href":"https:\/\/cpa.ca\/fr\/wp-json\/wp\/v2\/pages"}],"about":[{"href":"https:\/\/cpa.ca\/fr\/wp-json\/wp\/v2\/types\/page"}],"author":[{"embeddable":true,"href":"https:\/\/cpa.ca\/fr\/wp-json\/wp\/v2\/users\/2"}],"replies":[{"embeddable":true,"href":"https:\/\/cpa.ca\/fr\/wp-json\/wp\/v2\/comments?post=29359"}],"version-history":[{"count":6,"href":"https:\/\/cpa.ca\/fr\/wp-json\/wp\/v2\/pages\/29359\/revisions"}],"predecessor-version":[{"id":43765,"href":"https:\/\/cpa.ca\/fr\/wp-json\/wp\/v2\/pages\/29359\/revisions\/43765"}],"up":[{"embeddable":true,"href":"https:\/\/cpa.ca\/fr\/wp-json\/wp\/v2\/pages\/1382"}],"wp:attachment":[{"href":"https:\/\/cpa.ca\/fr\/wp-json\/wp\/v2\/media?parent=29359"}],"curies":[{"name":"wp","href":"https:\/\/api.w.org\/{rel}","templated":true}]}}