{"id":2951,"date":"2018-05-31T21:12:33","date_gmt":"2018-06-01T01:12:33","guid":{"rendered":"https:\/\/cpa.ca\/insurance\/business\/"},"modified":"2026-02-12T11:24:21","modified_gmt":"2026-02-12T16:24:21","slug":"business","status":"publish","type":"page","link":"https:\/\/cpa.ca\/fr\/insurance\/business\/","title":{"rendered":"Assurance responsabilit\u00e9 professionnelle"},"content":{"rendered":"<p><img decoding=\"async\" class=\"textwrapleft\" style=\"max-width: 250px;\" src=\"\/\/cpa.ca\/stockphotos\/bmsM.jpg\" alt=\"BMS\" width=\"250\" \/><\/p>\n<div class=\"textwrapright\" style=\"border: thin maroon solid; max-width: 450px; padding: 5px;\">\n<p>Des ressources suppl\u00e9mentaires pour les membres peuvent \u00eatre trouv\u00e9es sur le <a href=\"https:\/\/secure.cpa.ca\/Apps\/frPages\/Webinaires-BMS\" target=\"_blank\" rel=\"noopener\">Page Ressources BMS<\/a> dans le portail des membres.<\/p>\n<ul>\n<li>Webinaires BMS sur l&#8217;assurance responsabilit\u00e9 professionnelle<\/li>\n<li>BMS &#8211; Beazley Cyber Risk Mitigation Strategies<\/li>\n<\/ul>\n<\/div>\n<div style=\"display: inline-block; min-width: 600px;\">\n<p><img decoding=\"async\" class=\"textwrapright\" style=\"max-width: 300px;\" src=\"https:\/\/cpa.ca\/docs\/File\/Insurance\/BMS_masthead.png\" alt=\"BMS, CPA, CPAP logos\" \/>Le programme d\u2019assurance responsabilit\u00e9 professionnelle de BMS est le plus important programme du genre pour les psychologues praticiens au Canada. Depuis plus de 30 ans, le programme prot\u00e8ge les membres de la SCP\/CSPP au moyen d\u2019une assurance responsabilit\u00e9 professionnelle sp\u00e9cialis\u00e9e, en offrant une protection de premier plan sur le march\u00e9, le soutien des courtiers et la d\u00e9fense des int\u00e9r\u00eats de l\u2019association.<a href=\"https:\/\/cpa.ca\/docs\/File\/Insurance\/CPACPAP_ProgramHighlights_2024_FR.pdf\" target=\"_blank\" rel=\"noopener\">Points saillants du programme<\/a><\/p>\n<\/div>\n<hr \/>\n<h3>Solutions compl\u00e9mentaires d&#8217;assurance professionnelle et commerciale<\/h3>\n<p>En plus du <a href=\"https:\/\/cpa.ca\/fr\/insurance\/business\/\">programme d&#8217;assurance responsabilit\u00e9 professionnelle et d&#8217;assurance responsabilit\u00e9 civile g\u00e9n\u00e9rale<\/a>, les membres ont acc\u00e8s \u00e0 des couvertures d&#8217;assurance auxiliaires qui r\u00e9pondent aux besoins uniques des praticiens de la psychologie en mati\u00e8re de risques li\u00e9s \u00e0 la pratique, y compris :<\/p>\n<ul>\n<li>Assurance responsabilit\u00e9 professionnelle des entreprises<\/li>\n<li>Frais juridiques pour les audits d&#8217;assurance<\/li>\n<li>Assurance responsabilit\u00e9 civile g\u00e9n\u00e9rale des entreprises<\/li>\n<li>Le contenu, la criminalit\u00e9 et les pertes d\u2019exploitation<\/li>\n<li>Le forfait d&#8217;entreprise<\/li>\n<li>Cybers\u00e9curit\u00e9 et atteinte \u00e0 la vie priv\u00e9e<\/li>\n<li>Cyberprotection des personnes et des familles<\/li>\n<li>Assurance responsabilit\u00e9 li\u00e9e aux pratiques d\u2019emploi<\/li>\n<li>Le forfait de services juridiques<\/li>\n<li>Les solutions juridiques personnelles<\/li>\n<li>Les solutions juridiques pour les entreprises<\/li>\n<li>La couverture accident 24 heures sur 24<\/li>\n<li>Assurance maladie grave<\/li>\n<\/ul>\n<p>&nbsp;<\/p>\n<p>Pour en savoir plus sur les produits d&#8217;assurance ou pour souscrire une couverture, veuillez consulter le site\u00a0 <a href=\"http:\/\/www.psychology.bmsgroup.com\" target=\"_blank\" rel=\"noopener\">www.psychology.bmsgroup.com<\/a>, ou contacter un courtier BMS au 1-855-318-6038 ou par courrier \u00e9lectronique \u00e0 <a href=\"mailto:psy.insurance@bmsgroup.com\">psy.insurance@bmsgroup.com<\/a>.<\/p>\n<p><strong>Il existe un grand nombre de produits d&#8217;assurance diff\u00e9rents et il est parfois difficile de d\u00e9terminer la couverture dont vous avez besoin &#8211; et, tout aussi important, celle dont vous n&#8217;avez pas besoin. <a href=\"\/docs\/File\/Insurance\/CPACPAP_WhatCoverageDoINeed_2025_FR.pdf\" target=\"_blank\" rel=\"noopener\">Cliquez ici <\/a><\/strong><strong>pour en savoir plus sur les assurances recommand\u00e9es pour votre cabinet.<\/strong><\/p>\n<ul>\n<li><a href=\"https:\/\/youtu.be\/TS5VxE_WxDI\" target=\"_blank\" rel=\"noopener\">Vid\u00e9o sur les strat\u00e9gies d&#8217;att\u00e9nuation des risques cybern\u00e9tiques<\/a><\/li>\n<li><a href=\"https:\/\/cpa.ca\/docs\/File\/Insurance\/Cyber_Risk_Mitigation_Strategies_2024_FR.pdf\" target=\"_blank\" rel=\"noopener\">Article sur les strat\u00e9gies d&#8217;att\u00e9nuation des risques cybern\u00e9tiques<\/a> (PDF)<\/li>\n<li><a href=\"https:\/\/youtu.be\/xsBPNqX8s-I\" target=\"_blank\" rel=\"noopener\">Vid\u00e9o sur la responsabilit\u00e9 des pratiques d&#8217;emploi<\/a><\/li>\n<\/ul>\n<hr \/>\n","protected":false},"excerpt":{"rendered":"<p><img decoding=\"async\" class=\"textwrapleft\" style=\"max-width: 50px;\" src=\"\/\/www.cpa.ca\/stockphotos\/bmsM.jpg\" alt=\"BMS\" width=\"50\" \/>BMS est le fournisseur officiel d\u2019assurance responsabilit\u00e9 civile professionnelle et d\u2019assurance responsabilit\u00e9 civile g\u00e9n\u00e9rale des membres de la SCP.<\/p>\n","protected":false},"author":2,"featured_media":0,"parent":2950,"menu_order":0,"comment_status":"closed","ping_status":"closed","template":"templates\/no-sidebar.php","meta":{"_acf_changed":false,"_monsterinsights_skip_tracking":false,"_monsterinsights_sitenote_active":false,"_monsterinsights_sitenote_note":"","_monsterinsights_sitenote_category":0,"footnotes":""},"class_list":["post-2951","page","type-page","status-publish","hentry"],"acf":[],"aioseo_notices":[],"publishpress_future_workflow_manual_trigger":{"enabledWorkflows":[]},"_links":{"self":[{"href":"https:\/\/cpa.ca\/fr\/wp-json\/wp\/v2\/pages\/2951","targetHints":{"allow":["GET"]}}],"collection":[{"href":"https:\/\/cpa.ca\/fr\/wp-json\/wp\/v2\/pages"}],"about":[{"href":"https:\/\/cpa.ca\/fr\/wp-json\/wp\/v2\/types\/page"}],"author":[{"embeddable":true,"href":"https:\/\/cpa.ca\/fr\/wp-json\/wp\/v2\/users\/2"}],"replies":[{"embeddable":true,"href":"https:\/\/cpa.ca\/fr\/wp-json\/wp\/v2\/comments?post=2951"}],"version-history":[{"count":6,"href":"https:\/\/cpa.ca\/fr\/wp-json\/wp\/v2\/pages\/2951\/revisions"}],"predecessor-version":[{"id":46229,"href":"https:\/\/cpa.ca\/fr\/wp-json\/wp\/v2\/pages\/2951\/revisions\/46229"}],"up":[{"embeddable":true,"href":"https:\/\/cpa.ca\/fr\/wp-json\/wp\/v2\/pages\/2950"}],"wp:attachment":[{"href":"https:\/\/cpa.ca\/fr\/wp-json\/wp\/v2\/media?parent=2951"}],"curies":[{"name":"wp","href":"https:\/\/api.w.org\/{rel}","templated":true}]}}