{"id":2974,"date":"2018-04-03T21:37:41","date_gmt":"2018-04-04T01:37:41","guid":{"rendered":"https:\/\/cpa.ca\/insurance\/home\/"},"modified":"2025-08-06T11:50:14","modified_gmt":"2025-08-06T15:50:14","slug":"home","status":"publish","type":"page","link":"https:\/\/cpa.ca\/fr\/insurance\/home\/","title":{"rendered":"Assurance habitation, automobile et voyage"},"content":{"rendered":"<hr style=\"border-top: 1px solid #333333;\" \/>\n<p><img decoding=\"async\" class=\"TextWrapLeft\" style=\"max-height: 70px;\" src=\"https:\/\/cpa.ca\/docs\/File\/Insurance\/belairdirect [CMYK] B AI-01.png\" alt=\"belair Direct\" height=\"100\" \/><br \/>\n<strong>Simplifiez votre assurance gr\u00e2ce aux offres exclusives de belairdirect pour les membres de La Soci\u00e9t\u00e9 canadienne de psychologie<\/strong><\/p>\n<h4><strong>Des assurances auto et habitation fiables<\/strong><\/p>\n<h4>\n<p>Dites bonjour \u00e0 des rabais exclusifs sur vos assurances auto et habitation.<\/p>\n<p>Vous avez besoin d\u2019une assurance personnalis\u00e9e qui s\u2019adapte \u00e0 votre emploi du temps. Heureusement, notre partenaire officiel, belairdirect, a ce qu\u2019il vous faut. La Soci\u00e9t\u00e9 canadienne de psychologie et belairdirect font \u00e9quipe pour vous faire profiter d\u2019\u00e9conomies sp\u00e9ciales sur une assurance con\u00e7ue sp\u00e9cifiquement pour nos membres. Vous aurez aussi un acc\u00e8s exclusif \u00e0 une assurance habitation bonifi\u00e9e gr\u00e2ce \u00e0 l\u2019avenant Privil\u00e8ge Groupe, en plus de pouvoir opter pour des avantages exclusifs en assurance auto. Vous b\u00e9n\u00e9ficierez aussi d\u2019une s\u00e9rie d\u2019outils num\u00e9riques pratiques qui faciliteront la gestion de vos assurances et de vos r\u00e9clamations!<\/p>\n<p>C\u2019est plus qu\u2019une assurance. En choisissant belairdirect, vous appuyez \u00e9galement La Soci\u00e9t\u00e9 canadienne de psychologie<\/p>\n<p>Visitez le <a href=\"https:\/\/www.belairdirect.com\/fr\/sante\">belairdirect.com\/sante<\/a> ou appelez au 1\u00a0833\u00a0887.4626 et mentionnez le nom de votre groupe.<\/p>\n<h4><strong>Assurance voyage sans tracas <\/strong><\/h4>\n<p>L\u2019assurance voyage, simplifi\u00e9e.<\/p>\n<p>Membres de La Soci\u00e9t\u00e9 canadienne de psychologie\u00a0: partez \u00e0 l\u2019aventure autant de fois que vous le voulez avec une assurance voyage annuelle. Gr\u00e2ce aux tarifs de groupe exclusifs de belairdirect, qui sont g\u00e9n\u00e9ralement plus avantageux qu\u2019une assurance pour voyage unique<sup>1<\/sup>, vous pourriez recevoir une couverture annuelle pour les urgences, les perturbations de voyage, les bagages perdus et plus encore, le tout dans un seul forfait. Il n\u2019y a aucune restriction li\u00e9e \u00e0 l\u2019\u00e2ge ou \u00e0 l\u2019\u00e9tat de sant\u00e9<sup>2<\/sup> et vous pouvez choisir de payer mensuellement ou annuellement.<\/p>\n<p>Mentionnez le nom de votre groupe et visitez le <a href=\"https:\/\/www.belairdirect.com\/fr\/assurance-groupe\/assurance-groupe-voyage\">belairdirect.com\/groupe-voyage<\/a> ou appelez au 1\u00a0833\u00a0583.3643 pour connaitre le prix de votre assurance voyage.<\/p>\n<h4><strong>Un monde de protection et de commodit\u00e9 vous attend!<\/strong><\/h4>\n<p>Gardez l\u2019esprit tranquille gr\u00e2ce aux protections compl\u00e8tes et aux rabais exclusifs de belairdirect. Que vous soyez \u00e0 la maison, sur la route ou \u00e0 l\u2019\u00e9tranger, belairdirect s\u2019assure que vous et vos proches \u00eates bien prot\u00e9g\u00e9s.\u00a0 \u00catre ad\u00e9quatement couvert en ayant toutes vos assurances au m\u00eame endroit n&#8217;a jamais \u00e9t\u00e9 aussi simple.<\/p>\n<hr style=\"border-top: 1px solid #333333;\" \/>\n<h4><em><strong>Legal disclaimers required<\/strong><\/em><\/h4>\n<p>Les crit\u00e8res d\u2019admissibilit\u00e9, les conditions et les exclusions qui s\u2019appliquent aux garanties d\u00e9crites sont pr\u00e9cis\u00e9s dans le contrat d\u2019assurance et peuvent varier selon la province ou le territoire. Les informations fournies dans ce r\u00e9sum\u00e9 sont \u00e0 titre informatif seulement et ne doivent pas \u00eatre consid\u00e9r\u00e9es comme des conseils juridiques ou des conseils en assurance. Le libell\u00e9 du contrat d\u2019assurance pr\u00e9vaut. \u00a9 2025, La Compagnie d\u2019assurance Belair inc. Tous droits r\u00e9serv\u00e9s.&#8221;<\/p>\n<p>Les produits d\u2019assurance voyage sont souscrits par La Compagnie d\u2019assurance Belair inc. et les services sont fournis par l\u2019Agence belairdirect inc.<\/p>\n<p><sup>1<\/sup>Selon une comparaison entre le R\u00e9gime de base 17-jours et 35-jours et les r\u00e9gimes pour voyages uniques offrant des garanties comparables.<\/p>\n<p><sup>2<\/sup>Cette assurance peut ne pas couvrir les demandes de r\u00e8glement li\u00e9es \u00e0 des affections m\u00e9dicales qui ne sont pas stables, qu\u2019elles soient divulgu\u00e9es ou non au moment de la souscription de ce contrat.<\/p>\n<hr style=\"border-top: 1px solid #333333;\" \/>\n<p>Pour plus d&#8217;informations, visitez la page <a href=\"https:\/\/secure.cpa.ca\/apps\/frPages\/benefits\" target=\"_blank\" rel=\"noopener\"><em>Avantages et rabais pour les membres<\/em> dans le portail des membres<\/a>.<\/p>\n","protected":false},"excerpt":{"rendered":"<p><center><br \/>\n<img decoding=\"async\" style=\"max-width: 150px;\" src=\"\/\/cpa.ca\/\/docs\/File\/Insurance\/belairdirect [CMYK] B AI-01.png\" alt=\"belairdirect\"  \/><br \/>\n<\/center><\/p>\n","protected":false},"author":2,"featured_media":0,"parent":2950,"menu_order":0,"comment_status":"closed","ping_status":"closed","template":"","meta":{"_acf_changed":false,"_monsterinsights_skip_tracking":false,"_monsterinsights_sitenote_active":false,"_monsterinsights_sitenote_note":"","_monsterinsights_sitenote_category":0,"footnotes":""},"class_list":["post-2974","page","type-page","status-publish","hentry"],"acf":[],"aioseo_notices":[],"publishpress_future_workflow_manual_trigger":{"enabledWorkflows":[]},"_links":{"self":[{"href":"https:\/\/cpa.ca\/fr\/wp-json\/wp\/v2\/pages\/2974","targetHints":{"allow":["GET"]}}],"collection":[{"href":"https:\/\/cpa.ca\/fr\/wp-json\/wp\/v2\/pages"}],"about":[{"href":"https:\/\/cpa.ca\/fr\/wp-json\/wp\/v2\/types\/page"}],"author":[{"embeddable":true,"href":"https:\/\/cpa.ca\/fr\/wp-json\/wp\/v2\/users\/2"}],"replies":[{"embeddable":true,"href":"https:\/\/cpa.ca\/fr\/wp-json\/wp\/v2\/comments?post=2974"}],"version-history":[{"count":6,"href":"https:\/\/cpa.ca\/fr\/wp-json\/wp\/v2\/pages\/2974\/revisions"}],"predecessor-version":[{"id":43873,"href":"https:\/\/cpa.ca\/fr\/wp-json\/wp\/v2\/pages\/2974\/revisions\/43873"}],"up":[{"embeddable":true,"href":"https:\/\/cpa.ca\/fr\/wp-json\/wp\/v2\/pages\/2950"}],"wp:attachment":[{"href":"https:\/\/cpa.ca\/fr\/wp-json\/wp\/v2\/media?parent=2974"}],"curies":[{"name":"wp","href":"https:\/\/api.w.org\/{rel}","templated":true}]}}