{"id":30035,"date":"2022-06-27T10:59:53","date_gmt":"2022-06-27T14:59:53","guid":{"rendered":"https:\/\/cpa.ca\/etudiants\/convention-presentations\/"},"modified":"2022-06-27T10:59:53","modified_gmt":"2022-06-27T14:59:53","slug":"convention-presentations","status":"publish","type":"page","link":"https:\/\/cpa.ca\/fr\/etudiants\/convention-presentations\/","title":{"rendered":"Convention Presentations"},"content":{"rendered":"<h4><!--<span class=\"new\">NEW<\/span> -->Presentations from the 2019 CPA Convention<\/h4>\n<ul>\n<li><a href=\"\/docs\/File\/Students\/2019\/GraduateSchoolHalifax2019.pdf\" target=\"_blank\" rel=\"noopener noreferrer\">Graduate school in psychology: Navigating the application components with confidence<\/a> &#8211; <em>Jean-Philippe Gagn\u00e9, Alexandra Richard, J\u00e9r\u00e9mie Richard, &amp; Alisia Palermo<\/em><\/li>\n<li><a href=\"\/docs\/File\/Students\/2019\/Self-Care for Grad Student_Halifax 2019_AP_GJ_AR.pdf\" target=\"_blank\" rel=\"noopener noreferrer\">Self-Care\u00a0And Wellness During Grad School: How To Stay Healthy Under Pressure<\/a> &#8211; <em>Georden Jones, Alisia Palermo, Ba\u00e9nie La Fleur, Alexandra Richard<\/em><\/li>\n<li><a href=\"\/docs\/File\/Students\/2019\/June 1_315pm-345pmChelsea Moran_Replication Slides_FINAL.pdf\" target=\"_blank\" rel=\"noopener noreferrer\">Moving On From The \u201cReplication Crisis\u201d: Students As Leaders In The Renaissance Of Psychological Research<\/a> &#8211; <em>Chelsea Moran, Kaitlin Wilson &amp; Alexandra Richard<\/em><\/li>\n<li><a href=\"\/docs\/File\/Students\/2019\/Publication and Peer Review Workshop Presentation.pdf\" target=\"_blank\" rel=\"noopener noreferrer\">To publish or not to publish: Understanding the process of publication and peer-review<\/a> &#8211; <em>J\u00e9r\u00e9mie Richard, Chelsea Moran, Jean-Philippe Gagn\u00e9, Georden Jones, &amp; Martin Drapeau<\/em><\/li>\n<li><a href=\"\/docs\/File\/Students\/2019\/Networking Discussion Forum 2019_FINAL POWERPOINT.pdf\" target=\"_blank\" rel=\"noopener noreferrer\">Strategies for Networking as a Psychology Student: Navigating the Online &amp; In-Person Waters<\/a> &#8211; <em>alisia palermo, Chelsea Moran, Georden Jones, &amp; Ba\u00e9nie Lafleur<\/em><\/li>\n<\/ul>\n<h4><!--<span class=\"new\" date=\"06\/23\/2016\">NEW<\/span> -->Presentations from the 2017 CPA Convention<\/h4>\n<ul>\n<li><a href=\"\/docs\/File\/Students\/2017\/Self-Care for Clinicians, Researchers, and Students Presentation.pdf\" target=\"_blank\" rel=\"noopener noreferrer\">Self-Care for Clinicians, Researchers, and Students Presentation<\/a> &#8211; <em>Kyrsten Grimes, Georden Jones, Alisia Palermo<\/em><\/li>\n<li><a href=\"\/docs\/File\/Students\/2017\/Publish or Perish Presentation Slides.pdf\" target=\"_blank\" rel=\"noopener noreferrer\">Publish or Perish: Championing the inevitable challenge of publishing in psychology<\/a> &#8211; <em>Zarina Giannone, Kyrsten Grimes, Jean-Philippe Gagn\u00e9, &amp; Georden Jones<\/em><\/li>\n<li><a href=\"\/docs\/File\/Students\/2017\/Leadership in Psychology Presentation Slides ZG &amp; AP &amp; AO.pdf\" target=\"_blank\" rel=\"noopener noreferrer\">Leadership in Psychology: Harnessing transferable skills to transform your career<\/a> &#8211; <em>Zarina Giannone, Andrea Piotrowski, Michelle Guzman-Ratko, &amp; Amanda O\u2019Brien<\/em><\/li>\n<\/ul>\n<h4><!--<span class=\"new\" date=\"06\/23\/2016\">NEW<\/span> -->Presentations from the 2016 CPA Convention<\/h4>\n<ul>\n<li><a href=\"\/docs\/File\/Students\/2016\/The 4 W's of Networking_Ratko.pdf\" target=\"_blank\" rel=\"noopener noreferrer\">The 4 W\u2019s of Networking<\/a> &#8211; <em>Michelle Guzman-Ratko<\/em><\/li>\n<li><a href=\"\/docs\/File\/Students\/2016\/Grimes_Applying_to_Graduate_School_Final.pdf\" target=\"_blank\" rel=\"noopener noreferrer\">Applying to Graduate School<\/a> &#8211; <em>Krysten Grimes<\/em><\/li>\n<li><a href=\"\/docs\/File\/Students\/2016\/Funding 2016 Workshop.updated.pdf\" target=\"_blank\" rel=\"noopener noreferrer\">How to Write Tri-Council Scholarship Applications: Staying Calm and Getting Ahead of the Competition<\/a> &#8211; <em>Georden Jones, B.A., Somayya Saleemi, &amp; Kyrsten Grimes, B.A.<\/em><\/li>\n<li><a href=\"\/docs\/File\/Students\/2016\/Data Blitz Competition - FINAL VERSION (June 5, 2016).pdf\" target=\"_blank\" rel=\"noopener noreferrer\">Presentation Skills &amp; Data Blitz Competition<\/a> &#8211; <em>Zarina Giannone, Jennifer Bartlett, Michelle Guzman-Ratko, &amp; Todd Chan<\/em><\/li>\n<\/ul>\n","protected":false},"excerpt":{"rendered":"<p><!--more--><\/p>\n","protected":false},"author":2,"featured_media":0,"parent":1382,"menu_order":0,"comment_status":"closed","ping_status":"closed","template":"templates\/no-sidebar.php","meta":{"_acf_changed":false,"_monsterinsights_skip_tracking":false,"_monsterinsights_sitenote_active":false,"_monsterinsights_sitenote_note":"","_monsterinsights_sitenote_category":0,"footnotes":""},"class_list":["post-30035","page","type-page","status-publish","hentry"],"acf":[],"aioseo_notices":[],"publishpress_future_workflow_manual_trigger":{"enabledWorkflows":[]},"_links":{"self":[{"href":"https:\/\/cpa.ca\/fr\/wp-json\/wp\/v2\/pages\/30035","targetHints":{"allow":["GET"]}}],"collection":[{"href":"https:\/\/cpa.ca\/fr\/wp-json\/wp\/v2\/pages"}],"about":[{"href":"https:\/\/cpa.ca\/fr\/wp-json\/wp\/v2\/types\/page"}],"author":[{"embeddable":true,"href":"https:\/\/cpa.ca\/fr\/wp-json\/wp\/v2\/users\/2"}],"replies":[{"embeddable":true,"href":"https:\/\/cpa.ca\/fr\/wp-json\/wp\/v2\/comments?post=30035"}],"version-history":[{"count":0,"href":"https:\/\/cpa.ca\/fr\/wp-json\/wp\/v2\/pages\/30035\/revisions"}],"up":[{"embeddable":true,"href":"https:\/\/cpa.ca\/fr\/wp-json\/wp\/v2\/pages\/1382"}],"wp:attachment":[{"href":"https:\/\/cpa.ca\/fr\/wp-json\/wp\/v2\/media?parent=30035"}],"curies":[{"name":"wp","href":"https:\/\/api.w.org\/{rel}","templated":true}]}}