{"id":3017,"date":"2018-08-30T23:11:46","date_gmt":"2018-08-31T03:11:46","guid":{"rendered":"https:\/\/cpa.ca\/elections\/"},"modified":"2026-04-01T09:56:21","modified_gmt":"2026-04-01T13:56:21","slug":"elections","status":"publish","type":"page","link":"https:\/\/cpa.ca\/fr\/elections\/","title":{"rendered":"\u00c9lections"},"content":{"rendered":"<h2>Appel de mises en candidature de 2026 en vue de l\u2019\u00e9lection du conseil d\u2019administration de la SCP<\/h2>\n<p>Les membres de la Soci\u00e9t\u00e9 canadienne de psychologie (SCP) sont invit\u00e9s \u00e0 pr\u00e9senter des candidatures pour les postes suivants\u00a0:<\/p>\n<ul>\n<li>Administrateur repr\u00e9sentant la science (<a href=\"https:\/\/cpa.ca\/fr\/aproposdelascp\/conseildadministration\/roles\/\" target=\"_blank\" rel=\"noopener\">cliquez ici<\/a> pour consulter la description du poste d\u2019administrateur repr\u00e9sentant la science)<\/li>\n<li>Administrateur repr\u00e9sentant la pratique (<a href=\"https:\/\/cpa.ca\/fr\/aproposdelascp\/conseildadministration\/roles\/\" target=\"_blank\" rel=\"noopener\">cliquez ici<\/a> pour consulter la description du poste d\u2019administrateur repr\u00e9sentant la pratique)<\/li>\n<li>Administrateur repr\u00e9sentant l\u2019\u00e9ducation (<a href=\"https:\/\/cpa.ca\/fr\/aproposdelascp\/conseildadministration\/roles\/\" target=\"_blank\" rel=\"noopener\">cliquez ici<\/a> pour consulter la description du poste d\u2019administrateur repr\u00e9sentant l\u2019\u00e9ducation)<\/li>\n<li>Un (1) administrateur non d\u00e9sign\u00e9 (<a href=\"https:\/\/cpa.ca\/fr\/aproposdelascp\/conseildadministration\/roles\/\" target=\"_blank\" rel=\"noopener\">cliquez ici<\/a> pour consulter la description du poste d\u2019administrateur non d\u00e9sign\u00e9)<\/li>\n<\/ul>\n<p><strong>Remarque\u00a0:<\/strong> la dur\u00e9e du mandat de tous les membres du conseil d\u2019administration est de trois ans (\u00e0 compter de juin 2026). Le conseil d\u2019administration se r\u00e9unit cinq fois par ann\u00e9e \u2013 deux fois en personne (sur le lieu du congr\u00e8s national annuel de la SCP, et \u00e0 Ottawa, \u00e0 l\u2019automne) et trois fois de mani\u00e8re virtuelle (d\u00e9cembre, f\u00e9vrier, avril). Des r\u00e9unions virtuelles suppl\u00e9mentaires peuvent \u00eatre organis\u00e9es si n\u00e9cessaire. Les administrateurs qui en sont \u00e0 la premi\u00e8re ou \u00e0 la deuxi\u00e8me ann\u00e9e de leur mandat peuvent se porter candidats aux postes de pr\u00e9sident et de pr\u00e9sident du conseil d\u2019administration.<\/p>\n<p>En vertu au paragraphe\u00a05.04 des r\u00e8glements administratifs, les administrateurs doivent \u00eatre \u00e9lus par les membres par r\u00e9solution ordinaire \u00e0 une assembl\u00e9e g\u00e9n\u00e9rale annuelle au cours de laquelle l\u2019\u00e9lection des administrateurs est requise.<\/p>\n<p><strong>Instructions relatives aux mises en candidature<\/strong><\/p>\n<p>Conform\u00e9ment au paragraphe\u00a05.05 des r\u00e8glements administratifs, les membres peuvent pr\u00e9senter une candidature aux postes ouverts au conseil d\u2019administration, <strong>au moins 30\u00a0jours et pas plus de 65\u00a0jours avant la date de l\u2019assembl\u00e9e g\u00e9n\u00e9rale annuelle des membres (AGA).<\/strong> <strong>Le vote \u00e9lectronique par anticipation sera lanc\u00e9 avant l\u2019AGA.<\/strong> Le vote par anticipation se fera par voie \u00e9lectronique.<\/p>\n<p>Les candidats dont l\u2019adh\u00e9sion \u00e0 la SCP est en r\u00e8gle doivent pr\u00e9senter leur dossier de candidature au si\u00e8ge social par voie \u00e9lectronique d\u2019ici le 6\u00a0mai\u00a02026 <a href=\"https:\/\/cpa.ca\/machform\/view.php?id=61519\" target=\"_blank\" rel=\"noopener\">https:\/\/cpa.ca\/machform\/view.php?id=61519<\/a>. Les dossiers de candidature doivent comprendre les \u00e9l\u00e9ments suivants\u00a0:<\/p>\n<ul>\n<li>un curriculum vitae<\/li>\n<li>formation<\/li>\n<li>activit\u00e9s de recherche et\/ou professionnelles<\/li>\n<li>d\u00e9claration de conflit d\u2019int\u00e9r\u00eats de la personne candidate.\n<ul>\n<li><a href=\"https:\/\/cpa.ca\/docs\/File\/Governance\/Volunteeer_Code_of_Conduct.pdf\" target=\"_blank\" rel=\"noopener\">Cliquez ici<\/a> pour consulter le code de conduite des b\u00e9n\u00e9voles de la SCP, qui fournit des exemples d\u2019int\u00e9r\u00eats ou d\u2019activit\u00e9s personnels ou professionnels ext\u00e9rieurs pouvant entra\u00eener un conflit d\u2019int\u00e9r\u00eats direct ou indirect, et qui doivent \u00eatre divulgu\u00e9s dans le dossier de candidature.<\/li>\n<li>Veuillez noter que les membres ne peuvent pas occuper simultan\u00e9ment un poste d\u2019administrateur au sein du conseil d\u2019administration de la SCP et les fonctions suivantes\u00a0:\n<ul>\n<li>Poste de direction (p. ex., administrateur, membre du personnel) au sein d\u2019une association provinciale ou territoriale de psychologues, d\u2019un organisme provincial ou territorial de r\u00e9glementation de la psychologie ou d\u2019un autre organisme de r\u00e9glementation des professions de la sant\u00e9.<\/li>\n<li>Pr\u00e9sident ou membre du comit\u00e9 de direction d\u2019une section de la SCP.<\/li>\n<\/ul>\n<\/li>\n<li>Le Comit\u00e9 des mises en candidature \u00e9valuera la recevabilit\u00e9 des candidatures de toute personne pour laquelle le comit\u00e9 et le personnel de la SCP, agissant de mani\u00e8re raisonnable, estiment qu\u2019il existerait un conflit d\u2019int\u00e9r\u00eats important ou inacceptable avec la SCP (par exemple, d\u2019ordre juridique, financier ou personnel) et que cela compromettrait sa capacit\u00e9 \u00e0 remplir les fonctions d\u2019administrateur si elle \u00e9tait \u00e9lue ou nomm\u00e9e \u00e0 ce poste; la SCP contactera les personnes qui se trouveraient dans cette situation.<\/li>\n<\/ul>\n<\/li>\n<li>une lettre du proposant et deux lettres de soutien qui pr\u00e9cisent le poste pour lequel la personne candidate est propos\u00e9e, o\u00f9 on y exprime le soutien \u00e0 la personne candidate et qui contiennent une d\u00e9claration selon laquelle le proposant s\u2019est assur\u00e9e que la personne candidate est dispos\u00e9e \u00e0 se porter candidate. La lettre de mise en candidature et les lettres de soutien doivent provenir de membres de la SCP dont l\u2019adh\u00e9sion est en r\u00e8gle.<\/li>\n<li>une d\u00e9claration de la personne candidate, ne d\u00e9passant pas 500 mots, o\u00f9 sont indiqu\u00e9s le dipl\u00f4me le plus \u00e9lev\u00e9 obtenu par celle-ci et le(s) postes qu\u2019elle occupe, ainsi que les titres de comp\u00e9tence, les prix importants et les autorisations d\u00e9tenues. La d\u00e9claration doit \u00e9galement d\u00e9tailler les qualit\u00e9s et les comp\u00e9tences que la personne candidate apporte \u00e0 sa candidature. La personne candidate peut \u00e9galement choisir d\u2019indiquer les distinctions importantes qu\u2019elle a re\u00e7ues.<\/li>\n<li>une photo qui sera utilis\u00e9e sur le bulletin de vote \u00e9lectronique et sur le site Web de la SCP.<\/li>\n<\/ul>\n<p>Parmi ces \u00e9l\u00e9ments, seuls la lettre de candidature et les dipl\u00f4mes obtenus sont communiqu\u00e9s aux membres.<\/p>\n<p><strong>Remarque\u00a0:<\/strong> les affili\u00e9s et les associ\u00e9s de la SCP ne peuvent pas se pr\u00e9senter \u00e0 un si\u00e8ge au conseil d\u2019administration de la SCP.<\/p>\n<p><strong>Toutes les questions doivent \u00eatre envoy\u00e9es par courriel \u00e0<\/strong> <a href=\"mailto:governance@cpa.ca\">governance@cpa.ca<\/a><strong>.<\/strong><\/p>\n<p><strong>Pour prendre connaissance de la composition actuelle du conseil d\u2019administration, veuillez <\/strong><a href=\"https:\/\/cpa.ca\/fr\/aproposdelascp\/conseildadministration\/\" target=\"_blank\" rel=\"noopener\"><strong>cliquer ici<\/strong><\/a>.<\/p>\n<p>Nous vous invitons \u00e0 encourager vos coll\u00e8gues et vos amis \u00e0 envisager de si\u00e9ger au conseil d\u2019administration de la SCP. Votre association a besoin de vous. Le dynamisme et la r\u00e9ussite de l\u2019organisation d\u00e9pendent de l\u2019engagement de ses membres!<\/p>\n<hr \/>\n<p><!----------\n\n\n<h4>R\u00e9sultats des \u00e9lections<\/h4>\n\n\n<b>La poste d\u2019administrateur repr\u00e9sentant la pratique:<\/b>\n\n\n<ul>\n \t\n\n<li>Dre \u00a0Janine Hubbard \u2013 225<\/li>\n\n\n \t\n\n<li>Dre\u00a0 Monnica Williams- 148<\/li>\n\n\n \t\n\n<li>Abstain - 17<\/li>\n\n\n<\/ul>\n\n\n<b>La poste d\u2019administrateur non d\u00e9sign\u00e9<\/b>\n\n\n<ul>\n \t\n\n<li>Dr Saeid Chavoshi - 201<\/li>\n\n\n \t\n\n<li>Dre Chimene Jewer - 145<\/li>\n\n\n \t\n\n<li>Dre Melanie Joanisse - 207<\/li>\n\n\n \t\n\n<li>Dre Helen Ofosu - 195<\/li>\n\n\n \t\n\n<li>Abstain - 32<\/li>\n\n\n<\/ul>\n\n\n\n\n\n<hr \/>\n\n\n\n---------------><\/p>\n<h4>Candidature en vue de l\u2019\u00e9lection du conseil d\u2019administration.<\/h4>\n<p>\u00cates-vous membre de la SCP? Pr\u00e9senter votre candidature \u00e0 un si\u00e8ge au conseil d\u2019administration de la SCP vous int\u00e9resse? Les webinaires sur la gouvernance qui suivent vous donneront une vue d\u2019ensemble et vous aideront \u00e0 d\u00e9terminer si la fonction de membre du conseil d\u2019administration de la SCP est pour vous :<\/p>\n<p><em>\u00a0<\/em><strong><em>Webinaires sur la gouvernance de la SCP<\/em><\/strong><\/p>\n<p><em>Part 1: <a href=\"https:\/\/www.youtube.com\/watch?v=MDJxvHKxUvg&amp;ab_channel=CPAVideoChannel\" target=\"_blank\" rel=\"noopener\">https:\/\/www.youtube.com\/watch?v=MDJxvHKxUvg&amp;ab_channel=CPAVideoChannel<\/a><\/em><\/p>\n<p><em>Part 2:\u00a0 <a href=\"https:\/\/www.youtube.com\/watch?v=y4xcGASX2kY&amp;ab_channel=CPAVideoChannel\" target=\"_blank\" rel=\"noopener\">https:\/\/www.youtube.com\/watch?v=y4xcGASX2kY&amp;ab_channel=CPAVideoChannel<\/a><\/em><\/p>\n<p><!--------<em>The next call for nominations for positions on the CPA Board of Directors will go out to the membership in April 2025 \u2013 please consider putting your name forward.<\/em>----------------><\/p>\n<p><!-------------------------------Election results.\n\nFor the 2 positions of Director-At-Large;\n\n\n<ul><span data-mce-type=\"bookmark\" style=\"display: inline-block; width: 0px; overflow: hidden; line-height: 0;\" class=\"mce_SELRES_start\"><\/span>\n \t\n\n<li>Steven Smith 193<\/li>\n\n\n \t\n\n<li>Kimberly Sogge 161<\/li>\n\n\n \t\n\n<li>Kimberly Watson 187<\/li>\n\n\n \t\n\n<li>Abstain 17<\/li>\n\n\n<\/ul>\n\n\n---><\/p>\n","protected":false},"excerpt":{"rendered":"<p><!--Appel de mises en candidature en vue de l\u2019\u00e9lection du conseil d\u2019administration de la SCP de 2022--><\/p>\n","protected":false},"author":2,"featured_media":0,"parent":0,"menu_order":0,"comment_status":"closed","ping_status":"closed","template":"","meta":{"_acf_changed":false,"_monsterinsights_skip_tracking":false,"_monsterinsights_sitenote_active":false,"_monsterinsights_sitenote_note":"","_monsterinsights_sitenote_category":0,"footnotes":""},"class_list":["post-3017","page","type-page","status-publish","hentry"],"acf":[],"aioseo_notices":[],"publishpress_future_workflow_manual_trigger":{"enabledWorkflows":[]},"_links":{"self":[{"href":"https:\/\/cpa.ca\/fr\/wp-json\/wp\/v2\/pages\/3017","targetHints":{"allow":["GET"]}}],"collection":[{"href":"https:\/\/cpa.ca\/fr\/wp-json\/wp\/v2\/pages"}],"about":[{"href":"https:\/\/cpa.ca\/fr\/wp-json\/wp\/v2\/types\/page"}],"author":[{"embeddable":true,"href":"https:\/\/cpa.ca\/fr\/wp-json\/wp\/v2\/users\/2"}],"replies":[{"embeddable":true,"href":"https:\/\/cpa.ca\/fr\/wp-json\/wp\/v2\/comments?post=3017"}],"version-history":[{"count":6,"href":"https:\/\/cpa.ca\/fr\/wp-json\/wp\/v2\/pages\/3017\/revisions"}],"predecessor-version":[{"id":46887,"href":"https:\/\/cpa.ca\/fr\/wp-json\/wp\/v2\/pages\/3017\/revisions\/46887"}],"wp:attachment":[{"href":"https:\/\/cpa.ca\/fr\/wp-json\/wp\/v2\/media?parent=3017"}],"curies":[{"name":"wp","href":"https:\/\/api.w.org\/{rel}","templated":true}]}}