{"id":3021,"date":"2018-08-13T23:13:31","date_gmt":"2018-08-14T03:13:31","guid":{"rendered":"https:\/\/cpa.ca\/events\/"},"modified":"2021-07-30T09:23:35","modified_gmt":"2021-07-30T13:23:35","slug":"events","status":"publish","type":"page","link":"https:\/\/cpa.ca\/fr\/events\/","title":{"rendered":"\u00c9v\u00e9nements \u00e0 venir"},"content":{"rendered":"<p>Vous voulez suivre dans un calendrier national les \u00e9v\u00e9nements qui ont rapport avec la discipline de la psychologie et la profession de psychologue? Ne cherchez pas plus loin. La SCP tient, \u00e0 l\u2019intention de la communaut\u00e9, un calendrier des \u00e9v\u00e9nements. Ouvrez vos agendas et inscrivez ces \u00e9v\u00e9nements \u00e0 votre calendrier!<\/p>\n<p>Si vous souhaitez annoncer un \u00e9v\u00e9nement, vous trouverez des renseignements d\u00e9taill\u00e9s sur la pr\u00e9sentation des \u00e9v\u00e9nements \u00e0 venir sur la page Web suivante : <a href=\"https:\/\/cpa.ca\/fr\/publicite\/\">https:\/\/cpa.ca\/fr\/publicite\/<\/a>.<\/p>\n<hr>\n<h2>Liste chronologique des \u00e9v\u00e9nements<\/h2>\n<hr>\n<p>[cptui cptui_posttype=&#8221;post&#8221; cptui_shortcode=&#8221;default_shortcode&#8221; cptui_shortcode_id=&#8221;378&#8243; title=&#8221;&#8221; meta_key=&#8217;_expiration-date&#8217; order=&#8221;ASC&#8221; orderby=&#8217;meta_value&#8217; taxonomy-category=&#8221;events&#8221;][\/cptui]<\/p>\n","protected":false},"excerpt":{"rendered":"<p><!--more--><\/p>\n","protected":false},"author":2,"featured_media":0,"parent":0,"menu_order":0,"comment_status":"closed","ping_status":"closed","template":"templates\/no-sidebar.php","meta":{"_acf_changed":false,"_monsterinsights_skip_tracking":false,"_monsterinsights_sitenote_active":false,"_monsterinsights_sitenote_note":"","_monsterinsights_sitenote_category":0,"footnotes":""},"class_list":["post-3021","page","type-page","status-publish","hentry"],"acf":[],"aioseo_notices":[],"publishpress_future_workflow_manual_trigger":{"enabledWorkflows":[]},"_links":{"self":[{"href":"https:\/\/cpa.ca\/fr\/wp-json\/wp\/v2\/pages\/3021","targetHints":{"allow":["GET"]}}],"collection":[{"href":"https:\/\/cpa.ca\/fr\/wp-json\/wp\/v2\/pages"}],"about":[{"href":"https:\/\/cpa.ca\/fr\/wp-json\/wp\/v2\/types\/page"}],"author":[{"embeddable":true,"href":"https:\/\/cpa.ca\/fr\/wp-json\/wp\/v2\/users\/2"}],"replies":[{"embeddable":true,"href":"https:\/\/cpa.ca\/fr\/wp-json\/wp\/v2\/comments?post=3021"}],"version-history":[{"count":109,"href":"https:\/\/cpa.ca\/fr\/wp-json\/wp\/v2\/pages\/3021\/revisions"}],"predecessor-version":[{"id":23427,"href":"https:\/\/cpa.ca\/fr\/wp-json\/wp\/v2\/pages\/3021\/revisions\/23427"}],"wp:attachment":[{"href":"https:\/\/cpa.ca\/fr\/wp-json\/wp\/v2\/media?parent=3021"}],"curies":[{"name":"wp","href":"https:\/\/api.w.org\/{rel}","templated":true}]}}