{"id":3171,"date":"2018-04-27T20:47:20","date_gmt":"2018-04-28T00:47:20","guid":{"rendered":"https:\/\/cpa.ca\/clinicalsectionawards\/"},"modified":"2023-05-12T12:49:54","modified_gmt":"2023-05-12T16:49:54","slug":"clinicalsectionawards","status":"publish","type":"page","link":"https:\/\/cpa.ca\/fr\/sections\/clinicalpsychology\/clinicalsectionawards\/","title":{"rendered":"Clinical Section Awards and Fellows"},"content":{"rendered":"<h2>SECTION FELLOWS<\/h2>\n<p>In accordance with the by-laws for CPA sections, the Clinical section calls for nominations from its members for Fellows in Clinical Psychology. Criteria for fellowship are outstanding contribution to the development, maintenance and growth of excellence in the science or profession of clinical psychology. Some examples are: (1) creation and documentation of innovative programs; (2) service to professional organizations at the national, provincial or local level; (3) leadership on clinical issues that relate to broad social issues; and (4) service outside one\u2019s own place of work. Note that clinical contributions should be given equal weight compared to research contributions. In order for nominees to be considered for Fellow status by the executive council, nominations must be endorsed by at least three members or Fellows of the Section and supportive evidence of the nominee\u2019s contribution to clinical psychology must accompany the nomination.<\/p>\n<p>Conform\u00e9ment aux proc\u00e9dures r\u00e9gissant les sections de la SCP, la section clinique invite ses membres \u00e0 pr\u00e9senter des candidats pour le statut de Fellow en psychologie clinique. Les crit\u00e8res de s\u00e9lection sont la contribution exceptionnelle au d\u00e9veloppement, au maintien et \u00e0 l\u2019accroissement de l\u2019excellence dans la pratique scientifique ou professionnelle de la psychologie clinique. En guise d\u2019exemples : (1) cr\u00e9ation et \u00e9valuation de programmes novateurs ; (2) services rendus aux organismes professionnels de niveau national, provincial ou r\u00e9gional ; (3) leadership dans l\u2019\u00e9tablissement de rapports entre la psychologie clinique et les probl\u00e8mes sociaux de plus grande envergure ; et (4) services rendus \u00e0 la communaut\u00e9 en dehors de son propre milieu de travail. \u00c0 ces fins, les contributions cliniques et les contributions en recherche seront consid\u00e9r\u00e9es comme \u00e9tant \u00e9quivalentes. Les dossiers des candidats seront examin\u00e9s par le comit\u00e9 ex\u00e9cutif. Les mises en candidature doivent \u00eatre appuy\u00e9es par au moins trois membres ou Fellow de la Section et la contribution du candidat \u00e0 la psychologie clinique doit y \u00eatre document\u00e9e. La date de cl\u00f4ture des candidatures est le 15 avril. Adressez les candidatures \u00e0 pr\u00e9sident(e) \u00e9lu(e) de la section clinique<\/p>\n<p>For information about the nomination process, please contact one of the current Clinical Section Executive Members.<br \/>\n<!--\nFor information about nomination procedures, please <a target=\"_blank\" onclick=\"_gaq.push([\u2018_trackEvent\u2019,\u2019Download\u2019,\u2019PDF\u2019,this.href]);\" href=\"\/docs\/File\/Sections\/Clinical section\/Call for Nominations for Fellows_Generic.pdf\" rel=\"noopener noreferrer\">click here<\/a>. Please note that nominations must be submitted by <em><strong>April 15<\/strong><\/em>.\n--><\/p>\n<article style=\"-webkit-column-width: 200px; -moz-column-width: 200px; column-width: 200px;\">\n<div style=\"margin-top: -10px;\">Martin Antony<br \/>\nGord Asmundson<br \/>\nHarvey Brooker<br \/>\nDavid A. Clark<br \/>\nJohn Conway<br \/>\nKen Craig<br \/>\nDeborah Dobson<br \/>\nKeith Dobson<br \/>\nAnna Beth Doyle<br \/>\nDavid Dozois<br \/>\nMartin Drapeau<br \/>\nMichel Dugas<br \/>\nPatricia Furer<br \/>\nJanel Gauthier<br \/>\nJohn Goodman<br \/>\nHeather Hadjistavropoulos<br \/>\nThomas Hadjistavropoulos<br \/>\nDavid S. Hart<br \/>\nCharles Hayes<br \/>\nPaul Hewitt<br \/>\nJanice Howes<br \/>\nJohn Hunsley<br \/>\nCharlotte Johnston<br \/>\nMichael C. King<br \/>\nWilliam Koch<br \/>\nCatherine Lee<br \/>\nAndr\u00e9e Liddell<br \/>\nPatrick McGrath<br \/>\nSam Mikail<br \/>\nCharles Morin<br \/>\nKerry Mothersill<br \/>\nJohn Pearce<br \/>\nJean Pettifor<br \/>\nSusan Pisterman<br \/>\nAdam Radomsky*<br \/>\nPierre Ritchie<br \/>\nRobert Robinson<br \/>\nJohn Service<br \/>\nLorne Sexton<br \/>\nRichard Steffy<br \/>\nSherry Stewart<br \/>\nJanet Stoppard<br \/>\nSteven Taylor<br \/>\nJohn Walker<br \/>\nAllan R. Wilson<br \/>\nKeith Wilson<br \/>\nDavid Zuroff<\/div>\n<\/article>\n<p><em style=\"padding-left: 100px;\">*denotes most recent recipient(s)<\/em><\/p>\n<p>&nbsp;<\/p>\n<hr \/>\n<h2>AWARDS<\/h2>\n<hr \/>\n<h3>The Award for Clinical Excellence<\/h3>\n<p><!--For information about the award and nomination procedures, please <a href=\"\/docs\/File\/Sections\/Clinical section\/ACE - Award for Clinical Excellence.pdf\" target=\"_blank\" rel=\"noopener noreferrer\">click here<\/a>. Please note that nominations must be submitted by <em><strong>April 15th<\/strong><\/em>.--><br \/>\nThe Award for Clinical Excellence recognizes members of the Clinical Section who have made outstanding contributions to the practice and profession of clinical psychology in Canada. This award honours clinical psychologists who advance the understanding and amelioration of suffering and the promotion of psychological wellness. Candidates should have a doctoral degree in clinical psychology, and a valid clinical psychology license. The majority of their time (70% or more) should be dedicated to direct clinical service.<\/p>\n<p>Factors that will be considered in the adjudication of the award include contributions in the following areas:<\/p>\n<ul>\n<li>assessment and treatment<\/li>\n<li>mental health promotion<\/li>\n<li>education and training<\/li>\n<li>community development and service<\/li>\n<li>supervision and mentoring<\/li>\n<li>advocacy<\/li>\n<li>service development and innovation<\/li>\n<li>administration and leadership<\/li>\n<\/ul>\n<p>Applications should include a nomination with a supporting statement by a Member or Fellow of the Clinical Section, a current curriculum vitae of the nominee, and letters of support from two people who are familiar with the nominee&#8217;s contributions. The award will be presented at the section&#8217;s business meeting held during the CPA Convention.<\/p>\n<p>For information about the nomination process, please contact one of the current Clinical Section Executive Members.<\/p>\n<p>Past Award Winners:<\/p>\n<ul>\n<li>2022:\u00a0 The Best Practices in Psychology Portal Development Team Lead by: Dr. Maxine Holmqvist and Dr. Martin Drapeau<\/li>\n<li>2021: Dr. Caroline Sullivan and Dr. Sheryl Green<\/li>\n<li>2018: Dr. John Walker<\/li>\n<\/ul>\n<hr \/>\n<h3>Scientist Practitioner Early Career Award<\/h3>\n<p>The Clinical Section Scientist-Practitioner Early Career award recognizes members of the Clinical Section who exemplify the integration of the two core domains of clinical psychology: (1) clinical practice and training and (2) psychological science and research. Candidates should be less than 10 years since receiving their Ph.D. in clinical psychology, and less than 10 years since receiving their first clinical psychology license; they should have an outstanding record in at least one of the core domains, and a solid record of achievement in the other domain. Evidence of integration across the two domains will be favourably reviewed.<\/p>\n<p>Nominations for the Scientist-Practitioner Early Career award shall consist of a letter of nomination with a supporting statement by a Member or Fellow of the clinical section, a current curriculum vitae of the nominee, and letters of support from two people familiar with the nominee&#8217;s contributions. At least one of these three letters should include comments on the candidate&#8217;s research contributions, and at least one of these three letters should include comments on the candidate&#8217;s clinical contributions. Comments on the ways in which the candidate integrates research and clinical work are required in the nomination letter, and encouraged in the support letters.<\/p>\n<p>Although nominees will no longer be automatically reconsidered in future years\u2019 competitions, should the nominee not be selected in the year submitted, he or she is encouraged to re-apply in subsequent years.<\/p>\n<p>The award will be presented at the section&#8217;s business meeting held during the CPA convention. The award winner will be invited to present his or her work at the CPA convention in the following year.<\/p>\n<p>For information about the nomination process, please contact one of the current Clinical Section Executive Members.<\/p>\n<p><!--For information about the award and nomination procedures, please <a href=\"\/docs\/File\/Sections\/Clinical section\/Call for Nominations for Early Career SP Award Generic.pdf\" target=\"_blank\" rel=\"noopener noreferrer\">click here<\/a>. Please note that nominations must be submitted by <em><strong>April 15th<\/strong><\/em>.--><\/p>\n<table style=\"padding-left: 50px;\" border=\"0\" cellspacing=\"2\" cellpadding=\"4\">\n<tbody>\n<tr>\n<td valign=\"top\" width=\"50\">2022<\/td>\n<td valign=\"top\" width=\"150\">Dr. Brianna Turner<\/td>\n<td width=\"340\"><\/td>\n<\/tr>\n<tr>\n<td>2020<\/td>\n<td valign=\"top\">Dr. Natalie Mota<\/td>\n<td><\/td>\n<\/tr>\n<tr>\n<td>2018<\/td>\n<td valign=\"top\">Dr. Christopher Mushquash<\/td>\n<td><\/td>\n<\/tr>\n<tr>\n<td>2019<\/td>\n<td valign=\"top\">Dr. Anne Wagner<\/td>\n<td><\/td>\n<\/tr>\n<tr>\n<td valign=\"top\">2016<\/td>\n<td valign=\"top\">Dr. David Moscovitz<\/td>\n<td valign=\"top\" width=\"340\"><\/td>\n<\/tr>\n<tr>\n<td valign=\"top\">2015<\/td>\n<td valign=\"top\">Dr. Simon Sherry<\/td>\n<td valign=\"top\">Dalhousie University, Halifax, NS<\/td>\n<\/tr>\n<tr><!--\n\n\n<tr>\n\n\n<td valign=\"top\" width=\"50\">2014<\/td>\n\n\n\n\n<td valign=\"top\" width=\"150\">Dr. xxxxxxx<\/td>\n\n\n\n\n<td valign=\"top\" width=\"340\">Xxxxxxx University, xxxxxxxx, ON.<\/td>\n\n\n<\/tr>\n\n\n--><\/p>\n<td>2014<\/td>\n<td>Dr. Paul Frewen<\/td>\n<td>The University of Western Ontario, London, ON<\/td>\n<\/tr>\n<tr>\n<td>2013<\/td>\n<td>Dr. Colleen Carney<\/td>\n<td>Ryerson University, Toronto, ON.<\/td>\n<\/tr>\n<tr>\n<td valign=\"top\">2012<\/td>\n<td valign=\"top\">Dr. Jill Chorney<\/td>\n<td valign=\"top\">Dalhousie University &amp; IWK Health Centre, Halifax, NS<\/td>\n<\/tr>\n<tr>\n<td valign=\"top\">2011<\/td>\n<td valign=\"top\">Dr. Alex Chapman<\/td>\n<td valign=\"top\">Simon Fraser University &amp; DBT Centre of Vancouver<\/td>\n<\/tr>\n<tr>\n<td valign=\"top\">2010<\/td>\n<td valign=\"top\">Dr. Christine Chambers<\/td>\n<td valign=\"top\">Dalhousie Unversity &amp; IWK Health Centre, Halifax, NS<\/td>\n<\/tr>\n<\/tbody>\n<\/table>\n<hr \/>\n<h3>Ken Bowers Award for Student Research<\/h3>\n<p>For information about the award and nomination procedures, please <a href=\"\/docs\/File\/Sections\/Clinical section\/Ken Bowers Ad Generic - ENG.pdf\" target=\"_blank\" rel=\"noopener noreferrer\">click here<\/a> (<a href=\"\/docs\/File\/Sections\/Clinical section\/Ken Bowers Ad Generic - French.pdf\" target=\"_blank\" rel=\"noopener noreferrer\">cliquer ici pour le version fran\u00e7ais<\/a>). Please note that nominations must be submitted by <em><strong>May 1<\/strong><\/em>.<\/p>\n<table style=\"padding-left: 50px;\" border=\"0\" cellspacing=\"2\" cellpadding=\"4\">\n<tbody>\n<tr>\n<td valign=\"top\" width=\"50\">2022<\/td>\n<td valign=\"top\" width=\"150\">Keven Prada, Jolie Ho<\/td>\n<td width=\"240\"><\/td>\n<\/tr>\n<tr>\n<td>2021<\/td>\n<td>Lily Pankratz, Hugh McCall, Bailee Malivoire<\/td>\n<td><\/td>\n<\/tr>\n<tr>\n<td>2020<\/td>\n<td>Hira Peracha<\/td>\n<td><\/td>\n<\/tr>\n<tr>\n<td>2019<\/td>\n<td>Jeremiah Buhler<\/td>\n<td><\/td>\n<\/tr>\n<tr>\n<td>2018<\/td>\n<td>Jeremiah Buhler<\/td>\n<td><\/td>\n<\/tr>\n<tr>\n<td>2017<\/td>\n<td>Klint Fung<\/td>\n<td><\/td>\n<\/tr>\n<tr>\n<td valign=\"top\">2016<\/td>\n<td valign=\"top\">Margaux Roch-Gagne<\/td>\n<td valign=\"top\">Universit\u00e9 de Moncton<\/td>\n<\/tr>\n<tr>\n<td valign=\"top\">2015<\/td>\n<td valign=\"top\">Catherine Hilchey<\/td>\n<td valign=\"top\">University of New Brunswick<\/td>\n<\/tr>\n<tr>\n<td valign=\"top\">2014<\/td>\n<td valign=\"top\">Nicole Pugh<\/td>\n<td valign=\"top\">University of Regina<\/td>\n<\/tr>\n<tr>\n<td valign=\"top\">2013<\/td>\n<td valign=\"top\">Mark Petter<\/td>\n<td valign=\"top\">Dalhousie University<\/td>\n<\/tr>\n<tr>\n<td>2012<\/td>\n<td>Christianne Macaulay<\/td>\n<td>St. Francis Xavier Univerity<\/td>\n<\/tr>\n<tr>\n<td>2011<\/td>\n<td>Madison Aitken<\/td>\n<td>University of Toronto &#8211; OISE<\/td>\n<\/tr>\n<tr>\n<td>2010<\/td>\n<td>Matilda Nowakowski<\/td>\n<td>McMaster\/Ryerson University<\/td>\n<\/tr>\n<tr>\n<td>2009<\/td>\n<td>Eleanor Donegan<\/td>\n<td>Concordia University<\/td>\n<\/tr>\n<tr>\n<td>2008<\/td>\n<td>Esther Lau<\/td>\n<td>Dalhousie University<\/td>\n<\/tr>\n<tr>\n<td>2007<\/td>\n<td>Sarah Bellefontaine<\/td>\n<td>University of Ottawa<\/td>\n<\/tr>\n<tr>\n<td>2006<\/td>\n<td>Irena Milosevic<\/td>\n<td>Concordia University<\/td>\n<\/tr>\n<tr>\n<td>2005<\/td>\n<td>Christian Webb<\/td>\n<td>McGill University<\/td>\n<\/tr>\n<tr>\n<td>2004<\/td>\n<td>Michelle Manchua Delisle<\/td>\n<td>Queen&#8217;s University<\/td>\n<\/tr>\n<tr>\n<td>2003<\/td>\n<td>Karen Ip<\/td>\n<td>University of British Columbia<\/td>\n<\/tr>\n<tr>\n<td>2002<\/td>\n<td>Christine Schwartz<\/td>\n<td>University of Victoria<\/td>\n<\/tr>\n<tr>\n<td>2002<\/td>\n<td>Marcia Voges<\/td>\n<td>University of Calgary<\/td>\n<\/tr>\n<tr>\n<td>2001<\/td>\n<td>Sandra Sparkes<\/td>\n<td>Dalhousie University<\/td>\n<\/tr>\n<tr>\n<td>2000<\/td>\n<td>Katherine Henderson<\/td>\n<td>York University<\/td>\n<\/tr>\n<tr>\n<td>1999<\/td>\n<td>Anne Lea Israeli<\/td>\n<td>Dalhousie University<\/td>\n<\/tr>\n<tr>\n<td>1998<\/td>\n<td>Shawn C. Currie<\/td>\n<td>University of Ottawa<\/td>\n<\/tr>\n<tr>\n<td>1997<\/td>\n<td>Carol Ann Flynn<\/td>\n<td>University of British Columbia<\/td>\n<\/tr>\n<tr>\n<td>1996<\/td>\n<td>David J.A. Dozois<\/td>\n<td>University of Calgary<\/td>\n<\/tr>\n<tr>\n<td>1995<\/td>\n<td>Nadine DeWolfe<\/td>\n<td>Dalhousie University<\/td>\n<\/tr>\n<tr>\n<td>1994<\/td>\n<td>Bryan Acton<\/td>\n<td>Simon Fraser University<\/td>\n<\/tr>\n<tr>\n<td>1993<\/td>\n<td>Constantina Giannopoulis<\/td>\n<td>Concordia University<\/td>\n<\/tr>\n<tr>\n<td>1992<\/td>\n<td>Ruth Turner<\/td>\n<td>Simon Fraser University<\/td>\n<\/tr>\n<tr>\n<td>1991<\/td>\n<td>Beverly Frizzell<\/td>\n<td>University of Calgary<\/td>\n<\/tr>\n<\/tbody>\n<\/table>\n<hr \/>\n<h3>Clinical Section Student Travel Award<\/h3>\n<p>For information about the award and application process and deadline, please refer to e-mails sent through the List-Serv or contact a member of the Clinical Psychology Section executive (contact information can be found on the <a href=\"https:\/\/cpa.ca\/fr\/sections\/clinicalpsychology\/clinicalsectionbusiness\/\">Clinical Psychology Section Business<\/a> page).<br \/>\n<!--\nFor information about the award and nomination procedures, please <a href=\"\/docs\/File\/Sections\/Clinical%20section\/Clinical Section Travel Awards Ad Generic - ENG.pdf\" target=\"_blank\" rel=\"noopener noreferrer\">click here<\/a> (<a href=\"\/docs\/File\/Sections\/Clinical%20section\/Clinical Section Travel Awards Ad Generic - French.pdf\" target=\"_blank\" rel=\"noopener noreferrer\">cliquez ici pour la version fran\u00e7aise<\/a>).\n\nFor the award application form, please <a href=\"\/docs\/File\/Sections\/Clinical%20section\/student_travel_awards_application_eng.doc\" target=\"_blank\" rel=\"noopener noreferrer\">click here<\/a> (<a href=\"\/docs\/File\/Sections\/Clinical%20section\/student_travel_award_application_fr.doc\" target=\"_blank\" rel=\"noopener noreferrer\">cliquez ici pour la version fran\u00e7aise<\/a>). Please note that nominations must be submitted by <em><strong>April 1<sup>st<\/sup><\/strong><\/em>.\n--><br \/>\n<strong>2016<\/strong><\/p>\n<ul>\n<li>Tara Conway, University of Manitoba<\/li>\n<li>Jean-Philippe Gagne, Concordia University<\/li>\n<li>Marilyne Maltais, Universit\u00e9 de Moncton<\/li>\n<li>Colin Pridy, Dalhousie University<\/li>\n<\/ul>\n<p><strong>2015<\/strong><\/p>\n<ul>\n<li>Karen O&#8217;Brien (University of Manitoba)<\/li>\n<li>Luke Schneider (University of Regina)<\/li>\n<li>Kiruthiha Vimalakanthan (University of Waterloo)<\/li>\n<li>Alainna Wen (University of Calgary)<\/li>\n<\/ul>\n<p><b>2014<\/b><\/p>\n<ul>\n<li>First Place: Kathleen Tallon, Ryerson University<\/li>\n<li>Runners up: Bethany Gelinas, University of Regina; Samatha Fashler, York University; and Luke Schneider, University of Regina.<\/li>\n<\/ul>\n<p><b>2013<\/b><\/p>\n<ul>\n<li>First Place: Beth Gee, Ryerson University<\/li>\n<li>Runners up: Brooke Beatie, University of Manitoba; Alexander Daros, University of Toronto.<\/li>\n<\/ul>\n<p><b>2012<\/b><\/p>\n<ul>\n<li>First place: Joyce Ip, University of British Columbia<\/li>\n<li>Runners up: Skye Fitzpatrick, Ryerson University; Sarah Hines, University of Calgary<\/li>\n<\/ul>\n<p><b>2011<\/b><\/p>\n<ul>\n<li>First place: Maya Gupta, Queen&#8217;s University<\/li>\n<li>Runners up: Katherine Holshausen, Queen&#8217;s University; Lisa Jewett, McGill University<\/li>\n<\/ul>\n<p><strong>2010<\/strong><\/p>\n<ul>\n<li>First place: Clarissa Markel, University of Toronto<\/li>\n<li>Runners up: Natalie Miller, University of British Columbia; Rana Pishva, Queen&#8217;s University<\/li>\n<\/ul>\n<p><strong>2009<\/strong><\/p>\n<ul>\n<li>First place: Melissa Castro Couch, Ponce School of Medicine<\/li>\n<li>Runners up: Kathy Chan, University of Regina; Emma MacDonald, St. Francis Xavier University<\/li>\n<\/ul>\n<p><strong>2008<\/strong><\/p>\n<ul>\n<li>First place: Pamela Seeds, University of Western Ontario<\/li>\n<li>Runners up: Laura Nichols, University of New Brunswick; Kathy Chan, University of British Columbia<\/li>\n<\/ul>\n<p><strong>2007<\/strong><\/p>\n<ul>\n<li>First place: Deborah Semple, University of Calgary<\/li>\n<li>Runners up: Valerie Grant, Dalhouse University; Jenny Horch, University of Calgary<\/li>\n<\/ul>\n<hr \/>\n<h3>Best Student Conference Presentation Award<\/h3>\n<p><!--For information about the award and nomination procedures, please <a href=\"\/docs\/File\/Sections\/Clinical%20section\/Best Student Conference Presentation Award Ad Generic - ENG.pdf\" target=\"_blank\" rel=\"noopener noreferrer\">click here<\/a> (<a href=\"\/docs\/File\/Sections\/Clinical%20section\/Best Student Conference Presentation Award Ad Generic -French.pdf\" target=\"_blank\" rel=\"noopener noreferrer\">cliquer ici pour la version en\u00a0fran\u00e7ais<\/a>).\nFor the Application Form <a href=\"\/docs\/File\/Sections\/Clinical%20section\/BSCP_Application Form.pdf\" target=\"_blank\" rel=\"noopener noreferrer\">click here<\/a>\nPlease note that nominations must be submitted by <em><strong>May 15<\/strong><\/em>.--><br \/>\nFor information about the award and application process and deadline, please refer to e-mails sent through the List-Serv or contact a member of the Clinical Psychology Section executive (contact information can be found on the\u00a0<a href=\"https:\/\/cpa.ca\/fr\/sections\/clinicalpsychology\/clinicalsectionbusiness\/\">Clinical Psychology Section Business<\/a>\u00a0page).<\/p>\n<p><strong>2016<\/strong><\/p>\n<ul>\n<li>First Place:\u00a0Jean-Philippe Gagn\u00e9 (Concordia University)<\/li>\n<li>Runners up: Lisa Zhang (University of British Columbia); Carly Parsons (University of British Columbia)<\/li>\n<\/ul>\n<p><strong>2015<\/strong><\/p>\n<ul>\n<li>First Place:\u00a0Somayyeh Kamalou (University of Waterloo)<\/li>\n<li>Runners up: Laura Lambe (Queen&#8217;s University); Alainna Wen (University of Calgary)<\/li>\n<\/ul>\n<p><b>2014<\/b><\/p>\n<ul>\n<li style=\"list-style-type: none;\">\n<ul>\n<li>First Place: Rachael Neal (Concordia University)<\/li>\n<li>Runners up: Andrea Woznica (Ryerson University); Kathleen Tallon (Ryerson University.)<\/li>\n<\/ul>\n<\/li>\n<\/ul>\n<hr \/>\n<h3>Clinical Section Educational Activity Grant for Students<\/h3>\n<p><a href=\"\/docs\/File\/Sections\/Clinical%20section\/Educational Activity Student Grant Ad Generic - ENG.pdf\" target=\"_blank\" rel=\"noopener noreferrer\">Description of the Award<\/a>\u00a0\/\u00a0<a href=\"\/docs\/File\/Sections\/Clinical%20section\/Educational Activity Student Grant Ad Generic - French.pdf\" target=\"blank\" rel=\"noopener noreferrer\">Parrainage de l&#8217;activit\u00e9\u00a0\u00e9tudiante \u00e9ducative<\/a><br \/>\n<a href=\"\/docs\/File\/Sections\/Clinical%20section\/Educational%20Activity%20Student%20Grant-%20Application-2013.pdf\" target=\"_blank\" rel=\"noopener noreferrer\">Application Form for the Award<\/a>\u00a0\/\u00a0<a href=\"\/docs\/File\/Sections\/Clinical%20section\/Educational Activity Grant- Application French Version 2013.pdf\" target=\"blank\" rel=\"noopener noreferrer\">Formulaire de demande parrainage de l&#8217;activit\u00e9 \u00e9tudiante educative<\/a>. Please note that nominations must be submitted by <em><strong>January 15th<\/strong><\/em><\/p>\n<p><strong>2016<\/strong><\/p>\n<ul>\n<li>Sonya Dhillon (University of Toronto) \u201cUTSC Clinical Psychology Summit: Modern Applications of Mindfulness Training in Clinical Practice\u201d<\/li>\n<li>Andrew Brankley, Danielle Loney, and Jessica Sutherland (Ryerson University) \u201cResearch Event Exchange\u201d<\/li>\n<\/ul>\n<p><strong>2015<\/strong><\/p>\n<ul>\n<li>Dean Carcone &amp; LeAhn Dinh-Williams (University of Toronto): &#8220;UTSC Clinical Psychology Summit: Modern Applications of Mindfulness Training in Clinical Practice&#8221;<\/li>\n<li>Fiona Thomas &amp; Sofia Puente-Duran (Ryerson University): &#8220;Diagnosis and Treatment of Mental Health Issues Among Refugee and Immigrant Populations: Moving from Research to Practice<\/li>\n<\/ul>\n<p><strong>2014<\/strong><\/p>\n<ul>\n<li>Amy Burns (University of British Columbia): &#8220;Psychological Treatment of Addiction and Concurrent Disorders&#8221;<\/li>\n<li>Lyndsay Crump (University of New Brunswick): &#8220;Evidence-Based Assessment&#8221;<\/li>\n<\/ul>\n<p><strong>2013<\/strong><\/p>\n<ul>\n<li>Michelle Gagnon (University of Regina): &#8220;Motivational Interviewing in Clinical Settings&#8221;<\/li>\n<\/ul>\n<p><strong>2012<\/strong><\/p>\n<ul>\n<li>Suzanne Chomyz (Lakehead University): &#8220;Innovative Treatment Options: Providing Services to Rural and Northern Communities&#8221;<\/li>\n<\/ul>\n<p><strong>2011<\/strong><\/p>\n<ul>\n<li>Caitlin Davey (Ryerson University): &#8220;Program Evaluation: A Focus on Realistic Methodology&#8221;<\/li>\n<\/ul>\n<p><strong>2010<\/strong><\/p>\n<ul>\n<li>Sarah Royal (Ryerson University): &#8220;Dialetical Behavior Therapy for Difficulties with Emotion Regulation&#8221;<\/li>\n<li>Sarah Chan (University of Regina): &#8220;Challenges in the Assessment and Treatment of Depression&#8221;<\/li>\n<\/ul>\n<p><strong>2009<\/strong><\/p>\n<ul>\n<li>Jillian Filliter (Dalhousie University): &#8220;Diversity Awareness: Working with Diverse Populations in Clinical Practice&#8221;<\/li>\n<\/ul>\n<p>&nbsp;<\/p>\n","protected":false},"excerpt":{"rendered":"<p><!--more--><\/p>\n","protected":false},"author":2,"featured_media":0,"parent":3301,"menu_order":0,"comment_status":"closed","ping_status":"closed","template":"templates\/no-sidebar.php","meta":{"_acf_changed":false,"_monsterinsights_skip_tracking":false,"_monsterinsights_sitenote_active":false,"_monsterinsights_sitenote_note":"","_monsterinsights_sitenote_category":0,"footnotes":""},"class_list":["post-3171","page","type-page","status-publish","hentry"],"acf":[],"aioseo_notices":[],"publishpress_future_workflow_manual_trigger":{"enabledWorkflows":[]},"_links":{"self":[{"href":"https:\/\/cpa.ca\/fr\/wp-json\/wp\/v2\/pages\/3171","targetHints":{"allow":["GET"]}}],"collection":[{"href":"https:\/\/cpa.ca\/fr\/wp-json\/wp\/v2\/pages"}],"about":[{"href":"https:\/\/cpa.ca\/fr\/wp-json\/wp\/v2\/types\/page"}],"author":[{"embeddable":true,"href":"https:\/\/cpa.ca\/fr\/wp-json\/wp\/v2\/users\/2"}],"replies":[{"embeddable":true,"href":"https:\/\/cpa.ca\/fr\/wp-json\/wp\/v2\/comments?post=3171"}],"version-history":[{"count":6,"href":"https:\/\/cpa.ca\/fr\/wp-json\/wp\/v2\/pages\/3171\/revisions"}],"predecessor-version":[{"id":33844,"href":"https:\/\/cpa.ca\/fr\/wp-json\/wp\/v2\/pages\/3171\/revisions\/33844"}],"up":[{"embeddable":true,"href":"https:\/\/cpa.ca\/fr\/wp-json\/wp\/v2\/pages\/3301"}],"wp:attachment":[{"href":"https:\/\/cpa.ca\/fr\/wp-json\/wp\/v2\/media?parent=3171"}],"curies":[{"name":"wp","href":"https:\/\/api.w.org\/{rel}","templated":true}]}}