{"id":3194,"date":"2018-07-30T01:40:23","date_gmt":"2018-07-30T05:40:23","guid":{"rendered":"https:\/\/cpa.ca\/sections\/counsellingpsychology\/"},"modified":"2025-10-28T20:23:00","modified_gmt":"2025-10-29T00:23:00","slug":"counsellingpsychology","status":"publish","type":"page","link":"https:\/\/cpa.ca\/fr\/sections\/counsellingpsychology\/","title":{"rendered":"Counselling Psychology Section"},"content":{"rendered":"<p><img loading=\"lazy\" decoding=\"async\" class=\"textwrapleft\" src=\"\/stockphotos\/4966282M.jpg\" alt=\"Counselling Psychology Section\" width=\"130\" height=\"130\" \/><img decoding=\"async\" style=\"max-width: 600px; text-align: right;\" src=\"\/\/cpa.ca\/docs\/File\/Sections\/Counselling\/CPA-Section-Logo-Counselling NEW 2023.jpg\" alt=\"Cousnelling Section logo\" \/><\/p>\n<h3><strong>Welcome to the Counselling Psychology Section! <\/strong><\/h3>\n<p>We are a collaborative network of psychologists, researchers, students, and community partners who share a focus on wellness and advocacy in professional psychology and in psychological research across a wide range of settings. We invite you to participate in section activities, helping to transform psychotherapeutic and professional practice, strengthen socially responsible research, and promote social justice, restorative justice, and human rights in local, regional, national, and international partnerships.<br \/>\n<em>Nous sommes un r\u00e9seau collaboratif de psychologues, chercheurs, \u00e9tudiants et partenaires communautaires qui se concentrent sur le bien-\u00eatre et la d\u00e9fense des int\u00e9r\u00eats de la profession et de la recherche dans le domaine de la psychologie concernant un large \u00e9ventail de contextes. Nous vous invitons \u00e0 participer aux activit\u00e9s de la section en aidant \u00e0 transformer la pratique psychoth\u00e9rapeutique et professionnelle, en renfor\u00e7ant la recherche socialement responsable et en promouvant la justice sociale, la justice r\u00e9paratrice et les droits de l&#8217;homme dans le cadre de partenariats locaux, r\u00e9gionaux, nationaux et internationaux.<\/em><\/p>\n<hr \/>\n<h3 style=\"text-align: center;\">Wondering What Counselling Psychology Is? Click\u00a0<a href=\"https:\/\/cpa.ca\/fr\/sections\/counsellingpsychology\/counsellingdefinition\/\">Here<\/a><\/h3>\n<hr \/>\n<h3><strong>&#8220;Kaleidoscope&#8221; &#8211; Section Blog<\/strong><\/h3>\n<p>Our blog serves as the dynamic newsletter of the Counselling Psychology Section of the CPA. Rather than only publishing newsletter issues on a semi-annual basis, we will be posting new articles as they are written for more information click <a href=\"https:\/\/cpa.ca\/aboutcpa\/cpasections\/counsellingpsychology\/Kaleidoscope\">here!<\/a><\/p>\n<hr \/>\n<h3><strong>Links to Upcoming Conventions:<\/strong><\/h3>\n<ul>\n<li>The CPA 2026 ANNUAL NATIONAL CONVENTION in Montreal, QC from June 4 &#8211; 6, 2026. <a href=\"https:\/\/convention.cpa.ca\/\" target=\"_blank\" rel=\"noopener noreferrer\">Click here for more information<\/a>.<\/li>\n<\/ul>\n<h3><strong>2018 Canadian Counselling Psychology Conference.<\/strong><\/h3>\n<ul>\n<li>Interested in finding out more? <a href=\"https:\/\/cpa.ca\/docs\/File\/Psynopsis\/2019\/Psynopsis_Vol41-1.pdf#page=34\" target=\"_blank\" rel=\"noopener noreferrer\">Click here and visit page 34!<\/a>.<\/li>\n<\/ul>\n<hr \/>\n<p>&nbsp;<\/p>\n<p><strong>Meet the 2025-2026 Executive<\/strong><\/p>\n<p style=\"text-align: center;\"><a href=\"https:\/\/cpa.ca\/fr\/sections\/counsellingpsychology\/counsellingsectionexecutive\/\"><img decoding=\"async\" style=\"max-width: 90%;\" src=\"\/docs\/File\/Sections\/Counselling\/Collage_Executive2026.jpg\" alt=\"2025-26 Counselling Section Executive\" \/><\/a><\/p>\n","protected":false},"excerpt":{"rendered":"<p><!--more--><\/p>\n","protected":false},"author":2,"featured_media":0,"parent":2692,"menu_order":0,"comment_status":"closed","ping_status":"closed","template":"","meta":{"_acf_changed":false,"_monsterinsights_skip_tracking":false,"_monsterinsights_sitenote_active":false,"_monsterinsights_sitenote_note":"","_monsterinsights_sitenote_category":0,"footnotes":""},"class_list":["post-3194","page","type-page","status-publish","hentry"],"acf":[],"aioseo_notices":[],"publishpress_future_workflow_manual_trigger":{"enabledWorkflows":[]},"_links":{"self":[{"href":"https:\/\/cpa.ca\/fr\/wp-json\/wp\/v2\/pages\/3194","targetHints":{"allow":["GET"]}}],"collection":[{"href":"https:\/\/cpa.ca\/fr\/wp-json\/wp\/v2\/pages"}],"about":[{"href":"https:\/\/cpa.ca\/fr\/wp-json\/wp\/v2\/types\/page"}],"author":[{"embeddable":true,"href":"https:\/\/cpa.ca\/fr\/wp-json\/wp\/v2\/users\/2"}],"replies":[{"embeddable":true,"href":"https:\/\/cpa.ca\/fr\/wp-json\/wp\/v2\/comments?post=3194"}],"version-history":[{"count":6,"href":"https:\/\/cpa.ca\/fr\/wp-json\/wp\/v2\/pages\/3194\/revisions"}],"predecessor-version":[{"id":44889,"href":"https:\/\/cpa.ca\/fr\/wp-json\/wp\/v2\/pages\/3194\/revisions\/44889"}],"up":[{"embeddable":true,"href":"https:\/\/cpa.ca\/fr\/wp-json\/wp\/v2\/pages\/2692"}],"wp:attachment":[{"href":"https:\/\/cpa.ca\/fr\/wp-json\/wp\/v2\/media?parent=3194"}],"curies":[{"name":"wp","href":"https:\/\/api.w.org\/{rel}","templated":true}]}}