{"id":32842,"date":"2023-03-01T11:41:22","date_gmt":"2023-03-01T16:41:22","guid":{"rendered":"https:\/\/cpa.ca\/aproposdelascp\/comites\/ethics\/history-of-ethics\/"},"modified":"2023-03-16T09:53:24","modified_gmt":"2023-03-16T13:53:24","slug":"in-memoriam","status":"publish","type":"page","link":"https:\/\/cpa.ca\/fr\/aproposdelascp\/comites\/ethics\/in-memoriam\/","title":{"rendered":"In Memoriam"},"content":{"rendered":"<h2>In Memoriam<\/h2>\n<div id=\"cptui\" class=\"cptui-shortcode default-shortcode cptui-shortcode-378\">\n\t\n\t\t<div id=\"cptui-46461\" class=\"cptui-entry post-46461 post type-post status-publish format-standard hentry category-inmemoriamfr\">\n\n\t\t\t\n\t\t\t<div class=\"cptui-entry-header\">\n\n\t\t\t\t\n\t\t\t\t<h4 class=\"cptui-entry-title\"><a class=\"cptui-link\" href=\"https:\/\/cpa.ca\/fr\/passing-of-dr-cannie-stark\/\">D\u00e9c\u00e8s du Dr Cannie Stark<\/a><\/h4>\n\n\t\t\t\t\n\t\t\t<\/div><!-- .cptui-entry-header -->\n\n\t\t\t<div class=\"cptui-entry-summary\">\n\n\t\t\t\t\n\t\t\t\t<p>La SCP a \u00e9t\u00e9 profond\u00e9ment attrist\u00e9e d\u2019apprendre le d\u00e9c\u00e8s de la Dre Cannie Stark, ancienne pr\u00e9sidente de la SCP (1991-1992) et Fellow de la SCP  (<a href=\"https:\/\/leaderpost.remembering.ca\/obituary\/dr-cannie-stark-1093553498\" target=\"_blank\" rel=\"noopener\">N\u00e9crologie de la Dre Cannie Stark | Regina Leader Post Remembering<\/a>.<\/p>\n<p>La Dre Stark \u00e9tait professeure \u00e9m\u00e9rite \u00e0 l\u2019Universit\u00e9 de Regina, o\u00f9 elle avait \u00e9t\u00e9 directrice du d\u00e9partement. (Elle a ensuite pris sa retraite \u00e0 Montr\u00e9al.) <\/p>\n<p>C\u2019\u00e9tait une universitaire, une enseignante et une pionni\u00e8re du domaine de la psychologie des femmes passionn\u00e9e et charismatique, et elle a publi\u00e9 de nombreux ouvrages dans tous ces domaines. Cofondatrice et membre de longue date de la Section femmes et psychologie (SWAP) de la SCP, elle a re\u00e7u le Prix du membre distingu\u00e9 de la section en 1995. Parmi ses nombreuses distinctions, la Dre Stark \u00e9tait \u00e9galement la membre la plus ancienne du Comit\u00e9 de d\u00e9ontologie de la SCP, qu\u2019elle a rejoint d\u00e8s sa cr\u00e9ation en 1983 et au sein duquel elle a si\u00e9g\u00e9 jusqu\u2019\u00e0 son d\u00e9c\u00e8s. <\/p>\n<p>La Dre Stark laisse derri\u00e8re elle un h\u00e9ritage consid\u00e9rable dans les domaines de la psychologie, de l\u2019\u00e9thique et de la justice sociale, que ses coll\u00e8gues pourront mettre \u00e0 profit et perp\u00e9tuer. Elle nous manquera beaucoup.  <\/p>\n\n\t\t\t\t\n\t\t\t<\/div><!-- .cptui-entry-summary -->\n\n\t\t<\/div><!-- #cptui-xxxxx .cptui-entry -->\n\n\t\t\n\t\t<div id=\"cptui-46423\" class=\"cptui-entry post-46423 post type-post status-publish format-standard hentry category-inmemoriamfr\">\n\n\t\t\t\n\t\t\t<div class=\"cptui-entry-header\">\n\n\t\t\t\t\n\t\t\t\t<h4 class=\"cptui-entry-title\"><a class=\"cptui-link\" href=\"https:\/\/cpa.ca\/fr\/passing-of-dr-carole-sinclair\/\">Passing of Dr. Carole Sinclair<\/a><\/h4>\n\n\t\t\t\t\n\t\t\t<\/div><!-- .cptui-entry-header -->\n\n\t\t\t<div class=\"cptui-entry-summary\">\n\n\t\t\t\t\n\t\t\t\t<p>La SCP a \u00e9t\u00e9 profond\u00e9ment attrist\u00e9e d\u2019apprendre le d\u00e9c\u00e8s de la <strong>Dre\u00a0Carole Sinclair<\/strong> survenu le 28\u00a0f\u00e9vrier\u00a02026 (<a href=\"https:\/\/www.catholic-cemeteries.ca\/obituary\/dr-carole-sinclair\/\" target=\"_blank\" rel=\"noopener\">https:\/\/www.catholic-cemeteries.ca\/obituary\/dr-carole-sinclair\/<\/a>). La Dre\u00a0Sinclair \u00e9tait psychologue clinicienne et a occup\u00e9 le poste de directrice des services th\u00e9rapeutiques du Hincks-Dellcrest Centre.<\/p>\n<p>Visionnaire et figure influente dans le domaine de l\u2019\u00e9thique professionnelle, elle fut l\u2019une des principales architectes du <em>Code canadien d\u2019\u00e9thique des psychologues<\/em> et du <em>Manuel d\u2019accompagnement du Code d\u2019\u00e9thique<\/em>. Elle a aussi \u00e9t\u00e9 pr\u00e9sidente, pendant de nombreuses ann\u00e9es, du Comit\u00e9 de d\u00e9ontologie de la SCP et a \u00e9t\u00e9 formatrice du cours en ligne de la SCP \u00ab\u00a0Being an Ethical Psychologists\u00a0\u00bb.<\/p>\n<p>La Dre\u00a0Sinclair a apport\u00e9 une contribution significative \u00e0 la SCP, et ce, \u00e0 de nombreux titres, notamment en tant qu\u2019administratrice au conseil d\u2019administration de la SCP et par son travail aupr\u00e8s des sections de la SCP. Tout en si\u00e9geant au conseil d\u2019administration en tant que pr\u00e9sidente du Comit\u00e9 des sections, elle a \u00e9labor\u00e9 la premi\u00e8re version du Guide de fonctionnement des sections en mai 1993.<\/p>\n<p>La Dre\u00a0Sinclair, qui d\u00e9tient le titre de Fellow de la SCP, a \u00e9galement re\u00e7u le Prix du membre de l\u2019ann\u00e9e de la SCP. En 2016, son engagement ind\u00e9fectible dans le domaine de la psychologie a \u00e9t\u00e9 reconnu par le Prix de la m\u00e9daille d\u2019or pour contributions remarquables \u00e0 la psychologie canadienne au cours de l\u2019ensemble de sa carri\u00e8re \u2014 la plus haute distinction d\u00e9cern\u00e9e par ses pairs.<\/p>\n<p>La SCP pr\u00e9sente ses plus sinc\u00e8res condol\u00e9ances \u00e0 la famille, aux amis, aux \u00e9tudiants et aux coll\u00e8gues de la Dre\u00a0Sinclair. Son h\u00e9ritage perdurera \u00e0 travers les g\u00e9n\u00e9rations de coll\u00e8gues, d\u2019\u00e9tudiants et de stagiaires dont elle a contribu\u00e9 \u00e0 fa\u00e7onner la compr\u00e9hension \u00e9thique et les comp\u00e9tences.<\/p>\n\n\t\t\t\t\n\t\t\t<\/div><!-- .cptui-entry-summary -->\n\n\t\t<\/div><!-- #cptui-xxxxx .cptui-entry -->\n\n\t\t<\/div>\n","protected":false},"excerpt":{"rendered":"<p><!--more--><\/p>\n","protected":false},"author":2,"featured_media":0,"parent":2182,"menu_order":0,"comment_status":"closed","ping_status":"closed","template":"","meta":{"_acf_changed":false,"_monsterinsights_skip_tracking":false,"_monsterinsights_sitenote_active":false,"_monsterinsights_sitenote_note":"","_monsterinsights_sitenote_category":0,"footnotes":""},"class_list":["post-32842","page","type-page","status-publish","hentry"],"acf":[],"aioseo_notices":[],"publishpress_future_workflow_manual_trigger":{"enabledWorkflows":[]},"_links":{"self":[{"href":"https:\/\/cpa.ca\/fr\/wp-json\/wp\/v2\/pages\/32842","targetHints":{"allow":["GET"]}}],"collection":[{"href":"https:\/\/cpa.ca\/fr\/wp-json\/wp\/v2\/pages"}],"about":[{"href":"https:\/\/cpa.ca\/fr\/wp-json\/wp\/v2\/types\/page"}],"author":[{"embeddable":true,"href":"https:\/\/cpa.ca\/fr\/wp-json\/wp\/v2\/users\/2"}],"replies":[{"embeddable":true,"href":"https:\/\/cpa.ca\/fr\/wp-json\/wp\/v2\/comments?post=32842"}],"version-history":[{"count":1,"href":"https:\/\/cpa.ca\/fr\/wp-json\/wp\/v2\/pages\/32842\/revisions"}],"predecessor-version":[{"id":32846,"href":"https:\/\/cpa.ca\/fr\/wp-json\/wp\/v2\/pages\/32842\/revisions\/32846"}],"up":[{"embeddable":true,"href":"https:\/\/cpa.ca\/fr\/wp-json\/wp\/v2\/pages\/2182"}],"wp:attachment":[{"href":"https:\/\/cpa.ca\/fr\/wp-json\/wp\/v2\/media?parent=32842"}],"curies":[{"name":"wp","href":"https:\/\/api.w.org\/{rel}","templated":true}]}}