{"id":33969,"date":"2023-05-26T12:20:29","date_gmt":"2023-05-26T16:20:29","guid":{"rendered":"https:\/\/cpa.ca\/aproposdelascp\/comites\/ethics\/reporting-unethical-behaviour\/"},"modified":"2024-12-02T15:55:41","modified_gmt":"2024-12-02T20:55:41","slug":"reporting-unethical-behaviour","status":"publish","type":"page","link":"https:\/\/cpa.ca\/fr\/aproposdelascp\/comites\/ethics\/reporting-unethical-behaviour\/","title":{"rendered":"Signalement de comportements contraires \u00e0 l\u2019\u00e9thique"},"content":{"rendered":"<div id=\"accordions-33126\" class=\"accordions-33126 accordions\" data-accordions={&quot;lazyLoad&quot;:false,&quot;id&quot;:&quot;33126&quot;,&quot;event&quot;:&quot;click&quot;,&quot;collapsible&quot;:&quot;true&quot;,&quot;heightStyle&quot;:&quot;content&quot;,&quot;animateStyle&quot;:&quot;swing&quot;,&quot;animateDelay&quot;:1000,&quot;navigation&quot;:true,&quot;active&quot;:999,&quot;expandedOther&quot;:&quot;no&quot;}>\r\n                <div class=\"items\" >\r\n    \r\n            <div post_id=\"33126\" itemcount=\"0\"  header_id=\"header-1607350251248\" id=\"header-1607350251248\" style=\"\" class=\"accordions-head head1607350251248 border-semi-round\" toggle-text=\"\" main-text=\"Que dois-je faire si j\u2019ai une plainte \u00e0 formuler contre un psychologue ou des pr\u00e9occupations au sujet d\u2019un psychologue?\">\r\n                                    <span id=\"accordion-icons-1607350251248\" class=\"accordion-icons\">\r\n                        <span class=\"accordion-icon-active accordion-plus\"><i class=\"fa fas fa-chevron-up\"><\/i><\/span>\r\n                        <span class=\"accordion-icon-inactive accordion-minus\"><i class=\"fa fas fa-chevron-down\"><\/i><\/span>\r\n                    <\/span>\r\n                    <span id=\"header-text-1607350251248\" class=\"accordions-head-title\">Que dois-je faire si j\u2019ai une plainte \u00e0 formuler contre un psychologue ou des pr\u00e9occupations au sujet d\u2019un psychologue?<\/span>\r\n                            <\/div>\r\n            <div class=\"accordion-content content1607350251248 \">\r\n                <p>Si vous avez une plainte \u00e0 formuler ou des pr\u00e9occupations \u00e0 l\u2019\u00e9gard des services fournis par un psychologue agr\u00e9\u00e9 ou un psychologue autoris\u00e9 qui exerce au Canada, vous devez communiquer avec l\u2019organisme de r\u00e9glementation de la psychologie de la province ou du territoire o\u00f9 sont fournis les services. Vous trouverez la liste compl\u00e8te de ces organismes ici\u00a0: <a href=\"https:\/\/cpa.ca\/fr\/public\/unpsychologue\/organismesreglementation\/\">https:\/\/cpa.ca\/fr\/public\/unpsychologue\/organismesreglementation\/<\/a>.<\/p>\n<p>Si votre plainte ou vos pr\u00e9occupations concernent des services fournis par une personne qui n\u2019est pas un psychologue agr\u00e9\u00e9 ou un psychologue autoris\u00e9 (p. ex. un chercheur, un enseignant, un consultant, un psychoth\u00e9rapeute, un accompagnateur personnel), celles-ci doivent plut\u00f4t \u00eatre transmises \u00e0 une autre autorit\u00e9 comp\u00e9tente afin d\u2019\u00eatre trait\u00e9es (p. ex. un autre organisme de r\u00e9glementation provincial\/territorial ou un organisme de certification professionnelle dont cette personne fait partie, le comit\u00e9 de discipline de l\u2019universit\u00e9 qui a comp\u00e9tence pour entendre une plainte \u00e0 propos de cette personne, un processus institutionnel de traitement des plaintes, l\u2019employeur de la personne).<\/p>\n<p>Si vous n\u2019\u00eates pas s\u00fbr de la personne \u00e0 contacter, veuillez envoyer un courriel \u00e0 <a href=\"mailto:ethics@cpa.ca\">ethics@cpa.ca<\/a> ou composer le 1\u00a0888\u00a0472-0657, poste\u00a0260 pour joindre l\u2019agent d\u2019\u00e9thique de la SCP et obtenir plus d\u2019informations.<\/p>\n            <\/div>\r\n    \r\n            <div post_id=\"33126\" itemcount=\"1\"  header_id=\"header-1679432759792\" id=\"header-1679432759792\" style=\"\" class=\"accordions-head head1679432759792 border-semi-round\" toggle-text=\"\" main-text=\"Quel est le r\u00f4le de la SCP dans le traitement des plaintes pour comportement contraire \u00e0 l\u2019\u00e9thique d\u00e9pos\u00e9es contre ses membres ou ses affili\u00e9s?\">\r\n                                    <span id=\"accordion-icons-1679432759792\" class=\"accordion-icons\">\r\n                        <span class=\"accordion-icon-active accordion-plus\"><i class=\"fa fas fa-chevron-up\"><\/i><\/span>\r\n                        <span class=\"accordion-icon-inactive accordion-minus\"><i class=\"fa fas fa-chevron-down\"><\/i><\/span>\r\n                    <\/span>\r\n                    <span id=\"header-text-1679432759792\" class=\"accordions-head-title\">Quel est le r\u00f4le de la SCP dans le traitement des plaintes pour comportement contraire \u00e0 l\u2019\u00e9thique d\u00e9pos\u00e9es contre ses membres ou ses affili\u00e9s?<\/span>\r\n                            <\/div>\r\n            <div class=\"accordion-content content1679432759792 \">\r\n                <p>Pour r\u00e9sumer, la SCP n\u2019a pas pour r\u00f4le de donner suite aux plaintes directes pour comportement contraire \u00e0 l\u2019\u00e9thique d\u00e9pos\u00e9es contre ses membres ou ses affili\u00e9s.<\/p>\n<p>La SCP est une association nationale b\u00e9n\u00e9vole qui compte parmi ses membres ou ses affili\u00e9s des scientifiques, des praticiens et des formateurs du domaine de la psychologie. La SCP n\u2019est pas un organisme de r\u00e9glementation; elle ne d\u00e9livre pas de permis d\u2019exercice ni d\u2019autorisation d\u2019exercer la psychologie au Canada \u00e0 ses membres ou \u00e0 ses affili\u00e9s. Cela incombe aux organismes provinciaux\/territoriaux de r\u00e9glementation de la psychologie conform\u00e9ment \u00e0 leurs lois respectives.<\/p>\n<p>La SCP n\u2019enqu\u00eate pas sur les plaintes relatives \u00e0 des comportements pr\u00e9sum\u00e9s contraires \u00e0 l\u2019\u00e9thique contre ses membres ou ses affili\u00e9s. Cela est bas\u00e9 sur le fait que la SCP n\u2019a pas de pouvoir ni de comp\u00e9tence r\u00e9glementaire en ce qui concerne la recherche en psychologie, l\u2019enseignement ou la pratique de la psychologie au Canada. Cela repose \u00e9galement sur le principe selon lequel l\u2019\u00e9quit\u00e9 et la justice sont mieux servies lorsque les enqu\u00eates et l\u2019examen des plaintes sont men\u00e9s le plus pr\u00e8s possible des parties et de la situation par des organes disposant du mandat l\u00e9gal, des ressources et des structures n\u00e9cessaires.<\/p>\n<p>Pour les m\u00eames raisons, la SCP ne conteste ni ne juge de nouveau les plaintes qui ont d\u00e9j\u00e0 \u00e9t\u00e9 trait\u00e9es par un organisme externe comp\u00e9tent (p. ex. un organisme de r\u00e9glementation professionnelle, le comit\u00e9 de discipline d\u2019une universit\u00e9, un tribunal). Dans le cas d\u2019une plainte fond\u00e9e contre un de ses membres ou de ses affili\u00e9s, la SCP examine les conclusions de l\u2019organisme externe et d\u00e9cide si la personne faisant l\u2019objet de cette plainte peut rester membre ou affili\u00e9 de la SCP.<\/p>\n            <\/div>\r\n    <\/div>\r\n\r\n\r\n\r\n            <\/div>\n<p><strong>Si vous avez des questions au sujet des renseignements pr\u00e9sent\u00e9s ci-dessus, veuillez communiquer avec l&#8217;agent d&#8217;\u00e9thique de la SCP \u00e0 <\/strong><a href=\"mailto:ethics@cpa.ca\"><strong>ethics@cpa.ca<\/strong><\/a><strong> ou au 1 888 464-472-0657, poste 1260.<\/strong><\/p>\n<p>NOTA\u00a0: en cas de divergence entre les renseignements pr\u00e9sent\u00e9s ci-dessus et toute disposition des <em>R\u00e8gles et proc\u00e9dures relatives au traitement des signalements de comportements contraires \u00e0 l\u2019\u00e9thique\u00a0<\/em> (<a href=\"https:\/\/cpa.ca\/fr\/aproposdelascp\/comites\/ethics\/comportementscontrairesalethique\/\"><strong>https:\/\/cpa.ca\/fr\/aproposdelascp\/comites\/ethics\/comportementscontrairesalethique\/&#8221;&gt;<\/strong><\/a>), les dispositions figurant dans les r\u00e8gles et proc\u00e9dures de la SCP pr\u00e9valent.<\/p>\n<p>Comit\u00e9 de d\u00e9ontologie<br \/>\nF\u00e9vrier 2023<\/p>\n","protected":false},"excerpt":{"rendered":"<p><!--more--><\/p>\n","protected":false},"author":2,"featured_media":0,"parent":2182,"menu_order":0,"comment_status":"closed","ping_status":"closed","template":"templates\/no-sidebar.php","meta":{"_acf_changed":false,"_monsterinsights_skip_tracking":false,"_monsterinsights_sitenote_active":false,"_monsterinsights_sitenote_note":"","_monsterinsights_sitenote_category":0,"footnotes":""},"class_list":["post-33969","page","type-page","status-publish","hentry"],"acf":[],"aioseo_notices":[],"publishpress_future_workflow_manual_trigger":{"enabledWorkflows":[]},"_links":{"self":[{"href":"https:\/\/cpa.ca\/fr\/wp-json\/wp\/v2\/pages\/33969","targetHints":{"allow":["GET"]}}],"collection":[{"href":"https:\/\/cpa.ca\/fr\/wp-json\/wp\/v2\/pages"}],"about":[{"href":"https:\/\/cpa.ca\/fr\/wp-json\/wp\/v2\/types\/page"}],"author":[{"embeddable":true,"href":"https:\/\/cpa.ca\/fr\/wp-json\/wp\/v2\/users\/2"}],"replies":[{"embeddable":true,"href":"https:\/\/cpa.ca\/fr\/wp-json\/wp\/v2\/comments?post=33969"}],"version-history":[{"count":4,"href":"https:\/\/cpa.ca\/fr\/wp-json\/wp\/v2\/pages\/33969\/revisions"}],"predecessor-version":[{"id":40921,"href":"https:\/\/cpa.ca\/fr\/wp-json\/wp\/v2\/pages\/33969\/revisions\/40921"}],"up":[{"embeddable":true,"href":"https:\/\/cpa.ca\/fr\/wp-json\/wp\/v2\/pages\/2182"}],"wp:attachment":[{"href":"https:\/\/cpa.ca\/fr\/wp-json\/wp\/v2\/media?parent=33969"}],"curies":[{"name":"wp","href":"https:\/\/api.w.org\/{rel}","templated":true}]}}