{"id":3566,"date":"2014-10-17T20:00:24","date_gmt":"2014-10-18T00:00:24","guid":{"rendered":"https:\/\/cpa.ca\/sections\/healthpsychology\/"},"modified":"2025-06-26T13:02:43","modified_gmt":"2025-06-26T17:02:43","slug":"healthpsychology","status":"publish","type":"page","link":"https:\/\/cpa.ca\/fr\/sections\/healthpsychology\/","title":{"rendered":"Psychologie de la sant\u00e9 et m\u00e9decine du comportement"},"content":{"rendered":"<div class=\"textwrapright\" style=\"border: thin silver solid; padding: 5px; max-width: 250px;\"><!--\n\n\n<h3><a href=\"https:\/\/cpa.ca\/fr\/sections\/healthpsychology\/\">Health Psychology and Behavioural Medicine<\/a><\/h3>\n\n\n--><\/p>\n<h3><a href=\"https:\/\/cpa.ca\/fr\/sections\/healthpsychology\/executive\/\">Comit\u00e9 ex\u00e9cutif<\/a><\/h3>\n<h3><a href=\"https:\/\/cpa.ca\/fr\/sections\/healthpsychology\/publications\/\">Health Notes Newsletter<\/a><\/h3>\n<h3><a href=\"https:\/\/cpa.ca\/fr\/sections\/healthpsychology\/awards\/\">Prix et bourses<\/a><\/h3>\n<h3><a href=\"https:\/\/cpa.ca\/fr\/sections\/healthpsychology\/links\/\">Liens<\/a><\/h3>\n<h3><a href=\"https:\/\/cpa.ca\/fr\/membership\/becomeamemberofcpa\/\">Devenez membre de la SCP<\/a><\/h3>\n<\/div>\n<p><img loading=\"lazy\" decoding=\"async\" style=\"float: left; padding: 10px;\" src=\"\/stockphotos\/3240227M.jpg\" alt=\"Health Psychology and Behavioural Medicine Section\" width=\"130\" height=\"130\" \/><!----<img decoding=\"async\" class=\"textwrapleft\" style=\"max-height: 220px; padding-left: 50px;\" src=\"\/\/cpa.ca\/docs\/File\/Sections\/Health\/SheilaGarland.jpg\" alt=\"Dr. Sheila Garland\" \/>----><\/p>\n<h4 style=\"display: inline-block;\">Pr\u00e9sidente : D<sup>re<\/sup> Kharah Ross<\/h4>\n<p>Athabasca University<br \/>\nCourriel : <a href=\"mailto:kharahr@athabascau.ca\">kharahr@athabascau.ca<\/a><\/p>\n<h4>Mission de la section :<\/h4>\n<p>La section de <!-- -->la sant\u00e9 et m\u00e9decine du comportement <!--la psychologie de la sant&eacute; -->au sein de la Soci\u00e9t\u00e9 canadienne de psychologie (SCP)\u00a0a pour objectif de fournir des informations pertinentes concernant la recherche et la pratique actuelle, ainsi que de regrouper\u00a0les chercheurs et les cliniciens oeuvrant dans ce domaine. La psychologie de la sant\u00e9 implique d&#8217;int\u00e9grer une compr\u00e9hension quant \u00e0 la fa\u00e7on dont l&#8217;esprit, le corps et les comportements interagissent\u00a0avec le bien-\u00eatre et la maladie. Plus pr\u00e9cis\u00e9ment, la recherche clinique et exp\u00e9rimentale dans ce domaine d&#8217;\u00e9tude permet l&#8217;\u00e9laboration de recommandations en sant\u00e9 publique, ainsi qu&#8217;au plan des interventions cliniques. Les int\u00e9r\u00eats de nos membres couvrent un large \u00e9ventail de sujets, allant de la psychophysiologie \u00e0\u00a0la douleur chronique, jusqu&#8217;\u00e0 l&#8217;adh\u00e9rence \u00e0 la m\u00e9dication.<\/p>\n<p>La section de <!-- -->la sant\u00e9 et m\u00e9decine du comportement <!--la psychologie de la sant&eacute; -->publie un bulletin d&#8217;information appel\u00e9 \u00abHealth Notes\u00bb qui aborde\u00a0divers sujets d&#8217;int\u00e9r\u00eats li\u00e9s \u00e0 la sant\u00e9 et passe en revue les \u00e9v\u00e9nements r\u00e9cents se produisant au Canada et au plan international.<\/p>\n<h4>Suivez-nous :<\/h4>\n<div class=\"social-media-menu\" style=\"max-width: 200px;\">\n<ul id=\"menu-social-media\" class=\"menu\">\n<li id=\"menu-item-1017\" class=\"facebook menu-item menu-item-type-custom menu-item-object-custom menu-item-1017\"><a href=\"https:\/\/www.facebook.com\/cpa.health.section\/\"><i class=\"fab fa-facebook-f\"><\/i><\/a><\/li>\n<li id=\"menu-item-1018\" class=\"twitter menu-item menu-item-type-custom menu-item-object-custom menu-item-1018\"><a href=\"https:\/\/twitter.com\/CPA_Health\"><i class=\"fab fa-twitter\"><\/i><\/a><\/li>\n<\/ul>\n<\/ul>\n<\/div>\n","protected":false},"excerpt":{"rendered":"<p> <!--more--><\/p>\n","protected":false},"author":2,"featured_media":0,"parent":2692,"menu_order":0,"comment_status":"closed","ping_status":"closed","template":"templates\/no-sidebar.php","meta":{"_acf_changed":false,"_monsterinsights_skip_tracking":false,"_monsterinsights_sitenote_active":false,"_monsterinsights_sitenote_note":"","_monsterinsights_sitenote_category":0,"footnotes":""},"class_list":["post-3566","page","type-page","status-publish","hentry"],"acf":[],"aioseo_notices":[],"publishpress_future_workflow_manual_trigger":{"enabledWorkflows":[]},"_links":{"self":[{"href":"https:\/\/cpa.ca\/fr\/wp-json\/wp\/v2\/pages\/3566","targetHints":{"allow":["GET"]}}],"collection":[{"href":"https:\/\/cpa.ca\/fr\/wp-json\/wp\/v2\/pages"}],"about":[{"href":"https:\/\/cpa.ca\/fr\/wp-json\/wp\/v2\/types\/page"}],"author":[{"embeddable":true,"href":"https:\/\/cpa.ca\/fr\/wp-json\/wp\/v2\/users\/2"}],"replies":[{"embeddable":true,"href":"https:\/\/cpa.ca\/fr\/wp-json\/wp\/v2\/comments?post=3566"}],"version-history":[{"count":6,"href":"https:\/\/cpa.ca\/fr\/wp-json\/wp\/v2\/pages\/3566\/revisions"}],"predecessor-version":[{"id":43472,"href":"https:\/\/cpa.ca\/fr\/wp-json\/wp\/v2\/pages\/3566\/revisions\/43472"}],"up":[{"embeddable":true,"href":"https:\/\/cpa.ca\/fr\/wp-json\/wp\/v2\/pages\/2692"}],"wp:attachment":[{"href":"https:\/\/cpa.ca\/fr\/wp-json\/wp\/v2\/media?parent=3566"}],"curies":[{"name":"wp","href":"https:\/\/api.w.org\/{rel}","templated":true}]}}