{"id":3573,"date":"2016-07-19T14:06:11","date_gmt":"2016-07-19T18:06:11","guid":{"rendered":"https:\/\/cpa.ca\/sections\/healthpsychology\/executive\/"},"modified":"2025-10-22T11:25:38","modified_gmt":"2025-10-22T15:25:38","slug":"executive","status":"publish","type":"page","link":"https:\/\/cpa.ca\/fr\/sections\/healthpsychology\/executive\/","title":{"rendered":"Psychologie de la sant\u00e9 et m\u00e9decine du comportement : comit\u00e9 ex\u00e9cutif"},"content":{"rendered":"<div class=\"textwrapright\" style=\"border: thin silver solid; padding: 5px; max-width: 250px;\">\n<h3><a href=\"https:\/\/cpa.ca\/fr\/sections\/healthpsychology\/\">Psychologie de la sant\u00e9 et m\u00e9decine du comportement<\/a><\/h3>\n<p><!--\n\n\n<h3><a href=\"https:\/\/cpa.ca\/fr\/sections\/healthpsychology\/executive\/\">Section Executive<\/a><\/h3>\n\n\n--><\/p>\n<h3><a href=\"https:\/\/cpa.ca\/fr\/sections\/healthpsychology\/publications\/\">bulletin d\u2019information<\/a><\/h3>\n<h3><a href=\"https:\/\/cpa.ca\/fr\/sections\/healthpsychology\/awards\/\">prix et bourses<\/a><\/h3>\n<h3><a href=\"https:\/\/cpa.ca\/fr\/sections\/healthpsychology\/links\/\">liens<\/a><\/h3>\n<h3><a href=\"https:\/\/cpa.ca\/fr\/adhesion\/devenezmembre\/\">Devenez membre de la SCP<\/a><\/h3>\n<\/div>\n<p><!--https:\/\/cpa.ca\/images\/AnonUser.jpg--><\/p>\n<div class=\"exec\" style=\"border-bottom: #EEE thin solid; padding-top: 10px; padding-left: 2px; display: inline-block; padding-right: 2px; min-width: 600px;\">\n<div class=\"imgcontainer\" style=\"float: left; padding: 5px;\"><img decoding=\"async\" style=\"max-height: 275px; border-radius: 30px;\" src=\"https:\/\/cpa.ca\/docs\/File\/Sections\/Health\/Kharah Ross.png\" alt=\"Dr. Kharah Ross\" \/><\/div>\n<h4 style=\"display: inline-block;\">Pr\u00e9sident<\/h4>\n<div class=\"textcontainer\" style=\"width: 100%;\">\n<h4 style=\"display: inline;\">Dre Kharah Ross<\/h4>\n<p>Athabasca University<br \/>\nEmail: <a href=\"mailto:kharahr@athabascau.ca\">kharahr@athabascau.ca<\/a><\/p>\n<p>&nbsp;<\/p>\n<p>&nbsp;<\/p>\n<p>&nbsp;<\/p>\n<\/div>\n<\/div>\n<article style=\"-webkit-column-width: 450px; -moz-column-width: 450px; column-width: 450px;\">\n<div class=\"exec\" style=\"border-bottom: #CCC thin solid; padding-top: 10px; padding-left: 2px; display: inline-block; padding-right: 2px; -webkit-column-break-inside: avoid; page-break-inside: avoid; break-inside: avoid; min-height: 200px; min-width: 450px;\">\n<div class=\"imgcontainer\" style=\"float: left; padding: 5px;\"><img decoding=\"async\" style=\"max-height: 175px; border-radius: 30px;\" src=\"https:\/\/cpa.ca\/docs\/File\/Sections\/Health\/SheilaGarland.jpg\" alt=\"Dr. Sheila Garland\" \/><\/div>\n<h4 style=\"display: inline-block;\">Ancien pr\u00e9sident :<\/h4>\n<div class=\"textcontainer\" style=\"width: 100%;\">\n<h4 style=\"display: inline;\">Dre Sheila Garland<\/h4>\n<p>Memorial University<br \/>\nEmail: <a href=\"mailto:sheila.garland@mun.ca\">sheila.garland@mun.ca<\/a><\/p>\n<\/div>\n<\/div>\n<div class=\"exec\" style=\"border-bottom: #CCC thin solid; padding-top: 10px; padding-left: 2px; display: inline-block; padding-right: 2px; -webkit-column-break-inside: avoid; page-break-inside: avoid; break-inside: avoid; min-height: 200px; min-width: 450px;\">\n<div class=\"imgcontainer\" style=\"float: left; padding: 5px;\"><img decoding=\"async\" style=\"max-height: 175px; border-radius: 30px;\" src=\"https:\/\/cpa.ca\/docs\/File\/Sections\/Health\/Joshua Rash.jpg\" alt=\"Joshua Rash\" \/><\/div>\n<h4 style=\"display: inline-block;\">Secr\u00e9taire\/tr\u00e9sorier :<\/h4>\n<div class=\"textcontainer\" style=\"width: 100%;\">\n<h4 style=\"display: inline;\">Joshua Rash<\/h4>\n<p>Memorial<br \/>\nE-mail: <a href=\"mailto:jarash@mun.ca\">jarash@mun.ca<\/a><\/p>\n<\/div>\n<\/div>\n<div class=\"exec\" style=\"border-bottom: #CCC thin solid; padding-top: 10px; padding-left: 2px; display: inline-block; padding-right: 2px; -webkit-column-break-inside: avoid; page-break-inside: avoid; break-inside: avoid; min-height: 200px; min-width: 450px;\">\n<div class=\"imgcontainer\" style=\"float: left; padding: 5px;\"><img decoding=\"async\" style=\"max-height: 175px; border-radius: 30px;\" src=\"https:\/\/cpa.ca\/docs\/File\/Sections\/Health\/Codie Rouleau.png\" alt=\"Codie Rouleau\" \/><\/div>\n<h4 style=\"display: inline-block;\">Liaison clinique :<\/h4>\n<div class=\"textcontainer\" style=\"width: 100%;\">\n<h4 style=\"display: inline;\">Codie Rouleau<\/h4>\n<p>uCalgary<br \/>\nE-mail: <a href=\"mailto:crroulea@ucalgary.ca\">crroulea@ucalgary.ca<\/a><\/p>\n<\/div>\n<\/div>\n<div class=\"exec\" style=\"border-bottom: #CCC thin solid; padding-top: 10px; padding-left: 2px; display: inline-block; padding-right: 2px; -webkit-column-break-inside: avoid; page-break-inside: avoid; break-inside: avoid; min-height: 200px; min-width: 450px;\">\n<div class=\"imgcontainer\" style=\"float: left; padding: 5px;\"><img decoding=\"async\" style=\"max-height: 175px; border-radius: 30px;\" src=\"https:\/\/cpa.ca\/docs\/File\/Sections\/Health\/Rachel Burns.jpg\" alt=\"Rachel Burns\" \/><\/div>\n<h4 style=\"display: inline-block;\">Copr\u00e9sident du congr\u00e8s :<\/h4>\n<div class=\"textcontainer\" style=\"width: 100%;\">\n<h4 style=\"display: inline;\">Rachel Burns<\/h4>\n<p>Carleton<br \/>\nEmail: <a href=\"mailto:rachelburns@cunet.carleton.ca\">rachelburns@cunet.carleton.ca<\/a><\/p>\n<\/div>\n<\/div>\n<div class=\"exec\" style=\"border-bottom: #CCC thin solid; padding-top: 10px; padding-left: 2px; display: inline-block; padding-right: 2px; -webkit-column-break-inside: avoid; page-break-inside: avoid; break-inside: avoid; min-height: 200px; min-width: 450px;\">\n<div class=\"imgcontainer\" style=\"float: left; padding: 5px;\"><img decoding=\"async\" style=\"max-height: 175px; border-radius: 30px;\" src=\"https:\/\/cpa.ca\/docs\/File\/Sections\/Health\/JenniferGordon.jpg\" alt=\"Jennifer Gordon\" \/><\/div>\n<h4 style=\"display: inline-block;\">Copr\u00e9sident du congr\u00e8s :<\/h4>\n<div class=\"textcontainer\" style=\"width: 100%;\">\n<h4 style=\"display: inline;\">Jennifer Gordon<\/h4>\n<p>uRegina<br \/>\nEmail: <a href=\"mailto:Jennifer.Gordon@uregina.ca\">Jennifer.Gordon@uregina.ca<\/a><\/p>\n<\/div>\n<\/div>\n<div class=\"exec\" style=\"border-bottom: #CCC thin solid; padding-top: 10px; padding-left: 2px; display: inline-block; padding-right: 2px; -webkit-column-break-inside: avoid; page-break-inside: avoid; break-inside: avoid; min-height: 200px; min-width: 450px;\">\n<div class=\"imgcontainer\" style=\"float: left; padding: 5px;\"><img decoding=\"async\" style=\"max-height: 175px; border-radius: 30px;\" src=\"https:\/\/cpa.ca\/images\/AnonUser.jpg\" alt=\"TBD\" \/><\/div>\n<h4 style=\"display: inline-block;\">Membership Officer<\/h4>\n<div class=\"textcontainer\" style=\"width: 100%;\">\n<h4 style=\"display: inline;\">Toi?<\/h4>\n<p><!---uXXXXXXXXXX\nEmail: <a href=\"mailto:kharahXXXXXca\">XXXXahr@XXXXau.ca<\/a>---><\/p>\n<\/div>\n<\/div>\n<p><!--- --><\/p>\n<div class=\"exec\" style=\"border-bottom: #CCC thin solid; padding-top: 10px; padding-left: 2px; display: inline-block; padding-right: 2px; -webkit-column-break-inside: avoid; page-break-inside: avoid; break-inside: avoid; min-height: 200px; min-width: 450px;\">\n<div class=\"imgcontainer\" style=\"float: left; padding: 5px;\"><img decoding=\"async\" style=\"max-height: 175px; border-radius: 30px;\" src=\"https:\/\/cpa.ca\/docs\/File\/Sections\/Health\/VincentGosselinBoucher.jpg\" alt=\"Vincent Gosselin-Boucher\" \/><\/div>\n<h4 style=\"display: inline-block;\">\u00c9diteur de bulletin :<\/h4>\n<div class=\"textcontainer\" style=\"width: 100%;\">\n<h4 style=\"display: inline;\">Vincent Gosselin-Boucher<\/h4>\n<p>UQAM\/MSSS<br \/>\nE-mail: <a href=\"mailto:vincent.gosselin.boucher@gmail.com\">vincent.gosselin.boucher@gmail.com<\/a><\/p>\n<\/div>\n<\/div>\n<div class=\"exec\" style=\"border-bottom: #CCC thin solid; padding-top: 10px; padding-left: 2px; display: inline-block; padding-right: 2px; -webkit-column-break-inside: avoid; page-break-inside: avoid; break-inside: avoid; min-height: 200px; min-width: 450px;\">\n<div class=\"imgcontainer\" style=\"float: left; padding: 5px;\"><img decoding=\"async\" style=\"max-height: 175px; border-radius: 30px;\" src=\"https:\/\/cpa.ca\/docs\/File\/Sections\/Health\/Cheryl M. Trask.jpg\" alt=\"Cheryl M. Trask\" \/><\/div>\n<h4 style=\"display: inline-block;\">Copr\u00e9sidente du groupe D\u00e9but de carri\u00e8re :<\/h4>\n<div class=\"textcontainer\" style=\"width: 100%;\">\n<h4 style=\"display: inline;\">Cheryl Trask<\/h4>\n<p>University of Saskatchewan<br \/>\nEmail: <a href=\"mailto:cheryl.trask@usask.ca\">cheryl.trask@usask.ca<\/a><\/p>\n<\/div>\n<\/div>\n<div class=\"exec\" style=\"border-bottom: #CCC thin solid; padding-top: 10px; padding-left: 2px; display: inline-block; padding-right: 2px; -webkit-column-break-inside: avoid; page-break-inside: avoid; break-inside: avoid; min-height: 200px; min-width: 450px;\">\n<h4 style=\"display: inline-block;\">Copr\u00e9sident du groupe D\u00e9but de carri\u00e8re :<\/h4>\n<div class=\"imgcontainer\" style=\"float: left; padding: 5px;\"><img decoding=\"async\" style=\"max-height: 175px; border-radius: 30px;\" src=\"https:\/\/cpa.ca\/docs\/File\/Sections\/Health\/Joshua Tulk.jpg\" alt=\"Joshua Tulk\" \/><\/div>\n<div class=\"textcontainer\" style=\"width: 100%;\">\n<h4 style=\"display: inline;\">Joshua Tulk<\/h4>\n<p>University of Calgary<br \/>\nEmail: <a href=\"mailto:joshua.tulk@ucalgary.ca\">joshua.tulk@ucalgary.ca<\/a><\/p>\n<\/div>\n<\/div>\n<div class=\"exec\" style=\"border-bottom: #CCC thin solid; padding-top: 10px; padding-left: 2px; display: inline-block; padding-right: 2px; -webkit-column-break-inside: avoid; page-break-inside: avoid; break-inside: avoid; min-height: 200px; min-width: 450px;\">\n<div class=\"imgcontainer\" style=\"float: left; padding: 5px;\"><img decoding=\"async\" style=\"max-height: 175px; border-radius: 30px;\" src=\"https:\/\/cpa.ca\/docs\/File\/Sections\/Health\/Tavis Campbell.png\" alt=\"Tavis Campbell\" \/><\/div>\n<h4 style=\"display: inline-block;\">Membre en g\u00e9n\u00e9ral :<\/h4>\n<div class=\"textcontainer\" style=\"width: 100%;\">\n<h4 style=\"display: inline;\">Tavis Campbell<\/h4>\n<p>uCalgary<br \/>\nE-mail: <a href=\"mailto:campbet@ucalgary.ca\">campbet@ucalgary.ca<\/a><\/p>\n<\/div>\n<\/div>\n<div class=\"exec\" style=\"border-bottom: #CCC thin solid; padding-top: 10px; padding-left: 2px; display: inline-block; padding-right: 2px; -webkit-column-break-inside: avoid; page-break-inside: avoid; break-inside: avoid; min-height: 200px; min-width: 450px;\">\n<div class=\"imgcontainer\" style=\"float: left; padding: 5px;\"><img decoding=\"async\" style=\"max-height: 175px; border-radius: 30px;\" src=\"https:\/\/cpa.ca\/docs\/File\/Sections\/Health\/Kim Lavoie.jpg\" alt=\"Kim Lavoie\" \/><\/div>\n<h4 style=\"display: inline-block;\">Membre en g\u00e9n\u00e9ral :<\/h4>\n<div class=\"textcontainer\" style=\"width: 100%;\">\n<h4 style=\"display: inline;\">Kim Lavoie<\/h4>\n<p>UQAM<br \/>\nE-mail: <a href=\"mailto:kim.lavoie@mbmc-cmcm.ca\">kim.lavoie@mbmc-cmcm.ca<\/a><\/p>\n<\/div>\n<\/div>\n<div class=\"exec\" style=\"border-bottom: #CCC thin solid; padding-top: 10px; padding-left: 2px; display: inline-block; padding-right: 2px; -webkit-column-break-inside: avoid; page-break-inside: avoid; break-inside: avoid; min-height: 200px; min-width: 450px;\">\n<div class=\"imgcontainer\" style=\"float: left; padding: 5px;\"><img decoding=\"async\" style=\"max-height: 175px; border-radius: 30px;\" src=\"https:\/\/cpa.ca\/docs\/File\/Sections\/Health\/JustinPresseau.jpg\" alt=\"Justin Presseau\" \/><\/div>\n<h4 style=\"display: inline-block;\">Membre en g\u00e9n\u00e9ral :<\/h4>\n<div class=\"textcontainer\" style=\"width: 100%;\">\n<h4 style=\"display: inline;\">Justin Presseau<\/h4>\n<p>uOttawa\/OHRI<br \/>\nE-mail: <a href=\"mailto:jpresseau@ohri.ca\">jpresseau@ohri.ca<\/a><\/p>\n<\/div>\n<\/div>\n<div class=\"exec\" style=\"border-bottom: #CCC thin solid; padding-top: 10px; padding-left: 2px; display: inline-block; padding-right: 2px; -webkit-column-break-inside: avoid; page-break-inside: avoid; break-inside: avoid; min-height: 200px; min-width: 450px;\">\n<div class=\"imgcontainer\" style=\"float: left; padding: 5px;\"><img decoding=\"async\" style=\"max-height: 175px; border-radius: 30px;\" src=\"https:\/\/cpa.ca\/docs\/File\/Sections\/Health\/Ashley Balsom.jpg\" alt=\"Ashley Balsom\" \/><\/div>\n<h4 style=\"display: inline-block;\">Pr\u00e9sident des prix :<\/h4>\n<div class=\"textcontainer\" style=\"width: 100%;\">\n<h4 style=\"display: inline;\">Ashley Balsom<\/h4>\n<p>Memorial<br \/>\nE-mail: <a href=\"mailto:ashleyannebalsom@gmail.com\">ashleyannebalsom@gmail.com<\/a><\/p>\n<\/div>\n<\/div>\n<p><!---\n\n\n<div style=\"-webkit-column-break-inside: avoid; page-break-inside: avoid; break-inside: avoid;\">\n\n\n<h4>Program Chairs:<\/h4>\n\n\n<strong>Kharah Ross<\/strong>\nE-mail: <a href=\"mailto:kharahr@athabascau.ca\">kharahr@athabascau.ca<\/a>\n<strong>Eric Kim<\/strong>\nE-mail: <a href=\"mailto:eric.kim@psych.ubc.ca\">eric.kim@psych.ubc.ca<\/a>\n\n<\/div>\n\n\n\n\n<div style=\"-webkit-column-break-inside: avoid; page-break-inside: avoid; break-inside: avoid;\">\n\n\n<h4>Members At Large:<\/h4>\n\n\n<strong>Dr. Justin Presseau<\/strong>\n\n<strong>Tavis Campbell<\/strong>\n\n<strong>Kim Lavoie<\/strong>\n\n<\/div>\n\n\n\n\n<div style=\"-webkit-column-break-inside: avoid; page-break-inside: avoid; break-inside: avoid;\">\n\n\n<h4>Newsletter editor:<\/h4>\n\n\n<strong>Jennifer Gordon<\/strong>\nE-mail: <a href=\"mailto:Jennifer.Gordon@uregina.ca\">Jennifer.Gordon@uregina.ca<\/a>\n\n<\/div>\n\n\n\n\n<div style=\"-webkit-column-break-inside: avoid; page-break-inside: avoid; break-inside: avoid;\">\n\n\n<h4>Awards Chair:<\/h4>\n\n\n<strong>Eric Kim<\/strong>\nE-mail: <a href=\"mailto:eric.kim@psych.ubc.ca\">eric.kim@psych.ubc.ca<\/a>\n\n<\/div>\n\n\n\n\n<div style=\"-webkit-column-break-inside: avoid; page-break-inside: avoid; break-inside: avoid;\">\n\n\n<h4>Early Career Group Co-Chairs:<\/h4>\n\n\n<strong>Vincent Gosselin-Boucher<\/strong>\nE-mail: <a href=\"mailto:vincent.gosselin.boucher@gmail.com\">vincent.gosselin.boucher@gmail.com<\/a>\n<strong>Ashley Balsom<\/strong>\nE-mail: <a href=\"mailto:ashleyannebalsom@gmail.com\">ashleyannebalsom@gmail.com<\/a>\n\n<\/div>\n\n\n\n\n<div style=\"-webkit-column-break-inside: avoid; page-break-inside: avoid; break-inside: avoid;\"><\/div>\n\n\n--------><\/p>\n<\/article>\n","protected":false},"excerpt":{"rendered":"<p>Psychologie de la sant\u00e9 et m\u00e9decine du comportement bulletin d\u2019information prix et bourses liens Devenez membre de la SCP Pr\u00e9sident Dre Kharah Ross Athabasca University Email: kharahr@athabascau.ca &nbsp; &nbsp; &nbsp; Ancien pr\u00e9sident : Dre Sheila Garland Memorial University Email: sheila.garland@mun.ca Secr\u00e9taire\/tr\u00e9sorier : Joshua Rash Memorial E-mail: jarash@mun.ca Liaison clinique : Codie Rouleau uCalgary E-mail: crroulea@ucalgary.ca [&hellip;]<\/p>\n","protected":false},"author":2,"featured_media":0,"parent":3566,"menu_order":0,"comment_status":"closed","ping_status":"closed","template":"templates\/no-sidebar.php","meta":{"_acf_changed":false,"_monsterinsights_skip_tracking":false,"_monsterinsights_sitenote_active":false,"_monsterinsights_sitenote_note":"","_monsterinsights_sitenote_category":0,"footnotes":""},"class_list":["post-3573","page","type-page","status-publish","hentry"],"acf":[],"aioseo_notices":[],"publishpress_future_workflow_manual_trigger":{"enabledWorkflows":[]},"_links":{"self":[{"href":"https:\/\/cpa.ca\/fr\/wp-json\/wp\/v2\/pages\/3573","targetHints":{"allow":["GET"]}}],"collection":[{"href":"https:\/\/cpa.ca\/fr\/wp-json\/wp\/v2\/pages"}],"about":[{"href":"https:\/\/cpa.ca\/fr\/wp-json\/wp\/v2\/types\/page"}],"author":[{"embeddable":true,"href":"https:\/\/cpa.ca\/fr\/wp-json\/wp\/v2\/users\/2"}],"replies":[{"embeddable":true,"href":"https:\/\/cpa.ca\/fr\/wp-json\/wp\/v2\/comments?post=3573"}],"version-history":[{"count":6,"href":"https:\/\/cpa.ca\/fr\/wp-json\/wp\/v2\/pages\/3573\/revisions"}],"predecessor-version":[{"id":44749,"href":"https:\/\/cpa.ca\/fr\/wp-json\/wp\/v2\/pages\/3573\/revisions\/44749"}],"up":[{"embeddable":true,"href":"https:\/\/cpa.ca\/fr\/wp-json\/wp\/v2\/pages\/3566"}],"wp:attachment":[{"href":"https:\/\/cpa.ca\/fr\/wp-json\/wp\/v2\/media?parent=3573"}],"curies":[{"name":"wp","href":"https:\/\/api.w.org\/{rel}","templated":true}]}}