{"id":3583,"date":"2015-11-24T14:16:39","date_gmt":"2015-11-24T19:16:39","guid":{"rendered":"https:\/\/cpa.ca\/sections\/healthpsychology\/publications\/"},"modified":"2025-12-19T14:42:05","modified_gmt":"2025-12-19T19:42:05","slug":"publications","status":"publish","type":"page","link":"https:\/\/cpa.ca\/fr\/sections\/healthpsychology\/publications\/","title":{"rendered":"<a href=\"https:\/\/cpa.ca\/sections\/healthpsychology\/publications\/\">Health Notes Newsletter<\/a>"},"content":{"rendered":"<div class=\"textwrapright\" style=\"border: thin silver solid; padding: 5px; max-width: 250px; background-color: #fff;\">\n<h3><a href=\"https:\/\/cpa.ca\/fr\/sections\/healthpsychology\/\">Health Psychology and Behavioural Medicine<\/a><\/h3>\n<h3><a href=\"https:\/\/cpa.ca\/fr\/sections\/healthpsychology\/executive\/\">Section Executive<\/a><\/h3>\n<h3><a href=\"https:\/\/cpa.ca\/fr\/sections\/healthpsychology\/publications\/\">Health Notes Newsletter<\/a><\/h3>\n<h3><a href=\"https:\/\/cpa.ca\/fr\/sections\/healthpsychology\/awards\/\">Awards<\/a><\/h3>\n<p><!--\n\n\n<h3><a href=\"https:\/\/cpa.ca\/fr\/sections\/healthpsychology\/links\/\">Links<\/a><\/h3>\n\n\n--><\/p>\n<h3><a href=\"https:\/\/cpa.ca\/fr\/adhesion\/devenezmembre\/\">Become A Member of the CPA<\/a><\/h3>\n<\/div>\n<div style=\"max-width: 870px; border: thick #992f2b solid; padding: 5px; background-color: #ffffff;\">\n<div style=\"max-width: 860px; padding: 10px; background-color: #ffffff;\"><span style=\"font-family: Verdana; font-weight: bold; font-size: 32pt; color: #b02d26; line-height: normal; margin: none;\">Health Notes<\/span><br \/>\n<span style=\"color: #b02d26; font-weight: bold; font-size: 16pt; line-height: normal; margin: none;\">December 2025<\/span><br \/>\n<span style=\"float: right; color: #b02d26; font-weight: bold; font-size: 11pt; line-height: normal; margin: none;\">Volume 16, Issue 2<\/span><\/p>\n<div class=\"textwrapright\" style=\"max-height: 150px; background: white;\"><img decoding=\"async\" style=\"max-height: 135px;\" src=\"\/docs\/Image\/logo\/CPA_LOGO_white.png\" alt=\"CPA Logo\" \/>\n<\/div>\n<div style=\"background-color: #b02d26; padding: 5px;\">\n<p><span style=\"color: #fefefe; line-height: normal; margin: none; font-size: x-large;\">CPA Health Psychology and Behavioural Medicine Section Newsletter<\/span><\/p>\n<p style=\"color: #fefefe; text-align: right; line-height: normal; margin: none; font-size: medium;\">Edited by Vincent Gosselin Boucher, PhD<\/p>\n<\/div>\n<\/div>\n<div class=\"textwrapright\" style=\"max-width: 210px; padding: 10px;\">\n<p><img decoding=\"async\" style=\"max-width: 200px;\" src=\"https:\/\/cpa.ca\/docs\/File\/Sections\/Health\/VincentGosselinBoucher.jpg\" alt=\"Dr. Vincent Gosselin Boucher\" \/><\/p>\n<p style=\"font-size: smaller; font-weight: bolder; line-height: 99%; margin-top: -5px;\">Vincent Gosselin Boucher, PhD.<br \/>\n<em>Health Notes<\/em> Editor<\/p>\n<\/div>\n<h3 style=\"display: inline-block; font-family: Verdana; font-weight: bold; font-size: 22pt;\">In This Issue<\/h3>\n<ul style=\"font-size: larger;\">\n<li><a href=\"\/docs\/File\/Sections\/Health\/2025-Fall\/CPA_HealthSection_News_Fall2025_Message.pdf\" target=\"_blank\" rel=\"noopener noreferrer\"><strong>Message from the Editor<\/strong>: Vincent Gosselin Boucher<\/a><\/li>\n<li><a href=\"\/docs\/File\/Sections\/Health\/2025-Fall\/CPA_HealthSection_News_Fall2025_CPA2026.pdf\" target=\"_blank\" rel=\"noopener noreferrer\"><strong>CPA Call for Abstracts<\/strong><\/a><\/li>\n<li><a href=\"\/docs\/File\/Sections\/Health\/2025-Fall\/CPA_HealthSection_News_Fall2025_ECI Award.pdf\" target=\"_blank\" rel=\"noopener noreferrer\"><strong>Call for Early-Career Investigator Award Nominations<\/strong><\/a><\/li>\n<li><a href=\"\/docs\/File\/Sections\/Health\/2025-Fall\/CPA_HealthSection_News_Fall2025_ORBIT.pdf\" target=\"_blank\" rel=\"noopener noreferrer\"><strong>Training Opportunity: ORBIT Institute<\/strong><\/a><\/li>\n<li><a href=\"\/docs\/File\/Sections\/Health\/2025-Fall\/CPA_HealthSection_News_Fall2025_Article_Enfants-a-la-table.pdf\" target=\"_blank\" rel=\"noopener noreferrer\"><strong>Article: Inviter les enfants \u00e0 la table des d\u00e9cisions en sant\u00e9<\/strong><\/a><\/li>\n<li><a href=\"\/docs\/File\/Sections\/Health\/2025-Fall\/CPA_HealthSection_News_Fall2025_iCARE.pdf\" target=\"_blank\" rel=\"noopener noreferrer\"><strong>iCARE platform: Funding Announcement and Scholarship<\/strong><\/a><\/li>\n<li><a href=\"\/docs\/File\/Sections\/Health\/2025-Fall\/CPA_HealthSection_News_Fall2025_Opportunities.pdf\" target=\"_blank\" rel=\"noopener noreferrer\"><strong>Opportunities<\/strong>: <\/a>\n<ul style=\"font-size:medium;\">\n<li>IBTN Conference 2026: Call for Abstracts + Award Nominations<\/li>\n<li>2026 CIHR-IGH Summer Institute in Sex and Gender+ Science<\/li>\n<li>Conference: Intervention Optimization<\/li>\n<li>Other Opportunities: Calls for Abstracts, Obesity Summit, and HBIC International Travel Award Competition<\/li>\n<\/ul>\n<\/li>\n<li><a href=\"\/docs\/File\/Sections\/Health\/2025-Fall\/CPA_HealthSection_News_Fall2025_JobPosting-Manitoba.pdf\" target=\"_blank\" rel=\"noopener noreferrer\"><strong>Positions at Clinical Health Psychology (Manitoba)<\/strong><\/a><\/li>\n<\/ul>\n<\/div>\n<hr \/>\n<h4><a href=\"\/docs\/File\/Sections\/Health\/2025-Fall\/CPA_HealthSection_News_Fall2025_final.pdf\" target=\"_blank\" rel=\"noopener noreferrer\"><u>Click Here<\/u><\/a> to download the entire Fall 2025 issue of <em>Health Notes<\/em>.<\/h4>\n<h4><a href=\"https:\/\/cpa.ca\/fr\/sections\/healthpsychology\/publications\/health-notes-past-issues\/\"><u>Click here<\/u><\/a> for past issues of our newsletter.<\/h4>\n","protected":false},"excerpt":{"rendered":"<p><!--more--><\/p>\n","protected":false},"author":2,"featured_media":0,"parent":3566,"menu_order":0,"comment_status":"closed","ping_status":"closed","template":"templates\/no-sidebar.php","meta":{"_acf_changed":false,"_monsterinsights_skip_tracking":false,"_monsterinsights_sitenote_active":false,"_monsterinsights_sitenote_note":"","_monsterinsights_sitenote_category":0,"footnotes":""},"class_list":["post-3583","page","type-page","status-publish","hentry"],"acf":[],"aioseo_notices":[],"publishpress_future_workflow_manual_trigger":{"enabledWorkflows":[]},"_links":{"self":[{"href":"https:\/\/cpa.ca\/fr\/wp-json\/wp\/v2\/pages\/3583","targetHints":{"allow":["GET"]}}],"collection":[{"href":"https:\/\/cpa.ca\/fr\/wp-json\/wp\/v2\/pages"}],"about":[{"href":"https:\/\/cpa.ca\/fr\/wp-json\/wp\/v2\/types\/page"}],"author":[{"embeddable":true,"href":"https:\/\/cpa.ca\/fr\/wp-json\/wp\/v2\/users\/2"}],"replies":[{"embeddable":true,"href":"https:\/\/cpa.ca\/fr\/wp-json\/wp\/v2\/comments?post=3583"}],"version-history":[{"count":6,"href":"https:\/\/cpa.ca\/fr\/wp-json\/wp\/v2\/pages\/3583\/revisions"}],"predecessor-version":[{"id":45642,"href":"https:\/\/cpa.ca\/fr\/wp-json\/wp\/v2\/pages\/3583\/revisions\/45642"}],"up":[{"embeddable":true,"href":"https:\/\/cpa.ca\/fr\/wp-json\/wp\/v2\/pages\/3566"}],"wp:attachment":[{"href":"https:\/\/cpa.ca\/fr\/wp-json\/wp\/v2\/media?parent=3583"}],"curies":[{"name":"wp","href":"https:\/\/api.w.org\/{rel}","templated":true}]}}