{"id":38008,"date":"2024-04-19T09:45:30","date_gmt":"2024-04-19T13:45:30","guid":{"rendered":"https:\/\/cpa.ca\/aproposdelascp\/conseildadministration\/roles\/"},"modified":"2026-03-31T14:59:23","modified_gmt":"2026-03-31T18:59:23","slug":"roles","status":"publish","type":"page","link":"https:\/\/cpa.ca\/fr\/aproposdelascp\/conseildadministration\/roles\/","title":{"rendered":"Description des fonctions des membres du conseil d\u2019administration"},"content":{"rendered":"<h2>Administrateur repr\u00e9sentant la science<\/h2>\n<p>L\u2019administrateur repr\u00e9sentant la science est un membre \u00e0 part enti\u00e8re du conseil d\u2019administration et assure la liaison entre le Comit\u00e9 des affaires scientifiques et le conseil d\u2019administration.<\/p>\n<p>L\u2019administrateur repr\u00e9sentant la science participe \u00e0 toutes les r\u00e9unions du conseil d\u2019administration (au moins deux r\u00e9unions en personne, dont celles du conseil d\u2019administration lors du congr\u00e8s annuel, et trois r\u00e9unions virtuelles), o\u00f9 il donne son avis sur les d\u00e9cisions importantes et fournit une expertise ou des conseils sur diverses questions li\u00e9es \u00e0 la mission et aux objectifs de l\u2019organisation. Se d\u00e9finissant comme un scientifique, l\u2019administrateur repr\u00e9sentant la science doit avoir un int\u00e9r\u00eat marqu\u00e9 pour la psychologie scientifique, et repr\u00e9sente le point de vue de la communaut\u00e9 scientifique (et plus particuli\u00e8rement celui du Comit\u00e9 des affaires scientifiques) lors des r\u00e9unions du conseil d\u2019administration.<\/p>\n<p>En plus d\u2019\u00eatre membre du Comit\u00e9 des affaires scientifiques, l\u2019administrateur repr\u00e9sentant la science peut \u00eatre amen\u00e9 \u00e0 rejoindre et \u00e0 pr\u00e9sider d\u2019autres comit\u00e9s ou \u00e0 participer \u00e0 d\u2019autres t\u00e2ches en rapport avec le conseil d\u2019administration, si n\u00e9cessaire. L\u2019administrateur repr\u00e9sentant la science pourra se porter candidat au poste de pr\u00e9sident de la SCP et de pr\u00e9sident du conseil d\u2019administration.<\/p>\n<h2>Administrateur repr\u00e9sentant la pratique<\/h2>\n<p>L\u2019administrateur repr\u00e9sentant la pratique est un membre \u00e0 part enti\u00e8re du conseil d\u2019administration et assure la liaison entre le Comit\u00e9 des affaires professionnelles et le conseil d\u2019administration.<\/p>\n<p>L\u2019administrateur repr\u00e9sentant la pratique participe activement \u00e0 toutes les r\u00e9unions du conseil d\u2019administration (au moins deux r\u00e9unions en personne, dont celles du conseil d\u2019administration lors du congr\u00e8s annuel, et trois r\u00e9unions virtuelles), o\u00f9 il donne son avis sur les d\u00e9cisions importantes et apporte son expertise sur diverses questions li\u00e9es \u00e0 la mission et aux objectifs de l\u2019organisation. Se d\u00e9finissant comme un praticien, il doit avoir un int\u00e9r\u00eat marqu\u00e9 pour la pratique professionnelle de la psychologie et l\u2019avenir de la profession. En outre, il d\u00e9fend les int\u00e9r\u00eats et les besoins des praticiens et veille \u00e0 ce que le conseil d\u2019administration reste \u00e0 l\u2019\u00e9coute des d\u00e9fis et des d\u00e9veloppements qui ont une incidence sur la profession de psychologue.<\/p>\n<p>En plus d\u2019\u00eatre membre du Comit\u00e9 des affaires professionnelles, l\u2019administrateur repr\u00e9sentant la pratique peut \u00e9galement \u00eatre amen\u00e9 \u00e0 rejoindre et \u00e0 pr\u00e9sider d\u2019autres comit\u00e9s ou \u00eatre invit\u00e9 \u00e0 participer \u00e0 d\u2019autres t\u00e2ches en rapport avec le conseil d\u2019administration, si n\u00e9cessaire. L\u2019administrateur repr\u00e9sentant la pratique pourra se porter candidat au poste de pr\u00e9sident de la SCP et de pr\u00e9sident du conseil d\u2019administration.<\/p>\n<h2>Administrateur repr\u00e9sentant l\u2019\u00e9ducation<\/h2>\n<p>L\u2019administrateur repr\u00e9sentant l\u2019\u00e9ducation est un membre \u00e0 part enti\u00e8re du conseil d\u2019administration et assure la liaison entre le Comit\u00e9 de l\u2019\u00e9ducation et de la formation et le conseil d\u2019administration.<\/p>\n<p>L\u2019administrateur repr\u00e9sentant l\u2019\u00e9ducation participe \u00e0 toutes les r\u00e9unions du conseil d\u2019administration (au moins deux r\u00e9unions en personne, dont celles du conseil d\u2019administration lors du congr\u00e8s annuel, et trois r\u00e9unions virtuelles), o\u00f9 il donne son avis sur les d\u00e9cisions importantes et fournit une expertise ou des conseils sur diverses questions li\u00e9es \u00e0 la mission et aux objectifs de l\u2019organisation. Se d\u00e9finissant comme un formateur, il doit avoir un int\u00e9r\u00eat marqu\u00e9 pour l\u2019enseignement de la psychologie scientifique, et repr\u00e9sente le point de vue du milieu de l\u2019enseignement de la psychologie (et plus particuli\u00e8rement, celui du Comit\u00e9 de l\u2019\u00e9ducation et de la formation) lors des r\u00e9unions du conseil d\u2019administration.<\/p>\n<p>En plus d\u2019\u00eatre membre du Comit\u00e9 de l\u2019\u00e9ducation et de la formation, l\u2019administrateur repr\u00e9sentant l\u2019\u00e9ducation peut \u00eatre amen\u00e9 \u00e0 rejoindre et \u00e0 pr\u00e9sider d\u2019autres comit\u00e9s ou \u00e0 participer \u00e0 d\u2019autres t\u00e2ches en rapport avec le conseil d\u2019administration, si n\u00e9cessaire. L\u2019administrateur repr\u00e9sentant l\u2019\u00e9ducation pourra se porter candidat au poste de pr\u00e9sident de la SCP et de pr\u00e9sident du conseil d\u2019administration.<\/p>\n<h2>Administrateur non d\u00e9sign\u00e9<\/h2>\n<p>Un administrateur non d\u00e9sign\u00e9 est un membre \u00e0 part enti\u00e8re du conseil d\u2019administration. Les administrateurs non d\u00e9sign\u00e9s se voient attribuer des t\u00e2ches et des responsabilit\u00e9s par le pr\u00e9sident ou la pr\u00e9sidente, qui peuvent notamment consister \u00e0 si\u00e9ger \u00e0 un comit\u00e9 (p. ex. le Comit\u00e9 des finances, administration et audit, le Comit\u00e9 de gouvernance), \u00e0 \u200b\u200bcopr\u00e9sider un comit\u00e9 (p. ex. le Comit\u00e9 de d\u00e9ontologie) ou \u00e0 assurer la liaison entre un comit\u00e9 et le conseil d\u2019administration (p. ex., le Comit\u00e9 des relations internationales).<\/p>\n<p>L\u2019administrateur non d\u00e9sign\u00e9 participe \u00e0 toutes les r\u00e9unions du conseil d\u2019administration (au moins deux r\u00e9unions en personne, dont celles du conseil d\u2019administration lors du congr\u00e8s annuel, et trois r\u00e9unions virtuelles), o\u00f9 il donne son avis sur les d\u00e9cisions importantes et fournit une expertise ou des conseils sur diverses questions li\u00e9es \u00e0 la mission et aux objectifs de l\u2019organisation.<\/p>\n<p>Les administrateurs non d\u00e9sign\u00e9s peuvent se porter candidats au poste de pr\u00e9sident de la SCP et de pr\u00e9sident du conseil d\u2019administration.<\/p>\n<p><!--------------------------------------\n\n\n<h2>Administrateur repr\u00e9sentant la science<\/h2>\n\n\nL\u2019administrateur repr\u00e9sentant la science est un membre \u00e0 part enti\u00e8re du conseil d\u2019administration et assure la liaison entre le Comit\u00e9 des affaires scientifiques et le conseil d\u2019administration. En outre, il peut lui \u00eatre demand\u00e9 d\u2019assurer la copr\u00e9sidence du Comit\u00e9 des affaires scientifiques. Pour consulter les responsabilit\u00e9s des copr\u00e9sidents du Comit\u00e9 des affaires scientifiques, cliquer <a href=\"https:\/\/cpa.ca\/fr\/aproposdelascp\/comites\/scientificaffairs\/\" target=\"_blank\" rel=\"noopener\">ici<\/a>.\n\nL\u2019administrateur repr\u00e9sentant la science participe \u00e0 toutes les r\u00e9unions du conseil d\u2019administration (au moins deux r\u00e9unions en personne, dont celles du conseil d\u2019administration lors du congr\u00e8s annuel, et trois r\u00e9unions virtuelles), o\u00f9 il donne son avis sur les d\u00e9cisions importantes et fournit une expertise ou des conseils sur diverses questions li\u00e9es \u00e0 la mission et aux objectifs de l\u2019organisation. Se d\u00e9finissant comme un scientifique, l\u2019administrateur repr\u00e9sentant la science doit avoir un int\u00e9r\u00eat marqu\u00e9 pour la psychologie scientifique, et repr\u00e9sente le point de vue de la communaut\u00e9 scientifique (et plus particuli\u00e8rement celui du Comit\u00e9 des affaires scientifiques) lors des r\u00e9unions du conseil d\u2019administration.\n\nEn plus de copr\u00e9sider le Comit\u00e9 des affaires scientifiques, l\u2019administrateur repr\u00e9sentant la science peut \u00eatre amen\u00e9 \u00e0 rejoindre et \u00e0 pr\u00e9sider d\u2019autres comit\u00e9s ou \u00e0 participer \u00e0 d\u2019autres t\u00e2ches en rapport avec le conseil d\u2019administration, si n\u00e9cessaire. L\u2019administrateur repr\u00e9sentant la science pourra se porter candidat au poste de pr\u00e9sident de la SCP et de pr\u00e9sident du conseil d\u2019administration.\n\n\n<h2>Administrateur repr\u00e9sentant la pratique<\/h2>\n\n\n<strong>\u00a0<\/strong>L\u2019administrateur repr\u00e9sentant la pratique est un membre \u00e0 part enti\u00e8re du conseil d\u2019administration et assure la liaison entre le Comit\u00e9 des affaires professionnelles et le conseil d\u2019administration. En outre, il peut lui \u00eatre demand\u00e9 d\u2019assurer la copr\u00e9sidence du Comit\u00e9 des affaires professionnelles. Pour consulter les responsabilit\u00e9s des copr\u00e9sidents du Comit\u00e9 des affaires professionnelles, cliquer <a href=\"https:\/\/cpa.ca\/fr\/aproposdelascp\/comites\/professionalaffairs\/\" target=\"_blank\" rel=\"noopener\">ici<\/a>.\n\nL\u2019administrateur repr\u00e9sentant la pratique participe activement \u00e0 toutes les r\u00e9unions du conseil d\u2019administration (au moins deux r\u00e9unions en personne, dont celles du conseil d\u2019administration lors du congr\u00e8s annuel, et trois r\u00e9unions virtuelles), o\u00f9 il donne son avis sur les d\u00e9cisions importantes et apporte son expertise sur diverses questions li\u00e9es \u00e0 la mission et aux objectifs de l\u2019organisation. Se d\u00e9finissant comme un praticien, il doit avoir un int\u00e9r\u00eat marqu\u00e9 pour la pratique professionnelle de la psychologie et l\u2019avenir de la profession. En outre, il d\u00e9fend les int\u00e9r\u00eats et les besoins des praticiens et veille \u00e0 ce que le conseil d\u2019administration reste \u00e0 l\u2019\u00e9coute des d\u00e9fis et des d\u00e9veloppements qui ont une incidence sur la profession de psychologue.\n\nEn plus de sa fonction de copr\u00e9sident du Comit\u00e9 des affaires professionnelles, l\u2019administrateur repr\u00e9sentant la pratique peut \u00e9galement \u00eatre amen\u00e9 \u00e0 rejoindre et \u00e0 pr\u00e9sider d\u2019autres comit\u00e9s ou \u00eatre invit\u00e9 \u00e0 participer \u00e0 d\u2019autres t\u00e2ches en rapport avec le conseil d\u2019administration, si n\u00e9cessaire. L\u2019administrateur repr\u00e9sentant la pratique pourra se porter candidat au poste de pr\u00e9sident de la SCP et de pr\u00e9sident du conseil d\u2019administration.\n\n\n<h2>Administrateur repr\u00e9sentant l\u2019\u00e9ducation<\/h2>\n\n\nL\u2019administrateur repr\u00e9sentant l\u2019\u00e9ducation est un membre \u00e0 part enti\u00e8re du conseil d\u2019administration et assure la liaison entre le Comit\u00e9 de l\u2019\u00e9ducation et de la formation et le conseil d\u2019administration. En outre, il peut lui \u00eatre demand\u00e9 d\u2019assurer la copr\u00e9sidence du Comit\u00e9 de l\u2019\u00e9ducation et de la formation. Pour consulter les responsabilit\u00e9s des copr\u00e9sidents du Comit\u00e9 de l\u2019\u00e9ducation et de la formation, cliquer <a href=\"https:\/\/cpa.ca\/fr\/aproposdelascp\/comites\/educationandtraining\/\" target=\"_blank\" rel=\"noopener\">ici<\/a>.\n\nL\u2019administrateur repr\u00e9sentant l\u2019\u00e9ducation participe \u00e0 toutes les r\u00e9unions du conseil d\u2019administration (au moins deux r\u00e9unions en personne, dont celles du conseil d\u2019administration lors du congr\u00e8s annuel, et trois r\u00e9unions virtuelles), o\u00f9 il donne son avis sur les d\u00e9cisions importantes et fournit une expertise ou des conseils sur diverses questions li\u00e9es \u00e0 la mission et aux objectifs de l\u2019organisation. Se d\u00e9finissant comme un formateur, il doit avoir un int\u00e9r\u00eat marqu\u00e9 pour l\u2019enseignement de la psychologie scientifique, et repr\u00e9sente le point de vue du milieu de l\u2019enseignement de la psychologie (et plus particuli\u00e8rement, celui du Comit\u00e9 de l\u2019\u00e9ducation) lors des r\u00e9unions du conseil d\u2019administration.\n\nEn plus de copr\u00e9sider le Comit\u00e9 de l\u2019\u00e9ducation, l\u2019administrateur repr\u00e9sentant l\u2019\u00e9ducation peut \u00eatre amen\u00e9 \u00e0 rejoindre et \u00e0 pr\u00e9sider d\u2019autres comit\u00e9s ou \u00e0 participer \u00e0 d\u2019autres t\u00e2ches en rapport avec le conseil d\u2019administration, si n\u00e9cessaire. L\u2019administrateur repr\u00e9sentant l\u2019\u00e9ducation pourra se porter candidat au poste de pr\u00e9sident de la SCP et de pr\u00e9sident du conseil d\u2019administration.\n\n\n<h2>Administrateur non d\u00e9sign\u00e9<\/h2>\n\n\n<strong>\u00a0<\/strong>Un administrateur non d\u00e9sign\u00e9 est un membre \u00e0 part enti\u00e8re du conseil d\u2019administration qui n\u2019occupe pas de poste d\u00e9fini au sein du conseil d\u2019administration. Au lieu de cela, il agit comme membre g\u00e9n\u00e9ral du conseil d\u2019administration, sans responsabilit\u00e9s particuli\u00e8res li\u00e9es \u00e0 un portefeuille.\n\nL\u2019administrateur non d\u00e9sign\u00e9 participe \u00e0 toutes les r\u00e9unions du conseil d\u2019administration (au moins deux r\u00e9unions en personne, dont celles du conseil d\u2019administration lors du congr\u00e8s annuel, et trois r\u00e9unions virtuelles), o\u00f9 il donne son avis sur les d\u00e9cisions importantes et fournit une expertise ou des conseils sur diverses questions li\u00e9es \u00e0 la mission et aux objectifs de l\u2019organisation.\n\nComme les administrateurs non d\u00e9sign\u00e9s n\u2019ont pas de fonctions d\u00e9termin\u00e9es, le pr\u00e9sident ou la pr\u00e9sidente leur assigne des t\u00e2ches et des r\u00f4les, par exemple ceux de membre d\u2019un comit\u00e9 (Comit\u00e9 des finances, administration et audit, Comit\u00e9 de la gouvernance), de copr\u00e9sident d\u2019un comit\u00e9 (Comit\u00e9 de d\u00e9ontologie) ou d\u2019agent de liaison entre un comit\u00e9 et le conseil d\u2019administration (Comit\u00e9 des relations internationales).\n\nLes administrateurs non d\u00e9sign\u00e9s pourront se porter candidats au poste de pr\u00e9sident de la SCP et de pr\u00e9sident du conseil d\u2019administration.\n----------------------------------><br \/>\n<!----\n\n\n<h3>Administrateur non d\u00e9sign\u00e9 :<\/h3>\n\n\nUn administrateur non d\u00e9sign\u00e9 est un membre \u00e0 part enti\u00e8re du conseil d\u2019administration qui n\u2019occupe pas de poste d\u00e9fini au sein du conseil d\u2019administration. Au lieu de cela, il agit comme membre g\u00e9n\u00e9ral du conseil d\u2019administration, sans responsabilit\u00e9s particuli\u00e8res li\u00e9es \u00e0 un portefeuille.\n\nLe r\u00f4le des administrateurs non d\u00e9sign\u00e9s consiste \u00e0 participer aux r\u00e9unions du conseil d\u2019administration, \u00e0 contribuer aux d\u00e9cisions cl\u00e9s et \u00e0 apporter une expertise ou des conseils sur des questions li\u00e9es \u00e0 la mission et aux objectifs de l\u2019organisation. Comme les administrateurs non d\u00e9sign\u00e9s n\u2019ont pas de fonctions d\u00e9termin\u00e9es, le pr\u00e9sident ou la pr\u00e9sidente leur confie souvent des t\u00e2ches qui correspondent \u00e0 leurs comp\u00e9tences.\n\nOutre la diversit\u00e9 de ses t\u00e2ches, l\u2019administrateur non d\u00e9sign\u00e9 a autant d\u2019influence que n\u2019importe quel autre membre du conseil d\u2019administration. Il assiste aux r\u00e9unions du conseil d\u2019administration, peut se joindre \u00e0 des comit\u00e9s et est un membre ayant plein droit de vote. Un administrateur non d\u00e9sign\u00e9 peut \u00e9galement occuper la fonction de pr\u00e9sident d\u2019un comit\u00e9.----><\/p>\n","protected":false},"excerpt":{"rendered":"<p><!--more--><\/p>\n","protected":false},"author":2,"featured_media":0,"parent":1260,"menu_order":0,"comment_status":"closed","ping_status":"closed","template":"templates\/no-sidebar.php","meta":{"_acf_changed":false,"_monsterinsights_skip_tracking":false,"_monsterinsights_sitenote_active":false,"_monsterinsights_sitenote_note":"","_monsterinsights_sitenote_category":0,"footnotes":""},"class_list":["post-38008","page","type-page","status-publish","hentry"],"acf":[],"aioseo_notices":[],"publishpress_future_workflow_manual_trigger":{"enabledWorkflows":[]},"_links":{"self":[{"href":"https:\/\/cpa.ca\/fr\/wp-json\/wp\/v2\/pages\/38008","targetHints":{"allow":["GET"]}}],"collection":[{"href":"https:\/\/cpa.ca\/fr\/wp-json\/wp\/v2\/pages"}],"about":[{"href":"https:\/\/cpa.ca\/fr\/wp-json\/wp\/v2\/types\/page"}],"author":[{"embeddable":true,"href":"https:\/\/cpa.ca\/fr\/wp-json\/wp\/v2\/users\/2"}],"replies":[{"embeddable":true,"href":"https:\/\/cpa.ca\/fr\/wp-json\/wp\/v2\/comments?post=38008"}],"version-history":[{"count":6,"href":"https:\/\/cpa.ca\/fr\/wp-json\/wp\/v2\/pages\/38008\/revisions"}],"predecessor-version":[{"id":46867,"href":"https:\/\/cpa.ca\/fr\/wp-json\/wp\/v2\/pages\/38008\/revisions\/46867"}],"up":[{"embeddable":true,"href":"https:\/\/cpa.ca\/fr\/wp-json\/wp\/v2\/pages\/1260"}],"wp:attachment":[{"href":"https:\/\/cpa.ca\/fr\/wp-json\/wp\/v2\/media?parent=38008"}],"curies":[{"name":"wp","href":"https:\/\/api.w.org\/{rel}","templated":true}]}}